{"id":48235,"date":"2025-01-16T20:09:31","date_gmt":"2025-01-16T20:09:31","guid":{"rendered":"https:\/\/vrip.ubiobio.cl\/inicio\/?page_id=48235"},"modified":"2025-03-31T20:14:42","modified_gmt":"2025-03-31T20:14:42","slug":"concursos-internos-di2025","status":"publish","type":"page","link":"https:\/\/vrip.ubiobio.cl\/inicio\/concursos-internos-di2025\/","title":{"rendered":"Concurso Proyectos de Innovaci\u00f3n Iniciaci\u00f3n A\u00f1o 2025"},"content":{"rendered":"\t\t<div data-elementor-type=\"wp-page\" data-elementor-id=\"48235\" class=\"elementor elementor-48235\">\n\t\t\t\t\t\t<section class=\"elementor-section elementor-top-section elementor-element elementor-element-497bd40 elementor-section-boxed elementor-section-height-default elementor-section-height-default\" data-id=\"497bd40\" data-element_type=\"section\" data-settings=\"{&quot;_ha_eqh_enable&quot;:false}\">\n\t\t\t\t\t\t<div class=\"elementor-container elementor-column-gap-default\">\n\t\t\t\t\t<div class=\"elementor-column elementor-col-100 elementor-top-column elementor-element elementor-element-cf3a3d4\" data-id=\"cf3a3d4\" data-element_type=\"column\">\n\t\t\t<div class=\"elementor-widget-wrap elementor-element-populated\">\n\t\t\t\t\t\t<div class=\"elementor-element elementor-element-5ab40aa elementor-widget elementor-widget-image\" data-id=\"5ab40aa\" data-element_type=\"widget\" data-widget_type=\"image.default\">\n\t\t\t\t<div class=\"elementor-widget-container\">\n\t\t\t\t\t\t\t\t\t\t\t\t\t\t<a href=\"https:\/\/vrip.ubiobio.cl\/wp-content\/uploads\/2025\/01\/di2025-scaled.jpg\" data-elementor-open-lightbox=\"no\">\n\t\t\t\t\t\t\t<img fetchpriority=\"high\" decoding=\"async\" width=\"1024\" height=\"350\" src=\"https:\/\/vrip.ubiobio.cl\/wp-content\/uploads\/2025\/01\/di2025-1024x350.jpg\" class=\"attachment-large size-large wp-image-48237\" alt=\"\" srcset=\"https:\/\/vrip.ubiobio.cl\/wp-content\/uploads\/2025\/01\/di2025-1024x350.jpg 1024w, https:\/\/vrip.ubiobio.cl\/wp-content\/uploads\/2025\/01\/di2025-380x130.jpg 380w, https:\/\/vrip.ubiobio.cl\/wp-content\/uploads\/2025\/01\/di2025-768x262.jpg 768w, https:\/\/vrip.ubiobio.cl\/wp-content\/uploads\/2025\/01\/di2025-1536x524.jpg 1536w, https:\/\/vrip.ubiobio.cl\/wp-content\/uploads\/2025\/01\/di2025-2048x699.jpg 2048w\" sizes=\"(max-width: 1024px) 100vw, 1024px\" \/>\t\t\t\t\t\t\t\t<\/a>\n\t\t\t\t\t\t\t\t\t\t\t\t\t<\/div>\n\t\t\t\t<\/div>\n\t\t\t\t\t<\/div>\n\t\t<\/div>\n\t\t\t\t\t<\/div>\n\t\t<\/section>\n\t\t\t\t<section class=\"elementor-section elementor-top-section elementor-element elementor-element-7fe7f59 elementor-section-boxed elementor-section-height-default elementor-section-height-default\" data-id=\"7fe7f59\" data-element_type=\"section\" data-settings=\"{&quot;_ha_eqh_enable&quot;:false}\">\n\t\t\t\t\t\t<div class=\"elementor-container elementor-column-gap-default\">\n\t\t\t\t\t<div class=\"elementor-column elementor-col-100 elementor-top-column elementor-element elementor-element-742ad038\" data-id=\"742ad038\" data-element_type=\"column\">\n\t\t\t<div class=\"elementor-widget-wrap elementor-element-populated\">\n\t\t\t\t\t\t<div class=\"elementor-element elementor-element-596f5107 elementor-widget elementor-widget-text-editor\" data-id=\"596f5107\" data-element_type=\"widget\" data-widget_type=\"text-editor.default\">\n\t\t\t\t<div class=\"elementor-widget-container\">\n\t\t\t\t\t\t\t<p>La<b> Direcci\u00f3n de Innovaci\u00f3n<\/b>\u00a0de la <strong>Vicerrector\u00eda de Investigaci\u00f3n y Postgrado<\/strong>, informa que a partir del 20-01-2025 se encuentran abiertas las siguientes Convocatorias:<\/p>\t\t\t\t\t\t<\/div>\n\t\t\t\t<\/div>\n\t\t\t\t\t<\/div>\n\t\t<\/div>\n\t\t\t\t\t<\/div>\n\t\t<\/section>\n\t\t\t\t<section class=\"elementor-section elementor-top-section elementor-element elementor-element-a472d58 elementor-section-boxed elementor-section-height-default elementor-section-height-default\" data-id=\"a472d58\" data-element_type=\"section\" data-settings=\"{&quot;_ha_eqh_enable&quot;:false}\">\n\t\t\t\t\t\t<div class=\"elementor-container elementor-column-gap-default\">\n\t\t\t\t\t<div class=\"elementor-column elementor-col-100 elementor-top-column elementor-element elementor-element-b9ddbe5\" data-id=\"b9ddbe5\" data-element_type=\"column\">\n\t\t\t<div class=\"elementor-widget-wrap elementor-element-populated\">\n\t\t\t\t\t\t<div class=\"elementor-element elementor-element-7a7daac elementor-widget elementor-widget-text-editor\" data-id=\"7a7daac\" data-element_type=\"widget\" data-widget_type=\"text-editor.default\">\n\t\t\t\t<div class=\"elementor-widget-container\">\n\t\t\t\t\t\t\t<p><span style=\"color: var( --e-global-color-text ); font-style: var( --e-global-typography-text-font-style );\"><b>1.- Concurso &#8220;Propiedad Industrial A\u00f1o 2025&#8221;<\/b><\/span><\/p><p>El objetivo del concurso de propiedad industrial es financiar el proceso de protecci\u00f3n intelectual por medio de solicitudes de patentes a nivel nacional (invenciones nuevas) o PCT (para tecnolog\u00edas con prioridad nacional vigente) de los resultados de investigaci\u00f3n y desarrollo con potencial de transferencia tecnol\u00f3gica al medio.<\/p><p>El concurso financia proyectos de\u00a0<b>hasta $3.000.000.-<\/b>\u00a0(tres millones de pesos M\/N), en un plazo m\u00e1ximo de ejecuci\u00f3n de\u00a0<b>5 meses<\/b>.<\/p><p><span lang=\"ES\">El concurso ser\u00e1 mediante ventanilla abierta sujeto a disponibilidad de recursos, y se realizar\u00e1 un primer cierre para enviar las postulaciones el d\u00eda<b>\u00a0<\/b><\/span><span lang=\"ES\">\u00a0<b><u>lunes 31 de marzo de 2025 a las 17:00 horas<\/u><\/b>. El formulario de postulaci\u00f3n y anexos deber\u00e1n ser enviados al correo electr\u00f3nico:\u00a0<\/span><u><b><a href=\"mailto:otlubb@ubiobio.cl\" target=\"_blank\" rel=\"noopener\">otlubb@ubiobio.cl<\/a><\/b><\/u><\/p><p>Cualquier consulta al respecto, agradeceremos tomar contacto al mail:<b>otlubb@ubiobio.cl<\/b><\/p><p><strong>Documentaci\u00f3n<\/strong><\/p><p><a href=\"https:\/\/vrip.ubiobio.cl\/wp-content\/uploads\/2025\/01\/Bases-PI-2025.pdf\" target=\"_blank\" rel=\"noopener\">Bases<\/a><br \/><a href=\"https:\/\/vrip.ubiobio.cl\/wp-content\/uploads\/2025\/01\/2.-Formulario-Postulacion-Convocatoria-de-PI.doc\">Formulario de Postulaci\u00f3n<\/a><br \/><a href=\"https:\/\/vrip.ubiobio.cl\/wp-content\/uploads\/2025\/01\/Anexo-N\u00b0-1-Disclosure-declaracion-de-invencion.docx\">Anexo N\u00b01: Disclosure (declaraci\u00f3n de invenci\u00f3n)<\/a><br \/><a href=\"https:\/\/vrip.ubiobio.cl\/wp-content\/uploads\/2025\/01\/Anexo-N\u00b02-Declaracion-Simple.docx\">Anexo N\u00b02: Declaraci\u00f3n simple<\/a><br \/><a href=\"https:\/\/vrip.ubiobio.cl\/wp-content\/uploads\/2025\/01\/Anexo-N\u00b03-informe-visacion-horaria.docx\">Anexo N\u00b03: Informe visaci\u00f3n horaria<\/a><br \/><a href=\"https:\/\/vrip.ubiobio.cl\/wp-content\/uploads\/2025\/01\/Anexo-N\u00b04-Constancia-proyectos-pendientes.docx\">Anexo N\u00b04: Constancia proyectos pendientes<\/a><br \/><a href=\"https:\/\/vrip.ubiobio.cl\/wp-content\/uploads\/2025\/01\/Anexo-N\u00b05-Carta-de-Interes-Empresa.docx\">Anexo N\u00b05: Carta de inter\u00e9s Empresa<\/a><\/p>\t\t\t\t\t\t<\/div>\n\t\t\t\t<\/div>\n\t\t\t\t\t<\/div>\n\t\t<\/div>\n\t\t\t\t\t<\/div>\n\t\t<\/section>\n\t\t\t\t<section class=\"elementor-section elementor-top-section elementor-element elementor-element-9e5859f elementor-section-boxed elementor-section-height-default elementor-section-height-default\" data-id=\"9e5859f\" data-element_type=\"section\" data-settings=\"{&quot;_ha_eqh_enable&quot;:false}\">\n\t\t\t\t\t\t<div class=\"elementor-container elementor-column-gap-default\">\n\t\t\t\t\t<div class=\"elementor-column elementor-col-100 elementor-top-column elementor-element elementor-element-d00e5d7\" data-id=\"d00e5d7\" data-element_type=\"column\">\n\t\t\t<div class=\"elementor-widget-wrap elementor-element-populated\">\n\t\t\t\t\t\t<div class=\"elementor-element elementor-element-b0af64a elementor-widget-divider--view-line elementor-widget elementor-widget-divider\" data-id=\"b0af64a\" data-element_type=\"widget\" data-widget_type=\"divider.default\">\n\t\t\t\t<div class=\"elementor-widget-container\">\n\t\t\t\t\t<div class=\"elementor-divider\">\n\t\t\t<span class=\"elementor-divider-separator\">\n\t\t\t\t\t\t<\/span>\n\t\t<\/div>\n\t\t\t\t<\/div>\n\t\t\t\t<\/div>\n\t\t\t\t\t<\/div>\n\t\t<\/div>\n\t\t\t\t\t<\/div>\n\t\t<\/section>\n\t\t\t\t<section class=\"elementor-section elementor-top-section elementor-element elementor-element-9676446 elementor-section-boxed elementor-section-height-default elementor-section-height-default\" data-id=\"9676446\" data-element_type=\"section\" data-settings=\"{&quot;_ha_eqh_enable&quot;:false}\">\n\t\t\t\t\t\t<div class=\"elementor-container elementor-column-gap-default\">\n\t\t\t\t\t<div class=\"elementor-column elementor-col-100 elementor-top-column elementor-element elementor-element-76f6ab7\" data-id=\"76f6ab7\" data-element_type=\"column\">\n\t\t\t<div class=\"elementor-widget-wrap elementor-element-populated\">\n\t\t\t\t\t\t<div class=\"elementor-element elementor-element-f2f2542 elementor-widget elementor-widget-text-editor\" data-id=\"f2f2542\" data-element_type=\"widget\" data-widget_type=\"text-editor.default\">\n\t\t\t\t<div class=\"elementor-widget-container\">\n\t\t\t\t\t\t\t<p><span style=\"color: var( --e-global-color-text ); font-style: var( --e-global-typography-text-font-style );\"><b>2.- Concurso &#8220;Transferencia Tecnol\u00f3gica A\u00f1o 2025&#8221;<\/b><\/span><\/p><p>El objetivo del concurso de transferencia tecnol\u00f3gica es cofinanciar y apoyar la generaci\u00f3n de contratos tecnol\u00f3gicos para resolver problemas, desaf\u00edos de productividad y\/o competitividad, con la finalidad de potenciar el desarrollo de soluciones innovadoras en empresas nacionales desde los territorios de \u00d1uble y Biob\u00edo, donde se encuentra presente la Universidad del B\u00edo-B\u00edo.<\/p><p>El concurso financia proyectos de\u00a0<b>hasta $6.000.000.-<\/b>\u00a0(seis millones de pesos M\/N), en un plazo m\u00e1ximo de ejecuci\u00f3n de\u00a0<b>6 meses<\/b>.<\/p><p><span lang=\"ES\">El concurso ser\u00e1 mediante ventanilla abierta sujeto a disponibilidad de recursos, y se realizar\u00e1 un primer cierre para enviar las postulaciones el d\u00eda<b>\u00a0<\/b><\/span><span lang=\"ES\">\u00a0<b><u>lunes\u00a031 de marzo de 2025 a las 17:00 horas<\/u><\/b>\u00a0. El formulario de postulaci\u00f3n y anexos deber\u00e1n ser enviados al correo electr\u00f3nico:\u00a0<\/span><u><b><a href=\"mailto:otlubb@ubiobio.cl\" target=\"_blank\" rel=\"noopener\">otlubb@ubiobio.cl<\/a><\/b><\/u><\/p><p>Cualquier consulta al respecto, agradeceremos tomar contacto al mail:<b>otlubb@ubiobio.cl<\/b><\/p><p><strong>Documentaci\u00f3n<\/strong><\/p><p><a href=\"https:\/\/vrip.ubiobio.cl\/wp-content\/uploads\/2025\/01\/Bases-TT-2025.pdf\" target=\"_blank\" rel=\"noopener\">Bases<\/a><br \/><a href=\"https:\/\/vrip.ubiobio.cl\/wp-content\/uploads\/2025\/01\/2.-FORMULARIO-DE-POSTULACION-CONCURSO-TT-2025.docx\">Formulario de Postulaci\u00f3n<\/a><br \/><a href=\"https:\/\/vrip.ubiobio.cl\/wp-content\/uploads\/2025\/01\/Anexo-N\u00b01-Declaracion-simple.docx\">Anexo N\u00b01: Declaraci\u00f3n simple<\/a><br \/><a href=\"https:\/\/vrip.ubiobio.cl\/wp-content\/uploads\/2025\/01\/Anexo-N\u00b02-Informe-de-Visacion-horaria.docx\">Anexo N\u00b02: Informe visaci\u00f3n horaria<\/a><br \/><a href=\"https:\/\/vrip.ubiobio.cl\/wp-content\/uploads\/2025\/01\/Anexo-N\u00b03-Informe-visacion-infraestructura.docx\">Anexo N\u00b03: Informe visaci\u00f3n infraestructura<\/a><br \/><a href=\"https:\/\/vrip.ubiobio.cl\/wp-content\/uploads\/2025\/01\/Anexo-N\u00b04-Carta-Gantt-Concurso-TT-2024.xlsx\">Anexo N\u00b04: Carta Gantt<\/a><\/p>\t\t\t\t\t\t<\/div>\n\t\t\t\t<\/div>\n\t\t\t\t\t<\/div>\n\t\t<\/div>\n\t\t\t\t\t<\/div>\n\t\t<\/section>\n\t\t\t\t<section class=\"elementor-section elementor-top-section elementor-element elementor-element-0d056c5 elementor-section-boxed elementor-section-height-default elementor-section-height-default\" data-id=\"0d056c5\" data-element_type=\"section\" data-settings=\"{&quot;_ha_eqh_enable&quot;:false}\">\n\t\t\t\t\t\t<div class=\"elementor-container elementor-column-gap-default\">\n\t\t\t\t\t<div class=\"elementor-column elementor-col-100 elementor-top-column elementor-element elementor-element-fe91278\" data-id=\"fe91278\" data-element_type=\"column\">\n\t\t\t<div class=\"elementor-widget-wrap elementor-element-populated\">\n\t\t\t\t\t\t<div class=\"elementor-element elementor-element-9bb7910 elementor-widget-divider--view-line elementor-widget elementor-widget-divider\" data-id=\"9bb7910\" data-element_type=\"widget\" data-widget_type=\"divider.default\">\n\t\t\t\t<div class=\"elementor-widget-container\">\n\t\t\t\t\t<div class=\"elementor-divider\">\n\t\t\t<span class=\"elementor-divider-separator\">\n\t\t\t\t\t\t<\/span>\n\t\t<\/div>\n\t\t\t\t<\/div>\n\t\t\t\t<\/div>\n\t\t\t\t\t<\/div>\n\t\t<\/div>\n\t\t\t\t\t<\/div>\n\t\t<\/section>\n\t\t\t\t<section class=\"elementor-section elementor-top-section elementor-element elementor-element-10e73bf elementor-section-boxed elementor-section-height-default elementor-section-height-default\" data-id=\"10e73bf\" data-element_type=\"section\" data-settings=\"{&quot;_ha_eqh_enable&quot;:false}\">\n\t\t\t\t\t\t<div class=\"elementor-container elementor-column-gap-default\">\n\t\t\t\t\t<div class=\"elementor-column elementor-col-100 elementor-top-column elementor-element elementor-element-932357c\" data-id=\"932357c\" data-element_type=\"column\">\n\t\t\t<div class=\"elementor-widget-wrap elementor-element-populated\">\n\t\t\t\t\t\t<div class=\"elementor-element elementor-element-f10c4ee elementor-widget elementor-widget-text-editor\" data-id=\"f10c4ee\" data-element_type=\"widget\" data-widget_type=\"text-editor.default\">\n\t\t\t\t<div class=\"elementor-widget-container\">\n\t\t\t\t\t\t\t<p><span style=\"color: var( --e-global-color-text ); font-style: var( --e-global-typography-text-font-style );\"><b>3.- <span lang=\"ES\">Programa &#8220;Crea tu Start-Up&nbsp; A\u00f1o 2025&#8221;<\/span><\/b><\/span><\/p>\n<p>El objetivo del programa CREA TU STARTUP, A\u00d1O 2025 es capacitar, financiar y apoyar la formalizaci\u00f3n y puesta en marcha de emprendimientos de alto impacto cuyos resultados est\u00e9n orientados a la obtenci\u00f3n de nuevos productos, procesos y\/o servicios.<\/p>\n<p>El concurso financia un programa de formaci\u00f3n el cual concluir\u00e1 con la creaci\u00f3n y formalizaci\u00f3n de una empresa.<\/p>\n<p><span lang=\"ES\">El plazo de cierre para enviar las postulaciones es el d\u00eda<b>&nbsp;<\/b><\/span><span lang=\"ES\">&nbsp;&nbsp;<b><u>lunes&nbsp;31 de marzo de 2025 a las 17:00 horas.&nbsp;<\/u><\/b>El formulario de postulaci\u00f3n y anexos deber\u00e1n ser enviados al correo electr\u00f3nico:&nbsp;<\/span><u><b><a href=\"mailto:emprendimiento@ubiobio.cl\" target=\"_blank\" rel=\"noopener\">emprendimiento@<wbr>ubiobio.cl<\/a><\/b><\/u><\/p>\n<p>Cualquier consulta al respecto, agradeceremos tomar contacto al mail: <b>emprendimiento@ubiobio.cl<\/b><\/p>\n<p><strong>Documentaci\u00f3n<\/strong><\/p>\n<p><a href=\"https:\/\/vrip.ubiobio.cl\/wp-content\/uploads\/2025\/01\/Bases-Crea-tu-StartUp-2025.pdf\" target=\"_blank\" rel=\"noopener\">Bases<\/a><br>\n<a href=\"https:\/\/vrip.ubiobio.cl\/wp-content\/uploads\/2025\/01\/Formulario_-PROGRAMA-CREA-TU-STARTUP.docx\">Formulario de Postulaci\u00f3n<\/a><br>\n<a href=\"https:\/\/vrip.ubiobio.cl\/wp-content\/uploads\/2025\/01\/Carta-de-Comproniso-Participacion.docx\">Anexo N\u00b01: Carta de compromiso de participaci\u00f3n<\/a><\/p>\t\t\t\t\t\t<\/div>\n\t\t\t\t<\/div>\n\t\t\t\t\t<\/div>\n\t\t<\/div>\n\t\t\t\t\t<\/div>\n\t\t<\/section>\n\t\t\t\t<\/div>\n\t\t","protected":false},"excerpt":{"rendered":"<p>La Direcci\u00f3n de Innovaci\u00f3n\u00a0de la Vicerrector\u00eda de Investigaci\u00f3n y Postgrado, informa que a partir del 20-01-2025 se encuentran abiertas las siguientes Convocatorias: 1.- Concurso &#8220;Propiedad Industrial A\u00f1o 2025&#8221; El objetivo del concurso de propiedad industrial es financiar el proceso de protecci\u00f3n intelectual por medio de solicitudes de patentes a nivel nacional (invenciones nuevas) o PCT&#8230;<\/p>\n","protected":false},"author":1,"featured_media":0,"parent":0,"menu_order":0,"comment_status":"closed","ping_status":"closed","template":"","meta":{"_kadence_starter_templates_imported_post":false,"_kad_post_transparent":"default","_kad_post_title":"hide","_kad_post_layout":"narrow","_kad_post_sidebar_id":"","_kad_post_content_style":"boxed","_kad_post_vertical_padding":"bottom","_kad_post_feature":"","_kad_post_feature_position":"","_kad_post_header":false,"_kad_post_footer":false,"footnotes":""},"_links":{"self":[{"href":"https:\/\/vrip.ubiobio.cl\/inicio\/wp-json\/wp\/v2\/pages\/48235"}],"collection":[{"href":"https:\/\/vrip.ubiobio.cl\/inicio\/wp-json\/wp\/v2\/pages"}],"about":[{"href":"https:\/\/vrip.ubiobio.cl\/inicio\/wp-json\/wp\/v2\/types\/page"}],"author":[{"embeddable":true,"href":"https:\/\/vrip.ubiobio.cl\/inicio\/wp-json\/wp\/v2\/users\/1"}],"replies":[{"embeddable":true,"href":"https:\/\/vrip.ubiobio.cl\/inicio\/wp-json\/wp\/v2\/comments?post=48235"}],"version-history":[{"count":22,"href":"https:\/\/vrip.ubiobio.cl\/inicio\/wp-json\/wp\/v2\/pages\/48235\/revisions"}],"predecessor-version":[{"id":48870,"href":"https:\/\/vrip.ubiobio.cl\/inicio\/wp-json\/wp\/v2\/pages\/48235\/revisions\/48870"}],"wp:attachment":[{"href":"https:\/\/vrip.ubiobio.cl\/inicio\/wp-json\/wp\/v2\/media?parent=48235"}],"curies":[{"name":"wp","href":"https:\/\/api.w.org\/{rel}","templated":true}]}}