{"id":47978,"date":"2024-12-16T14:51:38","date_gmt":"2024-12-16T14:51:38","guid":{"rendered":"https:\/\/vrip.ubiobio.cl\/inicio\/?page_id=47978"},"modified":"2025-08-27T20:02:17","modified_gmt":"2025-08-27T20:02:17","slug":"proyectos-de-investigacion-iniciacion-y-regular-2025","status":"publish","type":"page","link":"https:\/\/vrip.ubiobio.cl\/inicio\/proyectos-de-investigacion-iniciacion-y-regular-2025\/","title":{"rendered":"Proyectos de Investigaci\u00f3n Iniciaci\u00f3n y Regular 2025"},"content":{"rendered":"\t\t<div data-elementor-type=\"wp-page\" data-elementor-id=\"47978\" class=\"elementor elementor-47978\">\n\t\t\t\t\t\t<section class=\"elementor-section elementor-top-section elementor-element elementor-element-2dff9f0 elementor-section-boxed elementor-section-height-default elementor-section-height-default\" data-id=\"2dff9f0\" data-element_type=\"section\" data-settings=\"{&quot;_ha_eqh_enable&quot;:false}\">\n\t\t\t\t\t\t<div class=\"elementor-container elementor-column-gap-default\">\n\t\t\t\t\t<div class=\"elementor-column elementor-col-100 elementor-top-column elementor-element elementor-element-0ac5989\" data-id=\"0ac5989\" data-element_type=\"column\">\n\t\t\t<div class=\"elementor-widget-wrap elementor-element-populated\">\n\t\t\t\t\t\t<div class=\"elementor-element elementor-element-d348c7e elementor-widget elementor-widget-image\" data-id=\"d348c7e\" data-element_type=\"widget\" data-widget_type=\"image.default\">\n\t\t\t\t<div class=\"elementor-widget-container\">\n\t\t\t\t\t\t\t\t\t\t\t\t\t\t<a href=\"https:\/\/vrip.ubiobio.cl\/wp-content\/uploads\/2025\/01\/DICREA_Proy-Inv-2025_Banner-1-scaled.jpg\" data-elementor-open-lightbox=\"no\">\n\t\t\t\t\t\t\t<img fetchpriority=\"high\" decoding=\"async\" width=\"1024\" height=\"350\" src=\"https:\/\/vrip.ubiobio.cl\/wp-content\/uploads\/2025\/01\/DICREA_Proy-Inv-2025_Banner-1-1024x350.jpg\" class=\"attachment-large size-large wp-image-48478\" alt=\"\" srcset=\"https:\/\/vrip.ubiobio.cl\/wp-content\/uploads\/2025\/01\/DICREA_Proy-Inv-2025_Banner-1-1024x350.jpg 1024w, https:\/\/vrip.ubiobio.cl\/wp-content\/uploads\/2025\/01\/DICREA_Proy-Inv-2025_Banner-1-380x130.jpg 380w, https:\/\/vrip.ubiobio.cl\/wp-content\/uploads\/2025\/01\/DICREA_Proy-Inv-2025_Banner-1-768x262.jpg 768w, https:\/\/vrip.ubiobio.cl\/wp-content\/uploads\/2025\/01\/DICREA_Proy-Inv-2025_Banner-1-1536x524.jpg 1536w, https:\/\/vrip.ubiobio.cl\/wp-content\/uploads\/2025\/01\/DICREA_Proy-Inv-2025_Banner-1-2048x699.jpg 2048w\" sizes=\"(max-width: 1024px) 100vw, 1024px\" \/>\t\t\t\t\t\t\t\t<\/a>\n\t\t\t\t\t\t\t\t\t\t\t\t\t<\/div>\n\t\t\t\t<\/div>\n\t\t\t\t\t<\/div>\n\t\t<\/div>\n\t\t\t\t\t<\/div>\n\t\t<\/section>\n\t\t\t\t<section class=\"elementor-section elementor-top-section elementor-element elementor-element-70fa6c elementor-section-boxed elementor-section-height-default elementor-section-height-default\" data-id=\"70fa6c\" data-element_type=\"section\" data-settings=\"{&quot;_ha_eqh_enable&quot;:false}\">\n\t\t\t\t\t\t<div class=\"elementor-container elementor-column-gap-default\">\n\t\t\t\t\t<div class=\"elementor-column elementor-col-100 elementor-top-column elementor-element elementor-element-794ce50a\" data-id=\"794ce50a\" data-element_type=\"column\">\n\t\t\t<div class=\"elementor-widget-wrap elementor-element-populated\">\n\t\t\t\t\t\t<div class=\"elementor-element elementor-element-5ff7c894 elementor-widget elementor-widget-text-editor\" data-id=\"5ff7c894\" data-element_type=\"widget\" data-widget_type=\"text-editor.default\">\n\t\t\t\t<div class=\"elementor-widget-container\">\n\t\t\t\t\t\t\t<p><span style=\"color: var( --e-global-color-text ); font-style: var( --e-global-typography-text-font-style ); font-weight: var( --e-global-typography-text-font-weight );\">La\u00a0<\/span><b style=\"color: var( --e-global-color-text ); font-style: var( --e-global-typography-text-font-style );\">Direcci\u00f3n de\u00a0Investigaci\u00f3n\u00a0y Creaci\u00f3n Art\u00edstica<\/b><span style=\"color: var( --e-global-color-text ); font-style: var( --e-global-typography-text-font-style ); font-weight: var( --e-global-typography-text-font-weight );\">\u00a0de la Vicerrector\u00eda de\u00a0Investigaci\u00f3n\u00a0y Postgrado, informa la apertura del Concurso de\u00a0<\/span><b style=\"color: var( --e-global-color-text ); font-style: var( --e-global-typography-text-font-style );\">Proyectos de\u00a0Investigaci\u00f3n\u00a0Internos Iniciaci\u00f3n y\u00a0Regular\u00a02025<\/b><span style=\"color: var( --e-global-color-text ); font-style: var( --e-global-typography-text-font-style ); font-weight: var( --e-global-typography-text-font-weight );\">\u00a0para ejecuci\u00f3n 2025-2026.<\/span><\/p><p><strong>Plazos<\/strong><br \/><b> Env\u00edo de postulaci\u00f3n:<\/b>\u00a0<del>24 de enero de 2025<\/del> 10 de marzo (nuevo plazo), a las 18:00 horas.<br \/><b> Aprobaci\u00f3n de patrocinio:<\/b>\u00a0<del>10 de marzo de 2025<\/del>\u00a019 de marzo (nuevo plazo), a las 18:00 horas.<\/p><p><strong>Informaci\u00f3n y Bases del Concurso:<\/strong><br \/><a href=\"https:\/\/vrip.ubiobio.cl\/wp-content\/uploads\/2024\/12\/Bases-Concurso-Investigacion-Basica-2025-UBB.pdf\" target=\"_blank\" rel=\"noopener noreferrer\">Bases del Concurso<\/a><br \/><a href=\"https:\/\/vrip.ubiobio.cl\/inicio\/resultado-concurso-proyectos-de-investigacion-internos-modalidades-iniciacion-y-regular-2025\/\" target=\"_blank\" rel=\"noopener\">Resultados<\/a><\/p><p><em>Para dudas o consultas contactarse con la Direcci\u00f3n de Investigaci\u00f3n y Creaci\u00f3n Art\u00edstica:<\/em><\/p><p><strong>Sede Concepci\u00f3n:<\/strong> Kertsy Alarc\u00f3n, <a href=\"mailto:kalarcon@ubiobio.cl\" target=\"_blank\" rel=\"noopener noreferrer\">kalarcon@ubiobio.cl<\/a><br \/><strong>Sede Chill\u00e1n:<\/strong> Claudia Baham\u00f3ndez,\u00a0<a href=\"mailto:cbahamon@ubiobio.cl\" target=\"_blank\" rel=\"noopener noreferrer\">cbahamon@ubiobio.cl<\/a><\/p><p>Para consultas t\u00e9cnicas sobre ingreso de postulaci\u00f3n a la plataforma, favor contactarse con: Karina Leiva, Ingeniera Civil en Inform\u00e1tica:\u00a0<a href=\"mailto:kleiva@ubiobio.cl\" target=\"_blank\" rel=\"noopener noreferrer\">kleiva@ubiobio.cl<\/a> o al tel\u00e9fono 42 2 46 <strong>3358<\/strong>.<\/p>\t\t\t\t\t\t<\/div>\n\t\t\t\t<\/div>\n\t\t\t\t\t<\/div>\n\t\t<\/div>\n\t\t\t\t\t<\/div>\n\t\t<\/section>\n\t\t\t\t<\/div>\n\t\t","protected":false},"excerpt":{"rendered":"<p>La\u00a0Direcci\u00f3n de\u00a0Investigaci\u00f3n\u00a0y Creaci\u00f3n Art\u00edstica\u00a0de la Vicerrector\u00eda de\u00a0Investigaci\u00f3n\u00a0y Postgrado, informa la apertura del Concurso de\u00a0Proyectos de\u00a0Investigaci\u00f3n\u00a0Internos Iniciaci\u00f3n y\u00a0Regular\u00a02025\u00a0para ejecuci\u00f3n 2025-2026. Plazos Env\u00edo de postulaci\u00f3n:\u00a024 de enero de 2025 10 de marzo (nuevo plazo), a las 18:00 horas. Aprobaci\u00f3n de patrocinio:\u00a010 de marzo de 2025\u00a019 de marzo (nuevo plazo), a las 18:00 horas. Informaci\u00f3n y Bases del&#8230;<\/p>\n","protected":false},"author":1,"featured_media":0,"parent":0,"menu_order":0,"comment_status":"closed","ping_status":"closed","template":"","meta":{"_kadence_starter_templates_imported_post":false,"_kad_post_transparent":"default","_kad_post_title":"hide","_kad_post_layout":"narrow","_kad_post_sidebar_id":"","_kad_post_content_style":"boxed","_kad_post_vertical_padding":"bottom","_kad_post_feature":"","_kad_post_feature_position":"","_kad_post_header":false,"_kad_post_footer":false,"footnotes":""},"_links":{"self":[{"href":"https:\/\/vrip.ubiobio.cl\/inicio\/wp-json\/wp\/v2\/pages\/47978"}],"collection":[{"href":"https:\/\/vrip.ubiobio.cl\/inicio\/wp-json\/wp\/v2\/pages"}],"about":[{"href":"https:\/\/vrip.ubiobio.cl\/inicio\/wp-json\/wp\/v2\/types\/page"}],"author":[{"embeddable":true,"href":"https:\/\/vrip.ubiobio.cl\/inicio\/wp-json\/wp\/v2\/users\/1"}],"replies":[{"embeddable":true,"href":"https:\/\/vrip.ubiobio.cl\/inicio\/wp-json\/wp\/v2\/comments?post=47978"}],"version-history":[{"count":22,"href":"https:\/\/vrip.ubiobio.cl\/inicio\/wp-json\/wp\/v2\/pages\/47978\/revisions"}],"predecessor-version":[{"id":51436,"href":"https:\/\/vrip.ubiobio.cl\/inicio\/wp-json\/wp\/v2\/pages\/47978\/revisions\/51436"}],"wp:attachment":[{"href":"https:\/\/vrip.ubiobio.cl\/inicio\/wp-json\/wp\/v2\/media?parent=47978"}],"curies":[{"name":"wp","href":"https:\/\/api.w.org\/{rel}","templated":true}]}}