{"id":44881,"date":"2024-05-23T18:54:06","date_gmt":"2024-05-23T18:54:06","guid":{"rendered":"https:\/\/vrip.ubiobio.cl\/inicio\/?page_id=44881"},"modified":"2024-08-05T14:10:31","modified_gmt":"2024-08-05T14:10:31","slug":"concurso-investigacion-innovacion-perspectiva-genero-2024","status":"publish","type":"page","link":"https:\/\/vrip.ubiobio.cl\/inicio\/concurso-investigacion-innovacion-perspectiva-genero-2024\/","title":{"rendered":"Concurso Investigaci\u00f3n e Innovaci\u00f3n en perspectiva de g\u00e9nero 2024"},"content":{"rendered":"\t\t<div data-elementor-type=\"wp-page\" data-elementor-id=\"44881\" class=\"elementor elementor-44881\" data-elementor-settings=\"{&quot;ha_cmc_init_switcher&quot;:&quot;no&quot;}\">\n\t\t\t\t\t\t<section class=\"elementor-section elementor-top-section elementor-element elementor-element-7fe7f59 elementor-section-boxed elementor-section-height-default elementor-section-height-default\" data-id=\"7fe7f59\" data-element_type=\"section\" data-e-type=\"section\" data-settings=\"{&quot;_ha_eqh_enable&quot;:false}\">\n\t\t\t\t\t\t<div class=\"elementor-container elementor-column-gap-default\">\n\t\t\t\t\t<div class=\"elementor-column elementor-col-100 elementor-top-column elementor-element elementor-element-742ad038\" data-id=\"742ad038\" data-element_type=\"column\" data-e-type=\"column\">\n\t\t\t<div class=\"elementor-widget-wrap elementor-element-populated\">\n\t\t\t\t\t\t<div class=\"elementor-element elementor-element-596f5107 elementor-widget elementor-widget-text-editor\" data-id=\"596f5107\" data-element_type=\"widget\" data-e-type=\"widget\" data-widget_type=\"text-editor.default\">\n\t\t\t\t<div class=\"elementor-widget-container\">\n\t\t\t\t\t\t\t\t\t<p><img fetchpriority=\"high\" decoding=\"async\" class=\"alignnone wp-image-44918 size-full\" src=\"https:\/\/vrip.ubiobio.cl\/wp-content\/uploads\/2024\/05\/Perspectiva-de-genero_Mailing.png\" alt=\"\" width=\"2250\" height=\"4000\" srcset=\"https:\/\/vrip.ubiobio.cl\/wp-content\/uploads\/2024\/05\/Perspectiva-de-genero_Mailing.png 2250w, https:\/\/vrip.ubiobio.cl\/wp-content\/uploads\/2024\/05\/Perspectiva-de-genero_Mailing-214x380.png 214w, https:\/\/vrip.ubiobio.cl\/wp-content\/uploads\/2024\/05\/Perspectiva-de-genero_Mailing-576x1024.png 576w, https:\/\/vrip.ubiobio.cl\/wp-content\/uploads\/2024\/05\/Perspectiva-de-genero_Mailing-768x1365.png 768w, https:\/\/vrip.ubiobio.cl\/wp-content\/uploads\/2024\/05\/Perspectiva-de-genero_Mailing-864x1536.png 864w, https:\/\/vrip.ubiobio.cl\/wp-content\/uploads\/2024\/05\/Perspectiva-de-genero_Mailing-1152x2048.png 1152w\" sizes=\"(max-width: 2250px) 100vw, 2250px\" \/><\/p>\n<p><strong style=\"color: var( --e-global-color-text ); font-style: var( --e-global-typography-text-font-style );\"><a href=\"https:\/\/vrip.ubiobio.cl\/wp-content\/uploads\/2024\/08\/Resultados.pdf\" target=\"_blank\" rel=\"noopener\">Resultados<\/a><\/strong><\/p><p><strong style=\"color: var( --e-global-color-text ); font-style: var( --e-global-typography-text-font-style );\">Documentaci\u00f3n:<\/strong><br><\/p>\n<p><a href=\"https:\/\/vrip.ubiobio.cl\/wp-content\/uploads\/2024\/05\/Bases-Concurso-Investigacion-e-Innovacion-en-Perspectiva-de-Genero-Ano-2024.pdf\" target=\"_blank\" rel=\"noopener\">Bases del Concurso<\/a><br>\n<a href=\"https:\/\/vrip.ubiobio.cl\/wp-content\/uploads\/2024\/05\/Anexo-N\u00b01-Formulario-Postulacion-Proyectos-Investigacion-e-Innovacion-en-Perspectiva-ano-2024.doc\"><strong>Anexo N\u00b0 1:<\/strong> Formulario de postulaci\u00f3n<\/a><br>\n<a href=\"https:\/\/vrip.ubiobio.cl\/wp-content\/uploads\/2024\/05\/Anexo-N\u00b02-Declaracion-Jurada-Integridad-Investigacion-Concurso-Investigacion-e-Innovacion-en-Perspectiva-de-Genero-ano-2024.docx\"><strong>Anexo N\u00b0 2:<\/strong> Declaraci\u00f3n Simple (Integridad Investigaci\u00f3n)<\/a><br>\n<a href=\"https:\/\/vrip.ubiobio.cl\/wp-content\/uploads\/2024\/05\/Anexo-N\u00b03-Informe-de-Visacion-Horaria-Concurso-Investigacion-e-Innovacion-en-Perspectiva-de-Genero-ano-2024.docx\"><strong>Anexo N\u00b0 3:<\/strong> Informe de Visaci\u00f3n Horaria<\/a><br>\n<a href=\"https:\/\/vrip.ubiobio.cl\/wp-content\/uploads\/2024\/05\/Anexo-N\u00b04-Carta-Gantt-Concurso-Investigacion-e-Innovacion-en-Perspectiva-de-Genero-ano-2024.xlsx\"><strong>Anexo N\u00b0 4:<\/strong> Carta Gantt<\/a><br>\n<a href=\"https:\/\/vrip.ubiobio.cl\/wp-content\/uploads\/2024\/05\/Anexo-N\u00b05-Constancia-Direccion-de-Innovacion-Concurso-Investigacion-e-Innovacion-en-Perspectiva-de-Genero-ano-2024.docx\"><strong>Anexo N\u00b0 5:<\/strong> Constancia Direcci\u00f3n de Innovaci\u00f3n<\/a><\/p>\t\t\t\t\t\t\t\t<\/div>\n\t\t\t\t<\/div>\n\t\t\t\t\t<\/div>\n\t\t<\/div>\n\t\t\t\t\t<\/div>\n\t\t<\/section>\n\t\t\t\t<\/div>\n\t\t","protected":false},"excerpt":{"rendered":"<p>Resultados Documentaci\u00f3n: Bases del Concurso Anexo N\u00b0 1: Formulario de postulaci\u00f3n Anexo N\u00b0 2: Declaraci\u00f3n Simple (Integridad Investigaci\u00f3n) Anexo N\u00b0 3: Informe de Visaci\u00f3n Horaria Anexo N\u00b0 4: Carta Gantt Anexo N\u00b0 5: Constancia Direcci\u00f3n de Innovaci\u00f3n<\/p>\n","protected":false},"author":1,"featured_media":0,"parent":0,"menu_order":0,"comment_status":"closed","ping_status":"closed","template":"","meta":{"_kadence_starter_templates_imported_post":false,"_kad_post_transparent":"default","_kad_post_title":"hide","_kad_post_layout":"narrow","_kad_post_sidebar_id":"","_kad_post_content_style":"boxed","_kad_post_vertical_padding":"bottom","_kad_post_feature":"","_kad_post_feature_position":"","_kad_post_header":false,"_kad_post_footer":false,"footnotes":""},"class_list":["post-44881","page","type-page","status-publish","hentry"],"yoast_head":"<!-- This site is optimized with the Yoast SEO plugin v27.5 - https:\/\/yoast.com\/product\/yoast-seo-wordpress\/ -->\n<title>Concurso Investigaci\u00f3n e Innovaci\u00f3n en perspectiva de g\u00e9nero 2024 - VRIP<\/title>\n<meta name=\"robots\" content=\"index, follow, max-snippet:-1, max-image-preview:large, max-video-preview:-1\" \/>\n<link rel=\"canonical\" href=\"https:\/\/vrip.ubiobio.cl\/inicio\/concurso-investigacion-innovacion-perspectiva-genero-2024\/\" \/>\n<meta property=\"og:locale\" content=\"es_ES\" \/>\n<meta property=\"og:type\" content=\"article\" \/>\n<meta property=\"og:title\" content=\"Concurso Investigaci\u00f3n e Innovaci\u00f3n en perspectiva de g\u00e9nero 2024 - VRIP\" \/>\n<meta property=\"og:description\" content=\"Resultados Documentaci\u00f3n: Bases del Concurso Anexo N\u00b0 1: Formulario de postulaci\u00f3n Anexo N\u00b0 2: Declaraci\u00f3n Simple (Integridad Investigaci\u00f3n) Anexo N\u00b0 3: Informe de Visaci\u00f3n Horaria Anexo N\u00b0 4: Carta Gantt Anexo N\u00b0 5: Constancia Direcci\u00f3n de Innovaci\u00f3n\" \/>\n<meta property=\"og:url\" content=\"https:\/\/vrip.ubiobio.cl\/inicio\/concurso-investigacion-innovacion-perspectiva-genero-2024\/\" \/>\n<meta property=\"og:site_name\" content=\"VRIP\" \/>\n<meta property=\"article:modified_time\" content=\"2024-08-05T14:10:31+00:00\" \/>\n<meta property=\"og:image\" content=\"https:\/\/vrip.ubiobio.cl\/wp-content\/uploads\/2024\/05\/Perspectiva-de-genero_Mailing-576x1024.png\" \/>\n\t<meta property=\"og:image:width\" content=\"576\" \/>\n\t<meta property=\"og:image:height\" content=\"1024\" \/>\n\t<meta property=\"og:image:type\" content=\"image\/png\" \/>\n<meta name=\"twitter:card\" content=\"summary_large_image\" \/>\n<meta name=\"twitter:site\" content=\"@vripubb\" \/>\n<script type=\"application\/ld+json\" class=\"yoast-schema-graph\">{\"@context\":\"https:\\\/\\\/schema.org\",\"@graph\":[{\"@type\":\"WebPage\",\"@id\":\"https:\\\/\\\/vrip.ubiobio.cl\\\/inicio\\\/concurso-investigacion-innovacion-perspectiva-genero-2024\\\/\",\"url\":\"https:\\\/\\\/vrip.ubiobio.cl\\\/inicio\\\/concurso-investigacion-innovacion-perspectiva-genero-2024\\\/\",\"name\":\"Concurso Investigaci\u00f3n e Innovaci\u00f3n en perspectiva de g\u00e9nero 2024 - VRIP\",\"isPartOf\":{\"@id\":\"https:\\\/\\\/vrip.ubiobio.cl\\\/inicio\\\/#website\"},\"primaryImageOfPage\":{\"@id\":\"https:\\\/\\\/vrip.ubiobio.cl\\\/inicio\\\/concurso-investigacion-innovacion-perspectiva-genero-2024\\\/#primaryimage\"},\"image\":{\"@id\":\"https:\\\/\\\/vrip.ubiobio.cl\\\/inicio\\\/concurso-investigacion-innovacion-perspectiva-genero-2024\\\/#primaryimage\"},\"thumbnailUrl\":\"https:\\\/\\\/vrip.ubiobio.cl\\\/wp-content\\\/uploads\\\/2024\\\/05\\\/Perspectiva-de-genero_Mailing.png\",\"datePublished\":\"2024-05-23T18:54:06+00:00\",\"dateModified\":\"2024-08-05T14:10:31+00:00\",\"breadcrumb\":{\"@id\":\"https:\\\/\\\/vrip.ubiobio.cl\\\/inicio\\\/concurso-investigacion-innovacion-perspectiva-genero-2024\\\/#breadcrumb\"},\"inLanguage\":\"es\",\"potentialAction\":[{\"@type\":\"ReadAction\",\"target\":[\"https:\\\/\\\/vrip.ubiobio.cl\\\/inicio\\\/concurso-investigacion-innovacion-perspectiva-genero-2024\\\/\"]}]},{\"@type\":\"ImageObject\",\"inLanguage\":\"es\",\"@id\":\"https:\\\/\\\/vrip.ubiobio.cl\\\/inicio\\\/concurso-investigacion-innovacion-perspectiva-genero-2024\\\/#primaryimage\",\"url\":\"https:\\\/\\\/vrip.ubiobio.cl\\\/wp-content\\\/uploads\\\/2024\\\/05\\\/Perspectiva-de-genero_Mailing.png\",\"contentUrl\":\"https:\\\/\\\/vrip.ubiobio.cl\\\/wp-content\\\/uploads\\\/2024\\\/05\\\/Perspectiva-de-genero_Mailing.png\"},{\"@type\":\"BreadcrumbList\",\"@id\":\"https:\\\/\\\/vrip.ubiobio.cl\\\/inicio\\\/concurso-investigacion-innovacion-perspectiva-genero-2024\\\/#breadcrumb\",\"itemListElement\":[{\"@type\":\"ListItem\",\"position\":1,\"name\":\"Portada\",\"item\":\"https:\\\/\\\/vrip.ubiobio.cl\\\/inicio\\\/\"},{\"@type\":\"ListItem\",\"position\":2,\"name\":\"Concurso Investigaci\u00f3n e Innovaci\u00f3n en perspectiva de g\u00e9nero 2024\"}]},{\"@type\":\"WebSite\",\"@id\":\"https:\\\/\\\/vrip.ubiobio.cl\\\/inicio\\\/#website\",\"url\":\"https:\\\/\\\/vrip.ubiobio.cl\\\/inicio\\\/\",\"name\":\"VRIP\",\"description\":\"Vicerrector\u00eda de Investigaci\u00f3n y Postgrado\",\"publisher\":{\"@id\":\"https:\\\/\\\/vrip.ubiobio.cl\\\/inicio\\\/#organization\"},\"potentialAction\":[{\"@type\":\"SearchAction\",\"target\":{\"@type\":\"EntryPoint\",\"urlTemplate\":\"https:\\\/\\\/vrip.ubiobio.cl\\\/inicio\\\/?s={search_term_string}\"},\"query-input\":{\"@type\":\"PropertyValueSpecification\",\"valueRequired\":true,\"valueName\":\"search_term_string\"}}],\"inLanguage\":\"es\"},{\"@type\":\"Organization\",\"@id\":\"https:\\\/\\\/vrip.ubiobio.cl\\\/inicio\\\/#organization\",\"name\":\"VRIP\",\"url\":\"https:\\\/\\\/vrip.ubiobio.cl\\\/inicio\\\/\",\"logo\":{\"@type\":\"ImageObject\",\"inLanguage\":\"es\",\"@id\":\"https:\\\/\\\/vrip.ubiobio.cl\\\/inicio\\\/#\\\/schema\\\/logo\\\/image\\\/\",\"url\":\"https:\\\/\\\/vrip.ubiobio.cl\\\/wp-content\\\/uploads\\\/2022\\\/10\\\/logo-vrip_Mesa-de-trabajo-1.png\",\"contentUrl\":\"https:\\\/\\\/vrip.ubiobio.cl\\\/wp-content\\\/uploads\\\/2022\\\/10\\\/logo-vrip_Mesa-de-trabajo-1.png\",\"width\":642,\"height\":178,\"caption\":\"VRIP\"},\"image\":{\"@id\":\"https:\\\/\\\/vrip.ubiobio.cl\\\/inicio\\\/#\\\/schema\\\/logo\\\/image\\\/\"},\"sameAs\":[\"https:\\\/\\\/x.com\\\/vripubb\",\"https:\\\/\\\/www.instagram.com\\\/vrip_ubb\\\/\",\"https:\\\/\\\/www.youtube.com\\\/channel\\\/UCf7o8yHRJ7Y_QQLxwu1KQgA\",\"https:\\\/\\\/www.linkedin.com\\\/company\\\/96035097\\\/admin\\\/dashboard\\\/\"]}]}<\/script>\n<!-- \/ Yoast SEO plugin. -->","yoast_head_json":{"title":"Concurso Investigaci\u00f3n e Innovaci\u00f3n en perspectiva de g\u00e9nero 2024 - VRIP","robots":{"index":"index","follow":"follow","max-snippet":"max-snippet:-1","max-image-preview":"max-image-preview:large","max-video-preview":"max-video-preview:-1"},"canonical":"https:\/\/vrip.ubiobio.cl\/inicio\/concurso-investigacion-innovacion-perspectiva-genero-2024\/","og_locale":"es_ES","og_type":"article","og_title":"Concurso Investigaci\u00f3n e Innovaci\u00f3n en perspectiva de g\u00e9nero 2024 - VRIP","og_description":"Resultados Documentaci\u00f3n: Bases del Concurso Anexo N\u00b0 1: Formulario de postulaci\u00f3n Anexo N\u00b0 2: Declaraci\u00f3n Simple (Integridad Investigaci\u00f3n) Anexo N\u00b0 3: Informe de Visaci\u00f3n Horaria Anexo N\u00b0 4: Carta Gantt Anexo N\u00b0 5: Constancia Direcci\u00f3n de Innovaci\u00f3n","og_url":"https:\/\/vrip.ubiobio.cl\/inicio\/concurso-investigacion-innovacion-perspectiva-genero-2024\/","og_site_name":"VRIP","article_modified_time":"2024-08-05T14:10:31+00:00","og_image":[{"width":576,"height":1024,"url":"https:\/\/vrip.ubiobio.cl\/wp-content\/uploads\/2024\/05\/Perspectiva-de-genero_Mailing-576x1024.png","type":"image\/png"}],"twitter_card":"summary_large_image","twitter_site":"@vripubb","schema":{"@context":"https:\/\/schema.org","@graph":[{"@type":"WebPage","@id":"https:\/\/vrip.ubiobio.cl\/inicio\/concurso-investigacion-innovacion-perspectiva-genero-2024\/","url":"https:\/\/vrip.ubiobio.cl\/inicio\/concurso-investigacion-innovacion-perspectiva-genero-2024\/","name":"Concurso Investigaci\u00f3n e Innovaci\u00f3n en perspectiva de g\u00e9nero 2024 - VRIP","isPartOf":{"@id":"https:\/\/vrip.ubiobio.cl\/inicio\/#website"},"primaryImageOfPage":{"@id":"https:\/\/vrip.ubiobio.cl\/inicio\/concurso-investigacion-innovacion-perspectiva-genero-2024\/#primaryimage"},"image":{"@id":"https:\/\/vrip.ubiobio.cl\/inicio\/concurso-investigacion-innovacion-perspectiva-genero-2024\/#primaryimage"},"thumbnailUrl":"https:\/\/vrip.ubiobio.cl\/wp-content\/uploads\/2024\/05\/Perspectiva-de-genero_Mailing.png","datePublished":"2024-05-23T18:54:06+00:00","dateModified":"2024-08-05T14:10:31+00:00","breadcrumb":{"@id":"https:\/\/vrip.ubiobio.cl\/inicio\/concurso-investigacion-innovacion-perspectiva-genero-2024\/#breadcrumb"},"inLanguage":"es","potentialAction":[{"@type":"ReadAction","target":["https:\/\/vrip.ubiobio.cl\/inicio\/concurso-investigacion-innovacion-perspectiva-genero-2024\/"]}]},{"@type":"ImageObject","inLanguage":"es","@id":"https:\/\/vrip.ubiobio.cl\/inicio\/concurso-investigacion-innovacion-perspectiva-genero-2024\/#primaryimage","url":"https:\/\/vrip.ubiobio.cl\/wp-content\/uploads\/2024\/05\/Perspectiva-de-genero_Mailing.png","contentUrl":"https:\/\/vrip.ubiobio.cl\/wp-content\/uploads\/2024\/05\/Perspectiva-de-genero_Mailing.png"},{"@type":"BreadcrumbList","@id":"https:\/\/vrip.ubiobio.cl\/inicio\/concurso-investigacion-innovacion-perspectiva-genero-2024\/#breadcrumb","itemListElement":[{"@type":"ListItem","position":1,"name":"Portada","item":"https:\/\/vrip.ubiobio.cl\/inicio\/"},{"@type":"ListItem","position":2,"name":"Concurso Investigaci\u00f3n e Innovaci\u00f3n en perspectiva de g\u00e9nero 2024"}]},{"@type":"WebSite","@id":"https:\/\/vrip.ubiobio.cl\/inicio\/#website","url":"https:\/\/vrip.ubiobio.cl\/inicio\/","name":"VRIP","description":"Vicerrector\u00eda de Investigaci\u00f3n y Postgrado","publisher":{"@id":"https:\/\/vrip.ubiobio.cl\/inicio\/#organization"},"potentialAction":[{"@type":"SearchAction","target":{"@type":"EntryPoint","urlTemplate":"https:\/\/vrip.ubiobio.cl\/inicio\/?s={search_term_string}"},"query-input":{"@type":"PropertyValueSpecification","valueRequired":true,"valueName":"search_term_string"}}],"inLanguage":"es"},{"@type":"Organization","@id":"https:\/\/vrip.ubiobio.cl\/inicio\/#organization","name":"VRIP","url":"https:\/\/vrip.ubiobio.cl\/inicio\/","logo":{"@type":"ImageObject","inLanguage":"es","@id":"https:\/\/vrip.ubiobio.cl\/inicio\/#\/schema\/logo\/image\/","url":"https:\/\/vrip.ubiobio.cl\/wp-content\/uploads\/2022\/10\/logo-vrip_Mesa-de-trabajo-1.png","contentUrl":"https:\/\/vrip.ubiobio.cl\/wp-content\/uploads\/2022\/10\/logo-vrip_Mesa-de-trabajo-1.png","width":642,"height":178,"caption":"VRIP"},"image":{"@id":"https:\/\/vrip.ubiobio.cl\/inicio\/#\/schema\/logo\/image\/"},"sameAs":["https:\/\/x.com\/vripubb","https:\/\/www.instagram.com\/vrip_ubb\/","https:\/\/www.youtube.com\/channel\/UCf7o8yHRJ7Y_QQLxwu1KQgA","https:\/\/www.linkedin.com\/company\/96035097\/admin\/dashboard\/"]}]}},"_links":{"self":[{"href":"https:\/\/vrip.ubiobio.cl\/inicio\/wp-json\/wp\/v2\/pages\/44881","targetHints":{"allow":["GET"]}}],"collection":[{"href":"https:\/\/vrip.ubiobio.cl\/inicio\/wp-json\/wp\/v2\/pages"}],"about":[{"href":"https:\/\/vrip.ubiobio.cl\/inicio\/wp-json\/wp\/v2\/types\/page"}],"author":[{"embeddable":true,"href":"https:\/\/vrip.ubiobio.cl\/inicio\/wp-json\/wp\/v2\/users\/1"}],"replies":[{"embeddable":true,"href":"https:\/\/vrip.ubiobio.cl\/inicio\/wp-json\/wp\/v2\/comments?post=44881"}],"version-history":[{"count":16,"href":"https:\/\/vrip.ubiobio.cl\/inicio\/wp-json\/wp\/v2\/pages\/44881\/revisions"}],"predecessor-version":[{"id":46143,"href":"https:\/\/vrip.ubiobio.cl\/inicio\/wp-json\/wp\/v2\/pages\/44881\/revisions\/46143"}],"wp:attachment":[{"href":"https:\/\/vrip.ubiobio.cl\/inicio\/wp-json\/wp\/v2\/media?parent=44881"}],"curies":[{"name":"wp","href":"https:\/\/api.w.org\/{rel}","templated":true}]}}