{"id":42057,"date":"2023-11-13T13:50:59","date_gmt":"2023-11-13T13:50:59","guid":{"rendered":"https:\/\/vrip.ubiobio.cl\/inicio\/?page_id=42057"},"modified":"2024-08-23T14:34:49","modified_gmt":"2024-08-23T14:34:49","slug":"proyectos-de-investigacion-iniciacion-y-regular-2024","status":"publish","type":"page","link":"https:\/\/vrip.ubiobio.cl\/inicio\/proyectos-de-investigacion-iniciacion-y-regular-2024\/","title":{"rendered":"Proyectos de Investigaci\u00f3n Iniciaci\u00f3n y Regular 2024"},"content":{"rendered":"\t\t<div data-elementor-type=\"wp-page\" data-elementor-id=\"42057\" class=\"elementor elementor-42057\" data-elementor-settings=\"{&quot;ha_cmc_init_switcher&quot;:&quot;no&quot;}\">\n\t\t\t\t\t\t<section class=\"elementor-section elementor-top-section elementor-element elementor-element-2dff9f0 elementor-section-boxed elementor-section-height-default elementor-section-height-default\" data-id=\"2dff9f0\" data-element_type=\"section\" data-e-type=\"section\" data-settings=\"{&quot;_ha_eqh_enable&quot;:false}\">\n\t\t\t\t\t\t<div class=\"elementor-container elementor-column-gap-default\">\n\t\t\t\t\t<div class=\"elementor-column elementor-col-100 elementor-top-column elementor-element elementor-element-0ac5989\" data-id=\"0ac5989\" data-element_type=\"column\" data-e-type=\"column\">\n\t\t\t<div class=\"elementor-widget-wrap elementor-element-populated\">\n\t\t\t\t\t\t<div class=\"elementor-element elementor-element-d348c7e elementor-widget elementor-widget-image\" data-id=\"d348c7e\" data-element_type=\"widget\" data-e-type=\"widget\" data-widget_type=\"image.default\">\n\t\t\t\t<div class=\"elementor-widget-container\">\n\t\t\t\t\t\t\t\t\t\t\t\t\t\t\t\t<a href=\"https:\/\/vrip.ubiobio.cl\/wp-content\/uploads\/2024\/01\/concurso-nuevoplazo-4marzo_Mesa-de-trabajo-1.png\" data-elementor-open-lightbox=\"no\">\n\t\t\t\t\t\t\t<img fetchpriority=\"high\" decoding=\"async\" width=\"1024\" height=\"349\" src=\"https:\/\/vrip.ubiobio.cl\/wp-content\/uploads\/2024\/01\/concurso-nuevoplazo-4marzo_Mesa-de-trabajo-1-1024x349.png\" class=\"attachment-large size-large wp-image-43365\" alt=\"\" srcset=\"https:\/\/vrip.ubiobio.cl\/wp-content\/uploads\/2024\/01\/concurso-nuevoplazo-4marzo_Mesa-de-trabajo-1-1024x349.png 1024w, https:\/\/vrip.ubiobio.cl\/wp-content\/uploads\/2024\/01\/concurso-nuevoplazo-4marzo_Mesa-de-trabajo-1-380x130.png 380w, https:\/\/vrip.ubiobio.cl\/wp-content\/uploads\/2024\/01\/concurso-nuevoplazo-4marzo_Mesa-de-trabajo-1-768x262.png 768w, https:\/\/vrip.ubiobio.cl\/wp-content\/uploads\/2024\/01\/concurso-nuevoplazo-4marzo_Mesa-de-trabajo-1-1536x524.png 1536w, https:\/\/vrip.ubiobio.cl\/wp-content\/uploads\/2024\/01\/concurso-nuevoplazo-4marzo_Mesa-de-trabajo-1-2048x699.png 2048w\" sizes=\"(max-width: 1024px) 100vw, 1024px\" \/>\t\t\t\t\t\t\t\t<\/a>\n\t\t\t\t\t\t\t\t\t\t\t\t\t\t\t<\/div>\n\t\t\t\t<\/div>\n\t\t\t\t\t<\/div>\n\t\t<\/div>\n\t\t\t\t\t<\/div>\n\t\t<\/section>\n\t\t\t\t<section class=\"elementor-section elementor-top-section elementor-element elementor-element-70fa6c elementor-section-boxed elementor-section-height-default elementor-section-height-default\" data-id=\"70fa6c\" data-element_type=\"section\" data-e-type=\"section\" data-settings=\"{&quot;_ha_eqh_enable&quot;:false}\">\n\t\t\t\t\t\t<div class=\"elementor-container elementor-column-gap-default\">\n\t\t\t\t\t<div class=\"elementor-column elementor-col-100 elementor-top-column elementor-element elementor-element-794ce50a\" data-id=\"794ce50a\" data-element_type=\"column\" data-e-type=\"column\">\n\t\t\t<div class=\"elementor-widget-wrap elementor-element-populated\">\n\t\t\t\t\t\t<div class=\"elementor-element elementor-element-5ff7c894 elementor-widget elementor-widget-text-editor\" data-id=\"5ff7c894\" data-element_type=\"widget\" data-e-type=\"widget\" data-widget_type=\"text-editor.default\">\n\t\t\t\t<div class=\"elementor-widget-container\">\n\t\t\t\t\t\t\t\t\t<p><span style=\"color: var( --e-global-color-text ); font-style: var( --e-global-typography-text-font-style ); font-weight: var( --e-global-typography-text-font-weight );\">La\u00a0<\/span><b style=\"color: var( --e-global-color-text ); font-style: var( --e-global-typography-text-font-style );\">Direcci\u00f3n de\u00a0Investigaci\u00f3n\u00a0y Creaci\u00f3n Art\u00edstica<\/b><span style=\"color: var( --e-global-color-text ); font-style: var( --e-global-typography-text-font-style ); font-weight: var( --e-global-typography-text-font-weight );\">\u00a0de la Vicerrector\u00eda de\u00a0Investigaci\u00f3n\u00a0y Postgrado, informa la apertura del Concurso de\u00a0<\/span><b style=\"color: var( --e-global-color-text ); font-style: var( --e-global-typography-text-font-style );\">Proyectos de\u00a0Investigaci\u00f3n\u00a0Internos Iniciaci\u00f3n y\u00a0Regular\u00a02024<\/b><span style=\"color: var( --e-global-color-text ); font-style: var( --e-global-typography-text-font-style ); font-weight: var( --e-global-typography-text-font-weight );\">\u00a0para ejecuci\u00f3n 2024-2025.<\/span><\/p><p><strong>Plazos<\/strong><br \/><b> Env\u00edo de postulaci\u00f3n:<\/b> 04 de marzo de 2024, a las 18:00 horas.<br \/><b> Aprobaci\u00f3n de patrocinio:<\/b> 11 de marzo de 2024, a las 18:00 horas.<\/p><p><strong>Informaci\u00f3n y Bases del Concurso:<\/strong><br \/><a href=\"https:\/\/vrip.ubiobio.cl\/wp-content\/uploads\/2023\/11\/Bases-Concurso-Investigacion-Academica-2024-Aprobadas.pdf\" target=\"_blank\" rel=\"noopener noreferrer\">Bases del Concurso<\/a><br \/><a href=\"https:\/\/vrip.ubiobio.cl\/wp-content\/uploads\/2024\/08\/resultados-ini-reg-2024-1.pdf\">Resultados<\/a><\/p><p><em>Para dudas o consultas contactarse con la Direcci\u00f3n de Investigaci\u00f3n y Creaci\u00f3n Art\u00edstica:<\/em><\/p><p><strong>Sede Concepci\u00f3n:<\/strong> Kertsy Alarc\u00f3n, <a href=\"mailto:kalarcon@ubiobio.cl\" target=\"_blank\" rel=\"noopener noreferrer\">kalarcon@ubiobio.cl<\/a><br \/><strong>Sede Chill\u00e1n:<\/strong> Claudia Baham\u00f3ndez,\u00a0<a href=\"mailto:cbahamon@ubiobio.cl\" target=\"_blank\" rel=\"noopener noreferrer\">cbahamon@ubiobio.cl<\/a><\/p><p>Para consultas t\u00e9cnicas sobre ingreso de postulaci\u00f3n a la plataforma, favor contactarse con: Karina Leiva, Ingeniera Civil en Inform\u00e1tica:\u00a0<a href=\"mailto:kleiva@ubiobio.cl\" target=\"_blank\" rel=\"noopener noreferrer\">kleiva@ubiobio.cl<\/a> o al tel\u00e9fono 42 2 46 <strong>3358<\/strong>.<\/p>\t\t\t\t\t\t\t\t<\/div>\n\t\t\t\t<\/div>\n\t\t\t\t\t<\/div>\n\t\t<\/div>\n\t\t\t\t\t<\/div>\n\t\t<\/section>\n\t\t\t\t<\/div>\n\t\t","protected":false},"excerpt":{"rendered":"<p>La\u00a0Direcci\u00f3n de\u00a0Investigaci\u00f3n\u00a0y Creaci\u00f3n Art\u00edstica\u00a0de la Vicerrector\u00eda de\u00a0Investigaci\u00f3n\u00a0y Postgrado, informa la apertura del Concurso de\u00a0Proyectos de\u00a0Investigaci\u00f3n\u00a0Internos Iniciaci\u00f3n y\u00a0Regular\u00a02024\u00a0para ejecuci\u00f3n 2024-2025. Plazos Env\u00edo de postulaci\u00f3n: 04 de marzo de 2024, a las 18:00 horas. Aprobaci\u00f3n de patrocinio: 11 de marzo de 2024, a las 18:00 horas. Informaci\u00f3n y Bases del Concurso:Bases del ConcursoResultados Para dudas o consultas&#8230;<\/p>\n","protected":false},"author":1,"featured_media":0,"parent":0,"menu_order":0,"comment_status":"closed","ping_status":"closed","template":"","meta":{"_kadence_starter_templates_imported_post":false,"_kad_post_transparent":"default","_kad_post_title":"hide","_kad_post_layout":"narrow","_kad_post_sidebar_id":"","_kad_post_content_style":"boxed","_kad_post_vertical_padding":"bottom","_kad_post_feature":"","_kad_post_feature_position":"","_kad_post_header":false,"_kad_post_footer":false,"footnotes":""},"class_list":["post-42057","page","type-page","status-publish","hentry"],"yoast_head":"<!-- This site is optimized with the Yoast SEO plugin v27.5 - https:\/\/yoast.com\/product\/yoast-seo-wordpress\/ -->\n<title>Proyectos de Investigaci\u00f3n Iniciaci\u00f3n y Regular 2024 - VRIP<\/title>\n<meta name=\"robots\" content=\"index, follow, max-snippet:-1, max-image-preview:large, max-video-preview:-1\" \/>\n<link rel=\"canonical\" href=\"https:\/\/vrip.ubiobio.cl\/inicio\/proyectos-de-investigacion-iniciacion-y-regular-2024\/\" \/>\n<meta property=\"og:locale\" content=\"es_ES\" \/>\n<meta property=\"og:type\" content=\"article\" \/>\n<meta property=\"og:title\" content=\"Proyectos de Investigaci\u00f3n Iniciaci\u00f3n y Regular 2024 - VRIP\" \/>\n<meta property=\"og:description\" content=\"La\u00a0Direcci\u00f3n de\u00a0Investigaci\u00f3n\u00a0y Creaci\u00f3n Art\u00edstica\u00a0de la Vicerrector\u00eda de\u00a0Investigaci\u00f3n\u00a0y Postgrado, informa la apertura del Concurso de\u00a0Proyectos de\u00a0Investigaci\u00f3n\u00a0Internos Iniciaci\u00f3n y\u00a0Regular\u00a02024\u00a0para ejecuci\u00f3n 2024-2025. Plazos Env\u00edo de postulaci\u00f3n: 04 de marzo de 2024, a las 18:00 horas. Aprobaci\u00f3n de patrocinio: 11 de marzo de 2024, a las 18:00 horas. Informaci\u00f3n y Bases del Concurso:Bases del ConcursoResultados Para dudas o consultas...\" \/>\n<meta property=\"og:url\" content=\"https:\/\/vrip.ubiobio.cl\/inicio\/proyectos-de-investigacion-iniciacion-y-regular-2024\/\" \/>\n<meta property=\"og:site_name\" content=\"VRIP\" \/>\n<meta property=\"article:modified_time\" content=\"2024-08-23T14:34:49+00:00\" \/>\n<meta property=\"og:image\" content=\"https:\/\/vrip.ubiobio.cl\/wp-content\/uploads\/2024\/01\/concurso-nuevoplazo-4marzo_Mesa-de-trabajo-1-1024x349.png\" \/>\n\t<meta property=\"og:image:width\" content=\"1024\" \/>\n\t<meta property=\"og:image:height\" content=\"349\" \/>\n\t<meta property=\"og:image:type\" content=\"image\/png\" \/>\n<meta name=\"twitter:card\" content=\"summary_large_image\" \/>\n<meta name=\"twitter:site\" content=\"@vripubb\" \/>\n<meta name=\"twitter:label1\" content=\"Tiempo de lectura\" \/>\n\t<meta name=\"twitter:data1\" content=\"1 minuto\" \/>\n<script type=\"application\/ld+json\" class=\"yoast-schema-graph\">{\"@context\":\"https:\\\/\\\/schema.org\",\"@graph\":[{\"@type\":\"WebPage\",\"@id\":\"https:\\\/\\\/vrip.ubiobio.cl\\\/inicio\\\/proyectos-de-investigacion-iniciacion-y-regular-2024\\\/\",\"url\":\"https:\\\/\\\/vrip.ubiobio.cl\\\/inicio\\\/proyectos-de-investigacion-iniciacion-y-regular-2024\\\/\",\"name\":\"Proyectos de Investigaci\u00f3n Iniciaci\u00f3n y Regular 2024 - VRIP\",\"isPartOf\":{\"@id\":\"https:\\\/\\\/vrip.ubiobio.cl\\\/inicio\\\/#website\"},\"primaryImageOfPage\":{\"@id\":\"https:\\\/\\\/vrip.ubiobio.cl\\\/inicio\\\/proyectos-de-investigacion-iniciacion-y-regular-2024\\\/#primaryimage\"},\"image\":{\"@id\":\"https:\\\/\\\/vrip.ubiobio.cl\\\/inicio\\\/proyectos-de-investigacion-iniciacion-y-regular-2024\\\/#primaryimage\"},\"thumbnailUrl\":\"https:\\\/\\\/vrip.ubiobio.cl\\\/wp-content\\\/uploads\\\/2024\\\/01\\\/concurso-nuevoplazo-4marzo_Mesa-de-trabajo-1-1024x349.png\",\"datePublished\":\"2023-11-13T13:50:59+00:00\",\"dateModified\":\"2024-08-23T14:34:49+00:00\",\"breadcrumb\":{\"@id\":\"https:\\\/\\\/vrip.ubiobio.cl\\\/inicio\\\/proyectos-de-investigacion-iniciacion-y-regular-2024\\\/#breadcrumb\"},\"inLanguage\":\"es\",\"potentialAction\":[{\"@type\":\"ReadAction\",\"target\":[\"https:\\\/\\\/vrip.ubiobio.cl\\\/inicio\\\/proyectos-de-investigacion-iniciacion-y-regular-2024\\\/\"]}]},{\"@type\":\"ImageObject\",\"inLanguage\":\"es\",\"@id\":\"https:\\\/\\\/vrip.ubiobio.cl\\\/inicio\\\/proyectos-de-investigacion-iniciacion-y-regular-2024\\\/#primaryimage\",\"url\":\"https:\\\/\\\/vrip.ubiobio.cl\\\/wp-content\\\/uploads\\\/2024\\\/01\\\/concurso-nuevoplazo-4marzo_Mesa-de-trabajo-1-1024x349.png\",\"contentUrl\":\"https:\\\/\\\/vrip.ubiobio.cl\\\/wp-content\\\/uploads\\\/2024\\\/01\\\/concurso-nuevoplazo-4marzo_Mesa-de-trabajo-1-1024x349.png\"},{\"@type\":\"BreadcrumbList\",\"@id\":\"https:\\\/\\\/vrip.ubiobio.cl\\\/inicio\\\/proyectos-de-investigacion-iniciacion-y-regular-2024\\\/#breadcrumb\",\"itemListElement\":[{\"@type\":\"ListItem\",\"position\":1,\"name\":\"Portada\",\"item\":\"https:\\\/\\\/vrip.ubiobio.cl\\\/inicio\\\/\"},{\"@type\":\"ListItem\",\"position\":2,\"name\":\"Proyectos de Investigaci\u00f3n Iniciaci\u00f3n y Regular 2024\"}]},{\"@type\":\"WebSite\",\"@id\":\"https:\\\/\\\/vrip.ubiobio.cl\\\/inicio\\\/#website\",\"url\":\"https:\\\/\\\/vrip.ubiobio.cl\\\/inicio\\\/\",\"name\":\"VRIP\",\"description\":\"Vicerrector\u00eda de Investigaci\u00f3n y Postgrado\",\"publisher\":{\"@id\":\"https:\\\/\\\/vrip.ubiobio.cl\\\/inicio\\\/#organization\"},\"potentialAction\":[{\"@type\":\"SearchAction\",\"target\":{\"@type\":\"EntryPoint\",\"urlTemplate\":\"https:\\\/\\\/vrip.ubiobio.cl\\\/inicio\\\/?s={search_term_string}\"},\"query-input\":{\"@type\":\"PropertyValueSpecification\",\"valueRequired\":true,\"valueName\":\"search_term_string\"}}],\"inLanguage\":\"es\"},{\"@type\":\"Organization\",\"@id\":\"https:\\\/\\\/vrip.ubiobio.cl\\\/inicio\\\/#organization\",\"name\":\"VRIP\",\"url\":\"https:\\\/\\\/vrip.ubiobio.cl\\\/inicio\\\/\",\"logo\":{\"@type\":\"ImageObject\",\"inLanguage\":\"es\",\"@id\":\"https:\\\/\\\/vrip.ubiobio.cl\\\/inicio\\\/#\\\/schema\\\/logo\\\/image\\\/\",\"url\":\"https:\\\/\\\/vrip.ubiobio.cl\\\/wp-content\\\/uploads\\\/2022\\\/10\\\/logo-vrip_Mesa-de-trabajo-1.png\",\"contentUrl\":\"https:\\\/\\\/vrip.ubiobio.cl\\\/wp-content\\\/uploads\\\/2022\\\/10\\\/logo-vrip_Mesa-de-trabajo-1.png\",\"width\":642,\"height\":178,\"caption\":\"VRIP\"},\"image\":{\"@id\":\"https:\\\/\\\/vrip.ubiobio.cl\\\/inicio\\\/#\\\/schema\\\/logo\\\/image\\\/\"},\"sameAs\":[\"https:\\\/\\\/x.com\\\/vripubb\",\"https:\\\/\\\/www.instagram.com\\\/vrip_ubb\\\/\",\"https:\\\/\\\/www.youtube.com\\\/channel\\\/UCf7o8yHRJ7Y_QQLxwu1KQgA\",\"https:\\\/\\\/www.linkedin.com\\\/company\\\/96035097\\\/admin\\\/dashboard\\\/\"]}]}<\/script>\n<!-- \/ Yoast SEO plugin. -->","yoast_head_json":{"title":"Proyectos de Investigaci\u00f3n Iniciaci\u00f3n y Regular 2024 - VRIP","robots":{"index":"index","follow":"follow","max-snippet":"max-snippet:-1","max-image-preview":"max-image-preview:large","max-video-preview":"max-video-preview:-1"},"canonical":"https:\/\/vrip.ubiobio.cl\/inicio\/proyectos-de-investigacion-iniciacion-y-regular-2024\/","og_locale":"es_ES","og_type":"article","og_title":"Proyectos de Investigaci\u00f3n Iniciaci\u00f3n y Regular 2024 - VRIP","og_description":"La\u00a0Direcci\u00f3n de\u00a0Investigaci\u00f3n\u00a0y Creaci\u00f3n Art\u00edstica\u00a0de la Vicerrector\u00eda de\u00a0Investigaci\u00f3n\u00a0y Postgrado, informa la apertura del Concurso de\u00a0Proyectos de\u00a0Investigaci\u00f3n\u00a0Internos Iniciaci\u00f3n y\u00a0Regular\u00a02024\u00a0para ejecuci\u00f3n 2024-2025. Plazos Env\u00edo de postulaci\u00f3n: 04 de marzo de 2024, a las 18:00 horas. Aprobaci\u00f3n de patrocinio: 11 de marzo de 2024, a las 18:00 horas. Informaci\u00f3n y Bases del Concurso:Bases del ConcursoResultados Para dudas o consultas...","og_url":"https:\/\/vrip.ubiobio.cl\/inicio\/proyectos-de-investigacion-iniciacion-y-regular-2024\/","og_site_name":"VRIP","article_modified_time":"2024-08-23T14:34:49+00:00","og_image":[{"width":1024,"height":349,"url":"https:\/\/vrip.ubiobio.cl\/wp-content\/uploads\/2024\/01\/concurso-nuevoplazo-4marzo_Mesa-de-trabajo-1-1024x349.png","type":"image\/png"}],"twitter_card":"summary_large_image","twitter_site":"@vripubb","twitter_misc":{"Tiempo de lectura":"1 minuto"},"schema":{"@context":"https:\/\/schema.org","@graph":[{"@type":"WebPage","@id":"https:\/\/vrip.ubiobio.cl\/inicio\/proyectos-de-investigacion-iniciacion-y-regular-2024\/","url":"https:\/\/vrip.ubiobio.cl\/inicio\/proyectos-de-investigacion-iniciacion-y-regular-2024\/","name":"Proyectos de Investigaci\u00f3n Iniciaci\u00f3n y Regular 2024 - VRIP","isPartOf":{"@id":"https:\/\/vrip.ubiobio.cl\/inicio\/#website"},"primaryImageOfPage":{"@id":"https:\/\/vrip.ubiobio.cl\/inicio\/proyectos-de-investigacion-iniciacion-y-regular-2024\/#primaryimage"},"image":{"@id":"https:\/\/vrip.ubiobio.cl\/inicio\/proyectos-de-investigacion-iniciacion-y-regular-2024\/#primaryimage"},"thumbnailUrl":"https:\/\/vrip.ubiobio.cl\/wp-content\/uploads\/2024\/01\/concurso-nuevoplazo-4marzo_Mesa-de-trabajo-1-1024x349.png","datePublished":"2023-11-13T13:50:59+00:00","dateModified":"2024-08-23T14:34:49+00:00","breadcrumb":{"@id":"https:\/\/vrip.ubiobio.cl\/inicio\/proyectos-de-investigacion-iniciacion-y-regular-2024\/#breadcrumb"},"inLanguage":"es","potentialAction":[{"@type":"ReadAction","target":["https:\/\/vrip.ubiobio.cl\/inicio\/proyectos-de-investigacion-iniciacion-y-regular-2024\/"]}]},{"@type":"ImageObject","inLanguage":"es","@id":"https:\/\/vrip.ubiobio.cl\/inicio\/proyectos-de-investigacion-iniciacion-y-regular-2024\/#primaryimage","url":"https:\/\/vrip.ubiobio.cl\/wp-content\/uploads\/2024\/01\/concurso-nuevoplazo-4marzo_Mesa-de-trabajo-1-1024x349.png","contentUrl":"https:\/\/vrip.ubiobio.cl\/wp-content\/uploads\/2024\/01\/concurso-nuevoplazo-4marzo_Mesa-de-trabajo-1-1024x349.png"},{"@type":"BreadcrumbList","@id":"https:\/\/vrip.ubiobio.cl\/inicio\/proyectos-de-investigacion-iniciacion-y-regular-2024\/#breadcrumb","itemListElement":[{"@type":"ListItem","position":1,"name":"Portada","item":"https:\/\/vrip.ubiobio.cl\/inicio\/"},{"@type":"ListItem","position":2,"name":"Proyectos de Investigaci\u00f3n Iniciaci\u00f3n y Regular 2024"}]},{"@type":"WebSite","@id":"https:\/\/vrip.ubiobio.cl\/inicio\/#website","url":"https:\/\/vrip.ubiobio.cl\/inicio\/","name":"VRIP","description":"Vicerrector\u00eda de Investigaci\u00f3n y Postgrado","publisher":{"@id":"https:\/\/vrip.ubiobio.cl\/inicio\/#organization"},"potentialAction":[{"@type":"SearchAction","target":{"@type":"EntryPoint","urlTemplate":"https:\/\/vrip.ubiobio.cl\/inicio\/?s={search_term_string}"},"query-input":{"@type":"PropertyValueSpecification","valueRequired":true,"valueName":"search_term_string"}}],"inLanguage":"es"},{"@type":"Organization","@id":"https:\/\/vrip.ubiobio.cl\/inicio\/#organization","name":"VRIP","url":"https:\/\/vrip.ubiobio.cl\/inicio\/","logo":{"@type":"ImageObject","inLanguage":"es","@id":"https:\/\/vrip.ubiobio.cl\/inicio\/#\/schema\/logo\/image\/","url":"https:\/\/vrip.ubiobio.cl\/wp-content\/uploads\/2022\/10\/logo-vrip_Mesa-de-trabajo-1.png","contentUrl":"https:\/\/vrip.ubiobio.cl\/wp-content\/uploads\/2022\/10\/logo-vrip_Mesa-de-trabajo-1.png","width":642,"height":178,"caption":"VRIP"},"image":{"@id":"https:\/\/vrip.ubiobio.cl\/inicio\/#\/schema\/logo\/image\/"},"sameAs":["https:\/\/x.com\/vripubb","https:\/\/www.instagram.com\/vrip_ubb\/","https:\/\/www.youtube.com\/channel\/UCf7o8yHRJ7Y_QQLxwu1KQgA","https:\/\/www.linkedin.com\/company\/96035097\/admin\/dashboard\/"]}]}},"_links":{"self":[{"href":"https:\/\/vrip.ubiobio.cl\/inicio\/wp-json\/wp\/v2\/pages\/42057","targetHints":{"allow":["GET"]}}],"collection":[{"href":"https:\/\/vrip.ubiobio.cl\/inicio\/wp-json\/wp\/v2\/pages"}],"about":[{"href":"https:\/\/vrip.ubiobio.cl\/inicio\/wp-json\/wp\/v2\/types\/page"}],"author":[{"embeddable":true,"href":"https:\/\/vrip.ubiobio.cl\/inicio\/wp-json\/wp\/v2\/users\/1"}],"replies":[{"embeddable":true,"href":"https:\/\/vrip.ubiobio.cl\/inicio\/wp-json\/wp\/v2\/comments?post=42057"}],"version-history":[{"count":22,"href":"https:\/\/vrip.ubiobio.cl\/inicio\/wp-json\/wp\/v2\/pages\/42057\/revisions"}],"predecessor-version":[{"id":46307,"href":"https:\/\/vrip.ubiobio.cl\/inicio\/wp-json\/wp\/v2\/pages\/42057\/revisions\/46307"}],"wp:attachment":[{"href":"https:\/\/vrip.ubiobio.cl\/inicio\/wp-json\/wp\/v2\/media?parent=42057"}],"curies":[{"name":"wp","href":"https:\/\/api.w.org\/{rel}","templated":true}]}}