{"id":41323,"date":"2023-10-25T12:26:14","date_gmt":"2023-10-25T12:26:14","guid":{"rendered":"https:\/\/vrip.ubiobio.cl\/inicio\/?page_id=41323"},"modified":"2023-12-20T15:44:35","modified_gmt":"2023-12-20T15:44:35","slug":"concurso-proyectos-de-prototipos","status":"publish","type":"page","link":"https:\/\/vrip.ubiobio.cl\/inicio\/concurso-proyectos-de-prototipos\/","title":{"rendered":"CONCURSO PROYECTOS DE PROTOTIPOS"},"content":{"rendered":"\t\t<div data-elementor-type=\"wp-page\" data-elementor-id=\"41323\" class=\"elementor elementor-41323\">\n\t\t\t\t\t\t<section class=\"elementor-section elementor-top-section elementor-element elementor-element-879cebf elementor-section-height-min-height elementor-section-boxed elementor-section-height-default elementor-section-items-middle\" data-id=\"879cebf\" data-element_type=\"section\" data-settings=\"{&quot;background_background&quot;:&quot;classic&quot;,&quot;_ha_eqh_enable&quot;:false}\">\n\t\t\t\t\t\t<div class=\"elementor-container elementor-column-gap-default\">\n\t\t\t\t\t<div class=\"elementor-column elementor-col-100 elementor-top-column elementor-element elementor-element-437088ba elementor-invisible\" data-id=\"437088ba\" data-element_type=\"column\" data-settings=\"{&quot;animation&quot;:&quot;slideInDown&quot;}\">\n\t\t\t<div class=\"elementor-widget-wrap elementor-element-populated\">\n\t\t\t\t\t\t<div class=\"elementor-element elementor-element-608ffd12 elementor-widget elementor-widget-heading\" data-id=\"608ffd12\" data-element_type=\"widget\" data-widget_type=\"heading.default\">\n\t\t\t\t<div class=\"elementor-widget-container\">\n\t\t\t<h3 class=\"elementor-heading-title elementor-size-xl\">DIRECCI\u00d3N DE INNOVACI\u00d3N<\/h3>\t\t<\/div>\n\t\t\t\t<\/div>\n\t\t\t\t\t<\/div>\n\t\t<\/div>\n\t\t\t\t\t<\/div>\n\t\t<\/section>\n\t\t\t\t<section class=\"elementor-section elementor-top-section elementor-element elementor-element-79d9294 elementor-section-boxed elementor-section-height-default elementor-section-height-default\" data-id=\"79d9294\" data-element_type=\"section\" data-settings=\"{&quot;_ha_eqh_enable&quot;:false}\">\n\t\t\t\t\t\t<div class=\"elementor-container elementor-column-gap-default\">\n\t\t\t\t\t<div class=\"elementor-column elementor-col-100 elementor-top-column elementor-element elementor-element-4703771\" data-id=\"4703771\" data-element_type=\"column\">\n\t\t\t<div class=\"elementor-widget-wrap elementor-element-populated\">\n\t\t\t\t\t\t<div class=\"elementor-element elementor-element-878f297 elementor-widget elementor-widget-spacer\" data-id=\"878f297\" data-element_type=\"widget\" data-widget_type=\"spacer.default\">\n\t\t\t\t<div class=\"elementor-widget-container\">\n\t\t\t\t\t<div class=\"elementor-spacer\">\n\t\t\t<div class=\"elementor-spacer-inner\"><\/div>\n\t\t<\/div>\n\t\t\t\t<\/div>\n\t\t\t\t<\/div>\n\t\t\t\t\t<\/div>\n\t\t<\/div>\n\t\t\t\t\t<\/div>\n\t\t<\/section>\n\t\t\t\t<section class=\"elementor-section elementor-top-section elementor-element elementor-element-9911c07 elementor-section-boxed elementor-section-height-default elementor-section-height-default\" data-id=\"9911c07\" data-element_type=\"section\" data-settings=\"{&quot;_ha_eqh_enable&quot;:false}\">\n\t\t\t\t\t\t<div class=\"elementor-container elementor-column-gap-default\">\n\t\t\t\t\t<div class=\"elementor-column elementor-col-50 elementor-top-column elementor-element elementor-element-db4ecde\" data-id=\"db4ecde\" data-element_type=\"column\">\n\t\t\t<div class=\"elementor-widget-wrap elementor-element-populated\">\n\t\t\t\t\t\t<div class=\"elementor-element elementor-element-2580765 elementor-widget elementor-widget-text-editor\" data-id=\"2580765\" data-element_type=\"widget\" data-widget_type=\"text-editor.default\">\n\t\t\t\t<div class=\"elementor-widget-container\">\n\t\t\t\t\t\t\t<h1 class=\"elementor-heading-title elementor-size-large elementor-inline-editing pen\" style=\"font-size: 29px; font-family: Roboto, sans-serif; font-weight: 600; line-height: 1.3em; color: #083854; outline-style: initial; outline-width: 0px; text-align: center;\" data-elementor-setting-key=\"title\" data-pen-placeholder=\"Teclea aqu\u00ed...\">Concurso Proyectos de Prototipos<\/h1>\t\t\t\t\t\t<\/div>\n\t\t\t\t<\/div>\n\t\t\t\t\t<\/div>\n\t\t<\/div>\n\t\t\t\t<div class=\"elementor-column elementor-col-50 elementor-top-column elementor-element elementor-element-b207814\" data-id=\"b207814\" data-element_type=\"column\">\n\t\t\t<div class=\"elementor-widget-wrap elementor-element-populated\">\n\t\t\t\t\t\t<div class=\"elementor-element elementor-element-17993f0 elementor-widget elementor-widget-text-editor\" data-id=\"17993f0\" data-element_type=\"widget\" data-widget_type=\"text-editor.default\">\n\t\t\t\t<div class=\"elementor-widget-container\">\n\t\t\t\t\t\t\t<p><div class=\"printfriendly pf-button  pf-aligncenter\"><a href=\"https:\/\/vrip.ubiobio.cl\/inicio\/concurso-proyectos-de-prototipos\/?pfstyle=wp\" rel=\"nofollow\"  title=\"Printer Friendly, PDF &#038; Email\"><img decoding=\"async\" src=\"https:\/\/cdn.printfriendly.com\/icons\/printfriendly-icon-lg.png\" alt=\"Print Friendly, PDF &#038; Email\" class=\"pf-button-img\" style=\"width: 25px;height: 25px;\"  \/><\/a><\/div><\/p>\t\t\t\t\t\t<\/div>\n\t\t\t\t<\/div>\n\t\t\t\t\t<\/div>\n\t\t<\/div>\n\t\t\t\t\t<\/div>\n\t\t<\/section>\n\t\t\t\t<section class=\"elementor-section elementor-top-section elementor-element elementor-element-8d4adbe elementor-section-boxed elementor-section-height-default elementor-section-height-default\" data-id=\"8d4adbe\" data-element_type=\"section\" data-settings=\"{&quot;_ha_eqh_enable&quot;:false}\">\n\t\t\t\t\t\t<div class=\"elementor-container elementor-column-gap-default\">\n\t\t\t\t\t<div class=\"elementor-column elementor-col-100 elementor-top-column elementor-element elementor-element-e21f668\" data-id=\"e21f668\" data-element_type=\"column\">\n\t\t\t<div class=\"elementor-widget-wrap elementor-element-populated\">\n\t\t\t\t\t\t\t<\/div>\n\t\t<\/div>\n\t\t\t\t\t<\/div>\n\t\t<\/section>\n\t\t\t\t<section class=\"elementor-section elementor-top-section elementor-element elementor-element-f2250ee elementor-section-boxed elementor-section-height-default elementor-section-height-default\" data-id=\"f2250ee\" data-element_type=\"section\" data-settings=\"{&quot;_ha_eqh_enable&quot;:false}\">\n\t\t\t\t\t\t<div class=\"elementor-container elementor-column-gap-default\">\n\t\t\t\t\t<div class=\"elementor-column elementor-col-100 elementor-top-column elementor-element elementor-element-0be5d7e\" data-id=\"0be5d7e\" data-element_type=\"column\">\n\t\t\t<div class=\"elementor-widget-wrap elementor-element-populated\">\n\t\t\t\t\t\t<div class=\"elementor-element elementor-element-90467ed elementor-widget elementor-widget-eael-adv-tabs\" data-id=\"90467ed\" data-element_type=\"widget\" data-widget_type=\"eael-adv-tabs.default\">\n\t\t\t\t<div class=\"elementor-widget-container\">\n\t\t\t        <div data-scroll-on-click=\"no\" data-scroll-speed=\"300\" id=\"eael-advance-tabs-90467ed\" class=\"eael-advance-tabs eael-tabs-vertical eael-tab-auto-active \" data-tabid=\"90467ed\">\n            <div class=\"eael-tabs-nav\">\n                <ul class=\"eael-tab-inline-icon\" role=\"tablist\">\n                                            <li id=\"descripcin\" class=\"inactive eael-tab-item-trigger\" aria-selected=\"true\" data-tab=\"1\" role=\"tab\" tabindex=\"0\" aria-controls=\"descripcin-tab\" aria-expanded=\"false\">\n                            \n                                                                <i class=\"icon icon-home1\"><\/i>                                                            \n                                                            <span class=\"eael-tab-title  title-after-icon\">Descripci\u00f3n<\/span>                            \n                                                    <\/li>\n                                            <li id=\"bases-concurso\" class=\"inactive eael-tab-item-trigger\" aria-selected=\"false\" data-tab=\"2\" role=\"tab\" tabindex=\"-1\" aria-controls=\"bases-concurso-tab\" aria-expanded=\"false\">\n                            \n                                                                <i class=\"icon icon-book\"><\/i>                                                            \n                                                            <span class=\"eael-tab-title  title-after-icon\">Bases Concurso<\/span>                            \n                                                    <\/li>\n                                            <li id=\"postulacin\" class=\" eael-tab-item-trigger\" aria-selected=\"false\" data-tab=\"3\" role=\"tab\" tabindex=\"-1\" aria-controls=\"postulacin-tab\" aria-expanded=\"false\">\n                            \n                                                                <i class=\"fas fa-id-card-alt\"><\/i>                                                            \n                                                            <span class=\"eael-tab-title  title-after-icon\">Postulaci\u00f3n<\/span>                            \n                                                    <\/li>\n                                    <\/ul>\n            <\/div>\n            \n            <div class=\"eael-tabs-content\">\n\t\t        \n                    <div id=\"descripcin-tab\" class=\"clearfix eael-tab-content-item inactive\" data-title-link=\"descripcin-tab\">\n\t\t\t\t        \t\t\t\t\t        <p>\u00a0El objetivo del concurso es financiar y apoyar proyectos que involucren el desarrollo de prototipos de nuevos productos y\/o procesos, que presenten un evidente grado de innovaci\u00f3n con respecto a lo existente en el mercado, y que apunten a una necesidad\/oportunidad del medio externo y que sean susceptible de protecci\u00f3n intelectual.<\/p><p>El concurso financia proyectos de\u00a0<strong>hasta $10.000.000.-<\/strong>\u00a0(diez millones de pesos M\/N), en un plazo m\u00e1ximo de ejecuci\u00f3n de\u00a0<strong>12 meses<\/strong>.<\/p><p>Cualquier consulta al respecto, agradeceremos tomar contacto al mail:\u00a0<u><strong><a role=\"link\" href=\"mailto:innovacion@ubiobio.cl\">innovacion@ubiobio.cl<\/a><\/strong><\/u><\/p><p>\u00a0<\/p>\t\t\t\t                            <\/div>\n\t\t        \n                    <div id=\"bases-concurso-tab\" class=\"clearfix eael-tab-content-item inactive\" data-title-link=\"bases-concurso-tab\">\n\t\t\t\t        \t\t\t\t\t        <p><div class=\"ead-preview\"><div class=\"ead-document\" style=\"position: relative;padding-top: 90%;\"><div class=\"ead-iframe-wrapper\"><iframe src=\"\/\/docs.google.com\/viewer?url=https%3A%2F%2Fvrip.ubiobio.cl%2Fwp-content%2Fuploads%2F2023%2F04%2FBASES-CONCURSO-PROTOTIPOS-2023.pdf&amp;embedded=true&amp;hl=en\" title=\"Documento incrustado\" class=\"ead-iframe\" style=\"width: 100%;height: 100%;border: none;position: absolute;left: 0;top: 0;visibility: hidden;\"><\/iframe><\/div>\t\t\t<div class=\"ead-document-loading\" style=\"width:100%;height:100%;position:absolute;left:0;top:0;z-index:10;\">\n\t\t\t\t<div class=\"ead-loading-wrap\">\n\t\t\t\t\t<div class=\"ead-loading-main\">\n\t\t\t\t\t\t<div class=\"ead-loading\">\n\t\t\t\t\t\t\t<img decoding=\"async\" src=\"https:\/\/vrip.ubiobio.cl\/wp-content\/plugins\/embed-any-document\/images\/loading.svg\" width=\"55\" height=\"55\" alt=\"Cargador\">\n\t\t\t\t\t\t\t<span>Cargando&#8230;<\/span>\n\t\t\t\t\t\t<\/div>\n\t\t\t\t\t<\/div>\n\t\t\t\t\t<div class=\"ead-loading-foot\">\n\t\t\t\t\t\t<div class=\"ead-loading-foot-title\">\n\t\t\t\t\t\t\t<img decoding=\"async\" src=\"https:\/\/vrip.ubiobio.cl\/wp-content\/plugins\/embed-any-document\/images\/EAD-logo.svg\" alt=\"Logotipo de EAD\" width=\"36\" height=\"23\"\/>\n\t\t\t\t\t\t\t<span>\u00bfTarda demasiado?<\/span>\n\t\t\t\t\t\t<\/div>\n\t\t\t\t\t\t<p>\n\t\t\t\t\t\t\t<div class=\"ead-document-btn ead-reload-btn\" role=\"button\">\n\t\t\t\t\t\t\t\t<img decoding=\"async\" src=\"https:\/\/vrip.ubiobio.cl\/wp-content\/plugins\/embed-any-document\/images\/reload.svg\" alt=\"Recargar\" width=\"12\" height=\"12\"\/> Recargar el documento\t\t\t\t\t\t\t<\/div>\n\t\t\t\t\t\t\t<span>|<\/span>\n\t\t\t\t\t\t\t<a href=\"https:\/\/vrip.ubiobio.cl\/wp-content\/uploads\/2023\/04\/BASES-CONCURSO-PROTOTIPOS-2023.pdf\" class=\"ead-document-btn\" target=\"_blank\">\n\t\t\t\t\t\t\t\t<img loading=\"lazy\" decoding=\"async\" src=\"https:\/\/vrip.ubiobio.cl\/wp-content\/plugins\/embed-any-document\/images\/open.svg\" alt=\"Abrir\" width=\"12\" height=\"12\"\/> Abrir en una nueva pesta\u00f1a\t\t\t\t\t\t\t<\/a>\n\t\t\t\t\t<\/div>\n\t\t\t\t<\/div>\n\t\t\t<\/div>\n\t\t<\/div><p class=\"embed_download\"><a href=\"https:\/\/vrip.ubiobio.cl\/wp-content\/uploads\/2023\/04\/BASES-CONCURSO-PROTOTIPOS-2023.pdf\" download >Descargar [218.68 KB] <\/a><\/p><\/div><\/p>\t\t\t\t                            <\/div>\n\t\t        \n                    <div id=\"postulacin-tab\" class=\"clearfix eael-tab-content-item \" data-title-link=\"postulacin-tab\">\n\t\t\t\t        \t\t\t\t\t        <style>\n.button {border: none; color: black;width: 22%; height: 60px; text-align: center; text-decoration: none; display: inline-block;font-size: 13px; margin: 4px 2px; transition-duration: 0.4s; background-color: #f2f2f2;border-radius: 10px;box-shadow: 0 8px 12px 0 rgba(0,0,0,0.2), 0 6px 16px 0 rgba(0,0,0,0.19);}.button:hover {background-color: #E0E0E0;color:#71C1BB;font-weight: bold;}<\/style>\n\nVer calendario de convocatorias <a href=\"https:\/\/vrip.ubiobio.cl\/inicio\/calendario-de-concursos-2023\/carta-gantt-vrip-2023\/\" target=\"_blank\" rel=\"noopener\">aqu\u00ed<\/a>.\n<br><br>\nCualquier consulta al respecto, agradeceremos tomar contacto al mail: innovacion@ubiobio.cl\n<br><br>\n<a href=\"https:\/\/vrip.ubiobio.cl\/wp-content\/uploads\/2023\/04\/Anexo-N%C2%B01-Carta-de-Interes-Empresa-Prototipos-2023.docx\" target=\"_blank\" rel=\"noopener noreferrer\">\n<button class=\"button\"><i class=\"fa fa-wpforms\"><\/i> Anexo N\u00b0 1: Carta de Inter\u00e9s Empresa<\/button><\/a>\n\n<a href=\"https:\/\/vrip.ubiobio.cl\/wp-content\/uploads\/2023\/04\/Anexo-N%C2%B02-Declaracion-Simple-Integridad-Investigacion-Prototipos-2023.docx\" target=\"_blank\" rel=\"noopener noreferrer\">\n<button class=\"button\"> <i class=\"fa fa-address-card-o\"><\/i>Anexo N\u00b0 2: Declaraci\u00f3n Simple (Integridad Investigaci\u00f3n)<\/button><\/a>\n\n<a href=\"https:\/\/vrip.ubiobio.cl\/wp-content\/uploads\/2023\/04\/Anexo-N%C2%B03-Informe-de-Visacion-Horaria-Utilizacion-Infraestructura-Prototipos-2023.docx\" target=\"_blank\" rel=\"noopener noreferrer\">\n<button class=\"button\"> <i class=\"fa fa-address-card-o\"><\/i>Anexo N\u00b0 3: Informe de Visaci\u00f3n Horaria \u2013 Utilizaci\u00f3n Infraestructura<\/button><\/a>\n\n<a href=\"https:\/\/vrip.ubiobio.cl\/wp-content\/uploads\/2023\/04\/Anexo-N%C2%B04-Constancia-Direccion-de-Innovacion-Prototipos-2023.docx\" target=\"_blank\" rel=\"noopener noreferrer\">\n<button class=\"button\"> <i class=\"fa fa-address-card-o\"><\/i>Anexo N\u00b0 4: Constancia Direcci\u00f3n de Innovaci\u00f3n<\/button><\/a>\n\n<a href=\"https:\/\/vrip.ubiobio.cl\/wp-content\/uploads\/2023\/04\/Anexo-N%C2%B05-Carta-Gantt-Prototipos-2023.xlsx\" target=\"_blank\" rel=\"noopener noreferrer\">\n<button class=\"button\"> <i class=\"fa fa-address-card-o\"><\/i>Anexo N\u00b0 5: Carta Gantt<\/button><\/a>\n\n<a href=\"https:\/\/vrip.ubiobio.cl\/wp-content\/uploads\/2023\/04\/Anexo-N%C2%B06-Convenio-Proyectos-Prototipos-2023.docx\" target=\"_blank\" rel=\"noopener noreferrer\">\n<button class=\"button\"> <i class=\"fa fa-address-card-o\"><\/i>Anexo N\u00b0 6: Convenio Proyectos<\/button><\/a>\n\n<a href=\"https:\/\/vrip.ubiobio.cl\/wp-content\/uploads\/2023\/04\/Formulario-Concurso-Prototipo-2023.doc\" target=\"_blank\" rel=\"noopener noreferrer\">\n<button class=\"button\"> <i class=\"fa fa-address-card-o\"><\/i> Formulario Postulacio\u0301n<\/button><\/a>\t\t\t\t                            <\/div>\n\t\t                    <\/div>\n        <\/div>\n\t\t<\/div>\n\t\t\t\t<\/div>\n\t\t\t\t\t<\/div>\n\t\t<\/div>\n\t\t\t\t\t<\/div>\n\t\t<\/section>\n\t\t\t\t<section class=\"elementor-section elementor-top-section elementor-element elementor-element-01ec15f elementor-section-boxed elementor-section-height-default elementor-section-height-default\" data-id=\"01ec15f\" data-element_type=\"section\" data-settings=\"{&quot;_ha_eqh_enable&quot;:false}\">\n\t\t\t\t\t\t<div class=\"elementor-container elementor-column-gap-default\">\n\t\t\t\t\t<div class=\"elementor-column elementor-col-100 elementor-top-column elementor-element elementor-element-6b8e334\" data-id=\"6b8e334\" data-element_type=\"column\">\n\t\t\t<div class=\"elementor-widget-wrap elementor-element-populated\">\n\t\t\t\t\t\t<div class=\"elementor-element elementor-element-811ff5d elementor-widget elementor-widget-spacer\" data-id=\"811ff5d\" data-element_type=\"widget\" data-widget_type=\"spacer.default\">\n\t\t\t\t<div class=\"elementor-widget-container\">\n\t\t\t\t\t<div class=\"elementor-spacer\">\n\t\t\t<div class=\"elementor-spacer-inner\"><\/div>\n\t\t<\/div>\n\t\t\t\t<\/div>\n\t\t\t\t<\/div>\n\t\t\t\t\t<\/div>\n\t\t<\/div>\n\t\t\t\t\t<\/div>\n\t\t<\/section>\n\t\t\t\t<\/div>\n\t\t","protected":false},"excerpt":{"rendered":"<p>DIRECCI\u00d3N DE INNOVACI\u00d3N Concurso Proyectos de Prototipos Descripci\u00f3n Bases Concurso Postulaci\u00f3n \u00a0El objetivo del concurso es financiar y apoyar proyectos que involucren el desarrollo de prototipos de nuevos productos y\/o procesos, que presenten un evidente grado de innovaci\u00f3n con respecto a lo existente en el mercado, y que apunten a una necesidad\/oportunidad del medio externo&#8230;<\/p>\n","protected":false},"author":1,"featured_media":0,"parent":0,"menu_order":0,"comment_status":"closed","ping_status":"closed","template":"","meta":{"_kadence_starter_templates_imported_post":false,"_kad_post_transparent":"default","_kad_post_title":"hide","_kad_post_layout":"fullwidth","_kad_post_sidebar_id":"","_kad_post_content_style":"unboxed","_kad_post_vertical_padding":"hide","_kad_post_feature":"hide","_kad_post_feature_position":"","_kad_post_header":false,"_kad_post_footer":false,"footnotes":""},"_links":{"self":[{"href":"https:\/\/vrip.ubiobio.cl\/inicio\/wp-json\/wp\/v2\/pages\/41323"}],"collection":[{"href":"https:\/\/vrip.ubiobio.cl\/inicio\/wp-json\/wp\/v2\/pages"}],"about":[{"href":"https:\/\/vrip.ubiobio.cl\/inicio\/wp-json\/wp\/v2\/types\/page"}],"author":[{"embeddable":true,"href":"https:\/\/vrip.ubiobio.cl\/inicio\/wp-json\/wp\/v2\/users\/1"}],"replies":[{"embeddable":true,"href":"https:\/\/vrip.ubiobio.cl\/inicio\/wp-json\/wp\/v2\/comments?post=41323"}],"version-history":[{"count":17,"href":"https:\/\/vrip.ubiobio.cl\/inicio\/wp-json\/wp\/v2\/pages\/41323\/revisions"}],"predecessor-version":[{"id":42891,"href":"https:\/\/vrip.ubiobio.cl\/inicio\/wp-json\/wp\/v2\/pages\/41323\/revisions\/42891"}],"wp:attachment":[{"href":"https:\/\/vrip.ubiobio.cl\/inicio\/wp-json\/wp\/v2\/media?parent=41323"}],"curies":[{"name":"wp","href":"https:\/\/api.w.org\/{rel}","templated":true}]}}