{"id":40036,"date":"2023-07-06T16:22:50","date_gmt":"2023-07-06T16:22:50","guid":{"rendered":"https:\/\/vrip.ubiobio.cl\/inicio\/?page_id=40036"},"modified":"2023-09-12T14:29:45","modified_gmt":"2023-09-12T14:29:45","slug":"concurso-proyectos-innovacion-mujeres","status":"publish","type":"page","link":"https:\/\/vrip.ubiobio.cl\/inicio\/concurso-proyectos-innovacion-mujeres\/","title":{"rendered":"Concurso Proyectos de Innovaci\u00f3n Mujeres"},"content":{"rendered":"\t\t<div data-elementor-type=\"wp-page\" data-elementor-id=\"40036\" class=\"elementor elementor-40036\" data-elementor-settings=\"{&quot;ha_cmc_init_switcher&quot;:&quot;no&quot;}\">\n\t\t\t\t\t\t<section class=\"elementor-section elementor-top-section elementor-element elementor-element-7fe7f59 elementor-section-boxed elementor-section-height-default elementor-section-height-default\" data-id=\"7fe7f59\" data-element_type=\"section\" data-e-type=\"section\" data-settings=\"{&quot;_ha_eqh_enable&quot;:false}\">\n\t\t\t\t\t\t<div class=\"elementor-container elementor-column-gap-default\">\n\t\t\t\t\t<div class=\"elementor-column elementor-col-100 elementor-top-column elementor-element elementor-element-742ad038\" data-id=\"742ad038\" data-element_type=\"column\" data-e-type=\"column\">\n\t\t\t<div class=\"elementor-widget-wrap elementor-element-populated\">\n\t\t\t\t\t\t<div class=\"elementor-element elementor-element-596f5107 elementor-widget elementor-widget-text-editor\" data-id=\"596f5107\" data-element_type=\"widget\" data-e-type=\"widget\" data-widget_type=\"text-editor.default\">\n\t\t\t\t<div class=\"elementor-widget-container\">\n\t\t\t\t\t\t\t\t\t<p><img fetchpriority=\"high\" decoding=\"async\" class=\"alignnone wp-image-40851 size-full\" src=\"https:\/\/vrip.ubiobio.cl\/wp-content\/uploads\/2023\/09\/innovacion-nuevoplazo-scaled.jpg\" alt=\"\" width=\"2560\" height=\"874\" srcset=\"https:\/\/vrip.ubiobio.cl\/wp-content\/uploads\/2023\/09\/innovacion-nuevoplazo-scaled.jpg 2560w, https:\/\/vrip.ubiobio.cl\/wp-content\/uploads\/2023\/09\/innovacion-nuevoplazo-380x130.jpg 380w, https:\/\/vrip.ubiobio.cl\/wp-content\/uploads\/2023\/09\/innovacion-nuevoplazo-1024x350.jpg 1024w, https:\/\/vrip.ubiobio.cl\/wp-content\/uploads\/2023\/09\/innovacion-nuevoplazo-768x262.jpg 768w, https:\/\/vrip.ubiobio.cl\/wp-content\/uploads\/2023\/09\/innovacion-nuevoplazo-1536x524.jpg 1536w, https:\/\/vrip.ubiobio.cl\/wp-content\/uploads\/2023\/09\/innovacion-nuevoplazo-2048x699.jpg 2048w\" sizes=\"(max-width: 2560px) 100vw, 2560px\" \/><\/p><p dir=\"ltr\">La\u00a0<strong>Vicerrector\u00eda de Investigaci\u00f3n y Postgrado,\u00a0<\/strong>en el marco\u00a0<span style=\"color: var( --e-global-color-text ); font-style: var( --e-global-typography-text-font-style ); font-weight: var( --e-global-typography-text-font-weight );\">del<\/span><span style=\"color: var( --e-global-color-text ); font-style: var( --e-global-typography-text-font-style ); font-weight: var( --e-global-typography-text-font-weight );\">\u00a0<\/span><span style=\"color: var( --e-global-color-text ); font-style: var( --e-global-typography-text-font-style ); font-weight: bold;\">proyecto InES G\u00e9nero<\/span><span style=\"color: var( --e-global-color-text ); font-style: var( --e-global-typography-text-font-style ); font-weight: var( --e-global-typography-text-font-weight );\">\u00a0<\/span><span style=\"color: var( --e-global-color-text ); font-style: var( --e-global-typography-text-font-style ); font-weight: var( --e-global-typography-text-font-weight );\">C\u00f3digo INGE210010 de la Agencia Nacional de Investigaci\u00f3n y Desarrollo ANID, ejecutado por la Direcci\u00f3n de Innovaci\u00f3n \u00a0y en colaboraci\u00f3n con la\u00a0Direcci\u00f3n General de G\u00e9nero y Equidad\u00a0y la\u00a0Direcci\u00f3n General de An\u00e1lisis Institucional, informa que se encuentra\u00a0<\/span><span style=\"color: var( --e-global-color-text ); font-style: var( --e-global-typography-text-font-style ); font-weight: var( --e-global-typography-text-font-weight );\">abierto<\/span><b style=\"color: var( --e-global-color-text ); font-style: var( --e-global-typography-text-font-style );\">\u00a0el concurso\u00a0\u00abProyectos de Innovaci\u00f3n Mujeres UBB A\u00f1o 2023\u00bb<\/b><span style=\"color: var( --e-global-color-text ); font-style: var( --e-global-typography-text-font-style ); font-weight: var( --e-global-typography-text-font-weight );\">, en el marco\u00a0<\/span><\/p><p dir=\"ltr\"><b>El presente concurso est\u00e1 dirigido s\u00f3lo a\u00a0acad\u00e9micas\u00a0de la universidad, quienes pueden postular como Investigadora Responsable.\u00a0<\/b><\/p><p dir=\"ltr\">El objetivo del concurso es financiar y apoyar proyectos de investigaci\u00f3n y desarrollo, cuyos resultados est\u00e9n orientados a la obtenci\u00f3n de nuevos productos, procesos y\/o servicios, o al mejoramiento sustancial de los ya existentes, con impacto potencial en los mercados o destinados al beneficio de la sociedad.<\/p><p dir=\"ltr\">El concurso financia proyectos de\u00a0<b>hasta $8.000.000.-\u00a0(ocho millones de pesos M\/N), en un plazo m\u00e1ximo de ejecuci\u00f3n de\u00a012 meses.<\/b><\/p><p dir=\"ltr\">La postulaci\u00f3n de proyectos se realizar\u00e1\u00a0s\u00f3lo <b>en forma online<\/b>, a trav\u00e9s de nuestra Intranet Institucional en el men\u00fa VRIP\/ Convocatorias.<\/p><p dir=\"ltr\">El plazo de cierre para enviar las postulaciones es el <b>d\u00eda viernes 15 de septiembre a las 17:00 horas.\u00a0<\/b><\/p><p dir=\"ltr\">La coordinaci\u00f3n de la convocatoria, ser\u00e1 de responsabilidad de la <b>Unidad de Proyectos de la Direcci\u00f3n de Innovaci\u00f3n.<\/b><\/p><p dir=\"ltr\">Cualquier consulta al respecto, agradeceremos tomar contacto al e-mail:\u00a0<a href=\"mailto:innovacion@ubiobio.cl\" target=\"_blank\" rel=\"noopener\">inesgenero@ubiobio.cl<\/a><\/p><p><strong style=\"color: var( --e-global-color-text ); font-style: var( --e-global-typography-text-font-style );\">Documentaci\u00f3n:<\/strong><\/p><p><a href=\"https:\/\/vrip.ubiobio.cl\/wp-content\/uploads\/2023\/07\/Bases-Convocatoria-Proyectos-de-Innovacion-Mujeres-UBB-2023.pdf\" target=\"_blank\" rel=\"noopener\">Bases del Concurso<\/a><br \/><a href=\"https:\/\/vrip.ubiobio.cl\/wp-content\/uploads\/2023\/07\/Formulario-Postulacion-Guia-Borrador-Proyectos-de-Innovacion-Mujeres-UBB-2022.doc\" target=\"_blank\" rel=\"noopener\">Formulario de Postulaci\u00f3n Gu\u00eda (borrador)<\/a><br \/><a href=\"https:\/\/vrip.ubiobio.cl\/wp-content\/uploads\/2023\/07\/Anexo-N\u00b01-Nivel-de-Madurez-Tecnologica.docx\"><strong>Anexo N\u00b0 1:<\/strong> Nivel de Madurez Tecnol\u00f3gica<\/a><br \/><a href=\"https:\/\/vrip.ubiobio.cl\/wp-content\/uploads\/2023\/07\/Anexo-N\u00b02-Declaracion-Simple-Integridad-en-la-Investigacion.docx\"><strong>Anexo N\u00b0 2:<\/strong> Declaraci\u00f3n Simple (Integridad Investigaci\u00f3n)<\/a><br \/><a href=\"https:\/\/vrip.ubiobio.cl\/wp-content\/uploads\/2023\/07\/Anexo-N\u00b03-Informe-de-Visacion-Utilizacion-Infraestructura.docx\"><strong>Anexo N\u00b0 3:<\/strong> Informe de Visaci\u00f3n Utilizaci\u00f3n Infraestructura<\/a><br \/><a href=\"https:\/\/vrip.ubiobio.cl\/wp-content\/uploads\/2023\/07\/Anexo-N\u00b04-Constancia-Direccion-de-Innovacion.docx\"><strong>Anexo N\u00b0 4:<\/strong> Constancia Direcci\u00f3n de Innovaci\u00f3n<\/a><br \/><a href=\"https:\/\/vrip.ubiobio.cl\/wp-content\/uploads\/2023\/07\/Anexo-N\u00b05-Carta-Gantt.xlsx\"><strong>Anexo N\u00b0 5:<\/strong> Carta Gant<\/a><\/p>\t\t\t\t\t\t\t\t<\/div>\n\t\t\t\t<\/div>\n\t\t\t\t\t<\/div>\n\t\t<\/div>\n\t\t\t\t\t<\/div>\n\t\t<\/section>\n\t\t\t\t<\/div>\n\t\t","protected":false},"excerpt":{"rendered":"<p>La\u00a0Vicerrector\u00eda de Investigaci\u00f3n y Postgrado,\u00a0en el marco\u00a0del\u00a0proyecto InES G\u00e9nero\u00a0C\u00f3digo INGE210010 de la Agencia Nacional de Investigaci\u00f3n y Desarrollo ANID, ejecutado por la Direcci\u00f3n de Innovaci\u00f3n \u00a0y en colaboraci\u00f3n con la\u00a0Direcci\u00f3n General de G\u00e9nero y Equidad\u00a0y la\u00a0Direcci\u00f3n General de An\u00e1lisis Institucional, informa que se encuentra\u00a0abierto\u00a0el concurso\u00a0\u00abProyectos de Innovaci\u00f3n Mujeres UBB A\u00f1o 2023\u00bb, en el marco\u00a0 El&#8230;<\/p>\n","protected":false},"author":1,"featured_media":0,"parent":0,"menu_order":0,"comment_status":"closed","ping_status":"closed","template":"","meta":{"_kadence_starter_templates_imported_post":false,"_kad_post_transparent":"default","_kad_post_title":"hide","_kad_post_layout":"narrow","_kad_post_sidebar_id":"","_kad_post_content_style":"boxed","_kad_post_vertical_padding":"bottom","_kad_post_feature":"","_kad_post_feature_position":"","_kad_post_header":false,"_kad_post_footer":false,"footnotes":""},"class_list":["post-40036","page","type-page","status-publish","hentry"],"yoast_head":"<!-- This site is optimized with the Yoast SEO plugin v27.5 - https:\/\/yoast.com\/product\/yoast-seo-wordpress\/ -->\n<title>Concurso Proyectos de Innovaci\u00f3n Mujeres - VRIP<\/title>\n<meta name=\"robots\" content=\"index, follow, max-snippet:-1, max-image-preview:large, max-video-preview:-1\" \/>\n<link rel=\"canonical\" href=\"https:\/\/vrip.ubiobio.cl\/inicio\/concurso-proyectos-innovacion-mujeres\/\" \/>\n<meta property=\"og:locale\" content=\"es_ES\" \/>\n<meta property=\"og:type\" content=\"article\" \/>\n<meta property=\"og:title\" content=\"Concurso Proyectos de Innovaci\u00f3n Mujeres - VRIP\" \/>\n<meta property=\"og:description\" content=\"La\u00a0Vicerrector\u00eda de Investigaci\u00f3n y Postgrado,\u00a0en el marco\u00a0del\u00a0proyecto InES G\u00e9nero\u00a0C\u00f3digo INGE210010 de la Agencia Nacional de Investigaci\u00f3n y Desarrollo ANID, ejecutado por la Direcci\u00f3n de Innovaci\u00f3n \u00a0y en colaboraci\u00f3n con la\u00a0Direcci\u00f3n General de G\u00e9nero y Equidad\u00a0y la\u00a0Direcci\u00f3n General de An\u00e1lisis Institucional, informa que se encuentra\u00a0abierto\u00a0el concurso\u00a0\u00abProyectos de Innovaci\u00f3n Mujeres UBB A\u00f1o 2023\u00bb, en el marco\u00a0 El...\" \/>\n<meta property=\"og:url\" content=\"https:\/\/vrip.ubiobio.cl\/inicio\/concurso-proyectos-innovacion-mujeres\/\" \/>\n<meta property=\"og:site_name\" content=\"VRIP\" \/>\n<meta property=\"article:modified_time\" content=\"2023-09-12T14:29:45+00:00\" \/>\n<meta property=\"og:image\" content=\"https:\/\/vrip.ubiobio.cl\/wp-content\/uploads\/2023\/09\/innovacion-nuevoplazo-scaled.jpg\" \/>\n\t<meta property=\"og:image:width\" content=\"2560\" \/>\n\t<meta property=\"og:image:height\" content=\"874\" \/>\n\t<meta property=\"og:image:type\" content=\"image\/jpeg\" \/>\n<meta name=\"twitter:card\" content=\"summary_large_image\" \/>\n<meta name=\"twitter:site\" content=\"@vripubb\" \/>\n<meta name=\"twitter:label1\" content=\"Tiempo de lectura\" \/>\n\t<meta name=\"twitter:data1\" content=\"1 minuto\" \/>\n<script type=\"application\/ld+json\" class=\"yoast-schema-graph\">{\"@context\":\"https:\\\/\\\/schema.org\",\"@graph\":[{\"@type\":\"WebPage\",\"@id\":\"https:\\\/\\\/vrip.ubiobio.cl\\\/inicio\\\/concurso-proyectos-innovacion-mujeres\\\/\",\"url\":\"https:\\\/\\\/vrip.ubiobio.cl\\\/inicio\\\/concurso-proyectos-innovacion-mujeres\\\/\",\"name\":\"Concurso Proyectos de Innovaci\u00f3n Mujeres - VRIP\",\"isPartOf\":{\"@id\":\"https:\\\/\\\/vrip.ubiobio.cl\\\/inicio\\\/#website\"},\"primaryImageOfPage\":{\"@id\":\"https:\\\/\\\/vrip.ubiobio.cl\\\/inicio\\\/concurso-proyectos-innovacion-mujeres\\\/#primaryimage\"},\"image\":{\"@id\":\"https:\\\/\\\/vrip.ubiobio.cl\\\/inicio\\\/concurso-proyectos-innovacion-mujeres\\\/#primaryimage\"},\"thumbnailUrl\":\"https:\\\/\\\/vrip.ubiobio.cl\\\/wp-content\\\/uploads\\\/2023\\\/09\\\/innovacion-nuevoplazo-scaled.jpg\",\"datePublished\":\"2023-07-06T16:22:50+00:00\",\"dateModified\":\"2023-09-12T14:29:45+00:00\",\"breadcrumb\":{\"@id\":\"https:\\\/\\\/vrip.ubiobio.cl\\\/inicio\\\/concurso-proyectos-innovacion-mujeres\\\/#breadcrumb\"},\"inLanguage\":\"es\",\"potentialAction\":[{\"@type\":\"ReadAction\",\"target\":[\"https:\\\/\\\/vrip.ubiobio.cl\\\/inicio\\\/concurso-proyectos-innovacion-mujeres\\\/\"]}]},{\"@type\":\"ImageObject\",\"inLanguage\":\"es\",\"@id\":\"https:\\\/\\\/vrip.ubiobio.cl\\\/inicio\\\/concurso-proyectos-innovacion-mujeres\\\/#primaryimage\",\"url\":\"https:\\\/\\\/vrip.ubiobio.cl\\\/wp-content\\\/uploads\\\/2023\\\/09\\\/innovacion-nuevoplazo-scaled.jpg\",\"contentUrl\":\"https:\\\/\\\/vrip.ubiobio.cl\\\/wp-content\\\/uploads\\\/2023\\\/09\\\/innovacion-nuevoplazo-scaled.jpg\"},{\"@type\":\"BreadcrumbList\",\"@id\":\"https:\\\/\\\/vrip.ubiobio.cl\\\/inicio\\\/concurso-proyectos-innovacion-mujeres\\\/#breadcrumb\",\"itemListElement\":[{\"@type\":\"ListItem\",\"position\":1,\"name\":\"Portada\",\"item\":\"https:\\\/\\\/vrip.ubiobio.cl\\\/inicio\\\/\"},{\"@type\":\"ListItem\",\"position\":2,\"name\":\"Concurso Proyectos de Innovaci\u00f3n Mujeres\"}]},{\"@type\":\"WebSite\",\"@id\":\"https:\\\/\\\/vrip.ubiobio.cl\\\/inicio\\\/#website\",\"url\":\"https:\\\/\\\/vrip.ubiobio.cl\\\/inicio\\\/\",\"name\":\"VRIP\",\"description\":\"Vicerrector\u00eda de Investigaci\u00f3n y Postgrado\",\"publisher\":{\"@id\":\"https:\\\/\\\/vrip.ubiobio.cl\\\/inicio\\\/#organization\"},\"potentialAction\":[{\"@type\":\"SearchAction\",\"target\":{\"@type\":\"EntryPoint\",\"urlTemplate\":\"https:\\\/\\\/vrip.ubiobio.cl\\\/inicio\\\/?s={search_term_string}\"},\"query-input\":{\"@type\":\"PropertyValueSpecification\",\"valueRequired\":true,\"valueName\":\"search_term_string\"}}],\"inLanguage\":\"es\"},{\"@type\":\"Organization\",\"@id\":\"https:\\\/\\\/vrip.ubiobio.cl\\\/inicio\\\/#organization\",\"name\":\"VRIP\",\"url\":\"https:\\\/\\\/vrip.ubiobio.cl\\\/inicio\\\/\",\"logo\":{\"@type\":\"ImageObject\",\"inLanguage\":\"es\",\"@id\":\"https:\\\/\\\/vrip.ubiobio.cl\\\/inicio\\\/#\\\/schema\\\/logo\\\/image\\\/\",\"url\":\"https:\\\/\\\/vrip.ubiobio.cl\\\/wp-content\\\/uploads\\\/2022\\\/10\\\/logo-vrip_Mesa-de-trabajo-1.png\",\"contentUrl\":\"https:\\\/\\\/vrip.ubiobio.cl\\\/wp-content\\\/uploads\\\/2022\\\/10\\\/logo-vrip_Mesa-de-trabajo-1.png\",\"width\":642,\"height\":178,\"caption\":\"VRIP\"},\"image\":{\"@id\":\"https:\\\/\\\/vrip.ubiobio.cl\\\/inicio\\\/#\\\/schema\\\/logo\\\/image\\\/\"},\"sameAs\":[\"https:\\\/\\\/x.com\\\/vripubb\",\"https:\\\/\\\/www.instagram.com\\\/vrip_ubb\\\/\",\"https:\\\/\\\/www.youtube.com\\\/channel\\\/UCf7o8yHRJ7Y_QQLxwu1KQgA\",\"https:\\\/\\\/www.linkedin.com\\\/company\\\/96035097\\\/admin\\\/dashboard\\\/\"]}]}<\/script>\n<!-- \/ Yoast SEO plugin. -->","yoast_head_json":{"title":"Concurso Proyectos de Innovaci\u00f3n Mujeres - VRIP","robots":{"index":"index","follow":"follow","max-snippet":"max-snippet:-1","max-image-preview":"max-image-preview:large","max-video-preview":"max-video-preview:-1"},"canonical":"https:\/\/vrip.ubiobio.cl\/inicio\/concurso-proyectos-innovacion-mujeres\/","og_locale":"es_ES","og_type":"article","og_title":"Concurso Proyectos de Innovaci\u00f3n Mujeres - VRIP","og_description":"La\u00a0Vicerrector\u00eda de Investigaci\u00f3n y Postgrado,\u00a0en el marco\u00a0del\u00a0proyecto InES G\u00e9nero\u00a0C\u00f3digo INGE210010 de la Agencia Nacional de Investigaci\u00f3n y Desarrollo ANID, ejecutado por la Direcci\u00f3n de Innovaci\u00f3n \u00a0y en colaboraci\u00f3n con la\u00a0Direcci\u00f3n General de G\u00e9nero y Equidad\u00a0y la\u00a0Direcci\u00f3n General de An\u00e1lisis Institucional, informa que se encuentra\u00a0abierto\u00a0el concurso\u00a0\u00abProyectos de Innovaci\u00f3n Mujeres UBB A\u00f1o 2023\u00bb, en el marco\u00a0 El...","og_url":"https:\/\/vrip.ubiobio.cl\/inicio\/concurso-proyectos-innovacion-mujeres\/","og_site_name":"VRIP","article_modified_time":"2023-09-12T14:29:45+00:00","og_image":[{"width":2560,"height":874,"url":"https:\/\/vrip.ubiobio.cl\/wp-content\/uploads\/2023\/09\/innovacion-nuevoplazo-scaled.jpg","type":"image\/jpeg"}],"twitter_card":"summary_large_image","twitter_site":"@vripubb","twitter_misc":{"Tiempo de lectura":"1 minuto"},"schema":{"@context":"https:\/\/schema.org","@graph":[{"@type":"WebPage","@id":"https:\/\/vrip.ubiobio.cl\/inicio\/concurso-proyectos-innovacion-mujeres\/","url":"https:\/\/vrip.ubiobio.cl\/inicio\/concurso-proyectos-innovacion-mujeres\/","name":"Concurso Proyectos de Innovaci\u00f3n Mujeres - VRIP","isPartOf":{"@id":"https:\/\/vrip.ubiobio.cl\/inicio\/#website"},"primaryImageOfPage":{"@id":"https:\/\/vrip.ubiobio.cl\/inicio\/concurso-proyectos-innovacion-mujeres\/#primaryimage"},"image":{"@id":"https:\/\/vrip.ubiobio.cl\/inicio\/concurso-proyectos-innovacion-mujeres\/#primaryimage"},"thumbnailUrl":"https:\/\/vrip.ubiobio.cl\/wp-content\/uploads\/2023\/09\/innovacion-nuevoplazo-scaled.jpg","datePublished":"2023-07-06T16:22:50+00:00","dateModified":"2023-09-12T14:29:45+00:00","breadcrumb":{"@id":"https:\/\/vrip.ubiobio.cl\/inicio\/concurso-proyectos-innovacion-mujeres\/#breadcrumb"},"inLanguage":"es","potentialAction":[{"@type":"ReadAction","target":["https:\/\/vrip.ubiobio.cl\/inicio\/concurso-proyectos-innovacion-mujeres\/"]}]},{"@type":"ImageObject","inLanguage":"es","@id":"https:\/\/vrip.ubiobio.cl\/inicio\/concurso-proyectos-innovacion-mujeres\/#primaryimage","url":"https:\/\/vrip.ubiobio.cl\/wp-content\/uploads\/2023\/09\/innovacion-nuevoplazo-scaled.jpg","contentUrl":"https:\/\/vrip.ubiobio.cl\/wp-content\/uploads\/2023\/09\/innovacion-nuevoplazo-scaled.jpg"},{"@type":"BreadcrumbList","@id":"https:\/\/vrip.ubiobio.cl\/inicio\/concurso-proyectos-innovacion-mujeres\/#breadcrumb","itemListElement":[{"@type":"ListItem","position":1,"name":"Portada","item":"https:\/\/vrip.ubiobio.cl\/inicio\/"},{"@type":"ListItem","position":2,"name":"Concurso Proyectos de Innovaci\u00f3n Mujeres"}]},{"@type":"WebSite","@id":"https:\/\/vrip.ubiobio.cl\/inicio\/#website","url":"https:\/\/vrip.ubiobio.cl\/inicio\/","name":"VRIP","description":"Vicerrector\u00eda de Investigaci\u00f3n y Postgrado","publisher":{"@id":"https:\/\/vrip.ubiobio.cl\/inicio\/#organization"},"potentialAction":[{"@type":"SearchAction","target":{"@type":"EntryPoint","urlTemplate":"https:\/\/vrip.ubiobio.cl\/inicio\/?s={search_term_string}"},"query-input":{"@type":"PropertyValueSpecification","valueRequired":true,"valueName":"search_term_string"}}],"inLanguage":"es"},{"@type":"Organization","@id":"https:\/\/vrip.ubiobio.cl\/inicio\/#organization","name":"VRIP","url":"https:\/\/vrip.ubiobio.cl\/inicio\/","logo":{"@type":"ImageObject","inLanguage":"es","@id":"https:\/\/vrip.ubiobio.cl\/inicio\/#\/schema\/logo\/image\/","url":"https:\/\/vrip.ubiobio.cl\/wp-content\/uploads\/2022\/10\/logo-vrip_Mesa-de-trabajo-1.png","contentUrl":"https:\/\/vrip.ubiobio.cl\/wp-content\/uploads\/2022\/10\/logo-vrip_Mesa-de-trabajo-1.png","width":642,"height":178,"caption":"VRIP"},"image":{"@id":"https:\/\/vrip.ubiobio.cl\/inicio\/#\/schema\/logo\/image\/"},"sameAs":["https:\/\/x.com\/vripubb","https:\/\/www.instagram.com\/vrip_ubb\/","https:\/\/www.youtube.com\/channel\/UCf7o8yHRJ7Y_QQLxwu1KQgA","https:\/\/www.linkedin.com\/company\/96035097\/admin\/dashboard\/"]}]}},"_links":{"self":[{"href":"https:\/\/vrip.ubiobio.cl\/inicio\/wp-json\/wp\/v2\/pages\/40036","targetHints":{"allow":["GET"]}}],"collection":[{"href":"https:\/\/vrip.ubiobio.cl\/inicio\/wp-json\/wp\/v2\/pages"}],"about":[{"href":"https:\/\/vrip.ubiobio.cl\/inicio\/wp-json\/wp\/v2\/types\/page"}],"author":[{"embeddable":true,"href":"https:\/\/vrip.ubiobio.cl\/inicio\/wp-json\/wp\/v2\/users\/1"}],"replies":[{"embeddable":true,"href":"https:\/\/vrip.ubiobio.cl\/inicio\/wp-json\/wp\/v2\/comments?post=40036"}],"version-history":[{"count":22,"href":"https:\/\/vrip.ubiobio.cl\/inicio\/wp-json\/wp\/v2\/pages\/40036\/revisions"}],"predecessor-version":[{"id":40857,"href":"https:\/\/vrip.ubiobio.cl\/inicio\/wp-json\/wp\/v2\/pages\/40036\/revisions\/40857"}],"wp:attachment":[{"href":"https:\/\/vrip.ubiobio.cl\/inicio\/wp-json\/wp\/v2\/media?parent=40036"}],"curies":[{"name":"wp","href":"https:\/\/api.w.org\/{rel}","templated":true}]}}