{"id":39253,"date":"2023-05-29T16:55:43","date_gmt":"2023-05-29T16:55:43","guid":{"rendered":"https:\/\/vrip.ubiobio.cl\/inicio\/?page_id=39253"},"modified":"2023-10-24T19:15:12","modified_gmt":"2023-10-24T19:15:12","slug":"concurso-grupos-de-investigacion-2023","status":"publish","type":"page","link":"https:\/\/vrip.ubiobio.cl\/inicio\/concurso-grupos-de-investigacion-2023\/","title":{"rendered":"Concurso Grupos de Investigaci\u00f3n 2023"},"content":{"rendered":"\t\t<div data-elementor-type=\"wp-page\" data-elementor-id=\"39253\" class=\"elementor elementor-39253\">\n\t\t\t\t\t\t<section class=\"elementor-section elementor-top-section elementor-element elementor-element-7fe7f59 elementor-section-boxed elementor-section-height-default elementor-section-height-default\" data-id=\"7fe7f59\" data-element_type=\"section\" data-settings=\"{&quot;_ha_eqh_enable&quot;:false}\">\n\t\t\t\t\t\t<div class=\"elementor-container elementor-column-gap-default\">\n\t\t\t\t\t<div class=\"elementor-column elementor-col-100 elementor-top-column elementor-element elementor-element-742ad038\" data-id=\"742ad038\" data-element_type=\"column\">\n\t\t\t<div class=\"elementor-widget-wrap elementor-element-populated\">\n\t\t\t\t\t\t<div class=\"elementor-element elementor-element-596f5107 elementor-widget elementor-widget-text-editor\" data-id=\"596f5107\" data-element_type=\"widget\" data-widget_type=\"text-editor.default\">\n\t\t\t\t<div class=\"elementor-widget-container\">\n\t\t\t\t\t\t\t<p><img fetchpriority=\"high\" decoding=\"async\" class=\"alignnone wp-image-40140 size-full\" src=\"https:\/\/vrip.ubiobio.cl\/wp-content\/uploads\/2023\/07\/banner-investigacion-np-scaled.jpg\" alt=\"\" width=\"2560\" height=\"874\" srcset=\"https:\/\/vrip.ubiobio.cl\/wp-content\/uploads\/2023\/07\/banner-investigacion-np-scaled.jpg 2560w, https:\/\/vrip.ubiobio.cl\/wp-content\/uploads\/2023\/07\/banner-investigacion-np-380x130.jpg 380w, https:\/\/vrip.ubiobio.cl\/wp-content\/uploads\/2023\/07\/banner-investigacion-np-1024x350.jpg 1024w, https:\/\/vrip.ubiobio.cl\/wp-content\/uploads\/2023\/07\/banner-investigacion-np-768x262.jpg 768w, https:\/\/vrip.ubiobio.cl\/wp-content\/uploads\/2023\/07\/banner-investigacion-np-1536x525.jpg 1536w, https:\/\/vrip.ubiobio.cl\/wp-content\/uploads\/2023\/07\/banner-investigacion-np-2048x700.jpg 2048w\" sizes=\"(max-width: 2560px) 100vw, 2560px\" \/><\/p><p>La <strong>Vicerrector\u00eda de Investigaci\u00f3n y Postgrado<\/strong>, llama a la comunidad acad\u00e9mica a postular al\u00a0<strong>Concurso \u201cGrupos de Investigaci\u00f3n 2023\u201d<\/strong> de la <strong>Direcci\u00f3n de Investigaci\u00f3n y\u00a0<\/strong><strong>Creaci\u00f3n Art\u00edstica<\/strong>.<\/p><p>La apertura del Concurso Grupos de Investigaci\u00f3n 2023 es el d\u00eda <strong>lunes 29 de mayo de 2023<\/strong> y la <strong>fecha\u00a0<\/strong><strong>de cierre ser\u00e1 el\u00a0<\/strong><strong style=\"color: var( --e-global-color-text ); font-style: var( --e-global-typography-text-font-style );\">d\u00eda viernes 28 de julio de 2023 a las 18:00 <\/strong><strong style=\"color: var( --e-global-color-text ); font-style: var( --e-global-typography-text-font-style );\">hrs.<\/strong><\/p><p><strong>Informaci\u00f3n y Bases del Concurso:<\/strong><br \/><a href=\"https:\/\/vrip.ubiobio.cl\/wp-content\/uploads\/2023\/07\/Bases-Concurso-Grupos-de-Investigacion-UBB-2023-NUEVO-FORMATO.pdf\" target=\"_blank\" rel=\"noopener\">Bases del Concurso<\/a><br \/><a href=\"https:\/\/vrip.ubiobio.cl\/wp-content\/uploads\/2023\/10\/VRIP_Resultados-DICREA_Grup-Inv-2023.pdf\" target=\"_blank\" rel=\"noopener\">Resultado<\/a><\/p><p><a style=\"display: none;\" href=\"https:\/\/vrip.ubiobio.cl\/inicio\/formulario-concurso-grupos-de-investigacion-2023\/\" target=\"_blank\" rel=\"noopener noreferrer\">Formulario de postulaci\u00f3n<\/a><\/p><p><em>Para dudas o consultas contactarse con la Direcci\u00f3n de Investigaci\u00f3n y Creaci\u00f3n Art\u00edstica:<\/em><\/p><p><strong>Sede Concepci\u00f3n:<\/strong> Kertsy Alarc\u00f3n, <a href=\"mailto:kalarcon@ubiobio.cl\" target=\"_blank\" rel=\"noopener noreferrer\">kalarcon@ubiobio.cl<\/a><br \/><strong>Sede Chill\u00e1n:<\/strong> Claudia Baham\u00f3ndez,\u00a0<a href=\"mailto:cbahamon@ubiobio.cl\" target=\"_blank\" rel=\"noopener noreferrer\">cbahamon@ubiobio.cl<\/a><\/p><div><p><b>\u00a0<\/b><\/p><p><b>Para m\u00e1s detalles del concurso, hacer clic a<a href=\"https:\/\/vrip.ubiobio.cl\/inicio\/grupos-de-investigacion-ubb\/\" target=\"_blank\" rel=\"noopener\">qu\u00ed<\/a><\/b><\/p><\/div>\t\t\t\t\t\t<\/div>\n\t\t\t\t<\/div>\n\t\t\t\t\t<\/div>\n\t\t<\/div>\n\t\t\t\t\t<\/div>\n\t\t<\/section>\n\t\t\t\t<\/div>\n\t\t","protected":false},"excerpt":{"rendered":"<p>La Vicerrector\u00eda de Investigaci\u00f3n y Postgrado, llama a la comunidad acad\u00e9mica a postular al\u00a0Concurso \u201cGrupos de Investigaci\u00f3n 2023\u201d de la Direcci\u00f3n de Investigaci\u00f3n y\u00a0Creaci\u00f3n Art\u00edstica. La apertura del Concurso Grupos de Investigaci\u00f3n 2023 es el d\u00eda lunes 29 de mayo de 2023 y la fecha\u00a0de cierre ser\u00e1 el\u00a0d\u00eda viernes 28 de julio de 2023 a&#8230;<\/p>\n","protected":false},"author":1,"featured_media":0,"parent":0,"menu_order":0,"comment_status":"closed","ping_status":"closed","template":"","meta":{"_kadence_starter_templates_imported_post":false,"_kad_post_transparent":"default","_kad_post_title":"hide","_kad_post_layout":"narrow","_kad_post_sidebar_id":"","_kad_post_content_style":"boxed","_kad_post_vertical_padding":"bottom","_kad_post_feature":"","_kad_post_feature_position":"","_kad_post_header":false,"_kad_post_footer":false,"footnotes":""},"_links":{"self":[{"href":"https:\/\/vrip.ubiobio.cl\/inicio\/wp-json\/wp\/v2\/pages\/39253"}],"collection":[{"href":"https:\/\/vrip.ubiobio.cl\/inicio\/wp-json\/wp\/v2\/pages"}],"about":[{"href":"https:\/\/vrip.ubiobio.cl\/inicio\/wp-json\/wp\/v2\/types\/page"}],"author":[{"embeddable":true,"href":"https:\/\/vrip.ubiobio.cl\/inicio\/wp-json\/wp\/v2\/users\/1"}],"replies":[{"embeddable":true,"href":"https:\/\/vrip.ubiobio.cl\/inicio\/wp-json\/wp\/v2\/comments?post=39253"}],"version-history":[{"count":40,"href":"https:\/\/vrip.ubiobio.cl\/inicio\/wp-json\/wp\/v2\/pages\/39253\/revisions"}],"predecessor-version":[{"id":41381,"href":"https:\/\/vrip.ubiobio.cl\/inicio\/wp-json\/wp\/v2\/pages\/39253\/revisions\/41381"}],"wp:attachment":[{"href":"https:\/\/vrip.ubiobio.cl\/inicio\/wp-json\/wp\/v2\/media?parent=39253"}],"curies":[{"name":"wp","href":"https:\/\/api.w.org\/{rel}","templated":true}]}}