{"id":39114,"date":"2023-05-24T14:17:16","date_gmt":"2023-05-24T14:17:16","guid":{"rendered":"https:\/\/vrip.ubiobio.cl\/inicio\/?page_id=39114"},"modified":"2025-07-29T20:35:46","modified_gmt":"2025-07-29T20:35:46","slug":"grupos-de-investigacion-ubb","status":"publish","type":"page","link":"https:\/\/vrip.ubiobio.cl\/inicio\/grupos-de-investigacion-ubb\/","title":{"rendered":"GRUPOS DE INVESTIGACI\u00d3N UBB"},"content":{"rendered":"\t\t<div data-elementor-type=\"wp-page\" data-elementor-id=\"39114\" class=\"elementor elementor-39114\">\n\t\t\t\t\t\t<section class=\"elementor-section elementor-top-section elementor-element elementor-element-879cebf elementor-section-height-min-height elementor-section-boxed elementor-section-height-default elementor-section-items-middle\" data-id=\"879cebf\" data-element_type=\"section\" data-settings=\"{&quot;background_background&quot;:&quot;classic&quot;,&quot;_ha_eqh_enable&quot;:false}\">\n\t\t\t\t\t\t<div class=\"elementor-container elementor-column-gap-default\">\n\t\t\t\t\t<div class=\"elementor-column elementor-col-100 elementor-top-column elementor-element elementor-element-437088ba elementor-invisible\" data-id=\"437088ba\" data-element_type=\"column\" data-settings=\"{&quot;animation&quot;:&quot;slideInDown&quot;}\">\n\t\t\t<div class=\"elementor-widget-wrap elementor-element-populated\">\n\t\t\t\t\t\t<div class=\"elementor-element elementor-element-608ffd12 elementor-widget elementor-widget-heading\" data-id=\"608ffd12\" data-element_type=\"widget\" data-widget_type=\"heading.default\">\n\t\t\t\t<div class=\"elementor-widget-container\">\n\t\t\t<h3 class=\"elementor-heading-title elementor-size-xl\">DIRECCI\u00d3N DE INVESTIGACI\u00d3N Y CREACI\u00d3N ART\u00cdSTICA<\/h3>\t\t<\/div>\n\t\t\t\t<\/div>\n\t\t\t\t\t<\/div>\n\t\t<\/div>\n\t\t\t\t\t<\/div>\n\t\t<\/section>\n\t\t\t\t<section class=\"elementor-section elementor-top-section elementor-element elementor-element-79d9294 elementor-section-boxed elementor-section-height-default elementor-section-height-default\" data-id=\"79d9294\" data-element_type=\"section\" data-settings=\"{&quot;_ha_eqh_enable&quot;:false}\">\n\t\t\t\t\t\t<div class=\"elementor-container elementor-column-gap-default\">\n\t\t\t\t\t<div class=\"elementor-column elementor-col-100 elementor-top-column elementor-element elementor-element-4703771\" data-id=\"4703771\" data-element_type=\"column\">\n\t\t\t<div class=\"elementor-widget-wrap elementor-element-populated\">\n\t\t\t\t\t\t<div class=\"elementor-element elementor-element-878f297 elementor-widget elementor-widget-spacer\" data-id=\"878f297\" data-element_type=\"widget\" data-widget_type=\"spacer.default\">\n\t\t\t\t<div class=\"elementor-widget-container\">\n\t\t\t\t\t<div class=\"elementor-spacer\">\n\t\t\t<div class=\"elementor-spacer-inner\"><\/div>\n\t\t<\/div>\n\t\t\t\t<\/div>\n\t\t\t\t<\/div>\n\t\t\t\t\t<\/div>\n\t\t<\/div>\n\t\t\t\t\t<\/div>\n\t\t<\/section>\n\t\t\t\t<section class=\"elementor-section elementor-top-section elementor-element elementor-element-9911c07 elementor-section-boxed elementor-section-height-default elementor-section-height-default\" data-id=\"9911c07\" data-element_type=\"section\" data-settings=\"{&quot;_ha_eqh_enable&quot;:false}\">\n\t\t\t\t\t\t<div class=\"elementor-container elementor-column-gap-default\">\n\t\t\t\t\t<div class=\"elementor-column elementor-col-50 elementor-top-column elementor-element elementor-element-db4ecde\" data-id=\"db4ecde\" data-element_type=\"column\">\n\t\t\t<div class=\"elementor-widget-wrap elementor-element-populated\">\n\t\t\t\t\t\t<div class=\"elementor-element elementor-element-2580765 elementor-widget elementor-widget-text-editor\" data-id=\"2580765\" data-element_type=\"widget\" data-widget_type=\"text-editor.default\">\n\t\t\t\t<div class=\"elementor-widget-container\">\n\t\t\t\t\t\t\t<h1 class=\"elementor-heading-title elementor-size-large elementor-inline-editing pen\" style=\"font-size: 29px; font-family: Roboto, sans-serif; font-weight: 600; line-height: 1.3em; color: #083854; outline-style: initial; outline-width: 0px; text-align: center;\" data-elementor-setting-key=\"title\" data-pen-placeholder=\"Teclea aqu\u00ed...\">Grupos de Investigaci\u00f3n UBB<\/h1>\t\t\t\t\t\t<\/div>\n\t\t\t\t<\/div>\n\t\t\t\t\t<\/div>\n\t\t<\/div>\n\t\t\t\t<div class=\"elementor-column elementor-col-50 elementor-top-column elementor-element elementor-element-b207814\" data-id=\"b207814\" data-element_type=\"column\">\n\t\t\t<div class=\"elementor-widget-wrap elementor-element-populated\">\n\t\t\t\t\t\t<div class=\"elementor-element elementor-element-17993f0 elementor-widget elementor-widget-text-editor\" data-id=\"17993f0\" data-element_type=\"widget\" data-widget_type=\"text-editor.default\">\n\t\t\t\t<div class=\"elementor-widget-container\">\n\t\t\t\t\t\t\t<p><div class=\"printfriendly pf-button  pf-aligncenter\"><a href=\"https:\/\/vrip.ubiobio.cl\/inicio\/grupos-de-investigacion-ubb\/?pfstyle=wp\" rel=\"nofollow\"  title=\"Printer Friendly, PDF &#038; Email\"><img decoding=\"async\" src=\"https:\/\/cdn.printfriendly.com\/icons\/printfriendly-icon-lg.png\" alt=\"Print Friendly, PDF &#038; Email\" class=\"pf-button-img\" style=\"width: 25px;height: 25px;\"  \/><\/a><\/div><\/p>\t\t\t\t\t\t<\/div>\n\t\t\t\t<\/div>\n\t\t\t\t\t<\/div>\n\t\t<\/div>\n\t\t\t\t\t<\/div>\n\t\t<\/section>\n\t\t\t\t<section class=\"elementor-section elementor-top-section elementor-element elementor-element-8d4adbe elementor-section-boxed elementor-section-height-default elementor-section-height-default\" data-id=\"8d4adbe\" data-element_type=\"section\" data-settings=\"{&quot;_ha_eqh_enable&quot;:false}\">\n\t\t\t\t\t\t<div class=\"elementor-container elementor-column-gap-default\">\n\t\t\t\t\t<div class=\"elementor-column elementor-col-100 elementor-top-column elementor-element elementor-element-e21f668\" data-id=\"e21f668\" data-element_type=\"column\">\n\t\t\t<div class=\"elementor-widget-wrap elementor-element-populated\">\n\t\t\t\t\t\t\t<\/div>\n\t\t<\/div>\n\t\t\t\t\t<\/div>\n\t\t<\/section>\n\t\t\t\t<section class=\"elementor-section elementor-top-section elementor-element elementor-element-f2250ee elementor-section-boxed elementor-section-height-default elementor-section-height-default\" data-id=\"f2250ee\" data-element_type=\"section\" data-settings=\"{&quot;_ha_eqh_enable&quot;:false}\">\n\t\t\t\t\t\t<div class=\"elementor-container elementor-column-gap-default\">\n\t\t\t\t\t<div class=\"elementor-column elementor-col-100 elementor-top-column elementor-element elementor-element-0be5d7e\" data-id=\"0be5d7e\" data-element_type=\"column\">\n\t\t\t<div class=\"elementor-widget-wrap elementor-element-populated\">\n\t\t\t\t\t\t<div class=\"elementor-element elementor-element-90467ed elementor-widget elementor-widget-eael-adv-tabs\" data-id=\"90467ed\" data-element_type=\"widget\" data-widget_type=\"eael-adv-tabs.default\">\n\t\t\t\t<div class=\"elementor-widget-container\">\n\t\t\t        <div data-scroll-on-click=\"no\" data-scroll-speed=\"300\" id=\"eael-advance-tabs-90467ed\" class=\"eael-advance-tabs eael-tabs-vertical eael-tab-auto-active \" data-tabid=\"90467ed\">\n            <div class=\"eael-tabs-nav\">\n                <ul class=\"eael-tab-inline-icon\" role=\"tablist\">\n                                            <li id=\"descripcin\" class=\"inactive eael-tab-item-trigger\" aria-selected=\"true\" data-tab=\"1\" role=\"tab\" tabindex=\"0\" aria-controls=\"descripcin-tab\" aria-expanded=\"false\">\n                            \n                                                                <i class=\"icon icon-home1\"><\/i>                                                            \n                                                            <span class=\"eael-tab-title  title-after-icon\">Descripci\u00f3n<\/span>                            \n                                                    <\/li>\n                                            <li id=\"bases-concurso\" class=\"inactive eael-tab-item-trigger\" aria-selected=\"false\" data-tab=\"2\" role=\"tab\" tabindex=\"-1\" aria-controls=\"bases-concurso-tab\" aria-expanded=\"false\">\n                            \n                                                                <i class=\"icon icon-book\"><\/i>                                                            \n                                                            <span class=\"eael-tab-title  title-after-icon\">Bases Concurso<\/span>                            \n                                                    <\/li>\n                                            <li id=\"proceso\" class=\"inactive eael-tab-item-trigger\" aria-selected=\"false\" data-tab=\"3\" role=\"tab\" tabindex=\"-1\" aria-controls=\"proceso-tab\" aria-expanded=\"false\">\n                            \n                                                                <i class=\"far fa-object-group\"><\/i>                                                            \n                                                            <span class=\"eael-tab-title  title-after-icon\">Proceso<\/span>                            \n                                                    <\/li>\n                                            <li id=\"postulacin\" class=\"inactive eael-tab-item-trigger\" aria-selected=\"false\" data-tab=\"4\" role=\"tab\" tabindex=\"-1\" aria-controls=\"postulacin-tab\" aria-expanded=\"false\">\n                            \n                                                                <i class=\"fas fa-id-card-alt\"><\/i>                                                            \n                                                            <span class=\"eael-tab-title  title-after-icon\">Postulaci\u00f3n<\/span>                            \n                                                    <\/li>\n                                            <li id=\"solicitudes-de-ejecucin\" class=\"inactive eael-tab-item-trigger\" aria-selected=\"false\" data-tab=\"5\" role=\"tab\" tabindex=\"-1\" aria-controls=\"solicitudes-de-ejecucin-tab\" aria-expanded=\"false\">\n                            \n                                                                <i class=\"fas fa-users-cog\"><\/i>                                                            \n                                                            <span class=\"eael-tab-title  title-after-icon\">Solicitudes de ejecuci\u00f3n<\/span>                            \n                                                    <\/li>\n                                            <li id=\"documentacin-requerida-por-dicrea\" class=\"inactive eael-tab-item-trigger\" aria-selected=\"false\" data-tab=\"6\" role=\"tab\" tabindex=\"-1\" aria-controls=\"documentacin-requerida-por-dicrea-tab\" aria-expanded=\"false\">\n                            \n                                                                <i class=\"icon icon-Document-Search\"><\/i>                                                            \n                                                            <span class=\"eael-tab-title  title-after-icon\">Documentaci\u00f3n requerida por DICREA<\/span>                            \n                                                    <\/li>\n                                    <\/ul>\n            <\/div>\n            \n            <div class=\"eael-tabs-content\">\n\t\t        \n                    <div id=\"descripcin-tab\" class=\"clearfix eael-tab-content-item inactive\" data-title-link=\"descripcin-tab\">\n\t\t\t\t        \t\t\t\t\t        <p>Esta modalidad est\u00e1 destinada a la formaci\u00f3n de grupos multidisciplinarios e integrada por acad\u00e9micos con l\u00edneas de investigaci\u00f3n definidas. Los acad\u00e9micos participantes deber\u00e1n pertenecer al menos a dos unidades acad\u00e9micas diferentes e integrar estudiantes de pregrado y\/o postgrado.<\/p><p>\u00a0<\/p>\t\t\t\t                            <\/div>\n\t\t        \n                    <div id=\"bases-concurso-tab\" class=\"clearfix eael-tab-content-item inactive\" data-title-link=\"bases-concurso-tab\">\n\t\t\t\t        \t\t\t\t\t        <div class=\"ead-preview\"><div class=\"ead-document\" style=\"position: relative;padding-top: 90%;\"><div class=\"ead-iframe-wrapper\"><iframe src=\"\/\/docs.google.com\/viewer?url=https%3A%2F%2Fvrip.ubiobio.cl%2Fwp-content%2Fuploads%2F2025%2F07%2FBases-GI-2025_.pdf&amp;embedded=true&amp;hl=en\" title=\"Documento incrustado\" class=\"ead-iframe\" style=\"width: 100%;height: 100%;border: none;position: absolute;left: 0;top: 0;visibility: hidden;\"><\/iframe><\/div>\t\t\t<div class=\"ead-document-loading\" style=\"width:100%;height:100%;position:absolute;left:0;top:0;z-index:10;\">\n\t\t\t\t<div class=\"ead-loading-wrap\">\n\t\t\t\t\t<div class=\"ead-loading-main\">\n\t\t\t\t\t\t<div class=\"ead-loading\">\n\t\t\t\t\t\t\t<img decoding=\"async\" src=\"https:\/\/vrip.ubiobio.cl\/wp-content\/plugins\/embed-any-document\/images\/loading.svg\" width=\"55\" height=\"55\" alt=\"Cargador\">\n\t\t\t\t\t\t\t<span>Cargando&#8230;<\/span>\n\t\t\t\t\t\t<\/div>\n\t\t\t\t\t<\/div>\n\t\t\t\t\t<div class=\"ead-loading-foot\">\n\t\t\t\t\t\t<div class=\"ead-loading-foot-title\">\n\t\t\t\t\t\t\t<img decoding=\"async\" src=\"https:\/\/vrip.ubiobio.cl\/wp-content\/plugins\/embed-any-document\/images\/EAD-logo.svg\" alt=\"Logotipo de EAD\" width=\"36\" height=\"23\"\/>\n\t\t\t\t\t\t\t<span>\u00bfTarda demasiado?<\/span>\n\t\t\t\t\t\t<\/div>\n\t\t\t\t\t\t<p>\n\t\t\t\t\t\t\t<div class=\"ead-document-btn ead-reload-btn\" role=\"button\">\n\t\t\t\t\t\t\t\t<img decoding=\"async\" src=\"https:\/\/vrip.ubiobio.cl\/wp-content\/plugins\/embed-any-document\/images\/reload.svg\" alt=\"Recargar\" width=\"12\" height=\"12\"\/> Recargar el documento\t\t\t\t\t\t\t<\/div>\n\t\t\t\t\t\t\t<span>|<\/span>\n\t\t\t\t\t\t\t<a href=\"https:\/\/vrip.ubiobio.cl\/wp-content\/uploads\/2025\/07\/Bases-GI-2025_.pdf\" class=\"ead-document-btn\" target=\"_blank\">\n\t\t\t\t\t\t\t\t<img loading=\"lazy\" decoding=\"async\" src=\"https:\/\/vrip.ubiobio.cl\/wp-content\/plugins\/embed-any-document\/images\/open.svg\" alt=\"Abrir\" width=\"12\" height=\"12\"\/> Abrir en una nueva pesta\u00f1a\t\t\t\t\t\t\t<\/a>\n\t\t\t\t\t<\/div>\n\t\t\t\t<\/div>\n\t\t\t<\/div>\n\t\t<\/div><p class=\"embed_download\"><a href=\"https:\/\/vrip.ubiobio.cl\/wp-content\/uploads\/2025\/07\/Bases-GI-2025_.pdf\" download >Descargar [221.50 KB] <\/a><\/p><\/div>\t\t\t\t                            <\/div>\n\t\t        \n                    <div id=\"proceso-tab\" class=\"clearfix eael-tab-content-item inactive\" data-title-link=\"proceso-tab\">\n\t\t\t\t        \t\t\t\t\t        <a href=\"https:\/\/vrip.ubiobio.cl\/wp-content\/uploads\/2023\/11\/PROYECTOS-Fase-1-Postulacion-y-revision.png\" data-elementor-open-lightbox=\"no\"><img loading=\"lazy\" decoding=\"async\" class=\"alignnone size-full wp-image-41986\" src=\"https:\/\/vrip.ubiobio.cl\/wp-content\/uploads\/2023\/11\/PROYECTOS-Fase-1-Postulacion-y-revision.png\" alt=\"\" width=\"5602\" height=\"3834\" srcset=\"https:\/\/vrip.ubiobio.cl\/wp-content\/uploads\/2023\/11\/PROYECTOS-Fase-1-Postulacion-y-revision.png 5602w, https:\/\/vrip.ubiobio.cl\/wp-content\/uploads\/2023\/11\/PROYECTOS-Fase-1-Postulacion-y-revision-380x260.png 380w, https:\/\/vrip.ubiobio.cl\/wp-content\/uploads\/2023\/11\/PROYECTOS-Fase-1-Postulacion-y-revision-1024x701.png 1024w, https:\/\/vrip.ubiobio.cl\/wp-content\/uploads\/2023\/11\/PROYECTOS-Fase-1-Postulacion-y-revision-768x526.png 768w, https:\/\/vrip.ubiobio.cl\/wp-content\/uploads\/2023\/11\/PROYECTOS-Fase-1-Postulacion-y-revision-474x324.png 474w, https:\/\/vrip.ubiobio.cl\/wp-content\/uploads\/2023\/11\/PROYECTOS-Fase-1-Postulacion-y-revision-1536x1051.png 1536w, https:\/\/vrip.ubiobio.cl\/wp-content\/uploads\/2023\/11\/PROYECTOS-Fase-1-Postulacion-y-revision-2048x1402.png 2048w\" sizes=\"(max-width: 5602px) 100vw, 5602px\" \/><\/a>\n\n<hr \/>\n\n<a href=\"https:\/\/vrip.ubiobio.cl\/wp-content\/uploads\/2023\/11\/PROYECTOS-Fase-2-Ejecucion.png\" data-elementor-open-lightbox=\"no\"><img loading=\"lazy\" decoding=\"async\" class=\"alignnone size-full wp-image-41984\" src=\"https:\/\/vrip.ubiobio.cl\/wp-content\/uploads\/2023\/11\/PROYECTOS-Fase-2-Ejecucion.png\" alt=\"\" width=\"6882\" height=\"3304\" srcset=\"https:\/\/vrip.ubiobio.cl\/wp-content\/uploads\/2023\/11\/PROYECTOS-Fase-2-Ejecucion.png 6882w, https:\/\/vrip.ubiobio.cl\/wp-content\/uploads\/2023\/11\/PROYECTOS-Fase-2-Ejecucion-380x182.png 380w, https:\/\/vrip.ubiobio.cl\/wp-content\/uploads\/2023\/11\/PROYECTOS-Fase-2-Ejecucion-1024x492.png 1024w, https:\/\/vrip.ubiobio.cl\/wp-content\/uploads\/2023\/11\/PROYECTOS-Fase-2-Ejecucion-768x369.png 768w, https:\/\/vrip.ubiobio.cl\/wp-content\/uploads\/2023\/11\/PROYECTOS-Fase-2-Ejecucion-1536x737.png 1536w, https:\/\/vrip.ubiobio.cl\/wp-content\/uploads\/2023\/11\/PROYECTOS-Fase-2-Ejecucion-2048x983.png 2048w\" sizes=\"(max-width: 6882px) 100vw, 6882px\" \/><\/a>\n\n<hr \/>\n\n<a href=\"https:\/\/vrip.ubiobio.cl\/wp-content\/uploads\/2023\/11\/PROYECTOS-Fase-3-Termino-proyecto.png\" data-elementor-open-lightbox=\"no\"><img loading=\"lazy\" decoding=\"async\" class=\"alignnone wp-image-41985\" src=\"https:\/\/vrip.ubiobio.cl\/wp-content\/uploads\/2023\/11\/PROYECTOS-Fase-3-Termino-proyecto.png\" alt=\"\" width=\"332\" height=\"278\" srcset=\"https:\/\/vrip.ubiobio.cl\/wp-content\/uploads\/2023\/11\/PROYECTOS-Fase-3-Termino-proyecto.png 3002w, https:\/\/vrip.ubiobio.cl\/wp-content\/uploads\/2023\/11\/PROYECTOS-Fase-3-Termino-proyecto-380x318.png 380w, https:\/\/vrip.ubiobio.cl\/wp-content\/uploads\/2023\/11\/PROYECTOS-Fase-3-Termino-proyecto-1024x858.png 1024w, https:\/\/vrip.ubiobio.cl\/wp-content\/uploads\/2023\/11\/PROYECTOS-Fase-3-Termino-proyecto-768x643.png 768w, https:\/\/vrip.ubiobio.cl\/wp-content\/uploads\/2023\/11\/PROYECTOS-Fase-3-Termino-proyecto-1536x1286.png 1536w, https:\/\/vrip.ubiobio.cl\/wp-content\/uploads\/2023\/11\/PROYECTOS-Fase-3-Termino-proyecto-2048x1715.png 2048w\" sizes=\"(max-width: 332px) 100vw, 332px\" \/><\/a>\t\t\t\t                            <\/div>\n\t\t        \n                    <div id=\"postulacin-tab\" class=\"clearfix eael-tab-content-item inactive\" data-title-link=\"postulacin-tab\">\n\t\t\t\t        \t\t\t\t\t        <p>Actualmente hay una convocatoria abierta. Ver concurso <a href=\"https:\/\/vrip.ubiobio.cl\/inicio\/dicrea\/concursos\/\" target=\"_blank\" rel=\"noopener\">aqu\u00ed<\/a>.<\/p><p><a href=\"https:\/\/vrip.ubiobio.cl\/inicio\/formulario-concurso-grupos-de-investigacion-2025\/\" target=\"_blank\" rel=\"noopener noreferrer\"><button class=\"button\"><i class=\"fa fa-users\"><\/i> Formulario de postulaci\u00f3n<\/button><\/a><\/p>\t\t\t\t                            <\/div>\n\t\t        \n                    <div id=\"solicitudes-de-ejecucin-tab\" class=\"clearfix eael-tab-content-item inactive\" data-title-link=\"solicitudes-de-ejecucin-tab\">\n\t\t\t\t        \t\t\t\t\t        <p><style>\n.button {border: none; color: black;width: 22%; height: 60px; text-align: center; text-decoration: none; display: inline-block;font-size: 13px; margin: 4px 2px; transition-duration: 0.4s; background-color: #f2f2f2;border-radius: 10px;box-shadow: 0 8px 12px 0 rgba(0,0,0,0.2), 0 6px 16px 0 rgba(0,0,0,0.19);}.button:hover {background-color: #E0E0E0;color:#71C1BB;font-weight: bold;}<\/style><\/p><p><b>Nota:<\/b> La solicitud de convenio a honorarios se debe enviar a la Direcci\u00f3n\/Subdirecci\u00f3n de Investigaci\u00f3n y Creaci\u00f3n Art\u00edstica, <b>7 d\u00edas h\u00e1biles<\/b> antes del inicio de labores, junto a todos los documentos de respaldos respectivos..<\/p><p><a href=\"https:\/\/vrip.ubiobio.cl\/inicio\/formulario-solicitud-convenio-honorarios-investigacion\/\" target=\"_blank\" rel=\"noopener noreferrer\"><br \/><button class=\"button\"><i class=\"fa fa-users\"><\/i> Solicitud convenio a honorarios<\/button><\/a><br \/><a href=\"https:\/\/vrip.ubiobio.cl\/inicio\/formulario-pago-publicaciones-revistas\/\" target=\"_blank\" rel=\"noopener noreferrer\"><br \/><button class=\"button\"><i class=\"fa fa-users\"><\/i> Solicitud pago de publicaciones en revistas<\/button><\/a><\/p>\t\t\t\t                            <\/div>\n\t\t        \n                    <div id=\"documentacin-requerida-por-dicrea-tab\" class=\"clearfix eael-tab-content-item inactive\" data-title-link=\"documentacin-requerida-por-dicrea-tab\">\n\t\t\t\t        \t\t\t\t\t        <p><style>\n.button {border: none; color: black;width: 22%; height: 60px; text-align: center; text-decoration: none; display: inline-block;font-size: 13px; margin: 4px 2px; transition-duration: 0.4s; background-color: #f2f2f2;border-radius: 10px;box-shadow: 0 8px 12px 0 rgba(0,0,0,0.2), 0 6px 16px 0 rgba(0,0,0,0.19);}.button:hover {background-color: #E0E0E0;color:#71C1BB;font-weight: bold;}<\/style><\/p><p><strong>A la mitad del proyecto<\/strong><br \/><a href=\"https:\/\/vrip.ubiobio.cl\/inicio\/formulario-estado-de-avance-proyecto-de-grupo\/\" target=\"_blank\" rel=\"noopener noreferrer\"><br \/><button class=\"button\"> <i class=\"fa fa-list-alt\"><\/i> Estado de avance<\/button><\/a><\/p><p><strong>Al final del proyecto<\/strong><br \/><a href=\"https:\/\/vrip.ubiobio.cl\/inicio\/formulario-informe-final-grupos-de-investigacion\/\" target=\"_blank\" rel=\"noopener noreferrer\"><br \/><button class=\"button\"> <i class=\"fa fa-file\"><\/i> Informe final<\/button><\/a><\/p>\t\t\t\t                            <\/div>\n\t\t                    <\/div>\n        <\/div>\n\t\t<\/div>\n\t\t\t\t<\/div>\n\t\t\t\t\t<\/div>\n\t\t<\/div>\n\t\t\t\t\t<\/div>\n\t\t<\/section>\n\t\t\t\t<section class=\"elementor-section elementor-top-section elementor-element elementor-element-01ec15f elementor-section-boxed elementor-section-height-default elementor-section-height-default\" data-id=\"01ec15f\" data-element_type=\"section\" data-settings=\"{&quot;_ha_eqh_enable&quot;:false}\">\n\t\t\t\t\t\t<div class=\"elementor-container elementor-column-gap-default\">\n\t\t\t\t\t<div class=\"elementor-column elementor-col-100 elementor-top-column elementor-element elementor-element-6b8e334\" data-id=\"6b8e334\" data-element_type=\"column\">\n\t\t\t<div class=\"elementor-widget-wrap elementor-element-populated\">\n\t\t\t\t\t\t<div class=\"elementor-element elementor-element-811ff5d elementor-widget elementor-widget-spacer\" data-id=\"811ff5d\" data-element_type=\"widget\" data-widget_type=\"spacer.default\">\n\t\t\t\t<div class=\"elementor-widget-container\">\n\t\t\t\t\t<div class=\"elementor-spacer\">\n\t\t\t<div class=\"elementor-spacer-inner\"><\/div>\n\t\t<\/div>\n\t\t\t\t<\/div>\n\t\t\t\t<\/div>\n\t\t\t\t\t<\/div>\n\t\t<\/div>\n\t\t\t\t\t<\/div>\n\t\t<\/section>\n\t\t\t\t<\/div>\n\t\t","protected":false},"excerpt":{"rendered":"<p>DIRECCI\u00d3N DE INVESTIGACI\u00d3N Y CREACI\u00d3N ART\u00cdSTICA Grupos de Investigaci\u00f3n UBB Descripci\u00f3n Bases Concurso Proceso Postulaci\u00f3n Solicitudes de ejecuci\u00f3n Documentaci\u00f3n requerida por DICREA Esta modalidad est\u00e1 destinada a la formaci\u00f3n de grupos multidisciplinarios e integrada por acad\u00e9micos con l\u00edneas de investigaci\u00f3n definidas. Los acad\u00e9micos participantes deber\u00e1n pertenecer al menos a dos unidades acad\u00e9micas diferentes e integrar&#8230;<\/p>\n","protected":false},"author":1,"featured_media":0,"parent":0,"menu_order":0,"comment_status":"closed","ping_status":"closed","template":"","meta":{"_kadence_starter_templates_imported_post":false,"_kad_post_transparent":"default","_kad_post_title":"hide","_kad_post_layout":"fullwidth","_kad_post_sidebar_id":"","_kad_post_content_style":"unboxed","_kad_post_vertical_padding":"hide","_kad_post_feature":"hide","_kad_post_feature_position":"","_kad_post_header":false,"_kad_post_footer":false,"footnotes":""},"_links":{"self":[{"href":"https:\/\/vrip.ubiobio.cl\/inicio\/wp-json\/wp\/v2\/pages\/39114"}],"collection":[{"href":"https:\/\/vrip.ubiobio.cl\/inicio\/wp-json\/wp\/v2\/pages"}],"about":[{"href":"https:\/\/vrip.ubiobio.cl\/inicio\/wp-json\/wp\/v2\/types\/page"}],"author":[{"embeddable":true,"href":"https:\/\/vrip.ubiobio.cl\/inicio\/wp-json\/wp\/v2\/users\/1"}],"replies":[{"embeddable":true,"href":"https:\/\/vrip.ubiobio.cl\/inicio\/wp-json\/wp\/v2\/comments?post=39114"}],"version-history":[{"count":67,"href":"https:\/\/vrip.ubiobio.cl\/inicio\/wp-json\/wp\/v2\/pages\/39114\/revisions"}],"predecessor-version":[{"id":51099,"href":"https:\/\/vrip.ubiobio.cl\/inicio\/wp-json\/wp\/v2\/pages\/39114\/revisions\/51099"}],"wp:attachment":[{"href":"https:\/\/vrip.ubiobio.cl\/inicio\/wp-json\/wp\/v2\/media?parent=39114"}],"curies":[{"name":"wp","href":"https:\/\/api.w.org\/{rel}","templated":true}]}}