{"id":38951,"date":"2023-05-05T16:09:25","date_gmt":"2023-05-05T16:09:25","guid":{"rendered":"https:\/\/vrip.ubiobio.cl\/inicio\/?page_id=38951"},"modified":"2025-08-29T15:16:46","modified_gmt":"2025-08-29T15:16:46","slug":"incentivo-publicaciones","status":"publish","type":"page","link":"https:\/\/vrip.ubiobio.cl\/inicio\/incentivo-publicaciones\/","title":{"rendered":"INCENTIVO DE PUBLICACIONES EN REVISTAS, LIBROS O CAP\u00cdTULOS DE LIBROS"},"content":{"rendered":"\t\t<div data-elementor-type=\"wp-page\" data-elementor-id=\"38951\" class=\"elementor elementor-38951\">\n\t\t\t\t\t\t<section class=\"elementor-section elementor-top-section elementor-element elementor-element-879cebf elementor-section-height-min-height elementor-section-boxed elementor-section-height-default elementor-section-items-middle\" data-id=\"879cebf\" data-element_type=\"section\" data-settings=\"{&quot;background_background&quot;:&quot;classic&quot;,&quot;_ha_eqh_enable&quot;:false}\">\n\t\t\t\t\t\t<div class=\"elementor-container elementor-column-gap-default\">\n\t\t\t\t\t<div class=\"elementor-column elementor-col-100 elementor-top-column elementor-element elementor-element-437088ba elementor-invisible\" data-id=\"437088ba\" data-element_type=\"column\" data-settings=\"{&quot;animation&quot;:&quot;slideInDown&quot;}\">\n\t\t\t<div class=\"elementor-widget-wrap elementor-element-populated\">\n\t\t\t\t\t\t<div class=\"elementor-element elementor-element-608ffd12 elementor-widget elementor-widget-heading\" data-id=\"608ffd12\" data-element_type=\"widget\" data-widget_type=\"heading.default\">\n\t\t\t\t<div class=\"elementor-widget-container\">\n\t\t\t<h3 class=\"elementor-heading-title elementor-size-xl\">DIRECCI\u00d3N DE INVESTIGACI\u00d3N Y CREACI\u00d3N ART\u00cdSTICA<\/h3>\t\t<\/div>\n\t\t\t\t<\/div>\n\t\t\t\t\t<\/div>\n\t\t<\/div>\n\t\t\t\t\t<\/div>\n\t\t<\/section>\n\t\t\t\t<section class=\"elementor-section elementor-top-section elementor-element elementor-element-79d9294 elementor-section-boxed elementor-section-height-default elementor-section-height-default\" data-id=\"79d9294\" data-element_type=\"section\" data-settings=\"{&quot;_ha_eqh_enable&quot;:false}\">\n\t\t\t\t\t\t<div class=\"elementor-container elementor-column-gap-default\">\n\t\t\t\t\t<div class=\"elementor-column elementor-col-100 elementor-top-column elementor-element elementor-element-4703771\" data-id=\"4703771\" data-element_type=\"column\">\n\t\t\t<div class=\"elementor-widget-wrap elementor-element-populated\">\n\t\t\t\t\t\t<div class=\"elementor-element elementor-element-878f297 elementor-widget elementor-widget-spacer\" data-id=\"878f297\" data-element_type=\"widget\" data-widget_type=\"spacer.default\">\n\t\t\t\t<div class=\"elementor-widget-container\">\n\t\t\t\t\t<div class=\"elementor-spacer\">\n\t\t\t<div class=\"elementor-spacer-inner\"><\/div>\n\t\t<\/div>\n\t\t\t\t<\/div>\n\t\t\t\t<\/div>\n\t\t\t\t\t<\/div>\n\t\t<\/div>\n\t\t\t\t\t<\/div>\n\t\t<\/section>\n\t\t\t\t<section class=\"elementor-section elementor-top-section elementor-element elementor-element-9911c07 elementor-section-boxed elementor-section-height-default elementor-section-height-default\" data-id=\"9911c07\" data-element_type=\"section\" data-settings=\"{&quot;_ha_eqh_enable&quot;:false}\">\n\t\t\t\t\t\t<div class=\"elementor-container elementor-column-gap-default\">\n\t\t\t\t\t<div class=\"elementor-column elementor-col-50 elementor-top-column elementor-element elementor-element-db4ecde\" data-id=\"db4ecde\" data-element_type=\"column\">\n\t\t\t<div class=\"elementor-widget-wrap elementor-element-populated\">\n\t\t\t\t\t\t<div class=\"elementor-element elementor-element-2580765 elementor-widget elementor-widget-text-editor\" data-id=\"2580765\" data-element_type=\"widget\" data-widget_type=\"text-editor.default\">\n\t\t\t\t<div class=\"elementor-widget-container\">\n\t\t\t\t\t\t\t<h1 class=\"elementor-heading-title elementor-size-large elementor-inline-editing pen\" style=\"font-size: 29px; font-family: Roboto, sans-serif; font-weight: 600; line-height: 1.3em; color: #083854; outline-style: initial; outline-width: 0px; text-align: center;\" data-elementor-setting-key=\"title\" data-pen-placeholder=\"Teclea aqu\u00ed...\">Incentivo de publicaciones en revistas, libros o cap\u00edtulos de libro<\/h1>\t\t\t\t\t\t<\/div>\n\t\t\t\t<\/div>\n\t\t\t\t\t<\/div>\n\t\t<\/div>\n\t\t\t\t<div class=\"elementor-column elementor-col-50 elementor-top-column elementor-element elementor-element-b207814\" data-id=\"b207814\" data-element_type=\"column\">\n\t\t\t<div class=\"elementor-widget-wrap elementor-element-populated\">\n\t\t\t\t\t\t<div class=\"elementor-element elementor-element-17993f0 elementor-widget elementor-widget-text-editor\" data-id=\"17993f0\" data-element_type=\"widget\" data-widget_type=\"text-editor.default\">\n\t\t\t\t<div class=\"elementor-widget-container\">\n\t\t\t\t\t\t\t<p><div class=\"printfriendly pf-button  pf-aligncenter\"><a href=\"https:\/\/vrip.ubiobio.cl\/inicio\/incentivo-publicaciones\/?pfstyle=wp\" rel=\"nofollow\"  title=\"Printer Friendly, PDF &#038; Email\"><img decoding=\"async\" src=\"https:\/\/cdn.printfriendly.com\/icons\/printfriendly-icon-lg.png\" alt=\"Print Friendly, PDF &#038; Email\" class=\"pf-button-img\" style=\"width: 25px;height: 25px;\"  \/><\/a><\/div><\/p>\t\t\t\t\t\t<\/div>\n\t\t\t\t<\/div>\n\t\t\t\t\t<\/div>\n\t\t<\/div>\n\t\t\t\t\t<\/div>\n\t\t<\/section>\n\t\t\t\t<section class=\"elementor-section elementor-top-section elementor-element elementor-element-8d4adbe elementor-section-boxed elementor-section-height-default elementor-section-height-default\" data-id=\"8d4adbe\" data-element_type=\"section\" data-settings=\"{&quot;_ha_eqh_enable&quot;:false}\">\n\t\t\t\t\t\t<div class=\"elementor-container elementor-column-gap-default\">\n\t\t\t\t\t<div class=\"elementor-column elementor-col-100 elementor-top-column elementor-element elementor-element-e21f668\" data-id=\"e21f668\" data-element_type=\"column\">\n\t\t\t<div class=\"elementor-widget-wrap elementor-element-populated\">\n\t\t\t\t\t\t\t<\/div>\n\t\t<\/div>\n\t\t\t\t\t<\/div>\n\t\t<\/section>\n\t\t\t\t<section class=\"elementor-section elementor-top-section elementor-element elementor-element-f2250ee elementor-section-boxed elementor-section-height-default elementor-section-height-default\" data-id=\"f2250ee\" data-element_type=\"section\" data-settings=\"{&quot;_ha_eqh_enable&quot;:false}\">\n\t\t\t\t\t\t<div class=\"elementor-container elementor-column-gap-default\">\n\t\t\t\t\t<div class=\"elementor-column elementor-col-100 elementor-top-column elementor-element elementor-element-0be5d7e\" data-id=\"0be5d7e\" data-element_type=\"column\">\n\t\t\t<div class=\"elementor-widget-wrap elementor-element-populated\">\n\t\t\t\t\t\t<div class=\"elementor-element elementor-element-90467ed elementor-widget elementor-widget-eael-adv-tabs\" data-id=\"90467ed\" data-element_type=\"widget\" data-widget_type=\"eael-adv-tabs.default\">\n\t\t\t\t<div class=\"elementor-widget-container\">\n\t\t\t        <div data-scroll-on-click=\"no\" data-scroll-speed=\"300\" id=\"eael-advance-tabs-90467ed\" class=\"eael-advance-tabs eael-tabs-vertical eael-tab-auto-active \" data-tabid=\"90467ed\">\n            <div class=\"eael-tabs-nav\">\n                <ul class=\"eael-tab-inline-icon\" role=\"tablist\">\n                                            <li id=\"descripcin\" class=\"inactive eael-tab-item-trigger\" aria-selected=\"true\" data-tab=\"1\" role=\"tab\" tabindex=\"0\" aria-controls=\"descripcin-tab\" aria-expanded=\"false\">\n                            \n                                                                <i class=\"icon icon-home1\"><\/i>                                                            \n                                                            <span class=\"eael-tab-title  title-after-icon\">Descripci\u00f3n<\/span>                            \n                                                    <\/li>\n                                            <li id=\"normativa\" class=\"inactive eael-tab-item-trigger\" aria-selected=\"false\" data-tab=\"2\" role=\"tab\" tabindex=\"-1\" aria-controls=\"normativa-tab\" aria-expanded=\"false\">\n                            \n                                                                <i class=\"icon icon-book\"><\/i>                                                            \n                                                            <span class=\"eael-tab-title  title-after-icon\">Normativa<\/span>                            \n                                                    <\/li>\n                                            <li id=\"proceso\" class=\"inactive eael-tab-item-trigger\" aria-selected=\"false\" data-tab=\"3\" role=\"tab\" tabindex=\"-1\" aria-controls=\"proceso-tab\" aria-expanded=\"false\">\n                            \n                                                                <i class=\"far fa-object-group\"><\/i>                                                            \n                                                            <span class=\"eael-tab-title  title-after-icon\">Proceso<\/span>                            \n                                                    <\/li>\n                                            <li id=\"solicitud\" class=\"inactive eael-tab-item-trigger\" aria-selected=\"false\" data-tab=\"4\" role=\"tab\" tabindex=\"-1\" aria-controls=\"solicitud-tab\" aria-expanded=\"false\">\n                            \n                                                                <i class=\"fas fa-users-cog\"><\/i>                                                            \n                                                            <span class=\"eael-tab-title  title-after-icon\">Solicitud<\/span>                            \n                                                    <\/li>\n                                            <li id=\"preguntas-frecuentes\" class=\"inactive eael-tab-item-trigger\" aria-selected=\"false\" data-tab=\"5\" role=\"tab\" tabindex=\"-1\" aria-controls=\"preguntas-frecuentes-tab\" aria-expanded=\"false\">\n                            \n                                                                <i class=\"icon icon-question-circle\"><\/i>                                                            \n                                                            <span class=\"eael-tab-title  title-after-icon\">Preguntas Frecuentes<\/span>                            \n                                                    <\/li>\n                                    <\/ul>\n            <\/div>\n            \n            <div class=\"eael-tabs-content\">\n\t\t        \n                    <div id=\"descripcin-tab\" class=\"clearfix eael-tab-content-item inactive\" data-title-link=\"descripcin-tab\">\n\t\t\t\t        \t\t\t\t\t        <p>Este fondo est\u00e1 orientado para fomentar la productividad acad\u00e9mica.<\/p><p><br \/><br \/><br \/><br \/><br \/><\/p>\t\t\t\t                            <\/div>\n\t\t        \n                    <div id=\"normativa-tab\" class=\"clearfix eael-tab-content-item inactive\" data-title-link=\"normativa-tab\">\n\t\t\t\t        \t\t\t\t\t        <div class=\"ead-preview\"><div class=\"ead-document\" style=\"position: relative;padding-top: 90%;\"><div class=\"ead-iframe-wrapper\"><iframe src=\"\/\/docs.google.com\/viewer?url=https%3A%2F%2Fvrip.ubiobio.cl%2Fwp-content%2Fuploads%2F2024%2F12%2F7349_Normativa-Incentivo-Produccion-Cientifica2025.pdf&amp;embedded=true&amp;hl=en\" title=\"Documento incrustado\" class=\"ead-iframe\" style=\"width: 100%;height: 100%;border: none;position: absolute;left: 0;top: 0;visibility: hidden;\"><\/iframe><\/div>\t\t\t<div class=\"ead-document-loading\" style=\"width:100%;height:100%;position:absolute;left:0;top:0;z-index:10;\">\n\t\t\t\t<div class=\"ead-loading-wrap\">\n\t\t\t\t\t<div class=\"ead-loading-main\">\n\t\t\t\t\t\t<div class=\"ead-loading\">\n\t\t\t\t\t\t\t<img decoding=\"async\" src=\"https:\/\/vrip.ubiobio.cl\/wp-content\/plugins\/embed-any-document\/images\/loading.svg\" width=\"55\" height=\"55\" alt=\"Cargador\">\n\t\t\t\t\t\t\t<span>Cargando&#8230;<\/span>\n\t\t\t\t\t\t<\/div>\n\t\t\t\t\t<\/div>\n\t\t\t\t\t<div class=\"ead-loading-foot\">\n\t\t\t\t\t\t<div class=\"ead-loading-foot-title\">\n\t\t\t\t\t\t\t<img decoding=\"async\" src=\"https:\/\/vrip.ubiobio.cl\/wp-content\/plugins\/embed-any-document\/images\/EAD-logo.svg\" alt=\"Logotipo de EAD\" width=\"36\" height=\"23\"\/>\n\t\t\t\t\t\t\t<span>\u00bfTarda demasiado?<\/span>\n\t\t\t\t\t\t<\/div>\n\t\t\t\t\t\t<p>\n\t\t\t\t\t\t\t<div class=\"ead-document-btn ead-reload-btn\" role=\"button\">\n\t\t\t\t\t\t\t\t<img decoding=\"async\" src=\"https:\/\/vrip.ubiobio.cl\/wp-content\/plugins\/embed-any-document\/images\/reload.svg\" alt=\"Recargar\" width=\"12\" height=\"12\"\/> Recargar el documento\t\t\t\t\t\t\t<\/div>\n\t\t\t\t\t\t\t<span>|<\/span>\n\t\t\t\t\t\t\t<a href=\"https:\/\/vrip.ubiobio.cl\/wp-content\/uploads\/2024\/12\/7349_Normativa-Incentivo-Produccion-Cientifica2025.pdf\" class=\"ead-document-btn\" target=\"_blank\">\n\t\t\t\t\t\t\t\t<img loading=\"lazy\" decoding=\"async\" src=\"https:\/\/vrip.ubiobio.cl\/wp-content\/plugins\/embed-any-document\/images\/open.svg\" alt=\"Abrir\" width=\"12\" height=\"12\"\/> Abrir en una nueva pesta\u00f1a\t\t\t\t\t\t\t<\/a>\n\t\t\t\t\t<\/div>\n\t\t\t\t<\/div>\n\t\t\t<\/div>\n\t\t<\/div><p class=\"embed_download\"><a href=\"https:\/\/vrip.ubiobio.cl\/wp-content\/uploads\/2024\/12\/7349_Normativa-Incentivo-Produccion-Cientifica2025.pdf\" download >Descargar [708.70 KB] <\/a><\/p><\/div>\t\t\t\t                            <\/div>\n\t\t        \n                    <div id=\"proceso-tab\" class=\"clearfix eael-tab-content-item inactive\" data-title-link=\"proceso-tab\">\n\t\t\t\t        \t\t\t\t\t        <a href=\"https:\/\/vrip.ubiobio.cl\/wp-content\/uploads\/2023\/05\/PAGO-DE-INCENTIVO-29-03-2023.png\" data-elementor-open-lightbox=\"no\"><img loading=\"lazy\" decoding=\"async\" class=\"alignnone wp-image-38965 size-full\" src=\"https:\/\/vrip.ubiobio.cl\/wp-content\/uploads\/2023\/05\/PAGO-DE-INCENTIVO-29-03-2023.png\" alt=\"\" width=\"4936\" height=\"2936\" srcset=\"https:\/\/vrip.ubiobio.cl\/wp-content\/uploads\/2023\/05\/PAGO-DE-INCENTIVO-29-03-2023.png 4936w, https:\/\/vrip.ubiobio.cl\/wp-content\/uploads\/2023\/05\/PAGO-DE-INCENTIVO-29-03-2023-380x226.png 380w, https:\/\/vrip.ubiobio.cl\/wp-content\/uploads\/2023\/05\/PAGO-DE-INCENTIVO-29-03-2023-1024x609.png 1024w, https:\/\/vrip.ubiobio.cl\/wp-content\/uploads\/2023\/05\/PAGO-DE-INCENTIVO-29-03-2023-768x457.png 768w, https:\/\/vrip.ubiobio.cl\/wp-content\/uploads\/2023\/05\/PAGO-DE-INCENTIVO-29-03-2023-1536x914.png 1536w, https:\/\/vrip.ubiobio.cl\/wp-content\/uploads\/2023\/05\/PAGO-DE-INCENTIVO-29-03-2023-2048x1218.png 2048w\" sizes=\"(max-width: 4936px) 100vw, 4936px\" \/><\/a>\t\t\t\t                            <\/div>\n\t\t        \n                    <div id=\"solicitud-tab\" class=\"clearfix eael-tab-content-item inactive\" data-title-link=\"solicitud-tab\">\n\t\t\t\t        \t\t\t\t\t        <p><style>\n.button {border: none; color: black; width: 22%; height: 40px; text-align: center; text-decoration: none; display: inline-block; font-size: 13px; margin: 4px 2px; transition-duration: 0.4s; background-color: #f2f2f2;border-radius: 10px;box-shadow: 0 8px 12px 0 rgba(0,0,0,0.2), 0 6px 16px 0 rgba(0,0,0,0.19);}.button:hover {background-color: #E0E0E0;color:#71C1BB;font-weight: bold;}<\/style><\/p><p>El formulario de solicitud debe ser completado en l\u00ednea. Para dudas o consultas, puede escribir a <a href=\"mailto:productividad-cientifica@ubiobio.cl\">productividad-cientifica@ubiobio.cl<\/a>.<\/p><p><a href=\"https:\/\/forms.gle\/J5Bkt8JhLbDmb88Z9\" target=\"_blank\" rel=\"noopener noreferrer\"><button class=\"button\">Formulario de Solicitud<\/button><\/a><br \/><a href=\"https:\/\/vrip.ubiobio.cl\/inicio\/autorizacion-pago-incentivo-publicaciones\/\" target=\"_blank\" rel=\"noopener noreferrer\"><button class=\"button\">Autorizaci\u00f3n pago de incentivo<\/button><\/a><\/p>\t\t\t\t                            <\/div>\n\t\t        \n                    <div id=\"preguntas-frecuentes-tab\" class=\"clearfix eael-tab-content-item inactive\" data-title-link=\"preguntas-frecuentes-tab\">\n\t\t\t\t        \t\t\t\t\t        <style>\n.accordion {background-color:#FFFFFF; color: black; cursor: pointer; padding: 18px;width: 100%; border: none;text-align: left; outline: none; font-size: 13px; transition: 0.4s;}.panel { background-color: #FFFFFF; padding: 0 18px;display: none; overflow: hidden;} button:hover, button:focus{ background: #E0E0E0; color: #71C1BB;}<\/head><\/style>\n\n<button class=\"accordion\">1. \u00bfCu\u00e1les son los requisitos para postular?<\/button>\n<div class=\"panel\">\n\nSer acad\u00e9mica\/o con contrato vigente de media jornada o jornada completa.\n\n<\/div>\n<button class=\"accordion\">2. \u00bfCu\u00e1ndo debo postular?<\/button>\n<div class=\"panel\">\n\n<img decoding=\"async\" class=\"alignnone wp-image-38973 size-medium\" src=\"https:\/\/vrip.ubiobio.cl\/wp-content\/uploads\/2025\/01\/periodos.png\" alt=\"\" width=\"600\" \/>\n\n<\/div>\n<script>\nvar acc = document.getElementsByClassName(\"accordion\");\nvar i;\n\nfor (i = 0; i < acc.length; i++) {\n  acc[i].addEventListener(\"click\", function() {\n    this.classList.toggle(\"active\");\n    var panel = this.nextElementSibling;\n    if (panel.style.display === \"block\") {\n      panel.style.display = \"none\";\n    } else {\n      panel.style.display = \"block\";\n    }\n  });\n}\n<\/script>\t\t\t\t                            <\/div>\n\t\t                    <\/div>\n        <\/div>\n\t\t<\/div>\n\t\t\t\t<\/div>\n\t\t\t\t\t<\/div>\n\t\t<\/div>\n\t\t\t\t\t<\/div>\n\t\t<\/section>\n\t\t\t\t<section class=\"elementor-section elementor-top-section elementor-element elementor-element-01ec15f elementor-section-boxed elementor-section-height-default elementor-section-height-default\" data-id=\"01ec15f\" data-element_type=\"section\" data-settings=\"{&quot;_ha_eqh_enable&quot;:false}\">\n\t\t\t\t\t\t<div class=\"elementor-container elementor-column-gap-default\">\n\t\t\t\t\t<div class=\"elementor-column elementor-col-100 elementor-top-column elementor-element elementor-element-6b8e334\" data-id=\"6b8e334\" data-element_type=\"column\">\n\t\t\t<div class=\"elementor-widget-wrap elementor-element-populated\">\n\t\t\t\t\t\t<div class=\"elementor-element elementor-element-811ff5d elementor-widget elementor-widget-spacer\" data-id=\"811ff5d\" data-element_type=\"widget\" data-widget_type=\"spacer.default\">\n\t\t\t\t<div class=\"elementor-widget-container\">\n\t\t\t\t\t<div class=\"elementor-spacer\">\n\t\t\t<div class=\"elementor-spacer-inner\"><\/div>\n\t\t<\/div>\n\t\t\t\t<\/div>\n\t\t\t\t<\/div>\n\t\t\t\t\t<\/div>\n\t\t<\/div>\n\t\t\t\t\t<\/div>\n\t\t<\/section>\n\t\t\t\t<\/div>\n\t\t","protected":false},"excerpt":{"rendered":"<p>DIRECCI\u00d3N DE INVESTIGACI\u00d3N Y CREACI\u00d3N ART\u00cdSTICA Incentivo de publicaciones en revistas, libros o cap\u00edtulos de libro Descripci\u00f3n Normativa Proceso Solicitud Preguntas Frecuentes Este fondo est\u00e1 orientado para fomentar la productividad acad\u00e9mica. Cargando&#8230; \u00bfTarda demasiado? Recargar el documento | Abrir en una nueva pesta\u00f1a Descargar [708.70 KB] El formulario de solicitud debe ser completado en l\u00ednea&#8230;.<\/p>\n","protected":false},"author":1,"featured_media":0,"parent":0,"menu_order":0,"comment_status":"closed","ping_status":"closed","template":"","meta":{"_kadence_starter_templates_imported_post":false,"_kad_post_transparent":"default","_kad_post_title":"hide","_kad_post_layout":"fullwidth","_kad_post_sidebar_id":"","_kad_post_content_style":"unboxed","_kad_post_vertical_padding":"hide","_kad_post_feature":"hide","_kad_post_feature_position":"","_kad_post_header":false,"_kad_post_footer":false,"footnotes":""},"_links":{"self":[{"href":"https:\/\/vrip.ubiobio.cl\/inicio\/wp-json\/wp\/v2\/pages\/38951"}],"collection":[{"href":"https:\/\/vrip.ubiobio.cl\/inicio\/wp-json\/wp\/v2\/pages"}],"about":[{"href":"https:\/\/vrip.ubiobio.cl\/inicio\/wp-json\/wp\/v2\/types\/page"}],"author":[{"embeddable":true,"href":"https:\/\/vrip.ubiobio.cl\/inicio\/wp-json\/wp\/v2\/users\/1"}],"replies":[{"embeddable":true,"href":"https:\/\/vrip.ubiobio.cl\/inicio\/wp-json\/wp\/v2\/comments?post=38951"}],"version-history":[{"count":61,"href":"https:\/\/vrip.ubiobio.cl\/inicio\/wp-json\/wp\/v2\/pages\/38951\/revisions"}],"predecessor-version":[{"id":51451,"href":"https:\/\/vrip.ubiobio.cl\/inicio\/wp-json\/wp\/v2\/pages\/38951\/revisions\/51451"}],"wp:attachment":[{"href":"https:\/\/vrip.ubiobio.cl\/inicio\/wp-json\/wp\/v2\/media?parent=38951"}],"curies":[{"name":"wp","href":"https:\/\/api.w.org\/{rel}","templated":true}]}}