{"id":38556,"date":"2023-04-24T20:26:11","date_gmt":"2023-04-24T20:26:11","guid":{"rendered":"https:\/\/vrip.ubiobio.cl\/inicio\/?page_id=38556"},"modified":"2023-08-03T16:03:11","modified_gmt":"2023-08-03T16:03:11","slug":"convocatorias-emprendimiento-ubb-2023","status":"publish","type":"page","link":"https:\/\/vrip.ubiobio.cl\/inicio\/convocatorias-emprendimiento-ubb-2023\/","title":{"rendered":"Convocatorias Emprendimiento UBB 2023"},"content":{"rendered":"\t\t<div data-elementor-type=\"wp-page\" data-elementor-id=\"38556\" class=\"elementor elementor-38556\" data-elementor-settings=\"{&quot;ha_cmc_init_switcher&quot;:&quot;no&quot;}\">\n\t\t\t\t\t\t<section class=\"elementor-section elementor-top-section elementor-element elementor-element-7fe7f59 elementor-section-boxed elementor-section-height-default elementor-section-height-default\" data-id=\"7fe7f59\" data-element_type=\"section\" data-e-type=\"section\" data-settings=\"{&quot;_ha_eqh_enable&quot;:false}\">\n\t\t\t\t\t\t<div class=\"elementor-container elementor-column-gap-default\">\n\t\t\t\t\t<div class=\"elementor-column elementor-col-100 elementor-top-column elementor-element elementor-element-742ad038\" data-id=\"742ad038\" data-element_type=\"column\" data-e-type=\"column\">\n\t\t\t<div class=\"elementor-widget-wrap elementor-element-populated\">\n\t\t\t\t\t\t<div class=\"elementor-element elementor-element-596f5107 elementor-widget elementor-widget-text-editor\" data-id=\"596f5107\" data-element_type=\"widget\" data-e-type=\"widget\" data-widget_type=\"text-editor.default\">\n\t\t\t\t<div class=\"elementor-widget-container\">\n\t\t\t\t\t\t\t\t\t<p><img fetchpriority=\"high\" decoding=\"async\" class=\"alignnone size-full wp-image-39412\" src=\"https:\/\/vrip.ubiobio.cl\/wp-content\/uploads\/2023\/05\/banner-vrip-emp_Mesa-de-trabajo-1-scaled.jpg\" alt=\"\" width=\"2560\" height=\"874\" srcset=\"https:\/\/vrip.ubiobio.cl\/wp-content\/uploads\/2023\/05\/banner-vrip-emp_Mesa-de-trabajo-1-scaled.jpg 2560w, https:\/\/vrip.ubiobio.cl\/wp-content\/uploads\/2023\/05\/banner-vrip-emp_Mesa-de-trabajo-1-380x130.jpg 380w, https:\/\/vrip.ubiobio.cl\/wp-content\/uploads\/2023\/05\/banner-vrip-emp_Mesa-de-trabajo-1-1024x350.jpg 1024w, https:\/\/vrip.ubiobio.cl\/wp-content\/uploads\/2023\/05\/banner-vrip-emp_Mesa-de-trabajo-1-768x262.jpg 768w, https:\/\/vrip.ubiobio.cl\/wp-content\/uploads\/2023\/05\/banner-vrip-emp_Mesa-de-trabajo-1-1536x524.jpg 1536w, https:\/\/vrip.ubiobio.cl\/wp-content\/uploads\/2023\/05\/banner-vrip-emp_Mesa-de-trabajo-1-2048x699.jpg 2048w\" sizes=\"(max-width: 2560px) 100vw, 2560px\" \/><\/p>\n<p style=\"font-weight: 400;\">La <strong>Vicerrector\u00eda de Investigaci\u00f3n y Postgrado<\/strong> a trav\u00e9s de la <strong>Unidad de Emprendimiento de la Direcci\u00f3n de Innovaci\u00f3n<\/strong>, informa que a partir del d\u00eda martes 25 de abril se encuentra abierta la Convocatoria para los concursos:&nbsp;<\/p>\n<p style=\"font-weight: 400;\"><img decoding=\"async\" class=\"alignnone wp-image-38618 size-full\" style=\"color: var( --e-global-color-text ); font-style: var( --e-global-typography-text-font-style ); font-weight: var( --e-global-typography-text-font-weight );\" src=\"https:\/\/vrip.ubiobio.cl\/wp-content\/uploads\/2023\/04\/r_Mesa-de-trabajo-1.png\" alt=\"\" width=\"1151\" height=\"192\" srcset=\"https:\/\/vrip.ubiobio.cl\/wp-content\/uploads\/2023\/04\/r_Mesa-de-trabajo-1.png 1151w, https:\/\/vrip.ubiobio.cl\/wp-content\/uploads\/2023\/04\/r_Mesa-de-trabajo-1-380x63.png 380w, https:\/\/vrip.ubiobio.cl\/wp-content\/uploads\/2023\/04\/r_Mesa-de-trabajo-1-1024x171.png 1024w, https:\/\/vrip.ubiobio.cl\/wp-content\/uploads\/2023\/04\/r_Mesa-de-trabajo-1-768x128.png 768w\" sizes=\"(max-width: 1151px) 100vw, 1151px\" \/><\/p>\n<p style=\"font-weight: 400;\"><strong>\u00abCrea tu startup\u00bb =&gt;&nbsp;<\/strong><a style=\"font-style: var( --e-global-typography-text-font-style ); font-weight: var( --e-global-typography-text-font-weight );\" href=\"https:\/\/vrip.ubiobio.cl\/wp-content\/uploads\/2023\/08\/Resultados.pdf\" target=\"_blank\" rel=\"noopener\">Resultados<\/a><\/p>\n<p>El objetivo del concurso es financiar y apoyar la formalizaci\u00f3n y puesta en marcha de emprendimientos de alto impacto cuyos resultados est\u00e9n orientados a la obtenci\u00f3n de nuevos productos, procesos y\/o servicios, o al mejoramiento sustancial de los ya existentes, con impacto potencial en los mercados regionales y\/o nacionales.<\/p>\n<p>El concurso financia proyectos de&nbsp;hasta <strong>$670.000.- (seiscientos setenta mil pesos <\/strong><strong>M\/N), en un plazo m\u00e1ximo de ejecuci\u00f3n de&nbsp;6 meses.<\/strong><\/p>\n<p>El plazo de cierre para enviar las postulaciones es el d\u00eda <strong>viernes 09 de junio de 2023 a las 17:00 horas.&nbsp;<\/strong><\/p>\n<p>El formulario de postulaci\u00f3n y anexos deber\u00e1n ser enviados al correo electr\u00f3nico: <a href=\"mailto:emprendimiento@ubiobio.cl\">emprendimiento@ubiobio.cl.<\/a> La coordinaci\u00f3n de la convocatoria, ser\u00e1 de responsabilidad de la Direcci\u00f3n de Innovaci\u00f3n, a trav\u00e9s de su Unidad de Emprendimiento.<br>Cualquier consulta al respecto, agradeceremos tomar contacto al<br>mail:&nbsp;<a href=\"mailto:emprendimiento@ubiobio.cl\">emprendimiento@ubiobio.cl<\/a><\/p>\n<p>Se adjuntan al presente, Bases del Concurso, Anexos y Formulario de Postulaci\u00f3n<\/p>\n<ul>\n<li><a href=\"https:\/\/vrip.ubiobio.cl\/wp-content\/uploads\/2023\/04\/Anexo-N\u00b01-Nivel-de-Madurez-Tecnolo\u0301gica.pdf\">Anexo N\u00b01 Nivel de Madurez Tecnolo\u0301gica<\/a><\/li>\n<li><a href=\"https:\/\/vrip.ubiobio.cl\/wp-content\/uploads\/2023\/04\/Anexo-N\u00b02-Glosario.pdf\">Anexo N\u00b02 Glosario<\/a><\/li>\n<li><a href=\"https:\/\/vrip.ubiobio.cl\/wp-content\/uploads\/2023\/04\/Anexo-N\u00b03-Informe-Visacion-Dedicacio\u0301n-Horaria-del-Personal.doc\">Anexo N\u00b03 &#8211; Informe Visacion Dedicacio\u0301n Horaria del Personal<\/a><\/li>\n<li><a href=\"https:\/\/vrip.ubiobio.cl\/wp-content\/uploads\/2023\/04\/Anexo-N\u00b04-Carta-Gantt.xlsx\">Anexo N\u00b04 Carta Gantt<\/a> <a href=\"https:\/\/vrip.ubiobio.cl\/wp-content\/uploads\/2023\/04\/Bases-Crea-tu-Start-Up_-An\u0303o-2023-ok.pdf\">Bases Crea tu Start Up_ An\u0303o 2023 ok<\/a><\/li>\n<li><a href=\"https:\/\/vrip.ubiobio.cl\/wp-content\/uploads\/2023\/04\/Formulario-Postulacio\u0301n-Crea-tu-Startup-ok.doc\">Formulario Postulacio\u0301n Crea tu Startup ok<\/a><\/li>\n<li><a href=\"https:\/\/vrip.ubiobio.cl\/wp-content\/uploads\/2023\/04\/Bases-Crea-tu-Start-Up_-An\u0303o-2023-ok-1.pdf\">Bases Crea tu Start Up_ An\u0303o 2023 ok<\/a><\/li>\n<\/ul>\n<p><img decoding=\"async\" class=\"alignnone size-full wp-image-38575\" src=\"https:\/\/vrip.ubiobio.cl\/wp-content\/uploads\/2023\/04\/r-02.png\" alt=\"\" width=\"1152\" height=\"192\" srcset=\"https:\/\/vrip.ubiobio.cl\/wp-content\/uploads\/2023\/04\/r-02.png 1152w, https:\/\/vrip.ubiobio.cl\/wp-content\/uploads\/2023\/04\/r-02-380x63.png 380w, https:\/\/vrip.ubiobio.cl\/wp-content\/uploads\/2023\/04\/r-02-1024x171.png 1024w, https:\/\/vrip.ubiobio.cl\/wp-content\/uploads\/2023\/04\/r-02-768x128.png 768w\" sizes=\"(max-width: 1152px) 100vw, 1152px\" \/><\/p>\n<p><strong>\u00abApoyo a la realizaci\u00f3n de proyectos de Tesis en I+D+i+e &#8211; Mujeres UBB\u00bb&nbsp;<\/strong><strong style=\"color: var( --e-global-color-text ); font-style: var( --e-global-typography-text-font-style );\">=&gt;&nbsp;<\/strong><a href=\"https:\/\/vrip.ubiobio.cl\/wp-content\/uploads\/2023\/08\/Resultados.pdf\" target=\"_blank\" rel=\"noopener\" style=\"font-style: var( --e-global-typography-text-font-style ); font-weight: var( --e-global-typography-text-font-weight ); background-color: rgb(255, 255, 255);\">Resultados<\/a><\/p>\n<p><span style=\"font-weight: 400;\">El objetivo del concurso&nbsp; es impulsar la presentaci\u00f3n de tesis de proyectos de I+D+i+e que contribuyan al desarrollo de la actividad cient\u00edfica &#8211; tecnol\u00f3gica de la Universidad del B\u00edo-B\u00edo vinculada a la habilitaci\u00f3n profesional, tesis, trabajo de titulo o similar.<\/span><\/p>\n<p><span style=\"font-weight: 400;\">El concurso financia proyectos de&nbsp;<\/span><b>hasta $1.000.000.-<\/b><span style=\"font-weight: 400;\">&nbsp;(un mill\u00f3n de pesos M\/N), en un plazo m\u00e1ximo de ejecuci\u00f3n de&nbsp;<\/span><b>6 meses<\/b><span style=\"font-weight: 400;\">.<\/span><\/p>\n<p>El plazo de cierre para enviar las postulaciones es el d\u00eda <strong>viernes 09 de junio de 2023 a las 17:00 horas.&nbsp;<\/strong><\/p>\n<p>El formulario de postulaci\u00f3n y anexos deber\u00e1n ser enviados al correo electr\u00f3nico: <a href=\"mailto:emprendimiento@ubiobio.cl\">emprendimiento@ubiobio.cl<\/a>. La coordinaci\u00f3n de la convocatoria, ser\u00e1 de responsabilidad de la Direcci\u00f3n de Innovaci\u00f3n, a trav\u00e9s de su Unidad de Emprendimiento. Cualquier consulta al respecto, agradeceremos tomar contacto al<br>mail:&nbsp;<a href=\"mailto:emprendimiento@ubiobio.cl\">emprendimiento@ubiobio.cl<\/a><\/p>\n<p>Se adjuntan al presente, Bases del Concurso, Anexos y Formulario de Postulaci\u00f3n<\/p>\n<ul>\n<li><a href=\"https:\/\/vrip.ubiobio.cl\/wp-content\/uploads\/2023\/04\/Anexo-N\u00b01-Nivel-de-Madurez-Tecnolo\u0301gica-1.pdf\">Anexo N\u00b01 Nivel de Madurez Tecnolo\u0301gica<\/a><\/li>\n<li><a href=\"https:\/\/vrip.ubiobio.cl\/wp-content\/uploads\/2023\/04\/Anexo-N\u00b02-Glosario-1.pdf\">Anexo N\u00b02 Glosario<\/a><\/li>\n<li><a href=\"https:\/\/vrip.ubiobio.cl\/wp-content\/uploads\/2023\/04\/Anexo-N\u00b03a-Informe-Visacion-Dedicacio\u0301n-Horaria-del-Personal.doc\">Anexo N\u00b03a &#8211; Informe Visacion Dedicacio\u0301n Horaria del Personal<\/a><\/li>\n<li><a href=\"https:\/\/vrip.ubiobio.cl\/wp-content\/uploads\/2023\/04\/Anexo-N\u00b03b-Informe-Visacio\u0301n-Utilizacio\u0301n-Infraestructura.docx\">Anexo N\u00b03b Informe Visacio\u0301n Utilizacio\u0301n Infraestructura<\/a><\/li>\n<li><a href=\"https:\/\/vrip.ubiobio.cl\/wp-content\/uploads\/2023\/04\/Anexo-N\u00b04-Carta-Gantt-1.xlsx\">Anexo N\u00b04 Carta Gantt<\/a><\/li>\n<li><a href=\"https:\/\/vrip.ubiobio.cl\/wp-content\/uploads\/2023\/04\/Bases-Proyecto-Tesis-An\u0303o-2023-ok.pdf\">Bases Proyecto Tesis An\u0303o 2023 ok<\/a><\/li>\n<li><a href=\"https:\/\/vrip.ubiobio.cl\/wp-content\/uploads\/2023\/04\/Formulario-Postulacio\u0301n-Gui\u0301a-Tesis-ok.doc\">Formulario Postulacio\u0301n Gui\u0301a Tesis ok<\/a><\/li>\n<\/ul>\t\t\t\t\t\t\t\t<\/div>\n\t\t\t\t<\/div>\n\t\t\t\t\t<\/div>\n\t\t<\/div>\n\t\t\t\t\t<\/div>\n\t\t<\/section>\n\t\t\t\t<\/div>\n\t\t","protected":false},"excerpt":{"rendered":"<p>La Vicerrector\u00eda de Investigaci\u00f3n y Postgrado a trav\u00e9s de la Unidad de Emprendimiento de la Direcci\u00f3n de Innovaci\u00f3n, informa que a partir del d\u00eda martes 25 de abril se encuentra abierta la Convocatoria para los concursos:&nbsp; \u00abCrea tu startup\u00bb =&gt;&nbsp;Resultados El objetivo del concurso es financiar y apoyar la formalizaci\u00f3n y puesta en marcha de&#8230;<\/p>\n","protected":false},"author":1,"featured_media":0,"parent":0,"menu_order":0,"comment_status":"closed","ping_status":"closed","template":"","meta":{"_kadence_starter_templates_imported_post":false,"_kad_post_transparent":"default","_kad_post_title":"hide","_kad_post_layout":"narrow","_kad_post_sidebar_id":"","_kad_post_content_style":"boxed","_kad_post_vertical_padding":"bottom","_kad_post_feature":"","_kad_post_feature_position":"","_kad_post_header":false,"_kad_post_footer":false,"footnotes":""},"class_list":["post-38556","page","type-page","status-publish","hentry"],"yoast_head":"<!-- This site is optimized with the Yoast SEO plugin v27.5 - https:\/\/yoast.com\/product\/yoast-seo-wordpress\/ -->\n<title>Convocatorias Emprendimiento UBB 2023 - VRIP<\/title>\n<meta name=\"robots\" content=\"index, follow, max-snippet:-1, max-image-preview:large, max-video-preview:-1\" \/>\n<link rel=\"canonical\" href=\"https:\/\/vrip.ubiobio.cl\/inicio\/convocatorias-emprendimiento-ubb-2023\/\" \/>\n<meta property=\"og:locale\" content=\"es_ES\" \/>\n<meta property=\"og:type\" content=\"article\" \/>\n<meta property=\"og:title\" content=\"Convocatorias Emprendimiento UBB 2023 - VRIP\" \/>\n<meta property=\"og:description\" content=\"La Vicerrector\u00eda de Investigaci\u00f3n y Postgrado a trav\u00e9s de la Unidad de Emprendimiento de la Direcci\u00f3n de Innovaci\u00f3n, informa que a partir del d\u00eda martes 25 de abril se encuentra abierta la Convocatoria para los concursos:&nbsp; \u00abCrea tu startup\u00bb =&gt;&nbsp;Resultados El objetivo del concurso es financiar y apoyar la formalizaci\u00f3n y puesta en marcha de...\" \/>\n<meta property=\"og:url\" content=\"https:\/\/vrip.ubiobio.cl\/inicio\/convocatorias-emprendimiento-ubb-2023\/\" \/>\n<meta property=\"og:site_name\" content=\"VRIP\" \/>\n<meta property=\"article:modified_time\" content=\"2023-08-03T16:03:11+00:00\" \/>\n<meta property=\"og:image\" content=\"https:\/\/vrip.ubiobio.cl\/wp-content\/uploads\/2023\/05\/banner-vrip-emp_Mesa-de-trabajo-1-scaled.jpg\" \/>\n\t<meta property=\"og:image:width\" content=\"2560\" \/>\n\t<meta property=\"og:image:height\" content=\"874\" \/>\n\t<meta property=\"og:image:type\" content=\"image\/jpeg\" \/>\n<meta name=\"twitter:card\" content=\"summary_large_image\" \/>\n<meta name=\"twitter:site\" content=\"@vripubb\" \/>\n<meta name=\"twitter:label1\" content=\"Tiempo de lectura\" \/>\n\t<meta name=\"twitter:data1\" content=\"2 minutos\" \/>\n<script type=\"application\/ld+json\" class=\"yoast-schema-graph\">{\"@context\":\"https:\\\/\\\/schema.org\",\"@graph\":[{\"@type\":\"WebPage\",\"@id\":\"https:\\\/\\\/vrip.ubiobio.cl\\\/inicio\\\/convocatorias-emprendimiento-ubb-2023\\\/\",\"url\":\"https:\\\/\\\/vrip.ubiobio.cl\\\/inicio\\\/convocatorias-emprendimiento-ubb-2023\\\/\",\"name\":\"Convocatorias Emprendimiento UBB 2023 - VRIP\",\"isPartOf\":{\"@id\":\"https:\\\/\\\/vrip.ubiobio.cl\\\/inicio\\\/#website\"},\"primaryImageOfPage\":{\"@id\":\"https:\\\/\\\/vrip.ubiobio.cl\\\/inicio\\\/convocatorias-emprendimiento-ubb-2023\\\/#primaryimage\"},\"image\":{\"@id\":\"https:\\\/\\\/vrip.ubiobio.cl\\\/inicio\\\/convocatorias-emprendimiento-ubb-2023\\\/#primaryimage\"},\"thumbnailUrl\":\"https:\\\/\\\/vrip.ubiobio.cl\\\/wp-content\\\/uploads\\\/2023\\\/05\\\/banner-vrip-emp_Mesa-de-trabajo-1-scaled.jpg\",\"datePublished\":\"2023-04-24T20:26:11+00:00\",\"dateModified\":\"2023-08-03T16:03:11+00:00\",\"breadcrumb\":{\"@id\":\"https:\\\/\\\/vrip.ubiobio.cl\\\/inicio\\\/convocatorias-emprendimiento-ubb-2023\\\/#breadcrumb\"},\"inLanguage\":\"es\",\"potentialAction\":[{\"@type\":\"ReadAction\",\"target\":[\"https:\\\/\\\/vrip.ubiobio.cl\\\/inicio\\\/convocatorias-emprendimiento-ubb-2023\\\/\"]}]},{\"@type\":\"ImageObject\",\"inLanguage\":\"es\",\"@id\":\"https:\\\/\\\/vrip.ubiobio.cl\\\/inicio\\\/convocatorias-emprendimiento-ubb-2023\\\/#primaryimage\",\"url\":\"https:\\\/\\\/vrip.ubiobio.cl\\\/wp-content\\\/uploads\\\/2023\\\/05\\\/banner-vrip-emp_Mesa-de-trabajo-1-scaled.jpg\",\"contentUrl\":\"https:\\\/\\\/vrip.ubiobio.cl\\\/wp-content\\\/uploads\\\/2023\\\/05\\\/banner-vrip-emp_Mesa-de-trabajo-1-scaled.jpg\"},{\"@type\":\"BreadcrumbList\",\"@id\":\"https:\\\/\\\/vrip.ubiobio.cl\\\/inicio\\\/convocatorias-emprendimiento-ubb-2023\\\/#breadcrumb\",\"itemListElement\":[{\"@type\":\"ListItem\",\"position\":1,\"name\":\"Portada\",\"item\":\"https:\\\/\\\/vrip.ubiobio.cl\\\/inicio\\\/\"},{\"@type\":\"ListItem\",\"position\":2,\"name\":\"Convocatorias Emprendimiento UBB 2023\"}]},{\"@type\":\"WebSite\",\"@id\":\"https:\\\/\\\/vrip.ubiobio.cl\\\/inicio\\\/#website\",\"url\":\"https:\\\/\\\/vrip.ubiobio.cl\\\/inicio\\\/\",\"name\":\"VRIP\",\"description\":\"Vicerrector\u00eda de Investigaci\u00f3n y Postgrado\",\"publisher\":{\"@id\":\"https:\\\/\\\/vrip.ubiobio.cl\\\/inicio\\\/#organization\"},\"potentialAction\":[{\"@type\":\"SearchAction\",\"target\":{\"@type\":\"EntryPoint\",\"urlTemplate\":\"https:\\\/\\\/vrip.ubiobio.cl\\\/inicio\\\/?s={search_term_string}\"},\"query-input\":{\"@type\":\"PropertyValueSpecification\",\"valueRequired\":true,\"valueName\":\"search_term_string\"}}],\"inLanguage\":\"es\"},{\"@type\":\"Organization\",\"@id\":\"https:\\\/\\\/vrip.ubiobio.cl\\\/inicio\\\/#organization\",\"name\":\"VRIP\",\"url\":\"https:\\\/\\\/vrip.ubiobio.cl\\\/inicio\\\/\",\"logo\":{\"@type\":\"ImageObject\",\"inLanguage\":\"es\",\"@id\":\"https:\\\/\\\/vrip.ubiobio.cl\\\/inicio\\\/#\\\/schema\\\/logo\\\/image\\\/\",\"url\":\"https:\\\/\\\/vrip.ubiobio.cl\\\/wp-content\\\/uploads\\\/2022\\\/10\\\/logo-vrip_Mesa-de-trabajo-1.png\",\"contentUrl\":\"https:\\\/\\\/vrip.ubiobio.cl\\\/wp-content\\\/uploads\\\/2022\\\/10\\\/logo-vrip_Mesa-de-trabajo-1.png\",\"width\":642,\"height\":178,\"caption\":\"VRIP\"},\"image\":{\"@id\":\"https:\\\/\\\/vrip.ubiobio.cl\\\/inicio\\\/#\\\/schema\\\/logo\\\/image\\\/\"},\"sameAs\":[\"https:\\\/\\\/x.com\\\/vripubb\",\"https:\\\/\\\/www.instagram.com\\\/vrip_ubb\\\/\",\"https:\\\/\\\/www.youtube.com\\\/channel\\\/UCf7o8yHRJ7Y_QQLxwu1KQgA\",\"https:\\\/\\\/www.linkedin.com\\\/company\\\/96035097\\\/admin\\\/dashboard\\\/\"]}]}<\/script>\n<!-- \/ Yoast SEO plugin. -->","yoast_head_json":{"title":"Convocatorias Emprendimiento UBB 2023 - VRIP","robots":{"index":"index","follow":"follow","max-snippet":"max-snippet:-1","max-image-preview":"max-image-preview:large","max-video-preview":"max-video-preview:-1"},"canonical":"https:\/\/vrip.ubiobio.cl\/inicio\/convocatorias-emprendimiento-ubb-2023\/","og_locale":"es_ES","og_type":"article","og_title":"Convocatorias Emprendimiento UBB 2023 - VRIP","og_description":"La Vicerrector\u00eda de Investigaci\u00f3n y Postgrado a trav\u00e9s de la Unidad de Emprendimiento de la Direcci\u00f3n de Innovaci\u00f3n, informa que a partir del d\u00eda martes 25 de abril se encuentra abierta la Convocatoria para los concursos:&nbsp; \u00abCrea tu startup\u00bb =&gt;&nbsp;Resultados El objetivo del concurso es financiar y apoyar la formalizaci\u00f3n y puesta en marcha de...","og_url":"https:\/\/vrip.ubiobio.cl\/inicio\/convocatorias-emprendimiento-ubb-2023\/","og_site_name":"VRIP","article_modified_time":"2023-08-03T16:03:11+00:00","og_image":[{"width":2560,"height":874,"url":"https:\/\/vrip.ubiobio.cl\/wp-content\/uploads\/2023\/05\/banner-vrip-emp_Mesa-de-trabajo-1-scaled.jpg","type":"image\/jpeg"}],"twitter_card":"summary_large_image","twitter_site":"@vripubb","twitter_misc":{"Tiempo de lectura":"2 minutos"},"schema":{"@context":"https:\/\/schema.org","@graph":[{"@type":"WebPage","@id":"https:\/\/vrip.ubiobio.cl\/inicio\/convocatorias-emprendimiento-ubb-2023\/","url":"https:\/\/vrip.ubiobio.cl\/inicio\/convocatorias-emprendimiento-ubb-2023\/","name":"Convocatorias Emprendimiento UBB 2023 - VRIP","isPartOf":{"@id":"https:\/\/vrip.ubiobio.cl\/inicio\/#website"},"primaryImageOfPage":{"@id":"https:\/\/vrip.ubiobio.cl\/inicio\/convocatorias-emprendimiento-ubb-2023\/#primaryimage"},"image":{"@id":"https:\/\/vrip.ubiobio.cl\/inicio\/convocatorias-emprendimiento-ubb-2023\/#primaryimage"},"thumbnailUrl":"https:\/\/vrip.ubiobio.cl\/wp-content\/uploads\/2023\/05\/banner-vrip-emp_Mesa-de-trabajo-1-scaled.jpg","datePublished":"2023-04-24T20:26:11+00:00","dateModified":"2023-08-03T16:03:11+00:00","breadcrumb":{"@id":"https:\/\/vrip.ubiobio.cl\/inicio\/convocatorias-emprendimiento-ubb-2023\/#breadcrumb"},"inLanguage":"es","potentialAction":[{"@type":"ReadAction","target":["https:\/\/vrip.ubiobio.cl\/inicio\/convocatorias-emprendimiento-ubb-2023\/"]}]},{"@type":"ImageObject","inLanguage":"es","@id":"https:\/\/vrip.ubiobio.cl\/inicio\/convocatorias-emprendimiento-ubb-2023\/#primaryimage","url":"https:\/\/vrip.ubiobio.cl\/wp-content\/uploads\/2023\/05\/banner-vrip-emp_Mesa-de-trabajo-1-scaled.jpg","contentUrl":"https:\/\/vrip.ubiobio.cl\/wp-content\/uploads\/2023\/05\/banner-vrip-emp_Mesa-de-trabajo-1-scaled.jpg"},{"@type":"BreadcrumbList","@id":"https:\/\/vrip.ubiobio.cl\/inicio\/convocatorias-emprendimiento-ubb-2023\/#breadcrumb","itemListElement":[{"@type":"ListItem","position":1,"name":"Portada","item":"https:\/\/vrip.ubiobio.cl\/inicio\/"},{"@type":"ListItem","position":2,"name":"Convocatorias Emprendimiento UBB 2023"}]},{"@type":"WebSite","@id":"https:\/\/vrip.ubiobio.cl\/inicio\/#website","url":"https:\/\/vrip.ubiobio.cl\/inicio\/","name":"VRIP","description":"Vicerrector\u00eda de Investigaci\u00f3n y Postgrado","publisher":{"@id":"https:\/\/vrip.ubiobio.cl\/inicio\/#organization"},"potentialAction":[{"@type":"SearchAction","target":{"@type":"EntryPoint","urlTemplate":"https:\/\/vrip.ubiobio.cl\/inicio\/?s={search_term_string}"},"query-input":{"@type":"PropertyValueSpecification","valueRequired":true,"valueName":"search_term_string"}}],"inLanguage":"es"},{"@type":"Organization","@id":"https:\/\/vrip.ubiobio.cl\/inicio\/#organization","name":"VRIP","url":"https:\/\/vrip.ubiobio.cl\/inicio\/","logo":{"@type":"ImageObject","inLanguage":"es","@id":"https:\/\/vrip.ubiobio.cl\/inicio\/#\/schema\/logo\/image\/","url":"https:\/\/vrip.ubiobio.cl\/wp-content\/uploads\/2022\/10\/logo-vrip_Mesa-de-trabajo-1.png","contentUrl":"https:\/\/vrip.ubiobio.cl\/wp-content\/uploads\/2022\/10\/logo-vrip_Mesa-de-trabajo-1.png","width":642,"height":178,"caption":"VRIP"},"image":{"@id":"https:\/\/vrip.ubiobio.cl\/inicio\/#\/schema\/logo\/image\/"},"sameAs":["https:\/\/x.com\/vripubb","https:\/\/www.instagram.com\/vrip_ubb\/","https:\/\/www.youtube.com\/channel\/UCf7o8yHRJ7Y_QQLxwu1KQgA","https:\/\/www.linkedin.com\/company\/96035097\/admin\/dashboard\/"]}]}},"_links":{"self":[{"href":"https:\/\/vrip.ubiobio.cl\/inicio\/wp-json\/wp\/v2\/pages\/38556","targetHints":{"allow":["GET"]}}],"collection":[{"href":"https:\/\/vrip.ubiobio.cl\/inicio\/wp-json\/wp\/v2\/pages"}],"about":[{"href":"https:\/\/vrip.ubiobio.cl\/inicio\/wp-json\/wp\/v2\/types\/page"}],"author":[{"embeddable":true,"href":"https:\/\/vrip.ubiobio.cl\/inicio\/wp-json\/wp\/v2\/users\/1"}],"replies":[{"embeddable":true,"href":"https:\/\/vrip.ubiobio.cl\/inicio\/wp-json\/wp\/v2\/comments?post=38556"}],"version-history":[{"count":46,"href":"https:\/\/vrip.ubiobio.cl\/inicio\/wp-json\/wp\/v2\/pages\/38556\/revisions"}],"predecessor-version":[{"id":40337,"href":"https:\/\/vrip.ubiobio.cl\/inicio\/wp-json\/wp\/v2\/pages\/38556\/revisions\/40337"}],"wp:attachment":[{"href":"https:\/\/vrip.ubiobio.cl\/inicio\/wp-json\/wp\/v2\/media?parent=38556"}],"curies":[{"name":"wp","href":"https:\/\/api.w.org\/{rel}","templated":true}]}}