{"id":38233,"date":"2023-04-17T13:43:51","date_gmt":"2023-04-17T13:43:51","guid":{"rendered":"https:\/\/vrip.ubiobio.cl\/inicio\/?page_id=38233"},"modified":"2023-10-10T19:21:42","modified_gmt":"2023-10-10T19:21:42","slug":"concurso-proyectos-de-creacion-artistica-ubb-2023","status":"publish","type":"page","link":"https:\/\/vrip.ubiobio.cl\/inicio\/concurso-proyectos-de-creacion-artistica-ubb-2023\/","title":{"rendered":"Concurso Proyectos de Creaci\u00f3n Art\u00edstica UBB 2023"},"content":{"rendered":"\t\t<div data-elementor-type=\"wp-page\" data-elementor-id=\"38233\" class=\"elementor elementor-38233\" data-elementor-settings=\"{&quot;ha_cmc_init_switcher&quot;:&quot;no&quot;}\">\n\t\t\t\t\t\t<section class=\"elementor-section elementor-top-section elementor-element elementor-element-7fe7f59 elementor-section-boxed elementor-section-height-default elementor-section-height-default\" data-id=\"7fe7f59\" data-element_type=\"section\" data-e-type=\"section\" data-settings=\"{&quot;_ha_eqh_enable&quot;:false}\">\n\t\t\t\t\t\t<div class=\"elementor-container elementor-column-gap-default\">\n\t\t\t\t\t<div class=\"elementor-column elementor-col-100 elementor-top-column elementor-element elementor-element-742ad038\" data-id=\"742ad038\" data-element_type=\"column\" data-e-type=\"column\">\n\t\t\t<div class=\"elementor-widget-wrap elementor-element-populated\">\n\t\t\t\t\t\t<div class=\"elementor-element elementor-element-596f5107 elementor-widget elementor-widget-text-editor\" data-id=\"596f5107\" data-element_type=\"widget\" data-e-type=\"widget\" data-widget_type=\"text-editor.default\">\n\t\t\t\t<div class=\"elementor-widget-container\">\n\t\t\t\t\t\t\t\t\t<p><img fetchpriority=\"high\" decoding=\"async\" class=\"alignnone wp-image-39688 size-full\" src=\"https:\/\/vrip.ubiobio.cl\/wp-content\/uploads\/2023\/06\/creacion-artisticaNP-02-scaled.jpg\" alt=\"\" width=\"2560\" height=\"901\" srcset=\"https:\/\/vrip.ubiobio.cl\/wp-content\/uploads\/2023\/06\/creacion-artisticaNP-02-scaled.jpg 2560w, https:\/\/vrip.ubiobio.cl\/wp-content\/uploads\/2023\/06\/creacion-artisticaNP-02-380x134.jpg 380w, https:\/\/vrip.ubiobio.cl\/wp-content\/uploads\/2023\/06\/creacion-artisticaNP-02-1024x360.jpg 1024w, https:\/\/vrip.ubiobio.cl\/wp-content\/uploads\/2023\/06\/creacion-artisticaNP-02-768x270.jpg 768w, https:\/\/vrip.ubiobio.cl\/wp-content\/uploads\/2023\/06\/creacion-artisticaNP-02-1536x540.jpg 1536w, https:\/\/vrip.ubiobio.cl\/wp-content\/uploads\/2023\/06\/creacion-artisticaNP-02-2048x721.jpg 2048w\" sizes=\"(max-width: 2560px) 100vw, 2560px\" \/><\/p><p>La <strong>Vicerrector\u00eda de Investigaci\u00f3n y Postgrado<\/strong>, llama a la comunidad acad\u00e9mica a postular al\u00a0<strong>Concurso \u201cProyectos de Creaci\u00f3n Art\u00edstica UBB 2023-2024\u201d<\/strong> de la <strong>Direcci\u00f3n de Investigaci\u00f3n y\u00a0<\/strong><strong>Creaci\u00f3n Art\u00edstica<\/strong>.<\/p><p>La apertura del Concurso de Creaci\u00f3n Art\u00edstica es el d\u00eda <strong>lunes 17 de abril de 2023<\/strong> y la <strong>fecha\u00a0<\/strong><strong>de cierre ser\u00e1 el\u00a0<\/strong><strong style=\"color: var( --e-global-color-text ); font-style: var( --e-global-typography-text-font-style );\">d\u00eda lunes 03 de julio de 2023 a las 18:00 <\/strong><strong style=\"color: var( --e-global-color-text ); font-style: var( --e-global-typography-text-font-style );\">hrs.<\/strong><\/p><p><a href=\"https:\/\/vrip.ubiobio.cl\/wp-content\/uploads\/2023\/06\/Bases_Proyectos_Creacion_Artistica_ABRIL.pdf\" target=\"_blank\" rel=\"noopener\">Bases del Concurso<\/a><br \/><a href=\"https:\/\/vrip.ubiobio.cl\/wp-content\/uploads\/2023\/10\/VRIP_Resultados-DICREA.pdf\" target=\"_blank\" rel=\"noopener\">Resultado<\/a><br \/><a style=\"display: none;\" href=\"https:\/\/vrip.ubiobio.cl\/inicio\/formulario-concurso-proyectos-de-creacion-artistica-ubb-2023\/\" target=\"_blank\" rel=\"noopener noreferrer\">Formulario de postulaci\u00f3n<\/a><\/p><p><span style=\"color: var( --e-global-color-text ); font-style: var( --e-global-typography-text-font-style ); font-weight: var( --e-global-typography-text-font-weight );\">Puede consultar la Pol\u00edtica de Creaci\u00f3n Art\u00edstica en:\u00a0<\/span><a style=\"font-style: var( --e-global-typography-text-font-style ); font-weight: var( --e-global-typography-text-font-weight );\" href=\"https:\/\/vrip.ubiobio.cl\/inicio\/politicasynormativas\/\">Reglamentos UBB<\/a><span style=\"color: var( --e-global-color-text ); font-style: var( --e-global-typography-text-font-style ); font-weight: var( --e-global-typography-text-font-weight );\">.<\/span><\/p><div><div><p>Para dudas o consultas de ambas sedes contactarse con la Subdirecci\u00f3n de Investigaci\u00f3n y Creaci\u00f3n Art\u00edstica:<\/p><p><strong>Dr. H\u00e9ctor Torres<\/strong>, Subdirector de Investigaci\u00f3n y Creaci\u00f3n Art\u00edstica,\u00a0<a href=\"mailto:htorres@ubiobio.cl\" target=\"_blank\" rel=\"noopener noreferrer\">htorres@ubiobio.cl<\/a><br \/><strong>Francisca Mu\u00f1oz<\/strong>, Asistente Subdirecci\u00f3n de Investigaci\u00f3n y Creaci\u00f3n Art\u00edstica,\u00a0<a href=\"mailto:asistentedicrea@ubiobio.cl\" target=\"_blank\" rel=\"noopener noreferrer\">asistentedicrea@ubiobio.cl<\/a> o al tel\u00e9fono +56 (42) 246 <b>3362<\/b><\/p><p><b>\u00a0<\/b><\/p><\/div><\/div>\t\t\t\t\t\t\t\t<\/div>\n\t\t\t\t<\/div>\n\t\t\t\t\t<\/div>\n\t\t<\/div>\n\t\t\t\t\t<\/div>\n\t\t<\/section>\n\t\t\t\t<\/div>\n\t\t","protected":false},"excerpt":{"rendered":"<p>La Vicerrector\u00eda de Investigaci\u00f3n y Postgrado, llama a la comunidad acad\u00e9mica a postular al\u00a0Concurso \u201cProyectos de Creaci\u00f3n Art\u00edstica UBB 2023-2024\u201d de la Direcci\u00f3n de Investigaci\u00f3n y\u00a0Creaci\u00f3n Art\u00edstica. La apertura del Concurso de Creaci\u00f3n Art\u00edstica es el d\u00eda lunes 17 de abril de 2023 y la fecha\u00a0de cierre ser\u00e1 el\u00a0d\u00eda lunes 03 de julio de 2023&#8230;<\/p>\n","protected":false},"author":1,"featured_media":0,"parent":0,"menu_order":0,"comment_status":"closed","ping_status":"closed","template":"","meta":{"_kadence_starter_templates_imported_post":false,"_kad_post_transparent":"default","_kad_post_title":"hide","_kad_post_layout":"narrow","_kad_post_sidebar_id":"","_kad_post_content_style":"boxed","_kad_post_vertical_padding":"bottom","_kad_post_feature":"","_kad_post_feature_position":"","_kad_post_header":false,"_kad_post_footer":false,"footnotes":""},"class_list":["post-38233","page","type-page","status-publish","hentry"],"yoast_head":"<!-- This site is optimized with the Yoast SEO plugin v27.5 - https:\/\/yoast.com\/product\/yoast-seo-wordpress\/ -->\n<title>Concurso Proyectos de Creaci\u00f3n Art\u00edstica UBB 2023 - VRIP<\/title>\n<meta name=\"robots\" content=\"index, follow, max-snippet:-1, max-image-preview:large, max-video-preview:-1\" \/>\n<link rel=\"canonical\" href=\"https:\/\/vrip.ubiobio.cl\/inicio\/concurso-proyectos-de-creacion-artistica-ubb-2023\/\" \/>\n<meta property=\"og:locale\" content=\"es_ES\" \/>\n<meta property=\"og:type\" content=\"article\" \/>\n<meta property=\"og:title\" content=\"Concurso Proyectos de Creaci\u00f3n Art\u00edstica UBB 2023 - VRIP\" \/>\n<meta property=\"og:description\" content=\"La Vicerrector\u00eda de Investigaci\u00f3n y Postgrado, llama a la comunidad acad\u00e9mica a postular al\u00a0Concurso \u201cProyectos de Creaci\u00f3n Art\u00edstica UBB 2023-2024\u201d de la Direcci\u00f3n de Investigaci\u00f3n y\u00a0Creaci\u00f3n Art\u00edstica. La apertura del Concurso de Creaci\u00f3n Art\u00edstica es el d\u00eda lunes 17 de abril de 2023 y la fecha\u00a0de cierre ser\u00e1 el\u00a0d\u00eda lunes 03 de julio de 2023...\" \/>\n<meta property=\"og:url\" content=\"https:\/\/vrip.ubiobio.cl\/inicio\/concurso-proyectos-de-creacion-artistica-ubb-2023\/\" \/>\n<meta property=\"og:site_name\" content=\"VRIP\" \/>\n<meta property=\"article:modified_time\" content=\"2023-10-10T19:21:42+00:00\" \/>\n<meta property=\"og:image\" content=\"https:\/\/vrip.ubiobio.cl\/wp-content\/uploads\/2023\/06\/creacion-artisticaNP-02-scaled.jpg\" \/>\n\t<meta property=\"og:image:width\" content=\"2560\" \/>\n\t<meta property=\"og:image:height\" content=\"901\" \/>\n\t<meta property=\"og:image:type\" content=\"image\/jpeg\" \/>\n<meta name=\"twitter:card\" content=\"summary_large_image\" \/>\n<meta name=\"twitter:site\" content=\"@vripubb\" \/>\n<meta name=\"twitter:label1\" content=\"Tiempo de lectura\" \/>\n\t<meta name=\"twitter:data1\" content=\"1 minuto\" \/>\n<script type=\"application\/ld+json\" class=\"yoast-schema-graph\">{\"@context\":\"https:\\\/\\\/schema.org\",\"@graph\":[{\"@type\":\"WebPage\",\"@id\":\"https:\\\/\\\/vrip.ubiobio.cl\\\/inicio\\\/concurso-proyectos-de-creacion-artistica-ubb-2023\\\/\",\"url\":\"https:\\\/\\\/vrip.ubiobio.cl\\\/inicio\\\/concurso-proyectos-de-creacion-artistica-ubb-2023\\\/\",\"name\":\"Concurso Proyectos de Creaci\u00f3n Art\u00edstica UBB 2023 - VRIP\",\"isPartOf\":{\"@id\":\"https:\\\/\\\/vrip.ubiobio.cl\\\/inicio\\\/#website\"},\"primaryImageOfPage\":{\"@id\":\"https:\\\/\\\/vrip.ubiobio.cl\\\/inicio\\\/concurso-proyectos-de-creacion-artistica-ubb-2023\\\/#primaryimage\"},\"image\":{\"@id\":\"https:\\\/\\\/vrip.ubiobio.cl\\\/inicio\\\/concurso-proyectos-de-creacion-artistica-ubb-2023\\\/#primaryimage\"},\"thumbnailUrl\":\"https:\\\/\\\/vrip.ubiobio.cl\\\/wp-content\\\/uploads\\\/2023\\\/06\\\/creacion-artisticaNP-02-scaled.jpg\",\"datePublished\":\"2023-04-17T13:43:51+00:00\",\"dateModified\":\"2023-10-10T19:21:42+00:00\",\"breadcrumb\":{\"@id\":\"https:\\\/\\\/vrip.ubiobio.cl\\\/inicio\\\/concurso-proyectos-de-creacion-artistica-ubb-2023\\\/#breadcrumb\"},\"inLanguage\":\"es\",\"potentialAction\":[{\"@type\":\"ReadAction\",\"target\":[\"https:\\\/\\\/vrip.ubiobio.cl\\\/inicio\\\/concurso-proyectos-de-creacion-artistica-ubb-2023\\\/\"]}]},{\"@type\":\"ImageObject\",\"inLanguage\":\"es\",\"@id\":\"https:\\\/\\\/vrip.ubiobio.cl\\\/inicio\\\/concurso-proyectos-de-creacion-artistica-ubb-2023\\\/#primaryimage\",\"url\":\"https:\\\/\\\/vrip.ubiobio.cl\\\/wp-content\\\/uploads\\\/2023\\\/06\\\/creacion-artisticaNP-02-scaled.jpg\",\"contentUrl\":\"https:\\\/\\\/vrip.ubiobio.cl\\\/wp-content\\\/uploads\\\/2023\\\/06\\\/creacion-artisticaNP-02-scaled.jpg\"},{\"@type\":\"BreadcrumbList\",\"@id\":\"https:\\\/\\\/vrip.ubiobio.cl\\\/inicio\\\/concurso-proyectos-de-creacion-artistica-ubb-2023\\\/#breadcrumb\",\"itemListElement\":[{\"@type\":\"ListItem\",\"position\":1,\"name\":\"Portada\",\"item\":\"https:\\\/\\\/vrip.ubiobio.cl\\\/inicio\\\/\"},{\"@type\":\"ListItem\",\"position\":2,\"name\":\"Concurso Proyectos de Creaci\u00f3n Art\u00edstica UBB 2023\"}]},{\"@type\":\"WebSite\",\"@id\":\"https:\\\/\\\/vrip.ubiobio.cl\\\/inicio\\\/#website\",\"url\":\"https:\\\/\\\/vrip.ubiobio.cl\\\/inicio\\\/\",\"name\":\"VRIP\",\"description\":\"Vicerrector\u00eda de Investigaci\u00f3n y Postgrado\",\"publisher\":{\"@id\":\"https:\\\/\\\/vrip.ubiobio.cl\\\/inicio\\\/#organization\"},\"potentialAction\":[{\"@type\":\"SearchAction\",\"target\":{\"@type\":\"EntryPoint\",\"urlTemplate\":\"https:\\\/\\\/vrip.ubiobio.cl\\\/inicio\\\/?s={search_term_string}\"},\"query-input\":{\"@type\":\"PropertyValueSpecification\",\"valueRequired\":true,\"valueName\":\"search_term_string\"}}],\"inLanguage\":\"es\"},{\"@type\":\"Organization\",\"@id\":\"https:\\\/\\\/vrip.ubiobio.cl\\\/inicio\\\/#organization\",\"name\":\"VRIP\",\"url\":\"https:\\\/\\\/vrip.ubiobio.cl\\\/inicio\\\/\",\"logo\":{\"@type\":\"ImageObject\",\"inLanguage\":\"es\",\"@id\":\"https:\\\/\\\/vrip.ubiobio.cl\\\/inicio\\\/#\\\/schema\\\/logo\\\/image\\\/\",\"url\":\"https:\\\/\\\/vrip.ubiobio.cl\\\/wp-content\\\/uploads\\\/2022\\\/10\\\/logo-vrip_Mesa-de-trabajo-1.png\",\"contentUrl\":\"https:\\\/\\\/vrip.ubiobio.cl\\\/wp-content\\\/uploads\\\/2022\\\/10\\\/logo-vrip_Mesa-de-trabajo-1.png\",\"width\":642,\"height\":178,\"caption\":\"VRIP\"},\"image\":{\"@id\":\"https:\\\/\\\/vrip.ubiobio.cl\\\/inicio\\\/#\\\/schema\\\/logo\\\/image\\\/\"},\"sameAs\":[\"https:\\\/\\\/x.com\\\/vripubb\",\"https:\\\/\\\/www.instagram.com\\\/vrip_ubb\\\/\",\"https:\\\/\\\/www.youtube.com\\\/channel\\\/UCf7o8yHRJ7Y_QQLxwu1KQgA\",\"https:\\\/\\\/www.linkedin.com\\\/company\\\/96035097\\\/admin\\\/dashboard\\\/\"]}]}<\/script>\n<!-- \/ Yoast SEO plugin. -->","yoast_head_json":{"title":"Concurso Proyectos de Creaci\u00f3n Art\u00edstica UBB 2023 - VRIP","robots":{"index":"index","follow":"follow","max-snippet":"max-snippet:-1","max-image-preview":"max-image-preview:large","max-video-preview":"max-video-preview:-1"},"canonical":"https:\/\/vrip.ubiobio.cl\/inicio\/concurso-proyectos-de-creacion-artistica-ubb-2023\/","og_locale":"es_ES","og_type":"article","og_title":"Concurso Proyectos de Creaci\u00f3n Art\u00edstica UBB 2023 - VRIP","og_description":"La Vicerrector\u00eda de Investigaci\u00f3n y Postgrado, llama a la comunidad acad\u00e9mica a postular al\u00a0Concurso \u201cProyectos de Creaci\u00f3n Art\u00edstica UBB 2023-2024\u201d de la Direcci\u00f3n de Investigaci\u00f3n y\u00a0Creaci\u00f3n Art\u00edstica. La apertura del Concurso de Creaci\u00f3n Art\u00edstica es el d\u00eda lunes 17 de abril de 2023 y la fecha\u00a0de cierre ser\u00e1 el\u00a0d\u00eda lunes 03 de julio de 2023...","og_url":"https:\/\/vrip.ubiobio.cl\/inicio\/concurso-proyectos-de-creacion-artistica-ubb-2023\/","og_site_name":"VRIP","article_modified_time":"2023-10-10T19:21:42+00:00","og_image":[{"width":2560,"height":901,"url":"https:\/\/vrip.ubiobio.cl\/wp-content\/uploads\/2023\/06\/creacion-artisticaNP-02-scaled.jpg","type":"image\/jpeg"}],"twitter_card":"summary_large_image","twitter_site":"@vripubb","twitter_misc":{"Tiempo de lectura":"1 minuto"},"schema":{"@context":"https:\/\/schema.org","@graph":[{"@type":"WebPage","@id":"https:\/\/vrip.ubiobio.cl\/inicio\/concurso-proyectos-de-creacion-artistica-ubb-2023\/","url":"https:\/\/vrip.ubiobio.cl\/inicio\/concurso-proyectos-de-creacion-artistica-ubb-2023\/","name":"Concurso Proyectos de Creaci\u00f3n Art\u00edstica UBB 2023 - VRIP","isPartOf":{"@id":"https:\/\/vrip.ubiobio.cl\/inicio\/#website"},"primaryImageOfPage":{"@id":"https:\/\/vrip.ubiobio.cl\/inicio\/concurso-proyectos-de-creacion-artistica-ubb-2023\/#primaryimage"},"image":{"@id":"https:\/\/vrip.ubiobio.cl\/inicio\/concurso-proyectos-de-creacion-artistica-ubb-2023\/#primaryimage"},"thumbnailUrl":"https:\/\/vrip.ubiobio.cl\/wp-content\/uploads\/2023\/06\/creacion-artisticaNP-02-scaled.jpg","datePublished":"2023-04-17T13:43:51+00:00","dateModified":"2023-10-10T19:21:42+00:00","breadcrumb":{"@id":"https:\/\/vrip.ubiobio.cl\/inicio\/concurso-proyectos-de-creacion-artistica-ubb-2023\/#breadcrumb"},"inLanguage":"es","potentialAction":[{"@type":"ReadAction","target":["https:\/\/vrip.ubiobio.cl\/inicio\/concurso-proyectos-de-creacion-artistica-ubb-2023\/"]}]},{"@type":"ImageObject","inLanguage":"es","@id":"https:\/\/vrip.ubiobio.cl\/inicio\/concurso-proyectos-de-creacion-artistica-ubb-2023\/#primaryimage","url":"https:\/\/vrip.ubiobio.cl\/wp-content\/uploads\/2023\/06\/creacion-artisticaNP-02-scaled.jpg","contentUrl":"https:\/\/vrip.ubiobio.cl\/wp-content\/uploads\/2023\/06\/creacion-artisticaNP-02-scaled.jpg"},{"@type":"BreadcrumbList","@id":"https:\/\/vrip.ubiobio.cl\/inicio\/concurso-proyectos-de-creacion-artistica-ubb-2023\/#breadcrumb","itemListElement":[{"@type":"ListItem","position":1,"name":"Portada","item":"https:\/\/vrip.ubiobio.cl\/inicio\/"},{"@type":"ListItem","position":2,"name":"Concurso Proyectos de Creaci\u00f3n Art\u00edstica UBB 2023"}]},{"@type":"WebSite","@id":"https:\/\/vrip.ubiobio.cl\/inicio\/#website","url":"https:\/\/vrip.ubiobio.cl\/inicio\/","name":"VRIP","description":"Vicerrector\u00eda de Investigaci\u00f3n y Postgrado","publisher":{"@id":"https:\/\/vrip.ubiobio.cl\/inicio\/#organization"},"potentialAction":[{"@type":"SearchAction","target":{"@type":"EntryPoint","urlTemplate":"https:\/\/vrip.ubiobio.cl\/inicio\/?s={search_term_string}"},"query-input":{"@type":"PropertyValueSpecification","valueRequired":true,"valueName":"search_term_string"}}],"inLanguage":"es"},{"@type":"Organization","@id":"https:\/\/vrip.ubiobio.cl\/inicio\/#organization","name":"VRIP","url":"https:\/\/vrip.ubiobio.cl\/inicio\/","logo":{"@type":"ImageObject","inLanguage":"es","@id":"https:\/\/vrip.ubiobio.cl\/inicio\/#\/schema\/logo\/image\/","url":"https:\/\/vrip.ubiobio.cl\/wp-content\/uploads\/2022\/10\/logo-vrip_Mesa-de-trabajo-1.png","contentUrl":"https:\/\/vrip.ubiobio.cl\/wp-content\/uploads\/2022\/10\/logo-vrip_Mesa-de-trabajo-1.png","width":642,"height":178,"caption":"VRIP"},"image":{"@id":"https:\/\/vrip.ubiobio.cl\/inicio\/#\/schema\/logo\/image\/"},"sameAs":["https:\/\/x.com\/vripubb","https:\/\/www.instagram.com\/vrip_ubb\/","https:\/\/www.youtube.com\/channel\/UCf7o8yHRJ7Y_QQLxwu1KQgA","https:\/\/www.linkedin.com\/company\/96035097\/admin\/dashboard\/"]}]}},"_links":{"self":[{"href":"https:\/\/vrip.ubiobio.cl\/inicio\/wp-json\/wp\/v2\/pages\/38233","targetHints":{"allow":["GET"]}}],"collection":[{"href":"https:\/\/vrip.ubiobio.cl\/inicio\/wp-json\/wp\/v2\/pages"}],"about":[{"href":"https:\/\/vrip.ubiobio.cl\/inicio\/wp-json\/wp\/v2\/types\/page"}],"author":[{"embeddable":true,"href":"https:\/\/vrip.ubiobio.cl\/inicio\/wp-json\/wp\/v2\/users\/1"}],"replies":[{"embeddable":true,"href":"https:\/\/vrip.ubiobio.cl\/inicio\/wp-json\/wp\/v2\/comments?post=38233"}],"version-history":[{"count":37,"href":"https:\/\/vrip.ubiobio.cl\/inicio\/wp-json\/wp\/v2\/pages\/38233\/revisions"}],"predecessor-version":[{"id":41089,"href":"https:\/\/vrip.ubiobio.cl\/inicio\/wp-json\/wp\/v2\/pages\/38233\/revisions\/41089"}],"wp:attachment":[{"href":"https:\/\/vrip.ubiobio.cl\/inicio\/wp-json\/wp\/v2\/media?parent=38233"}],"curies":[{"name":"wp","href":"https:\/\/api.w.org\/{rel}","templated":true}]}}