{"id":34920,"date":"2022-08-10T16:11:52","date_gmt":"2022-08-10T16:11:52","guid":{"rendered":"http:\/\/vrip.ubiobio.cl\/inicio\/?page_id=34920"},"modified":"2022-11-29T14:48:22","modified_gmt":"2022-11-29T14:48:22","slug":"concurso-de-ayudantes-de-investigacion-ubb-2022","status":"publish","type":"page","link":"https:\/\/vrip.ubiobio.cl\/inicio\/concurso-de-ayudantes-de-investigacion-ubb-2022\/","title":{"rendered":"Concurso de Ayudantes de Investigaci\u00f3n UBB 2022"},"content":{"rendered":"\t\t<div data-elementor-type=\"wp-page\" data-elementor-id=\"34920\" class=\"elementor elementor-34920\" data-elementor-settings=\"{&quot;ha_cmc_init_switcher&quot;:&quot;no&quot;}\">\n\t\t\t\t\t\t<section class=\"elementor-section elementor-top-section elementor-element elementor-element-483aaf5c elementor-section-boxed elementor-section-height-default elementor-section-height-default\" data-id=\"483aaf5c\" data-element_type=\"section\" data-e-type=\"section\" data-settings=\"{&quot;_ha_eqh_enable&quot;:false}\">\n\t\t\t\t\t\t<div class=\"elementor-container elementor-column-gap-default\">\n\t\t\t\t\t<div class=\"elementor-column elementor-col-100 elementor-top-column elementor-element elementor-element-6c4c71b7\" data-id=\"6c4c71b7\" data-element_type=\"column\" data-e-type=\"column\">\n\t\t\t<div class=\"elementor-widget-wrap elementor-element-populated\">\n\t\t\t\t\t\t<div class=\"elementor-element elementor-element-11502953 elementor-widget elementor-widget-text-editor\" data-id=\"11502953\" data-element_type=\"widget\" data-e-type=\"widget\" data-widget_type=\"text-editor.default\">\n\t\t\t\t<div class=\"elementor-widget-container\">\n\t\t\t\t\t\t\t\t\t<p><img fetchpriority=\"high\" decoding=\"async\" class=\"alignnone wp-image-35311 size-large\" src=\"https:\/\/vrip.ubiobio.cl\/wp-content\/uploads\/2022\/09\/banner-ayudante-de-investigacion-2022_fin_post-1024x360.jpg\" alt=\"\" width=\"1024\" height=\"360\" srcset=\"https:\/\/vrip.ubiobio.cl\/wp-content\/uploads\/2022\/09\/banner-ayudante-de-investigacion-2022_fin_post-1024x360.jpg 1024w, https:\/\/vrip.ubiobio.cl\/wp-content\/uploads\/2022\/09\/banner-ayudante-de-investigacion-2022_fin_post-380x134.jpg 380w, https:\/\/vrip.ubiobio.cl\/wp-content\/uploads\/2022\/09\/banner-ayudante-de-investigacion-2022_fin_post-768x270.jpg 768w, https:\/\/vrip.ubiobio.cl\/wp-content\/uploads\/2022\/09\/banner-ayudante-de-investigacion-2022_fin_post-1536x540.jpg 1536w, https:\/\/vrip.ubiobio.cl\/wp-content\/uploads\/2022\/09\/banner-ayudante-de-investigacion-2022_fin_post-2048x721.jpg 2048w\" sizes=\"(max-width: 1024px) 100vw, 1024px\" \/><\/p><p>La\u00a0<b>Direcci\u00f3n de Investigaci\u00f3n y Creaci\u00f3n Art\u00edstica<\/b>\u00a0de la Vicerrector\u00eda de Investigaci\u00f3n y Postgrado, comunica la Apertura del\u00a0<strong>Concurso\u00a0<\/strong><b>de ayudante de investigaci\u00f3n UBB 2022 <\/b>para ejecuci\u00f3n 2022-2023.<\/p><p>La convocatoria permanecer\u00e1 abierta desde el jueves <strong>11 <\/strong><strong>de agosto de 2022<\/strong> hasta el <strong>12 de septiembre de 2022 <\/strong>a las 18:00 hrs.<\/p><p><a style=\"font-style: var( --e-global-typography-text-font-style ); font-weight: var( --e-global-typography-text-font-weight );\" href=\"http:\/\/vrip.ubiobio.cl\/wp-content\/uploads\/2022\/08\/Bases-Ayudantes-de-Investigacion-UBB-2022.pdf\" target=\"_blank\" rel=\"noopener noreferrer\">Bases del Concurso<\/a><br \/><a href=\"http:\/\/vrip.ubiobio.cl\/wp-content\/uploads\/2022\/10\/Resultado-Ayudantes-de-Investigacion-2022.pdf\" target=\"_blank\" rel=\"noopener\">Resultado<\/a><\/p><p style=\"display: none;\"><a href=\"http:\/\/vrip.ubiobio.cl\/inicio\/formulario-concurso-ayudantes-investigacion-ubb-2022\/\" target=\"_blank\" rel=\"noopener\">Formulario de Postulaci\u00f3n<\/a><br \/><a href=\"http:\/\/vrip.ubiobio.cl\/inicio\/cv-postgrado\/\" target=\"_blank\" rel=\"noopener\">CV Formato de Postgrado<\/a><\/p><p>Correo de Postulaci\u00f3n:\u00a0<a href=\"mailto:postulaciones-dicrea@ubiobio.cl\" target=\"_blank\" rel=\"noopener noreferrer\">postulaciones-dicrea@ubiobio.cl<\/a><\/p><p><b>Para dudas o consultas contactarse con la Direcci\u00f3n de Investigaci\u00f3n y Creaci\u00f3n Art\u00edstica:<\/b><\/p><p><strong>Sede Concepci\u00f3n:<\/strong> Kertsy Alarc\u00f3n,\u00a0<a href=\"mailto:kalarcon@ubiobio.cl\" target=\"_blank\" rel=\"noopener noreferrer\">kalarcon@ubiobio.cl<\/a><br \/><strong>Sede Chill\u00e1n:<\/strong> Claudia \u00a0Baham\u00f3ndez,\u00a0<a href=\"mailto:cbahamon@ubiobio.cl\" target=\"_blank\" rel=\"noopener noreferrer\">cbahamon@ubiobio.cl<\/a><\/p><p><span style=\"color: var( --e-global-color-text ); font-style: var( --e-global-typography-text-font-style ); font-weight: var( --e-global-typography-text-font-weight );\">Para consultas t\u00e9cnicas sobre el formulario de postulaci\u00f3n, favor contactarse con: Karina Leiva Parra, Ingeniera Civil en Inform\u00e1tica: <\/span><a style=\"font-style: var( --e-global-typography-text-font-style ); font-weight: var( --e-global-typography-text-font-weight );\" href=\"mailto:kleiva@ubiobio.cl\" target=\"_blank\" rel=\"noopener noreferrer\">kleiva@ubiobio.cl<\/a><\/p>\t\t\t\t\t\t\t\t<\/div>\n\t\t\t\t<\/div>\n\t\t\t\t\t<\/div>\n\t\t<\/div>\n\t\t\t\t\t<\/div>\n\t\t<\/section>\n\t\t\t\t<\/div>\n\t\t","protected":false},"excerpt":{"rendered":"<p>La\u00a0Direcci\u00f3n de Investigaci\u00f3n y Creaci\u00f3n Art\u00edstica\u00a0de la Vicerrector\u00eda de Investigaci\u00f3n y Postgrado, comunica la Apertura del\u00a0Concurso\u00a0de ayudante de investigaci\u00f3n UBB 2022 para ejecuci\u00f3n 2022-2023. La convocatoria permanecer\u00e1 abierta desde el jueves 11 de agosto de 2022 hasta el 12 de septiembre de 2022 a las 18:00 hrs. Bases del ConcursoResultado Formulario de Postulaci\u00f3nCV Formato de&#8230;<\/p>\n","protected":false},"author":1,"featured_media":0,"parent":0,"menu_order":0,"comment_status":"closed","ping_status":"closed","template":"","meta":{"_kadence_starter_templates_imported_post":false,"_kad_post_transparent":"default","_kad_post_title":"hide","_kad_post_layout":"narrow","_kad_post_sidebar_id":"","_kad_post_content_style":"boxed","_kad_post_vertical_padding":"bottom","_kad_post_feature":"","_kad_post_feature_position":"","_kad_post_header":false,"_kad_post_footer":false,"footnotes":""},"class_list":["post-34920","page","type-page","status-publish","hentry"],"yoast_head":"<!-- This site is optimized with the Yoast SEO plugin v27.5 - https:\/\/yoast.com\/product\/yoast-seo-wordpress\/ -->\n<title>Concurso de Ayudantes de Investigaci\u00f3n UBB 2022 - VRIP<\/title>\n<meta name=\"robots\" content=\"index, follow, max-snippet:-1, max-image-preview:large, max-video-preview:-1\" \/>\n<link rel=\"canonical\" href=\"https:\/\/vrip.ubiobio.cl\/inicio\/concurso-de-ayudantes-de-investigacion-ubb-2022\/\" \/>\n<meta property=\"og:locale\" content=\"es_ES\" \/>\n<meta property=\"og:type\" content=\"article\" \/>\n<meta property=\"og:title\" content=\"Concurso de Ayudantes de Investigaci\u00f3n UBB 2022 - VRIP\" \/>\n<meta property=\"og:description\" content=\"La\u00a0Direcci\u00f3n de Investigaci\u00f3n y Creaci\u00f3n Art\u00edstica\u00a0de la Vicerrector\u00eda de Investigaci\u00f3n y Postgrado, comunica la Apertura del\u00a0Concurso\u00a0de ayudante de investigaci\u00f3n UBB 2022 para ejecuci\u00f3n 2022-2023. La convocatoria permanecer\u00e1 abierta desde el jueves 11 de agosto de 2022 hasta el 12 de septiembre de 2022 a las 18:00 hrs. Bases del ConcursoResultado Formulario de Postulaci\u00f3nCV Formato de...\" \/>\n<meta property=\"og:url\" content=\"https:\/\/vrip.ubiobio.cl\/inicio\/concurso-de-ayudantes-de-investigacion-ubb-2022\/\" \/>\n<meta property=\"og:site_name\" content=\"VRIP\" \/>\n<meta property=\"article:modified_time\" content=\"2022-11-29T14:48:22+00:00\" \/>\n<meta property=\"og:image\" content=\"https:\/\/vrip.ubiobio.cl\/wp-content\/uploads\/2022\/09\/banner-ayudante-de-investigacion-2022_fin_post-scaled.jpg\" \/>\n\t<meta property=\"og:image:width\" content=\"2560\" \/>\n\t<meta property=\"og:image:height\" content=\"901\" \/>\n\t<meta property=\"og:image:type\" content=\"image\/jpeg\" \/>\n<meta name=\"twitter:card\" content=\"summary_large_image\" \/>\n<meta name=\"twitter:site\" content=\"@vripubb\" \/>\n<meta name=\"twitter:label1\" content=\"Tiempo de lectura\" \/>\n\t<meta name=\"twitter:data1\" content=\"1 minuto\" \/>\n<script type=\"application\/ld+json\" class=\"yoast-schema-graph\">{\"@context\":\"https:\\\/\\\/schema.org\",\"@graph\":[{\"@type\":\"WebPage\",\"@id\":\"https:\\\/\\\/vrip.ubiobio.cl\\\/inicio\\\/concurso-de-ayudantes-de-investigacion-ubb-2022\\\/\",\"url\":\"https:\\\/\\\/vrip.ubiobio.cl\\\/inicio\\\/concurso-de-ayudantes-de-investigacion-ubb-2022\\\/\",\"name\":\"Concurso de Ayudantes de Investigaci\u00f3n UBB 2022 - VRIP\",\"isPartOf\":{\"@id\":\"https:\\\/\\\/vrip.ubiobio.cl\\\/inicio\\\/#website\"},\"primaryImageOfPage\":{\"@id\":\"https:\\\/\\\/vrip.ubiobio.cl\\\/inicio\\\/concurso-de-ayudantes-de-investigacion-ubb-2022\\\/#primaryimage\"},\"image\":{\"@id\":\"https:\\\/\\\/vrip.ubiobio.cl\\\/inicio\\\/concurso-de-ayudantes-de-investigacion-ubb-2022\\\/#primaryimage\"},\"thumbnailUrl\":\"https:\\\/\\\/vrip.ubiobio.cl\\\/wp-content\\\/uploads\\\/2022\\\/09\\\/banner-ayudante-de-investigacion-2022_fin_post-1024x360.jpg\",\"datePublished\":\"2022-08-10T16:11:52+00:00\",\"dateModified\":\"2022-11-29T14:48:22+00:00\",\"breadcrumb\":{\"@id\":\"https:\\\/\\\/vrip.ubiobio.cl\\\/inicio\\\/concurso-de-ayudantes-de-investigacion-ubb-2022\\\/#breadcrumb\"},\"inLanguage\":\"es\",\"potentialAction\":[{\"@type\":\"ReadAction\",\"target\":[\"https:\\\/\\\/vrip.ubiobio.cl\\\/inicio\\\/concurso-de-ayudantes-de-investigacion-ubb-2022\\\/\"]}]},{\"@type\":\"ImageObject\",\"inLanguage\":\"es\",\"@id\":\"https:\\\/\\\/vrip.ubiobio.cl\\\/inicio\\\/concurso-de-ayudantes-de-investigacion-ubb-2022\\\/#primaryimage\",\"url\":\"https:\\\/\\\/vrip.ubiobio.cl\\\/wp-content\\\/uploads\\\/2022\\\/09\\\/banner-ayudante-de-investigacion-2022_fin_post-1024x360.jpg\",\"contentUrl\":\"https:\\\/\\\/vrip.ubiobio.cl\\\/wp-content\\\/uploads\\\/2022\\\/09\\\/banner-ayudante-de-investigacion-2022_fin_post-1024x360.jpg\"},{\"@type\":\"BreadcrumbList\",\"@id\":\"https:\\\/\\\/vrip.ubiobio.cl\\\/inicio\\\/concurso-de-ayudantes-de-investigacion-ubb-2022\\\/#breadcrumb\",\"itemListElement\":[{\"@type\":\"ListItem\",\"position\":1,\"name\":\"Portada\",\"item\":\"https:\\\/\\\/vrip.ubiobio.cl\\\/inicio\\\/\"},{\"@type\":\"ListItem\",\"position\":2,\"name\":\"Concurso de Ayudantes de Investigaci\u00f3n UBB 2022\"}]},{\"@type\":\"WebSite\",\"@id\":\"https:\\\/\\\/vrip.ubiobio.cl\\\/inicio\\\/#website\",\"url\":\"https:\\\/\\\/vrip.ubiobio.cl\\\/inicio\\\/\",\"name\":\"VRIP\",\"description\":\"Vicerrector\u00eda de Investigaci\u00f3n y Postgrado\",\"publisher\":{\"@id\":\"https:\\\/\\\/vrip.ubiobio.cl\\\/inicio\\\/#organization\"},\"potentialAction\":[{\"@type\":\"SearchAction\",\"target\":{\"@type\":\"EntryPoint\",\"urlTemplate\":\"https:\\\/\\\/vrip.ubiobio.cl\\\/inicio\\\/?s={search_term_string}\"},\"query-input\":{\"@type\":\"PropertyValueSpecification\",\"valueRequired\":true,\"valueName\":\"search_term_string\"}}],\"inLanguage\":\"es\"},{\"@type\":\"Organization\",\"@id\":\"https:\\\/\\\/vrip.ubiobio.cl\\\/inicio\\\/#organization\",\"name\":\"VRIP\",\"url\":\"https:\\\/\\\/vrip.ubiobio.cl\\\/inicio\\\/\",\"logo\":{\"@type\":\"ImageObject\",\"inLanguage\":\"es\",\"@id\":\"https:\\\/\\\/vrip.ubiobio.cl\\\/inicio\\\/#\\\/schema\\\/logo\\\/image\\\/\",\"url\":\"https:\\\/\\\/vrip.ubiobio.cl\\\/wp-content\\\/uploads\\\/2022\\\/10\\\/logo-vrip_Mesa-de-trabajo-1.png\",\"contentUrl\":\"https:\\\/\\\/vrip.ubiobio.cl\\\/wp-content\\\/uploads\\\/2022\\\/10\\\/logo-vrip_Mesa-de-trabajo-1.png\",\"width\":642,\"height\":178,\"caption\":\"VRIP\"},\"image\":{\"@id\":\"https:\\\/\\\/vrip.ubiobio.cl\\\/inicio\\\/#\\\/schema\\\/logo\\\/image\\\/\"},\"sameAs\":[\"https:\\\/\\\/x.com\\\/vripubb\",\"https:\\\/\\\/www.instagram.com\\\/vrip_ubb\\\/\",\"https:\\\/\\\/www.youtube.com\\\/channel\\\/UCf7o8yHRJ7Y_QQLxwu1KQgA\",\"https:\\\/\\\/www.linkedin.com\\\/company\\\/96035097\\\/admin\\\/dashboard\\\/\"]}]}<\/script>\n<!-- \/ Yoast SEO plugin. -->","yoast_head_json":{"title":"Concurso de Ayudantes de Investigaci\u00f3n UBB 2022 - VRIP","robots":{"index":"index","follow":"follow","max-snippet":"max-snippet:-1","max-image-preview":"max-image-preview:large","max-video-preview":"max-video-preview:-1"},"canonical":"https:\/\/vrip.ubiobio.cl\/inicio\/concurso-de-ayudantes-de-investigacion-ubb-2022\/","og_locale":"es_ES","og_type":"article","og_title":"Concurso de Ayudantes de Investigaci\u00f3n UBB 2022 - VRIP","og_description":"La\u00a0Direcci\u00f3n de Investigaci\u00f3n y Creaci\u00f3n Art\u00edstica\u00a0de la Vicerrector\u00eda de Investigaci\u00f3n y Postgrado, comunica la Apertura del\u00a0Concurso\u00a0de ayudante de investigaci\u00f3n UBB 2022 para ejecuci\u00f3n 2022-2023. La convocatoria permanecer\u00e1 abierta desde el jueves 11 de agosto de 2022 hasta el 12 de septiembre de 2022 a las 18:00 hrs. Bases del ConcursoResultado Formulario de Postulaci\u00f3nCV Formato de...","og_url":"https:\/\/vrip.ubiobio.cl\/inicio\/concurso-de-ayudantes-de-investigacion-ubb-2022\/","og_site_name":"VRIP","article_modified_time":"2022-11-29T14:48:22+00:00","og_image":[{"width":2560,"height":901,"url":"https:\/\/vrip.ubiobio.cl\/wp-content\/uploads\/2022\/09\/banner-ayudante-de-investigacion-2022_fin_post-scaled.jpg","type":"image\/jpeg"}],"twitter_card":"summary_large_image","twitter_site":"@vripubb","twitter_misc":{"Tiempo de lectura":"1 minuto"},"schema":{"@context":"https:\/\/schema.org","@graph":[{"@type":"WebPage","@id":"https:\/\/vrip.ubiobio.cl\/inicio\/concurso-de-ayudantes-de-investigacion-ubb-2022\/","url":"https:\/\/vrip.ubiobio.cl\/inicio\/concurso-de-ayudantes-de-investigacion-ubb-2022\/","name":"Concurso de Ayudantes de Investigaci\u00f3n UBB 2022 - VRIP","isPartOf":{"@id":"https:\/\/vrip.ubiobio.cl\/inicio\/#website"},"primaryImageOfPage":{"@id":"https:\/\/vrip.ubiobio.cl\/inicio\/concurso-de-ayudantes-de-investigacion-ubb-2022\/#primaryimage"},"image":{"@id":"https:\/\/vrip.ubiobio.cl\/inicio\/concurso-de-ayudantes-de-investigacion-ubb-2022\/#primaryimage"},"thumbnailUrl":"https:\/\/vrip.ubiobio.cl\/wp-content\/uploads\/2022\/09\/banner-ayudante-de-investigacion-2022_fin_post-1024x360.jpg","datePublished":"2022-08-10T16:11:52+00:00","dateModified":"2022-11-29T14:48:22+00:00","breadcrumb":{"@id":"https:\/\/vrip.ubiobio.cl\/inicio\/concurso-de-ayudantes-de-investigacion-ubb-2022\/#breadcrumb"},"inLanguage":"es","potentialAction":[{"@type":"ReadAction","target":["https:\/\/vrip.ubiobio.cl\/inicio\/concurso-de-ayudantes-de-investigacion-ubb-2022\/"]}]},{"@type":"ImageObject","inLanguage":"es","@id":"https:\/\/vrip.ubiobio.cl\/inicio\/concurso-de-ayudantes-de-investigacion-ubb-2022\/#primaryimage","url":"https:\/\/vrip.ubiobio.cl\/wp-content\/uploads\/2022\/09\/banner-ayudante-de-investigacion-2022_fin_post-1024x360.jpg","contentUrl":"https:\/\/vrip.ubiobio.cl\/wp-content\/uploads\/2022\/09\/banner-ayudante-de-investigacion-2022_fin_post-1024x360.jpg"},{"@type":"BreadcrumbList","@id":"https:\/\/vrip.ubiobio.cl\/inicio\/concurso-de-ayudantes-de-investigacion-ubb-2022\/#breadcrumb","itemListElement":[{"@type":"ListItem","position":1,"name":"Portada","item":"https:\/\/vrip.ubiobio.cl\/inicio\/"},{"@type":"ListItem","position":2,"name":"Concurso de Ayudantes de Investigaci\u00f3n UBB 2022"}]},{"@type":"WebSite","@id":"https:\/\/vrip.ubiobio.cl\/inicio\/#website","url":"https:\/\/vrip.ubiobio.cl\/inicio\/","name":"VRIP","description":"Vicerrector\u00eda de Investigaci\u00f3n y Postgrado","publisher":{"@id":"https:\/\/vrip.ubiobio.cl\/inicio\/#organization"},"potentialAction":[{"@type":"SearchAction","target":{"@type":"EntryPoint","urlTemplate":"https:\/\/vrip.ubiobio.cl\/inicio\/?s={search_term_string}"},"query-input":{"@type":"PropertyValueSpecification","valueRequired":true,"valueName":"search_term_string"}}],"inLanguage":"es"},{"@type":"Organization","@id":"https:\/\/vrip.ubiobio.cl\/inicio\/#organization","name":"VRIP","url":"https:\/\/vrip.ubiobio.cl\/inicio\/","logo":{"@type":"ImageObject","inLanguage":"es","@id":"https:\/\/vrip.ubiobio.cl\/inicio\/#\/schema\/logo\/image\/","url":"https:\/\/vrip.ubiobio.cl\/wp-content\/uploads\/2022\/10\/logo-vrip_Mesa-de-trabajo-1.png","contentUrl":"https:\/\/vrip.ubiobio.cl\/wp-content\/uploads\/2022\/10\/logo-vrip_Mesa-de-trabajo-1.png","width":642,"height":178,"caption":"VRIP"},"image":{"@id":"https:\/\/vrip.ubiobio.cl\/inicio\/#\/schema\/logo\/image\/"},"sameAs":["https:\/\/x.com\/vripubb","https:\/\/www.instagram.com\/vrip_ubb\/","https:\/\/www.youtube.com\/channel\/UCf7o8yHRJ7Y_QQLxwu1KQgA","https:\/\/www.linkedin.com\/company\/96035097\/admin\/dashboard\/"]}]}},"_links":{"self":[{"href":"https:\/\/vrip.ubiobio.cl\/inicio\/wp-json\/wp\/v2\/pages\/34920","targetHints":{"allow":["GET"]}}],"collection":[{"href":"https:\/\/vrip.ubiobio.cl\/inicio\/wp-json\/wp\/v2\/pages"}],"about":[{"href":"https:\/\/vrip.ubiobio.cl\/inicio\/wp-json\/wp\/v2\/types\/page"}],"author":[{"embeddable":true,"href":"https:\/\/vrip.ubiobio.cl\/inicio\/wp-json\/wp\/v2\/users\/1"}],"replies":[{"embeddable":true,"href":"https:\/\/vrip.ubiobio.cl\/inicio\/wp-json\/wp\/v2\/comments?post=34920"}],"version-history":[{"count":39,"href":"https:\/\/vrip.ubiobio.cl\/inicio\/wp-json\/wp\/v2\/pages\/34920\/revisions"}],"predecessor-version":[{"id":35915,"href":"https:\/\/vrip.ubiobio.cl\/inicio\/wp-json\/wp\/v2\/pages\/34920\/revisions\/35915"}],"wp:attachment":[{"href":"https:\/\/vrip.ubiobio.cl\/inicio\/wp-json\/wp\/v2\/media?parent=34920"}],"curies":[{"name":"wp","href":"https:\/\/api.w.org\/{rel}","templated":true}]}}