{"id":30568,"date":"2022-04-26T17:17:36","date_gmt":"2022-04-26T17:17:36","guid":{"rendered":"http:\/\/datavrip.ubiobio.cl\/inicio\/?page_id=30568"},"modified":"2022-11-29T19:53:04","modified_gmt":"2022-11-29T19:53:04","slug":"concurso-desafio-ubb-covid-19-2020","status":"publish","type":"page","link":"https:\/\/vrip.ubiobio.cl\/inicio\/concurso-desafio-ubb-covid-19-2020\/","title":{"rendered":"Concurso Desaf\u00edo UBB: COVID-19 A\u00f1o 2020"},"content":{"rendered":"<p><a href=\"https:\/\/vrip.ubiobio.cl\/wp-content\/uploads\/2020\/05\/Resultado-concurso-Interno-Desafio-UBB-COVID-19.jpg\"><img fetchpriority=\"high\" decoding=\"async\" class=\"wp-image-24439 \" src=\"https:\/\/vrip.ubiobio.cl\/wp-content\/uploads\/2020\/05\/Resultado-concurso-Interno-Desafio-UBB-COVID-19.jpg\" alt=\"\" width=\"814\" height=\"487\" srcset=\"https:\/\/vrip.ubiobio.cl\/wp-content\/uploads\/2020\/05\/Resultado-concurso-Interno-Desafio-UBB-COVID-19.jpg 1324w, https:\/\/vrip.ubiobio.cl\/wp-content\/uploads\/2020\/05\/Resultado-concurso-Interno-Desafio-UBB-COVID-19-300x179.jpg 300w, https:\/\/vrip.ubiobio.cl\/wp-content\/uploads\/2020\/05\/Resultado-concurso-Interno-Desafio-UBB-COVID-19-1024x613.jpg 1024w, https:\/\/vrip.ubiobio.cl\/wp-content\/uploads\/2020\/05\/Resultado-concurso-Interno-Desafio-UBB-COVID-19-768x459.jpg 768w\" sizes=\"(max-width: 814px) 100vw, 814px\" \/><\/a><\/p>\n<p><em style=\"color: var(--global-palette4); font-family: var(--global-body-font-family);\">La Direcci\u00f3n de Innovaci\u00f3n de la Vicerrector\u00eda de Investigaci\u00f3n y Postgrado, a trav\u00e9s de la Unidad de Emprendimiento informa los resultados del <\/em><em style=\"color: var(--global-palette4); font-family: var(--global-body-font-family);\">concurso interno <\/em><em style=\"color: var(--global-palette4); font-family: var(--global-body-font-family);\">\u201cDesaf\u00edo UBB: COVID-19, a\u00f1o 2020\u201d.<\/em><\/p>\n<div class=\"perfect-pullquote  pullquote-align-right\" style=\"font-size:15px !important;\"><blockquote><p style=\"font-size:15px !important;\">El objetivo de este concurso fue financiar y apoyar proyectos de innovaci\u00f3n, cuyos resultados est\u00e9n orientados a la obtenci\u00f3n de nuevos productos, procesos y\/o servicios, que permitan entregar soluciones innovadoras en la prevenci\u00f3n y control del COVID-19.<\/p><\/blockquote><\/div>\n<p>El objetivo de este concurso fue financiar y apoyar proyectos de innovaci\u00f3n, cuyos resultados est\u00e9n orientados a la obtenci\u00f3n de nuevos productos, procesos y\/o servicios,\u00a0 que permitan entregar soluciones innovadoras en la prevenci\u00f3n y control del COVID-19.<\/p>\n<p>El proceso de difusi\u00f3n, evaluaci\u00f3n y entrega de resultados fueron realizado por la Unidad de Emprendimiento. El Comit\u00e9 COVID-19 en conjunto con la Direcci\u00f3n de Innovaci\u00f3n fue responsable de las Evaluaciones de los 9 proyectos presentados, de las cuales 5 fueron los seleccionados para su ejecuci\u00f3n, con un monto total de $24.820.000 para los proyectos adjudicados.<\/p>\n<p>Cualquier consulta, dirigirse a la Unidad de Emprendimiento de la\u00a0 Direcci\u00f3n de Innovaci\u00f3n al siguiente correo: <a href=\"mailto:sopazo@ubiobio.cl\">sopazo@ubiobio.cl<\/a>.<\/p>\n<p>Listado de Proyectos Adjudicados:<\/p>\n<table style=\"height: 846px;\" width=\"497\">\n<tbody>\n<tr>\n<td width=\"46\"><\/td>\n<td width=\"142\"><strong>Acad\u00e9micos<\/strong><\/td>\n<td width=\"197\"><strong>Facultad<\/strong><\/td>\n<td width=\"277\"><strong>Proyectos<\/strong><\/td>\n<\/tr>\n<tr>\n<td width=\"46\">1<\/td>\n<td width=\"142\">Cristhian Aguilera<\/td>\n<td width=\"197\">Ingenier\u00eda<\/td>\n<td width=\"277\">Sistema inteligente de medici\u00f3n de temperatura y distancia social de personas para la prevenci\u00f3n del COVID-19 basado en im\u00e1genes t\u00e9rmicas y algoritmos de aprendizaje autom\u00e1tico (Machine Learning).<\/td>\n<\/tr>\n<tr>\n<td width=\"46\">2<\/td>\n<td width=\"142\">Jimena Alarc\u00f3n<\/td>\n<td width=\"197\">Arquitectura, Construcci\u00f3n y Dise\u00f1o<\/td>\n<td width=\"277\">ERGO Barrera facial<\/td>\n<\/tr>\n<tr>\n<td width=\"46\">3<\/td>\n<td width=\"142\">Soledad Reyes<\/td>\n<td width=\"197\">Educaci\u00f3n<\/td>\n<td width=\"277\">Mujeres y trabajo a distancia en tiempos de COVID-19: an\u00e1lisis y monitoreo en Universidad del B\u00edo-B\u00edo, sede Concepci\u00f3n<\/td>\n<\/tr>\n<tr>\n<td width=\"46\">4<\/td>\n<td width=\"142\">Samuel Soto<\/td>\n<td width=\"197\">Arquitectura, Construcci\u00f3n y Dise\u00f1o<\/td>\n<td width=\"277\">C\u00daPULA FETAL PARA PROTECCI\u00d3N DE RECI\u00c9N NACIDOS EN \u00c9POCA DE COVID-19<\/td>\n<\/tr>\n<tr>\n<td width=\"46\">5<\/td>\n<td width=\"142\">Krzysztof Herman<\/td>\n<td width=\"197\">Ingenier\u00eda<\/td>\n<td width=\"277\">Terminal autom\u00e1tico de la medici\u00f3n de la temperatura corporal sin contacto<\/td>\n<\/tr>\n<\/tbody>\n<\/table>\n<p>&nbsp;<\/p>\n<p>Cordialmente,<\/p>\n<p>Unidad de Emprendimiento UBB<\/p>\n","protected":false},"excerpt":{"rendered":"<p>La Direcci\u00f3n de Innovaci\u00f3n de la Vicerrector\u00eda de Investigaci\u00f3n y Postgrado, a trav\u00e9s de la Unidad de Emprendimiento informa los resultados del concurso interno \u201cDesaf\u00edo UBB: COVID-19, a\u00f1o 2020\u201d. El objetivo de este concurso fue financiar y apoyar proyectos de innovaci\u00f3n, cuyos resultados est\u00e9n orientados a la obtenci\u00f3n de nuevos productos, procesos y\/o servicios,\u00a0 que&#8230;<\/p>\n","protected":false},"author":1,"featured_media":0,"parent":0,"menu_order":0,"comment_status":"closed","ping_status":"closed","template":"","meta":{"_kadence_starter_templates_imported_post":false,"_kad_post_transparent":"default","_kad_post_title":"hide","_kad_post_layout":"narrow","_kad_post_sidebar_id":"","_kad_post_content_style":"boxed","_kad_post_vertical_padding":"bottom","_kad_post_feature":"","_kad_post_feature_position":"","_kad_post_header":false,"_kad_post_footer":false,"footnotes":""},"class_list":["post-30568","page","type-page","status-publish","hentry"],"yoast_head":"<!-- This site is optimized with the Yoast SEO plugin v27.5 - https:\/\/yoast.com\/product\/yoast-seo-wordpress\/ -->\n<title>Concurso Desaf\u00edo UBB: COVID-19 A\u00f1o 2020 - VRIP<\/title>\n<meta name=\"robots\" content=\"index, follow, max-snippet:-1, max-image-preview:large, max-video-preview:-1\" \/>\n<link rel=\"canonical\" href=\"https:\/\/vrip.ubiobio.cl\/inicio\/concurso-desafio-ubb-covid-19-2020\/\" \/>\n<meta property=\"og:locale\" content=\"es_ES\" \/>\n<meta property=\"og:type\" content=\"article\" \/>\n<meta property=\"og:title\" content=\"Concurso Desaf\u00edo UBB: COVID-19 A\u00f1o 2020 - VRIP\" \/>\n<meta property=\"og:description\" content=\"La Direcci\u00f3n de Innovaci\u00f3n de la Vicerrector\u00eda de Investigaci\u00f3n y Postgrado, a trav\u00e9s de la Unidad de Emprendimiento informa los resultados del concurso interno \u201cDesaf\u00edo UBB: COVID-19, a\u00f1o 2020\u201d. El objetivo de este concurso fue financiar y apoyar proyectos de innovaci\u00f3n, cuyos resultados est\u00e9n orientados a la obtenci\u00f3n de nuevos productos, procesos y\/o servicios,\u00a0 que...\" \/>\n<meta property=\"og:url\" content=\"https:\/\/vrip.ubiobio.cl\/inicio\/concurso-desafio-ubb-covid-19-2020\/\" \/>\n<meta property=\"og:site_name\" content=\"VRIP\" \/>\n<meta property=\"article:modified_time\" content=\"2022-11-29T19:53:04+00:00\" \/>\n<meta property=\"og:image\" content=\"https:\/\/vrip.ubiobio.cl\/wp-content\/uploads\/2020\/05\/Resultado-concurso-Interno-Desafio-UBB-COVID-19.jpg\" \/>\n\t<meta property=\"og:image:width\" content=\"1324\" \/>\n\t<meta property=\"og:image:height\" content=\"792\" \/>\n\t<meta property=\"og:image:type\" content=\"image\/jpeg\" \/>\n<meta name=\"twitter:card\" content=\"summary_large_image\" \/>\n<meta name=\"twitter:site\" content=\"@vripubb\" \/>\n<meta name=\"twitter:label1\" content=\"Tiempo de lectura\" \/>\n\t<meta name=\"twitter:data1\" content=\"2 minutos\" \/>\n<script type=\"application\/ld+json\" class=\"yoast-schema-graph\">{\"@context\":\"https:\\\/\\\/schema.org\",\"@graph\":[{\"@type\":\"WebPage\",\"@id\":\"https:\\\/\\\/vrip.ubiobio.cl\\\/inicio\\\/concurso-desafio-ubb-covid-19-2020\\\/\",\"url\":\"https:\\\/\\\/vrip.ubiobio.cl\\\/inicio\\\/concurso-desafio-ubb-covid-19-2020\\\/\",\"name\":\"Concurso Desaf\u00edo UBB: COVID-19 A\u00f1o 2020 - VRIP\",\"isPartOf\":{\"@id\":\"https:\\\/\\\/vrip.ubiobio.cl\\\/inicio\\\/#website\"},\"primaryImageOfPage\":{\"@id\":\"https:\\\/\\\/vrip.ubiobio.cl\\\/inicio\\\/concurso-desafio-ubb-covid-19-2020\\\/#primaryimage\"},\"image\":{\"@id\":\"https:\\\/\\\/vrip.ubiobio.cl\\\/inicio\\\/concurso-desafio-ubb-covid-19-2020\\\/#primaryimage\"},\"thumbnailUrl\":\"https:\\\/\\\/vrip.ubiobio.cl\\\/wp-content\\\/uploads\\\/2020\\\/05\\\/Resultado-concurso-Interno-Desafio-UBB-COVID-19.jpg\",\"datePublished\":\"2022-04-26T17:17:36+00:00\",\"dateModified\":\"2022-11-29T19:53:04+00:00\",\"breadcrumb\":{\"@id\":\"https:\\\/\\\/vrip.ubiobio.cl\\\/inicio\\\/concurso-desafio-ubb-covid-19-2020\\\/#breadcrumb\"},\"inLanguage\":\"es\",\"potentialAction\":[{\"@type\":\"ReadAction\",\"target\":[\"https:\\\/\\\/vrip.ubiobio.cl\\\/inicio\\\/concurso-desafio-ubb-covid-19-2020\\\/\"]}]},{\"@type\":\"ImageObject\",\"inLanguage\":\"es\",\"@id\":\"https:\\\/\\\/vrip.ubiobio.cl\\\/inicio\\\/concurso-desafio-ubb-covid-19-2020\\\/#primaryimage\",\"url\":\"https:\\\/\\\/vrip.ubiobio.cl\\\/wp-content\\\/uploads\\\/2020\\\/05\\\/Resultado-concurso-Interno-Desafio-UBB-COVID-19.jpg\",\"contentUrl\":\"https:\\\/\\\/vrip.ubiobio.cl\\\/wp-content\\\/uploads\\\/2020\\\/05\\\/Resultado-concurso-Interno-Desafio-UBB-COVID-19.jpg\"},{\"@type\":\"BreadcrumbList\",\"@id\":\"https:\\\/\\\/vrip.ubiobio.cl\\\/inicio\\\/concurso-desafio-ubb-covid-19-2020\\\/#breadcrumb\",\"itemListElement\":[{\"@type\":\"ListItem\",\"position\":1,\"name\":\"Portada\",\"item\":\"https:\\\/\\\/vrip.ubiobio.cl\\\/inicio\\\/\"},{\"@type\":\"ListItem\",\"position\":2,\"name\":\"Concurso Desaf\u00edo UBB: COVID-19 A\u00f1o 2020\"}]},{\"@type\":\"WebSite\",\"@id\":\"https:\\\/\\\/vrip.ubiobio.cl\\\/inicio\\\/#website\",\"url\":\"https:\\\/\\\/vrip.ubiobio.cl\\\/inicio\\\/\",\"name\":\"VRIP\",\"description\":\"Vicerrector\u00eda de Investigaci\u00f3n y Postgrado\",\"publisher\":{\"@id\":\"https:\\\/\\\/vrip.ubiobio.cl\\\/inicio\\\/#organization\"},\"potentialAction\":[{\"@type\":\"SearchAction\",\"target\":{\"@type\":\"EntryPoint\",\"urlTemplate\":\"https:\\\/\\\/vrip.ubiobio.cl\\\/inicio\\\/?s={search_term_string}\"},\"query-input\":{\"@type\":\"PropertyValueSpecification\",\"valueRequired\":true,\"valueName\":\"search_term_string\"}}],\"inLanguage\":\"es\"},{\"@type\":\"Organization\",\"@id\":\"https:\\\/\\\/vrip.ubiobio.cl\\\/inicio\\\/#organization\",\"name\":\"VRIP\",\"url\":\"https:\\\/\\\/vrip.ubiobio.cl\\\/inicio\\\/\",\"logo\":{\"@type\":\"ImageObject\",\"inLanguage\":\"es\",\"@id\":\"https:\\\/\\\/vrip.ubiobio.cl\\\/inicio\\\/#\\\/schema\\\/logo\\\/image\\\/\",\"url\":\"https:\\\/\\\/vrip.ubiobio.cl\\\/wp-content\\\/uploads\\\/2022\\\/10\\\/logo-vrip_Mesa-de-trabajo-1.png\",\"contentUrl\":\"https:\\\/\\\/vrip.ubiobio.cl\\\/wp-content\\\/uploads\\\/2022\\\/10\\\/logo-vrip_Mesa-de-trabajo-1.png\",\"width\":642,\"height\":178,\"caption\":\"VRIP\"},\"image\":{\"@id\":\"https:\\\/\\\/vrip.ubiobio.cl\\\/inicio\\\/#\\\/schema\\\/logo\\\/image\\\/\"},\"sameAs\":[\"https:\\\/\\\/x.com\\\/vripubb\",\"https:\\\/\\\/www.instagram.com\\\/vrip_ubb\\\/\",\"https:\\\/\\\/www.youtube.com\\\/channel\\\/UCf7o8yHRJ7Y_QQLxwu1KQgA\",\"https:\\\/\\\/www.linkedin.com\\\/company\\\/96035097\\\/admin\\\/dashboard\\\/\"]}]}<\/script>\n<!-- \/ Yoast SEO plugin. -->","yoast_head_json":{"title":"Concurso Desaf\u00edo UBB: COVID-19 A\u00f1o 2020 - VRIP","robots":{"index":"index","follow":"follow","max-snippet":"max-snippet:-1","max-image-preview":"max-image-preview:large","max-video-preview":"max-video-preview:-1"},"canonical":"https:\/\/vrip.ubiobio.cl\/inicio\/concurso-desafio-ubb-covid-19-2020\/","og_locale":"es_ES","og_type":"article","og_title":"Concurso Desaf\u00edo UBB: COVID-19 A\u00f1o 2020 - VRIP","og_description":"La Direcci\u00f3n de Innovaci\u00f3n de la Vicerrector\u00eda de Investigaci\u00f3n y Postgrado, a trav\u00e9s de la Unidad de Emprendimiento informa los resultados del concurso interno \u201cDesaf\u00edo UBB: COVID-19, a\u00f1o 2020\u201d. El objetivo de este concurso fue financiar y apoyar proyectos de innovaci\u00f3n, cuyos resultados est\u00e9n orientados a la obtenci\u00f3n de nuevos productos, procesos y\/o servicios,\u00a0 que...","og_url":"https:\/\/vrip.ubiobio.cl\/inicio\/concurso-desafio-ubb-covid-19-2020\/","og_site_name":"VRIP","article_modified_time":"2022-11-29T19:53:04+00:00","og_image":[{"width":1324,"height":792,"url":"https:\/\/vrip.ubiobio.cl\/wp-content\/uploads\/2020\/05\/Resultado-concurso-Interno-Desafio-UBB-COVID-19.jpg","type":"image\/jpeg"}],"twitter_card":"summary_large_image","twitter_site":"@vripubb","twitter_misc":{"Tiempo de lectura":"2 minutos"},"schema":{"@context":"https:\/\/schema.org","@graph":[{"@type":"WebPage","@id":"https:\/\/vrip.ubiobio.cl\/inicio\/concurso-desafio-ubb-covid-19-2020\/","url":"https:\/\/vrip.ubiobio.cl\/inicio\/concurso-desafio-ubb-covid-19-2020\/","name":"Concurso Desaf\u00edo UBB: COVID-19 A\u00f1o 2020 - VRIP","isPartOf":{"@id":"https:\/\/vrip.ubiobio.cl\/inicio\/#website"},"primaryImageOfPage":{"@id":"https:\/\/vrip.ubiobio.cl\/inicio\/concurso-desafio-ubb-covid-19-2020\/#primaryimage"},"image":{"@id":"https:\/\/vrip.ubiobio.cl\/inicio\/concurso-desafio-ubb-covid-19-2020\/#primaryimage"},"thumbnailUrl":"https:\/\/vrip.ubiobio.cl\/wp-content\/uploads\/2020\/05\/Resultado-concurso-Interno-Desafio-UBB-COVID-19.jpg","datePublished":"2022-04-26T17:17:36+00:00","dateModified":"2022-11-29T19:53:04+00:00","breadcrumb":{"@id":"https:\/\/vrip.ubiobio.cl\/inicio\/concurso-desafio-ubb-covid-19-2020\/#breadcrumb"},"inLanguage":"es","potentialAction":[{"@type":"ReadAction","target":["https:\/\/vrip.ubiobio.cl\/inicio\/concurso-desafio-ubb-covid-19-2020\/"]}]},{"@type":"ImageObject","inLanguage":"es","@id":"https:\/\/vrip.ubiobio.cl\/inicio\/concurso-desafio-ubb-covid-19-2020\/#primaryimage","url":"https:\/\/vrip.ubiobio.cl\/wp-content\/uploads\/2020\/05\/Resultado-concurso-Interno-Desafio-UBB-COVID-19.jpg","contentUrl":"https:\/\/vrip.ubiobio.cl\/wp-content\/uploads\/2020\/05\/Resultado-concurso-Interno-Desafio-UBB-COVID-19.jpg"},{"@type":"BreadcrumbList","@id":"https:\/\/vrip.ubiobio.cl\/inicio\/concurso-desafio-ubb-covid-19-2020\/#breadcrumb","itemListElement":[{"@type":"ListItem","position":1,"name":"Portada","item":"https:\/\/vrip.ubiobio.cl\/inicio\/"},{"@type":"ListItem","position":2,"name":"Concurso Desaf\u00edo UBB: COVID-19 A\u00f1o 2020"}]},{"@type":"WebSite","@id":"https:\/\/vrip.ubiobio.cl\/inicio\/#website","url":"https:\/\/vrip.ubiobio.cl\/inicio\/","name":"VRIP","description":"Vicerrector\u00eda de Investigaci\u00f3n y Postgrado","publisher":{"@id":"https:\/\/vrip.ubiobio.cl\/inicio\/#organization"},"potentialAction":[{"@type":"SearchAction","target":{"@type":"EntryPoint","urlTemplate":"https:\/\/vrip.ubiobio.cl\/inicio\/?s={search_term_string}"},"query-input":{"@type":"PropertyValueSpecification","valueRequired":true,"valueName":"search_term_string"}}],"inLanguage":"es"},{"@type":"Organization","@id":"https:\/\/vrip.ubiobio.cl\/inicio\/#organization","name":"VRIP","url":"https:\/\/vrip.ubiobio.cl\/inicio\/","logo":{"@type":"ImageObject","inLanguage":"es","@id":"https:\/\/vrip.ubiobio.cl\/inicio\/#\/schema\/logo\/image\/","url":"https:\/\/vrip.ubiobio.cl\/wp-content\/uploads\/2022\/10\/logo-vrip_Mesa-de-trabajo-1.png","contentUrl":"https:\/\/vrip.ubiobio.cl\/wp-content\/uploads\/2022\/10\/logo-vrip_Mesa-de-trabajo-1.png","width":642,"height":178,"caption":"VRIP"},"image":{"@id":"https:\/\/vrip.ubiobio.cl\/inicio\/#\/schema\/logo\/image\/"},"sameAs":["https:\/\/x.com\/vripubb","https:\/\/www.instagram.com\/vrip_ubb\/","https:\/\/www.youtube.com\/channel\/UCf7o8yHRJ7Y_QQLxwu1KQgA","https:\/\/www.linkedin.com\/company\/96035097\/admin\/dashboard\/"]}]}},"_links":{"self":[{"href":"https:\/\/vrip.ubiobio.cl\/inicio\/wp-json\/wp\/v2\/pages\/30568","targetHints":{"allow":["GET"]}}],"collection":[{"href":"https:\/\/vrip.ubiobio.cl\/inicio\/wp-json\/wp\/v2\/pages"}],"about":[{"href":"https:\/\/vrip.ubiobio.cl\/inicio\/wp-json\/wp\/v2\/types\/page"}],"author":[{"embeddable":true,"href":"https:\/\/vrip.ubiobio.cl\/inicio\/wp-json\/wp\/v2\/users\/1"}],"replies":[{"embeddable":true,"href":"https:\/\/vrip.ubiobio.cl\/inicio\/wp-json\/wp\/v2\/comments?post=30568"}],"version-history":[{"count":6,"href":"https:\/\/vrip.ubiobio.cl\/inicio\/wp-json\/wp\/v2\/pages\/30568\/revisions"}],"predecessor-version":[{"id":35992,"href":"https:\/\/vrip.ubiobio.cl\/inicio\/wp-json\/wp\/v2\/pages\/30568\/revisions\/35992"}],"wp:attachment":[{"href":"https:\/\/vrip.ubiobio.cl\/inicio\/wp-json\/wp\/v2\/media?parent=30568"}],"curies":[{"name":"wp","href":"https:\/\/api.w.org\/{rel}","templated":true}]}}