{"id":30564,"date":"2022-04-26T17:14:04","date_gmt":"2022-04-26T17:14:04","guid":{"rendered":"http:\/\/datavrip.ubiobio.cl\/inicio\/?page_id=30564"},"modified":"2022-11-29T19:45:00","modified_gmt":"2022-11-29T19:45:00","slug":"concurso-proyectos-de-innovacion-ano-2021","status":"publish","type":"page","link":"https:\/\/vrip.ubiobio.cl\/inicio\/concurso-proyectos-de-innovacion-ano-2021\/","title":{"rendered":"Concurso interno: \u201cProyectos de Innovaci\u00f3n A\u00f1o 2021\u201d"},"content":{"rendered":"<p><a href=\"https:\/\/vrip.ubiobio.cl\/wp-content\/uploads\/2021\/12\/Banner-concurso-innovacion-UBB-e1641406505575.jpg\"><img fetchpriority=\"high\" decoding=\"async\" class=\"alignnone wp-image-27089 \" src=\"https:\/\/vrip.ubiobio.cl\/wp-content\/uploads\/2021\/12\/Banner-concurso-innovacion-UBB-e1641406505575.jpg\" alt=\"\" width=\"953\" height=\"361\" srcset=\"https:\/\/vrip.ubiobio.cl\/wp-content\/uploads\/2021\/12\/Banner-concurso-innovacion-UBB-e1641406505575.jpg 1004w, https:\/\/vrip.ubiobio.cl\/wp-content\/uploads\/2021\/12\/Banner-concurso-innovacion-UBB-e1641406505575-300x114.jpg 300w, https:\/\/vrip.ubiobio.cl\/wp-content\/uploads\/2021\/12\/Banner-concurso-innovacion-UBB-e1641406505575-768x291.jpg 768w\" sizes=\"(max-width: 953px) 100vw, 953px\" \/><\/a><\/p>\n<p>Estimadas(os) Acad\u00e9micas(os):<\/p>\n<p>Junto con saludarles cordialmente, la\u00a0<strong>Direcci\u00f3n de Innovaci\u00f3n<\/strong>\u00a0de la Vicerrector\u00eda de Investigaci\u00f3n y Postgrado, informa que a partir de hoy se encuentra abierta la Convocatoria para el concurso\u00a0<strong>\u201cProyectos de Innovaci\u00f3n A\u00f1o 2021\u201d<\/strong>.<\/p>\n<p>El objetivo del concurso\u00a0 es financiar y apoyar proyectos de investigaci\u00f3n y desarrollo, cuyos resultados est\u00e9n orientados a la obtenci\u00f3n de nuevos productos, procesos y\/o servicios, o al mejoramiento sustancial de los ya existentes, con impacto potencial en los mercados o destinados al beneficio de la sociedad.<\/p>\n<p>El concurso financia proyectos de\u00a0<strong>hasta $8.000.000.-<\/strong>\u00a0(ocho millones de pesos M\/N), en un plazo m\u00e1ximo de ejecuci\u00f3n de\u00a0<strong>12 meses<\/strong>.<\/p>\n<p>La postulaci\u00f3n de proyectos se realizar\u00e1\u00a0<strong><u>s\u00f3lo en forma online<\/u><\/strong>, a trav\u00e9s de nuestra Intranet Institucional en el m\u00f3dulo \u201cVRIP\u201d.<\/p>\n<p>El plazo de cierre para enviar las postulaciones es el d\u00eda<strong>\u00a0<u>mi\u00e9rcoles 19 de enero de 2022 a las 17:00 horas<\/u><\/strong><u>.<\/u><\/p>\n<p>La coordinaci\u00f3n de la convocatoria, ser\u00e1 de responsabilidad de la\u00a0Direcci\u00f3n\u00a0de\u00a0Innovaci\u00f3n, a trav\u00e9s de su Unidad de Proyectos.<\/p>\n<p>Cualquier consulta al respecto, agradeceremos tomar contacto al mail:\u00a0<u><strong><a href=\"mailto:innovacion@ubiobio.cl\">innovacion@ubiobio.cl<\/a><\/strong><\/u><\/p>\n<p>Se adjuntan al presente, Bases del Concurso, Anexos y Formulario de Postulaci\u00f3n Gu\u00eda.<\/p>\n<p>Les saluda atentamente,<\/p>\n<p><a href=\"https:\/\/vrip.ubiobio.cl\/wp-content\/uploads\/2021\/12\/Bases-Convocatoria-Proyectos-en-Innovacion-2021.docx.pdf\">Bases-Convocatoria-Proyectos-en-Innovaci\u00f3n-2021<\/a><\/p>\n<p><a href=\"http:\/\/vrip.ubiobio.cl\/wp-content\/uploads\/2021\/12\/Anexo-N\u00b02-Declaracion-Simple-Integridad-Investigacion.docx\">Anexo-N\u00b02-Declaraci\u00f3n-Simple-Integridad-Investigaci\u00f3n<\/a><\/p>\n<p><a href=\"https:\/\/vrip.ubiobio.cl\/wp-content\/uploads\/2021\/12\/Anexo-N\u00b03-Informe-Visacion-Utilizacion-Infraestructura.docx\">Anexo-N\u00b03-Informe-Visaci\u00f3n-Utilizaci\u00f3n-Infraestructura<\/a><\/p>\n<p><a href=\"http:\/\/vrip.ubiobio.cl\/wp-content\/uploads\/2021\/12\/Anexo-N\u00b04-Constancia-Direccion-de-Innovacion.docx\">Anexo-N\u00b04-Constancia-Direcci\u00f3n-de-Innovaci\u00f3n<\/a><\/p>\n","protected":false},"excerpt":{"rendered":"<p>Estimadas(os) Acad\u00e9micas(os): Junto con saludarles cordialmente, la\u00a0Direcci\u00f3n de Innovaci\u00f3n\u00a0de la Vicerrector\u00eda de Investigaci\u00f3n y Postgrado, informa que a partir de hoy se encuentra abierta la Convocatoria para el concurso\u00a0\u201cProyectos de Innovaci\u00f3n A\u00f1o 2021\u201d. El objetivo del concurso\u00a0 es financiar y apoyar proyectos de investigaci\u00f3n y desarrollo, cuyos resultados est\u00e9n orientados a la obtenci\u00f3n de nuevos&#8230;<\/p>\n","protected":false},"author":1,"featured_media":0,"parent":0,"menu_order":0,"comment_status":"closed","ping_status":"closed","template":"","meta":{"_kadence_starter_templates_imported_post":false,"_kad_post_transparent":"default","_kad_post_title":"hide","_kad_post_layout":"narrow","_kad_post_sidebar_id":"","_kad_post_content_style":"boxed","_kad_post_vertical_padding":"bottom","_kad_post_feature":"","_kad_post_feature_position":"","_kad_post_header":false,"_kad_post_footer":false,"footnotes":""},"_links":{"self":[{"href":"https:\/\/vrip.ubiobio.cl\/inicio\/wp-json\/wp\/v2\/pages\/30564"}],"collection":[{"href":"https:\/\/vrip.ubiobio.cl\/inicio\/wp-json\/wp\/v2\/pages"}],"about":[{"href":"https:\/\/vrip.ubiobio.cl\/inicio\/wp-json\/wp\/v2\/types\/page"}],"author":[{"embeddable":true,"href":"https:\/\/vrip.ubiobio.cl\/inicio\/wp-json\/wp\/v2\/users\/1"}],"replies":[{"embeddable":true,"href":"https:\/\/vrip.ubiobio.cl\/inicio\/wp-json\/wp\/v2\/comments?post=30564"}],"version-history":[{"count":2,"href":"https:\/\/vrip.ubiobio.cl\/inicio\/wp-json\/wp\/v2\/pages\/30564\/revisions"}],"predecessor-version":[{"id":35989,"href":"https:\/\/vrip.ubiobio.cl\/inicio\/wp-json\/wp\/v2\/pages\/30564\/revisions\/35989"}],"wp:attachment":[{"href":"https:\/\/vrip.ubiobio.cl\/inicio\/wp-json\/wp\/v2\/media?parent=30564"}],"curies":[{"name":"wp","href":"https:\/\/api.w.org\/{rel}","templated":true}]}}