{"id":30561,"date":"2022-04-26T17:09:46","date_gmt":"2022-04-26T17:09:46","guid":{"rendered":"http:\/\/datavrip.ubiobio.cl\/inicio\/?page_id=30561"},"modified":"2022-11-29T19:46:23","modified_gmt":"2022-11-29T19:46:23","slug":"concurso-proyectos-de-innovacion-ano-2020","status":"publish","type":"page","link":"https:\/\/vrip.ubiobio.cl\/inicio\/concurso-proyectos-de-innovacion-ano-2020\/","title":{"rendered":"Concurso interno: \u201cProyectos de Innovaci\u00f3n A\u00f1o 2020\u201d"},"content":{"rendered":"<p><a href=\"https:\/\/vrip.ubiobio.cl\/wp-content\/uploads\/2021\/01\/Banner-Concurso-Proyectos-de-Innovacion-Ano-2020.jpg\"><img fetchpriority=\"high\" decoding=\"async\" class=\"alignnone wp-image-22932 \" src=\"https:\/\/vrip.ubiobio.cl\/wp-content\/uploads\/2021\/01\/Banner-Concurso-Proyectos-de-Innovacion-Ano-2020.jpg\" alt=\"\" width=\"907\" height=\"319\" srcset=\"https:\/\/vrip.ubiobio.cl\/wp-content\/uploads\/2021\/01\/Banner-Concurso-Proyectos-de-Innovacion-Ano-2020.jpg 2250w, https:\/\/vrip.ubiobio.cl\/wp-content\/uploads\/2021\/01\/Banner-Concurso-Proyectos-de-Innovacion-Ano-2020-300x106.jpg 300w, https:\/\/vrip.ubiobio.cl\/wp-content\/uploads\/2021\/01\/Banner-Concurso-Proyectos-de-Innovacion-Ano-2020-1024x360.jpg 1024w, https:\/\/vrip.ubiobio.cl\/wp-content\/uploads\/2021\/01\/Banner-Concurso-Proyectos-de-Innovacion-Ano-2020-768x270.jpg 768w, https:\/\/vrip.ubiobio.cl\/wp-content\/uploads\/2021\/01\/Banner-Concurso-Proyectos-de-Innovacion-Ano-2020-1536x541.jpg 1536w, https:\/\/vrip.ubiobio.cl\/wp-content\/uploads\/2021\/01\/Banner-Concurso-Proyectos-de-Innovacion-Ano-2020-2048x721.jpg 2048w\" sizes=\"(max-width: 907px) 100vw, 907px\" \/><\/a><\/p>\n<p>Se encuentra abierta la Convocatoria para el concurso\u00a0<strong>\u201cProyectos de Innovaci\u00f3n A\u00f1o 2020\u201d<\/strong>.\u00a0\u00a0\u00a0El objetivo del concurso\u00a0 es financiar y apoyar proyectos de investigaci\u00f3n y desarrollo, cuyos resultados est\u00e9n orientados a la obtenci\u00f3n de nuevos productos, procesos y\/o servicios, o al mejoramiento sustancial de los ya existentes, con impacto potencial en los mercados o destinados al beneficio de la sociedad.<\/p>\n<p>El concurso financia proyectos de\u00a0<strong>hasta $8.000.000.-<\/strong>\u00a0(ocho millones de pesos M\/N), en un plazo m\u00e1ximo de ejecuci\u00f3n de\u00a0<strong>10 meses<\/strong>.<\/p>\n<p>La postulaci\u00f3n de proyectos se realizar\u00e1\u00a0<strong><u>s\u00f3lo en forma online<\/u><\/strong>, a trav\u00e9s de nuestra Intranet Institucional.<\/p>\n<p>El plazo de cierre para enviar las postulaciones es el d\u00eda<strong>\u00a0<u>martes 09 de marzo de 2021 a las 17:00 horas<\/u><\/strong><u>.<\/u><\/p>\n<p><u><strong>El d\u00eda\u00a0mi\u00e9rcoles 13 de enero de 2021 a las 16:00 horas se realizar\u00e1 una charla de difusi\u00f3n del concurso v\u00eda zoom.<\/strong><\/u><\/p>\n<p>El link de la charla es:<\/p>\n<p><a href=\"https:\/\/reuna.zoom.us\/j\/83158749535?pwd=S0FZejBqdHlZZ1VydHFodks1T1lFdz09\" data-saferedirecturl=\"https:\/\/www.google.com\/url?q=https:\/\/reuna.zoom.us\/j\/83158749535?pwd%3DS0FZejBqdHlZZ1VydHFodks1T1lFdz09&amp;source=gmail&amp;ust=1609966275088000&amp;usg=AFQjCNG3Mkp9eDXt2aqcJp4lwpR1srCpTQ\">https:\/\/reuna.zoom.us\/j\/83158749535?pwd=S0FZejBqdHlZZ1VydHFodks1T1lFdz09<\/a><\/p>\n<p>Se adjuntan al presente, Bases del Concurso, Anexos y Formulario de Postulaci\u00f3n Gu\u00eda.<\/p>\n<p>La coordinaci\u00f3n de la convocatoria, ser\u00e1 de responsabilidad de la\u00a0Direcci\u00f3n\u00a0de\u00a0Innovaci\u00f3n, a trav\u00e9s de su Unidad de Proyectos.<\/p>\n<p>Cualquier consulta al respecto, agradeceremos tomar contacto al mail\u00a0<u><strong><a href=\"mailto:innovacion@ubiobio.cl\">innovacion@ubiobio.cl<\/a><\/strong><\/u><\/p>\n<p><a href=\"https:\/\/vrip.ubiobio.cl\/wp-content\/uploads\/2021\/10\/Formulario-Postulacion-Guia-y-Anexos-Proyectos-de-Innovacion-2020.doc\">Formulario-Postulaci\u00f3n-Gu\u00eda-y-Anexos-Proyectos-de-Innovaci\u00f3n-2020<\/a><\/p>\n<p><a href=\"https:\/\/vrip.ubiobio.cl\/wp-content\/uploads\/2021\/10\/Bases-Convocatoria-Proyectos-en-Innovacion-2020-.pdf\">Bases-Convocatoria-Proyectos-en-Innovaci\u00f3n-2020<\/a><\/p>\n<p><a href=\"http:\/\/vrip.ubiobio.cl\/wp-content\/uploads\/2021\/10\/Anexo-N\u00b02-Declaracion-Simple-Integridad-Investigacion.docx\">Anexo-N\u00b02-Declaraci\u00f3n-Simple-Integridad-Investigaci\u00f3n<\/a><\/p>\n<p><a href=\"http:\/\/vrip.ubiobio.cl\/wp-content\/uploads\/2021\/10\/Anexo-N\u00b03-Informe-Visacion-Utilizacion-Infraestructura.docx\">Anexo-N\u00b03-Informe-Visaci\u00f3n-Utilizaci\u00f3n-Infraestructura<\/a><\/p>\n<p>Fuente: Direcci\u00f3n de innovaci\u00f3n<\/p>\n","protected":false},"excerpt":{"rendered":"<p>Se encuentra abierta la Convocatoria para el concurso\u00a0\u201cProyectos de Innovaci\u00f3n A\u00f1o 2020\u201d.\u00a0\u00a0\u00a0El objetivo del concurso\u00a0 es financiar y apoyar proyectos de investigaci\u00f3n y desarrollo, cuyos resultados est\u00e9n orientados a la obtenci\u00f3n de nuevos productos, procesos y\/o servicios, o al mejoramiento sustancial de los ya existentes, con impacto potencial en los mercados o destinados al beneficio&#8230;<\/p>\n","protected":false},"author":1,"featured_media":0,"parent":0,"menu_order":0,"comment_status":"closed","ping_status":"closed","template":"","meta":{"_kadence_starter_templates_imported_post":false,"_kad_post_transparent":"default","_kad_post_title":"hide","_kad_post_layout":"narrow","_kad_post_sidebar_id":"","_kad_post_content_style":"boxed","_kad_post_vertical_padding":"bottom","_kad_post_feature":"","_kad_post_feature_position":"","_kad_post_header":false,"_kad_post_footer":false,"footnotes":""},"_links":{"self":[{"href":"https:\/\/vrip.ubiobio.cl\/inicio\/wp-json\/wp\/v2\/pages\/30561"}],"collection":[{"href":"https:\/\/vrip.ubiobio.cl\/inicio\/wp-json\/wp\/v2\/pages"}],"about":[{"href":"https:\/\/vrip.ubiobio.cl\/inicio\/wp-json\/wp\/v2\/types\/page"}],"author":[{"embeddable":true,"href":"https:\/\/vrip.ubiobio.cl\/inicio\/wp-json\/wp\/v2\/users\/1"}],"replies":[{"embeddable":true,"href":"https:\/\/vrip.ubiobio.cl\/inicio\/wp-json\/wp\/v2\/comments?post=30561"}],"version-history":[{"count":4,"href":"https:\/\/vrip.ubiobio.cl\/inicio\/wp-json\/wp\/v2\/pages\/30561\/revisions"}],"predecessor-version":[{"id":35990,"href":"https:\/\/vrip.ubiobio.cl\/inicio\/wp-json\/wp\/v2\/pages\/30561\/revisions\/35990"}],"wp:attachment":[{"href":"https:\/\/vrip.ubiobio.cl\/inicio\/wp-json\/wp\/v2\/media?parent=30561"}],"curies":[{"name":"wp","href":"https:\/\/api.w.org\/{rel}","templated":true}]}}