{"id":30414,"date":"2022-04-26T06:47:07","date_gmt":"2022-04-26T06:47:07","guid":{"rendered":"http:\/\/datavrip.ubiobio.cl\/inicio\/?page_id=30414"},"modified":"2022-11-29T15:03:38","modified_gmt":"2022-11-29T15:03:38","slug":"proyectos-de-investigacion-iniciacion-y-regular-2021","status":"publish","type":"page","link":"https:\/\/vrip.ubiobio.cl\/inicio\/proyectos-de-investigacion-iniciacion-y-regular-2021\/","title":{"rendered":"Proyectos de Investigaci\u00f3n Iniciaci\u00f3n y Regular 2021"},"content":{"rendered":"\t\t<div data-elementor-type=\"wp-page\" data-elementor-id=\"30414\" class=\"elementor elementor-30414\" data-elementor-settings=\"{&quot;ha_cmc_init_switcher&quot;:&quot;no&quot;}\">\n\t\t\t\t\t\t<section class=\"elementor-section elementor-top-section elementor-element elementor-element-70fa6c elementor-section-boxed elementor-section-height-default elementor-section-height-default\" data-id=\"70fa6c\" data-element_type=\"section\" data-e-type=\"section\" data-settings=\"{&quot;_ha_eqh_enable&quot;:false}\">\n\t\t\t\t\t\t<div class=\"elementor-container elementor-column-gap-default\">\n\t\t\t\t\t<div class=\"elementor-column elementor-col-100 elementor-top-column elementor-element elementor-element-794ce50a\" data-id=\"794ce50a\" data-element_type=\"column\" data-e-type=\"column\">\n\t\t\t<div class=\"elementor-widget-wrap elementor-element-populated\">\n\t\t\t\t\t\t<div class=\"elementor-element elementor-element-5ff7c894 elementor-widget elementor-widget-text-editor\" data-id=\"5ff7c894\" data-element_type=\"widget\" data-e-type=\"widget\" data-widget_type=\"text-editor.default\">\n\t\t\t\t<div class=\"elementor-widget-container\">\n\t\t\t\t\t\t\t\t\t<p><img fetchpriority=\"high\" decoding=\"async\" class=\"alignnone wp-image-34203 size-full\" src=\"https:\/\/vrip.ubiobio.cl\/wp-content\/uploads\/2022\/06\/banner-concurso-investigacionajo-1-1.jpg\" alt=\"\" width=\"1746\" height=\"792\" srcset=\"https:\/\/vrip.ubiobio.cl\/wp-content\/uploads\/2022\/06\/banner-concurso-investigacionajo-1-1.jpg 1746w, https:\/\/vrip.ubiobio.cl\/wp-content\/uploads\/2022\/06\/banner-concurso-investigacionajo-1-1-380x172.jpg 380w, https:\/\/vrip.ubiobio.cl\/wp-content\/uploads\/2022\/06\/banner-concurso-investigacionajo-1-1-1024x464.jpg 1024w, https:\/\/vrip.ubiobio.cl\/wp-content\/uploads\/2022\/06\/banner-concurso-investigacionajo-1-1-768x348.jpg 768w, https:\/\/vrip.ubiobio.cl\/wp-content\/uploads\/2022\/06\/banner-concurso-investigacionajo-1-1-1536x697.jpg 1536w\" sizes=\"(max-width: 1746px) 100vw, 1746px\" \/><\/p><p>La\u00a0<b>Direcci\u00f3n de\u00a0Investigaci\u00f3n\u00a0y Creaci\u00f3n Art\u00edstica<\/b>\u00a0de la Vicerrector\u00eda de\u00a0Investigaci\u00f3n\u00a0y Postgrado, informa que se ha ampliado el plazo de postulaci\u00f3n al Concurso de\u00a0<b>Proyectos de\u00a0Investigaci\u00f3n\u00a0Internos Iniciaci\u00f3n y\u00a0Regular\u00a02021<\/b>\u00a0para ejecuci\u00f3n 2022-2023.<\/p><p>La nueva fecha de cierre\u00a0para el env\u00edo del Proyecto a solicitud de Patrocinio de Unidad fue el viernes<b>\u00a028 de enero de 2022 a las 17:00 hrs.<\/b>\u00a0El plazo para el env\u00edo de los patrocinios respectivos fue el<b>\u00a0viernes 11 de marzo de 2022\u00a0<\/b><b>a las 18:00 hrs<\/b>.<\/p><p><strong>Informaci\u00f3n y Bases del Concurso:<\/strong><\/p><p><a href=\"https:\/\/vrip.ubiobio.cl\/wp-content\/uploads\/2022\/04\/Bases-Proyectos-de-Investigacion-Iniciacion-y-Regular-2021.pdf\" target=\"_blank\" rel=\"noopener noreferrer\">Bases del Concurso<\/a><br \/><a href=\"https:\/\/vrip.ubiobio.cl\/wp-content\/uploads\/2022\/06\/Resultado-Proyectos-de-Investigacion-Regular-e-Iniciacion-Convocatoria-2021.pdf\" target=\"_blank\" rel=\"noopener noreferrer\">Resultados<\/a><\/p><p><em>Para dudas o consultas contactarse con la Direcci\u00f3n de Investigaci\u00f3n y Creaci\u00f3n Art\u00edstica:<\/em><\/p><p><strong>Sede Concepci\u00f3n:<\/strong> Pamela Rojas,\u00a0<a href=\"mailto:projas@ubiobio.cl\" target=\"_blank\" rel=\"noopener noreferrer\">projas@ubiobio.cl<\/a><br \/><strong>Sede Chill\u00e1n:<\/strong> Claudia \u00a0Baham\u00f3ndez,\u00a0<a href=\"mailto:cbahamon@ubiobio.cl\" target=\"_blank\" rel=\"noopener noreferrer\">cbahamon@ubiobio.cl<\/a><\/p><p>Para consultas t\u00e9cnicas sobre ingreso de postulaci\u00f3n a la plataforma, favor contactarse con: Karina Leiva, Ingeniera Civil en Inform\u00e1tica:\u00a0<a href=\"mailto:kleiva@ubiobio.cl\" target=\"_blank\" rel=\"noopener noreferrer\">kleiva@ubiobio.cl<\/a><\/p>\t\t\t\t\t\t\t\t<\/div>\n\t\t\t\t<\/div>\n\t\t\t\t\t<\/div>\n\t\t<\/div>\n\t\t\t\t\t<\/div>\n\t\t<\/section>\n\t\t\t\t<\/div>\n\t\t","protected":false},"excerpt":{"rendered":"<p>La\u00a0Direcci\u00f3n de\u00a0Investigaci\u00f3n\u00a0y Creaci\u00f3n Art\u00edstica\u00a0de la Vicerrector\u00eda de\u00a0Investigaci\u00f3n\u00a0y Postgrado, informa que se ha ampliado el plazo de postulaci\u00f3n al Concurso de\u00a0Proyectos de\u00a0Investigaci\u00f3n\u00a0Internos Iniciaci\u00f3n y\u00a0Regular\u00a02021\u00a0para ejecuci\u00f3n 2022-2023. La nueva fecha de cierre\u00a0para el env\u00edo del Proyecto a solicitud de Patrocinio de Unidad fue el viernes\u00a028 de enero de 2022 a las 17:00 hrs.\u00a0El plazo para el env\u00edo&#8230;<\/p>\n","protected":false},"author":1,"featured_media":0,"parent":0,"menu_order":0,"comment_status":"closed","ping_status":"closed","template":"","meta":{"_kadence_starter_templates_imported_post":false,"_kad_post_transparent":"default","_kad_post_title":"hide","_kad_post_layout":"narrow","_kad_post_sidebar_id":"","_kad_post_content_style":"boxed","_kad_post_vertical_padding":"bottom","_kad_post_feature":"","_kad_post_feature_position":"","_kad_post_header":false,"_kad_post_footer":false,"footnotes":""},"class_list":["post-30414","page","type-page","status-publish","hentry"],"yoast_head":"<!-- This site is optimized with the Yoast SEO plugin v27.5 - https:\/\/yoast.com\/product\/yoast-seo-wordpress\/ -->\n<title>Proyectos de Investigaci\u00f3n Iniciaci\u00f3n y Regular 2021 - VRIP<\/title>\n<meta name=\"robots\" content=\"index, follow, max-snippet:-1, max-image-preview:large, max-video-preview:-1\" \/>\n<link rel=\"canonical\" href=\"https:\/\/vrip.ubiobio.cl\/inicio\/proyectos-de-investigacion-iniciacion-y-regular-2021\/\" \/>\n<meta property=\"og:locale\" content=\"es_ES\" \/>\n<meta property=\"og:type\" content=\"article\" \/>\n<meta property=\"og:title\" content=\"Proyectos de Investigaci\u00f3n Iniciaci\u00f3n y Regular 2021 - VRIP\" \/>\n<meta property=\"og:description\" content=\"La\u00a0Direcci\u00f3n de\u00a0Investigaci\u00f3n\u00a0y Creaci\u00f3n Art\u00edstica\u00a0de la Vicerrector\u00eda de\u00a0Investigaci\u00f3n\u00a0y Postgrado, informa que se ha ampliado el plazo de postulaci\u00f3n al Concurso de\u00a0Proyectos de\u00a0Investigaci\u00f3n\u00a0Internos Iniciaci\u00f3n y\u00a0Regular\u00a02021\u00a0para ejecuci\u00f3n 2022-2023. La nueva fecha de cierre\u00a0para el env\u00edo del Proyecto a solicitud de Patrocinio de Unidad fue el viernes\u00a028 de enero de 2022 a las 17:00 hrs.\u00a0El plazo para el env\u00edo...\" \/>\n<meta property=\"og:url\" content=\"https:\/\/vrip.ubiobio.cl\/inicio\/proyectos-de-investigacion-iniciacion-y-regular-2021\/\" \/>\n<meta property=\"og:site_name\" content=\"VRIP\" \/>\n<meta property=\"article:modified_time\" content=\"2022-11-29T15:03:38+00:00\" \/>\n<meta property=\"og:image\" content=\"https:\/\/vrip.ubiobio.cl\/wp-content\/uploads\/2022\/06\/banner-concurso-investigacionajo-1-1.jpg\" \/>\n\t<meta property=\"og:image:width\" content=\"1746\" \/>\n\t<meta property=\"og:image:height\" content=\"792\" \/>\n\t<meta property=\"og:image:type\" content=\"image\/jpeg\" \/>\n<meta name=\"twitter:card\" content=\"summary_large_image\" \/>\n<meta name=\"twitter:site\" content=\"@vripubb\" \/>\n<meta name=\"twitter:label1\" content=\"Tiempo de lectura\" \/>\n\t<meta name=\"twitter:data1\" content=\"1 minuto\" \/>\n<script type=\"application\/ld+json\" class=\"yoast-schema-graph\">{\"@context\":\"https:\\\/\\\/schema.org\",\"@graph\":[{\"@type\":\"WebPage\",\"@id\":\"https:\\\/\\\/vrip.ubiobio.cl\\\/inicio\\\/proyectos-de-investigacion-iniciacion-y-regular-2021\\\/\",\"url\":\"https:\\\/\\\/vrip.ubiobio.cl\\\/inicio\\\/proyectos-de-investigacion-iniciacion-y-regular-2021\\\/\",\"name\":\"Proyectos de Investigaci\u00f3n Iniciaci\u00f3n y Regular 2021 - VRIP\",\"isPartOf\":{\"@id\":\"https:\\\/\\\/vrip.ubiobio.cl\\\/inicio\\\/#website\"},\"primaryImageOfPage\":{\"@id\":\"https:\\\/\\\/vrip.ubiobio.cl\\\/inicio\\\/proyectos-de-investigacion-iniciacion-y-regular-2021\\\/#primaryimage\"},\"image\":{\"@id\":\"https:\\\/\\\/vrip.ubiobio.cl\\\/inicio\\\/proyectos-de-investigacion-iniciacion-y-regular-2021\\\/#primaryimage\"},\"thumbnailUrl\":\"https:\\\/\\\/vrip.ubiobio.cl\\\/wp-content\\\/uploads\\\/2022\\\/06\\\/banner-concurso-investigacionajo-1-1.jpg\",\"datePublished\":\"2022-04-26T06:47:07+00:00\",\"dateModified\":\"2022-11-29T15:03:38+00:00\",\"breadcrumb\":{\"@id\":\"https:\\\/\\\/vrip.ubiobio.cl\\\/inicio\\\/proyectos-de-investigacion-iniciacion-y-regular-2021\\\/#breadcrumb\"},\"inLanguage\":\"es\",\"potentialAction\":[{\"@type\":\"ReadAction\",\"target\":[\"https:\\\/\\\/vrip.ubiobio.cl\\\/inicio\\\/proyectos-de-investigacion-iniciacion-y-regular-2021\\\/\"]}]},{\"@type\":\"ImageObject\",\"inLanguage\":\"es\",\"@id\":\"https:\\\/\\\/vrip.ubiobio.cl\\\/inicio\\\/proyectos-de-investigacion-iniciacion-y-regular-2021\\\/#primaryimage\",\"url\":\"https:\\\/\\\/vrip.ubiobio.cl\\\/wp-content\\\/uploads\\\/2022\\\/06\\\/banner-concurso-investigacionajo-1-1.jpg\",\"contentUrl\":\"https:\\\/\\\/vrip.ubiobio.cl\\\/wp-content\\\/uploads\\\/2022\\\/06\\\/banner-concurso-investigacionajo-1-1.jpg\"},{\"@type\":\"BreadcrumbList\",\"@id\":\"https:\\\/\\\/vrip.ubiobio.cl\\\/inicio\\\/proyectos-de-investigacion-iniciacion-y-regular-2021\\\/#breadcrumb\",\"itemListElement\":[{\"@type\":\"ListItem\",\"position\":1,\"name\":\"Portada\",\"item\":\"https:\\\/\\\/vrip.ubiobio.cl\\\/inicio\\\/\"},{\"@type\":\"ListItem\",\"position\":2,\"name\":\"Proyectos de Investigaci\u00f3n Iniciaci\u00f3n y Regular 2021\"}]},{\"@type\":\"WebSite\",\"@id\":\"https:\\\/\\\/vrip.ubiobio.cl\\\/inicio\\\/#website\",\"url\":\"https:\\\/\\\/vrip.ubiobio.cl\\\/inicio\\\/\",\"name\":\"VRIP\",\"description\":\"Vicerrector\u00eda de Investigaci\u00f3n y Postgrado\",\"publisher\":{\"@id\":\"https:\\\/\\\/vrip.ubiobio.cl\\\/inicio\\\/#organization\"},\"potentialAction\":[{\"@type\":\"SearchAction\",\"target\":{\"@type\":\"EntryPoint\",\"urlTemplate\":\"https:\\\/\\\/vrip.ubiobio.cl\\\/inicio\\\/?s={search_term_string}\"},\"query-input\":{\"@type\":\"PropertyValueSpecification\",\"valueRequired\":true,\"valueName\":\"search_term_string\"}}],\"inLanguage\":\"es\"},{\"@type\":\"Organization\",\"@id\":\"https:\\\/\\\/vrip.ubiobio.cl\\\/inicio\\\/#organization\",\"name\":\"VRIP\",\"url\":\"https:\\\/\\\/vrip.ubiobio.cl\\\/inicio\\\/\",\"logo\":{\"@type\":\"ImageObject\",\"inLanguage\":\"es\",\"@id\":\"https:\\\/\\\/vrip.ubiobio.cl\\\/inicio\\\/#\\\/schema\\\/logo\\\/image\\\/\",\"url\":\"https:\\\/\\\/vrip.ubiobio.cl\\\/wp-content\\\/uploads\\\/2022\\\/10\\\/logo-vrip_Mesa-de-trabajo-1.png\",\"contentUrl\":\"https:\\\/\\\/vrip.ubiobio.cl\\\/wp-content\\\/uploads\\\/2022\\\/10\\\/logo-vrip_Mesa-de-trabajo-1.png\",\"width\":642,\"height\":178,\"caption\":\"VRIP\"},\"image\":{\"@id\":\"https:\\\/\\\/vrip.ubiobio.cl\\\/inicio\\\/#\\\/schema\\\/logo\\\/image\\\/\"},\"sameAs\":[\"https:\\\/\\\/x.com\\\/vripubb\",\"https:\\\/\\\/www.instagram.com\\\/vrip_ubb\\\/\",\"https:\\\/\\\/www.youtube.com\\\/channel\\\/UCf7o8yHRJ7Y_QQLxwu1KQgA\",\"https:\\\/\\\/www.linkedin.com\\\/company\\\/96035097\\\/admin\\\/dashboard\\\/\"]}]}<\/script>\n<!-- \/ Yoast SEO plugin. -->","yoast_head_json":{"title":"Proyectos de Investigaci\u00f3n Iniciaci\u00f3n y Regular 2021 - VRIP","robots":{"index":"index","follow":"follow","max-snippet":"max-snippet:-1","max-image-preview":"max-image-preview:large","max-video-preview":"max-video-preview:-1"},"canonical":"https:\/\/vrip.ubiobio.cl\/inicio\/proyectos-de-investigacion-iniciacion-y-regular-2021\/","og_locale":"es_ES","og_type":"article","og_title":"Proyectos de Investigaci\u00f3n Iniciaci\u00f3n y Regular 2021 - VRIP","og_description":"La\u00a0Direcci\u00f3n de\u00a0Investigaci\u00f3n\u00a0y Creaci\u00f3n Art\u00edstica\u00a0de la Vicerrector\u00eda de\u00a0Investigaci\u00f3n\u00a0y Postgrado, informa que se ha ampliado el plazo de postulaci\u00f3n al Concurso de\u00a0Proyectos de\u00a0Investigaci\u00f3n\u00a0Internos Iniciaci\u00f3n y\u00a0Regular\u00a02021\u00a0para ejecuci\u00f3n 2022-2023. La nueva fecha de cierre\u00a0para el env\u00edo del Proyecto a solicitud de Patrocinio de Unidad fue el viernes\u00a028 de enero de 2022 a las 17:00 hrs.\u00a0El plazo para el env\u00edo...","og_url":"https:\/\/vrip.ubiobio.cl\/inicio\/proyectos-de-investigacion-iniciacion-y-regular-2021\/","og_site_name":"VRIP","article_modified_time":"2022-11-29T15:03:38+00:00","og_image":[{"width":1746,"height":792,"url":"https:\/\/vrip.ubiobio.cl\/wp-content\/uploads\/2022\/06\/banner-concurso-investigacionajo-1-1.jpg","type":"image\/jpeg"}],"twitter_card":"summary_large_image","twitter_site":"@vripubb","twitter_misc":{"Tiempo de lectura":"1 minuto"},"schema":{"@context":"https:\/\/schema.org","@graph":[{"@type":"WebPage","@id":"https:\/\/vrip.ubiobio.cl\/inicio\/proyectos-de-investigacion-iniciacion-y-regular-2021\/","url":"https:\/\/vrip.ubiobio.cl\/inicio\/proyectos-de-investigacion-iniciacion-y-regular-2021\/","name":"Proyectos de Investigaci\u00f3n Iniciaci\u00f3n y Regular 2021 - VRIP","isPartOf":{"@id":"https:\/\/vrip.ubiobio.cl\/inicio\/#website"},"primaryImageOfPage":{"@id":"https:\/\/vrip.ubiobio.cl\/inicio\/proyectos-de-investigacion-iniciacion-y-regular-2021\/#primaryimage"},"image":{"@id":"https:\/\/vrip.ubiobio.cl\/inicio\/proyectos-de-investigacion-iniciacion-y-regular-2021\/#primaryimage"},"thumbnailUrl":"https:\/\/vrip.ubiobio.cl\/wp-content\/uploads\/2022\/06\/banner-concurso-investigacionajo-1-1.jpg","datePublished":"2022-04-26T06:47:07+00:00","dateModified":"2022-11-29T15:03:38+00:00","breadcrumb":{"@id":"https:\/\/vrip.ubiobio.cl\/inicio\/proyectos-de-investigacion-iniciacion-y-regular-2021\/#breadcrumb"},"inLanguage":"es","potentialAction":[{"@type":"ReadAction","target":["https:\/\/vrip.ubiobio.cl\/inicio\/proyectos-de-investigacion-iniciacion-y-regular-2021\/"]}]},{"@type":"ImageObject","inLanguage":"es","@id":"https:\/\/vrip.ubiobio.cl\/inicio\/proyectos-de-investigacion-iniciacion-y-regular-2021\/#primaryimage","url":"https:\/\/vrip.ubiobio.cl\/wp-content\/uploads\/2022\/06\/banner-concurso-investigacionajo-1-1.jpg","contentUrl":"https:\/\/vrip.ubiobio.cl\/wp-content\/uploads\/2022\/06\/banner-concurso-investigacionajo-1-1.jpg"},{"@type":"BreadcrumbList","@id":"https:\/\/vrip.ubiobio.cl\/inicio\/proyectos-de-investigacion-iniciacion-y-regular-2021\/#breadcrumb","itemListElement":[{"@type":"ListItem","position":1,"name":"Portada","item":"https:\/\/vrip.ubiobio.cl\/inicio\/"},{"@type":"ListItem","position":2,"name":"Proyectos de Investigaci\u00f3n Iniciaci\u00f3n y Regular 2021"}]},{"@type":"WebSite","@id":"https:\/\/vrip.ubiobio.cl\/inicio\/#website","url":"https:\/\/vrip.ubiobio.cl\/inicio\/","name":"VRIP","description":"Vicerrector\u00eda de Investigaci\u00f3n y Postgrado","publisher":{"@id":"https:\/\/vrip.ubiobio.cl\/inicio\/#organization"},"potentialAction":[{"@type":"SearchAction","target":{"@type":"EntryPoint","urlTemplate":"https:\/\/vrip.ubiobio.cl\/inicio\/?s={search_term_string}"},"query-input":{"@type":"PropertyValueSpecification","valueRequired":true,"valueName":"search_term_string"}}],"inLanguage":"es"},{"@type":"Organization","@id":"https:\/\/vrip.ubiobio.cl\/inicio\/#organization","name":"VRIP","url":"https:\/\/vrip.ubiobio.cl\/inicio\/","logo":{"@type":"ImageObject","inLanguage":"es","@id":"https:\/\/vrip.ubiobio.cl\/inicio\/#\/schema\/logo\/image\/","url":"https:\/\/vrip.ubiobio.cl\/wp-content\/uploads\/2022\/10\/logo-vrip_Mesa-de-trabajo-1.png","contentUrl":"https:\/\/vrip.ubiobio.cl\/wp-content\/uploads\/2022\/10\/logo-vrip_Mesa-de-trabajo-1.png","width":642,"height":178,"caption":"VRIP"},"image":{"@id":"https:\/\/vrip.ubiobio.cl\/inicio\/#\/schema\/logo\/image\/"},"sameAs":["https:\/\/x.com\/vripubb","https:\/\/www.instagram.com\/vrip_ubb\/","https:\/\/www.youtube.com\/channel\/UCf7o8yHRJ7Y_QQLxwu1KQgA","https:\/\/www.linkedin.com\/company\/96035097\/admin\/dashboard\/"]}]}},"_links":{"self":[{"href":"https:\/\/vrip.ubiobio.cl\/inicio\/wp-json\/wp\/v2\/pages\/30414","targetHints":{"allow":["GET"]}}],"collection":[{"href":"https:\/\/vrip.ubiobio.cl\/inicio\/wp-json\/wp\/v2\/pages"}],"about":[{"href":"https:\/\/vrip.ubiobio.cl\/inicio\/wp-json\/wp\/v2\/types\/page"}],"author":[{"embeddable":true,"href":"https:\/\/vrip.ubiobio.cl\/inicio\/wp-json\/wp\/v2\/users\/1"}],"replies":[{"embeddable":true,"href":"https:\/\/vrip.ubiobio.cl\/inicio\/wp-json\/wp\/v2\/comments?post=30414"}],"version-history":[{"count":25,"href":"https:\/\/vrip.ubiobio.cl\/inicio\/wp-json\/wp\/v2\/pages\/30414\/revisions"}],"predecessor-version":[{"id":35928,"href":"https:\/\/vrip.ubiobio.cl\/inicio\/wp-json\/wp\/v2\/pages\/30414\/revisions\/35928"}],"wp:attachment":[{"href":"https:\/\/vrip.ubiobio.cl\/inicio\/wp-json\/wp\/v2\/media?parent=30414"}],"curies":[{"name":"wp","href":"https:\/\/api.w.org\/{rel}","templated":true}]}}