{"id":30408,"date":"2022-04-26T06:43:13","date_gmt":"2022-04-26T06:43:13","guid":{"rendered":"http:\/\/datavrip.ubiobio.cl\/inicio\/?page_id=30408"},"modified":"2022-11-29T15:02:11","modified_gmt":"2022-11-29T15:02:11","slug":"concurso-proyectos-creacion-artistica-ubb-2022","status":"publish","type":"page","link":"https:\/\/vrip.ubiobio.cl\/inicio\/concurso-proyectos-creacion-artistica-ubb-2022\/","title":{"rendered":"Concurso Proyectos de Creaci\u00f3n Art\u00edstica UBB 2022"},"content":{"rendered":"<p><img fetchpriority=\"high\" decoding=\"async\" class=\"alignnone wp-image-30409 \" src=\"https:\/\/vrip.ubiobio.cl\/wp-content\/uploads\/2022\/04\/Banner-2-Concurso-Proyectos-de-Creacion-Artistica-UBB-2022.jpg\" alt=\"\" width=\"782\" height=\"275\" srcset=\"https:\/\/vrip.ubiobio.cl\/wp-content\/uploads\/2022\/04\/Banner-2-Concurso-Proyectos-de-Creacion-Artistica-UBB-2022.jpg 2250w, https:\/\/vrip.ubiobio.cl\/wp-content\/uploads\/2022\/04\/Banner-2-Concurso-Proyectos-de-Creacion-Artistica-UBB-2022-380x134.jpg 380w, https:\/\/vrip.ubiobio.cl\/wp-content\/uploads\/2022\/04\/Banner-2-Concurso-Proyectos-de-Creacion-Artistica-UBB-2022-1080x380.jpg 1080w, https:\/\/vrip.ubiobio.cl\/wp-content\/uploads\/2022\/04\/Banner-2-Concurso-Proyectos-de-Creacion-Artistica-UBB-2022-150x53.jpg 150w, https:\/\/vrip.ubiobio.cl\/wp-content\/uploads\/2022\/04\/Banner-2-Concurso-Proyectos-de-Creacion-Artistica-UBB-2022-768x270.jpg 768w, https:\/\/vrip.ubiobio.cl\/wp-content\/uploads\/2022\/04\/Banner-2-Concurso-Proyectos-de-Creacion-Artistica-UBB-2022-1536x541.jpg 1536w, https:\/\/vrip.ubiobio.cl\/wp-content\/uploads\/2022\/04\/Banner-2-Concurso-Proyectos-de-Creacion-Artistica-UBB-2022-2048x721.jpg 2048w\" sizes=\"(max-width: 782px) 100vw, 782px\" \/><\/p>\n<p>La\u00a0<b>Direcci\u00f3n de Investigaci\u00f3n y Creaci\u00f3n Art\u00edstica<\/b>\u00a0de la Vicerrector\u00eda de Investigaci\u00f3n y Postgrado, comunica la Apertura del\u00a0<strong>Concurso\u00a0<\/strong><b>Proyectos de Creaci\u00f3n Art\u00edstica UBB 2022<\/b>\u00a0para ejecuci\u00f3n 2022-2023.<\/p>\n<p>La convocatoria permanecer\u00e1 abierta desde el\u00a0viernes\u00a0<strong>05 de noviembre de 2021<\/strong>\u00a0hasta el\u00a0<strong>22\u00a0de diciembre de 2021\u00a0<\/strong>a las 18:00 hrs.<\/p>\n<p><a href=\"https:\/\/vrip.ubiobio.cl\/wp-content\/uploads\/2022\/05\/Bases-Concurso-Proyectos-de-Creacion-Artistica-UBB-2022.pdf\" target=\"_blank\" rel=\"noopener noreferrer\">Bases del Concurso<\/a><\/p>\n<p>Puede consultar la Pol\u00edtica de Creaci\u00f3n Art\u00edstica en:\u00a0<a href=\"https:\/\/vrip.ubiobio.cl\/inicio\/politicasynormativas\/\">Reglamentos UBB<\/a>.<\/p>\n<p><strong>Correo de Postulaci\u00f3n:<\/strong>\u00a0<a href=\"mailto:postulaciones-dicrea@ubiobio.cl\" target=\"_blank\" rel=\"noopener noreferrer\">postulaciones-dicrea@ubiobio.cl<\/a>.<\/p>\n<p>Para dudas o consultas de ambas sedes, contactarse con la Direcci\u00f3n de Investigaci\u00f3n y Creaci\u00f3n Art\u00edstica:<\/p>\n<p><strong>Isabel Leal Figueroa,\u00a0<a href=\"mailto:ileal@ubiobio.cl\" target=\"_blank\" rel=\"noopener noreferrer\">ileal@ubiobio.cl<\/a><\/strong><br \/>\n<strong>Karolyn D\u00edaz,\u00a0<a href=\"mailto:kdiaz@ubiobio.cl\" target=\"_blank\" rel=\"noopener noreferrer\">kdiaz@ubiobio.cl<\/a><\/strong><\/p>\n<div>\n<p>Para consultas t\u00e9cnicas sobre el formulario de postulaci\u00f3n, favor contactarse con: Karina Leiva, Ingeniero Civil en Inform\u00e1tica:\u00a0<a href=\"mailto:kleiva@ubiobio.cl\" target=\"_blank\" rel=\"noopener noreferrer\">kleiva@ubiobio.cl<\/a><\/p>\n<\/div>\n","protected":false},"excerpt":{"rendered":"<p>La\u00a0Direcci\u00f3n de Investigaci\u00f3n y Creaci\u00f3n Art\u00edstica\u00a0de la Vicerrector\u00eda de Investigaci\u00f3n y Postgrado, comunica la Apertura del\u00a0Concurso\u00a0Proyectos de Creaci\u00f3n Art\u00edstica UBB 2022\u00a0para ejecuci\u00f3n 2022-2023. La convocatoria permanecer\u00e1 abierta desde el\u00a0viernes\u00a005 de noviembre de 2021\u00a0hasta el\u00a022\u00a0de diciembre de 2021\u00a0a las 18:00 hrs. Bases del Concurso Puede consultar la Pol\u00edtica de Creaci\u00f3n Art\u00edstica en:\u00a0Reglamentos UBB. Correo de Postulaci\u00f3n:\u00a0postulaciones-dicrea@ubiobio.cl&#8230;.<\/p>\n","protected":false},"author":1,"featured_media":0,"parent":0,"menu_order":0,"comment_status":"closed","ping_status":"closed","template":"","meta":{"_kadence_starter_templates_imported_post":false,"_kad_post_transparent":"default","_kad_post_title":"hide","_kad_post_layout":"narrow","_kad_post_sidebar_id":"","_kad_post_content_style":"boxed","_kad_post_vertical_padding":"bottom","_kad_post_feature":"","_kad_post_feature_position":"","_kad_post_header":false,"_kad_post_footer":false,"footnotes":""},"_links":{"self":[{"href":"https:\/\/vrip.ubiobio.cl\/inicio\/wp-json\/wp\/v2\/pages\/30408"}],"collection":[{"href":"https:\/\/vrip.ubiobio.cl\/inicio\/wp-json\/wp\/v2\/pages"}],"about":[{"href":"https:\/\/vrip.ubiobio.cl\/inicio\/wp-json\/wp\/v2\/types\/page"}],"author":[{"embeddable":true,"href":"https:\/\/vrip.ubiobio.cl\/inicio\/wp-json\/wp\/v2\/users\/1"}],"replies":[{"embeddable":true,"href":"https:\/\/vrip.ubiobio.cl\/inicio\/wp-json\/wp\/v2\/comments?post=30408"}],"version-history":[{"count":6,"href":"https:\/\/vrip.ubiobio.cl\/inicio\/wp-json\/wp\/v2\/pages\/30408\/revisions"}],"predecessor-version":[{"id":35925,"href":"https:\/\/vrip.ubiobio.cl\/inicio\/wp-json\/wp\/v2\/pages\/30408\/revisions\/35925"}],"wp:attachment":[{"href":"https:\/\/vrip.ubiobio.cl\/inicio\/wp-json\/wp\/v2\/media?parent=30408"}],"curies":[{"name":"wp","href":"https:\/\/api.w.org\/{rel}","templated":true}]}}