{"id":30399,"date":"2022-04-26T06:39:01","date_gmt":"2022-04-26T06:39:01","guid":{"rendered":"http:\/\/datavrip.ubiobio.cl\/inicio\/?page_id=30399"},"modified":"2022-11-29T15:04:43","modified_gmt":"2022-11-29T15:04:43","slug":"concurso-de-investigacion-en-docencia-y-aprendizaje-ubb-2021","status":"publish","type":"page","link":"https:\/\/vrip.ubiobio.cl\/inicio\/concurso-de-investigacion-en-docencia-y-aprendizaje-ubb-2021\/","title":{"rendered":"Concurso de Investigaci\u00f3n en Docencia y Aprendizaje UBB 2021"},"content":{"rendered":"<p><img fetchpriority=\"high\" decoding=\"async\" class=\"alignnone wp-image-26367 \" src=\"https:\/\/vrip.ubiobio.cl\/wp-content\/uploads\/2021\/10\/Concurso-de-Proyectos-de-Investigacion-en-Docencia-y-Aprendizaje-UBB-2021-1.jpg\" alt=\"\" width=\"799\" height=\"281\" srcset=\"https:\/\/vrip.ubiobio.cl\/wp-content\/uploads\/2021\/10\/Concurso-de-Proyectos-de-Investigacion-en-Docencia-y-Aprendizaje-UBB-2021-1.jpg 2250w, https:\/\/vrip.ubiobio.cl\/wp-content\/uploads\/2021\/10\/Concurso-de-Proyectos-de-Investigacion-en-Docencia-y-Aprendizaje-UBB-2021-1-300x106.jpg 300w, https:\/\/vrip.ubiobio.cl\/wp-content\/uploads\/2021\/10\/Concurso-de-Proyectos-de-Investigacion-en-Docencia-y-Aprendizaje-UBB-2021-1-1024x360.jpg 1024w, https:\/\/vrip.ubiobio.cl\/wp-content\/uploads\/2021\/10\/Concurso-de-Proyectos-de-Investigacion-en-Docencia-y-Aprendizaje-UBB-2021-1-768x270.jpg 768w, https:\/\/vrip.ubiobio.cl\/wp-content\/uploads\/2021\/10\/Concurso-de-Proyectos-de-Investigacion-en-Docencia-y-Aprendizaje-UBB-2021-1-1536x541.jpg 1536w, https:\/\/vrip.ubiobio.cl\/wp-content\/uploads\/2021\/10\/Concurso-de-Proyectos-de-Investigacion-en-Docencia-y-Aprendizaje-UBB-2021-1-2048x721.jpg 2048w\" sizes=\"(max-width: 799px) 100vw, 799px\" \/><\/p>\n<p>La<b>\u00a0Direcci\u00f3n de Investigaci\u00f3n y Creaci\u00f3n Art\u00edstica\u00a0<\/b>de la Vicerrector\u00eda de Investigaci\u00f3n y Postgrado, comunica la Apertura del Concurso de\u00a0<b><i>Proyectos de Investigaci\u00f3n en Docencia y Aprendizaje UBB 2021<\/i><\/b><i>,<\/i><b><i>\u00a0<\/i><\/b>que tiene como objetivo impulsar la Investigaci\u00f3n Educativa dentro de la Universidad del B\u00edo-B\u00edo.<\/p>\n<p>La convocatoria permaneci\u00f3 abierta desde el mi\u00e9rcoles\u00a0<strong>15<\/strong><b>\u00a0de septiembre<\/b>\u00a0hasta el\u00a0<b>12 de\u00a0noviembre de 2021\u00a0<\/b>a las 18.00 hrs.<\/p>\n<p><a href=\"https:\/\/vrip.ubiobio.cl\/wp-content\/uploads\/2022\/04\/Bases-Concurso-de-Investigacion-en-Docencia-y-Aprendizaje-UBB-2021.pdf\" target=\"_blank\" rel=\"noopener noreferrer\">Bases del Concurso 2021<\/a><br \/>\n<a href=\"https:\/\/vrip.ubiobio.cl\/wp-content\/uploads\/2022\/04\/Resultados-Concurso-de-Investigacion-en-Docencia-y-Aprendizaje-UBB-2021.pdf\" target=\"_blank\" rel=\"noopener noreferrer\">Resultados<\/a><\/p>\n<p>Para dudas o consultas, favor comunicarse con Rodrigo Ortiz Salgado,\u00a0<a href=\"http:\/\/pida.ubiobio.cl\/\" target=\"_blank\" rel=\"noopener noreferrer\">Coordinador del Programa de Investigaci\u00f3n en Docencia y Aprendizaje<\/a>:\u00a0<a href=\"mailto:rortizsa@ubiobio.cl\" target=\"_blank\" rel=\"noopener noreferrer\">rortizsa@ubiobio.cl<\/a><\/p>\n","protected":false},"excerpt":{"rendered":"<p>La\u00a0Direcci\u00f3n de Investigaci\u00f3n y Creaci\u00f3n Art\u00edstica\u00a0de la Vicerrector\u00eda de Investigaci\u00f3n y Postgrado, comunica la Apertura del Concurso de\u00a0Proyectos de Investigaci\u00f3n en Docencia y Aprendizaje UBB 2021,\u00a0que tiene como objetivo impulsar la Investigaci\u00f3n Educativa dentro de la Universidad del B\u00edo-B\u00edo. La convocatoria permaneci\u00f3 abierta desde el mi\u00e9rcoles\u00a015\u00a0de septiembre\u00a0hasta el\u00a012 de\u00a0noviembre de 2021\u00a0a las 18.00 hrs. Bases&#8230;<\/p>\n","protected":false},"author":1,"featured_media":0,"parent":0,"menu_order":0,"comment_status":"closed","ping_status":"closed","template":"","meta":{"_kadence_starter_templates_imported_post":false,"_kad_post_transparent":"default","_kad_post_title":"hide","_kad_post_layout":"narrow","_kad_post_sidebar_id":"","_kad_post_content_style":"boxed","_kad_post_vertical_padding":"bottom","_kad_post_feature":"","_kad_post_feature_position":"","_kad_post_header":false,"_kad_post_footer":false,"footnotes":""},"class_list":["post-30399","page","type-page","status-publish","hentry"],"yoast_head":"<!-- This site is optimized with the Yoast SEO plugin v27.5 - https:\/\/yoast.com\/product\/yoast-seo-wordpress\/ -->\n<title>Concurso de Investigaci\u00f3n en Docencia y Aprendizaje UBB 2021 - VRIP<\/title>\n<meta name=\"robots\" content=\"index, follow, max-snippet:-1, max-image-preview:large, max-video-preview:-1\" \/>\n<link rel=\"canonical\" href=\"https:\/\/vrip.ubiobio.cl\/inicio\/concurso-de-investigacion-en-docencia-y-aprendizaje-ubb-2021\/\" \/>\n<meta property=\"og:locale\" content=\"es_ES\" \/>\n<meta property=\"og:type\" content=\"article\" \/>\n<meta property=\"og:title\" content=\"Concurso de Investigaci\u00f3n en Docencia y Aprendizaje UBB 2021 - VRIP\" \/>\n<meta property=\"og:description\" content=\"La\u00a0Direcci\u00f3n de Investigaci\u00f3n y Creaci\u00f3n Art\u00edstica\u00a0de la Vicerrector\u00eda de Investigaci\u00f3n y Postgrado, comunica la Apertura del Concurso de\u00a0Proyectos de Investigaci\u00f3n en Docencia y Aprendizaje UBB 2021,\u00a0que tiene como objetivo impulsar la Investigaci\u00f3n Educativa dentro de la Universidad del B\u00edo-B\u00edo. La convocatoria permaneci\u00f3 abierta desde el mi\u00e9rcoles\u00a015\u00a0de septiembre\u00a0hasta el\u00a012 de\u00a0noviembre de 2021\u00a0a las 18.00 hrs. Bases...\" \/>\n<meta property=\"og:url\" content=\"https:\/\/vrip.ubiobio.cl\/inicio\/concurso-de-investigacion-en-docencia-y-aprendizaje-ubb-2021\/\" \/>\n<meta property=\"og:site_name\" content=\"VRIP\" \/>\n<meta property=\"article:modified_time\" content=\"2022-11-29T15:04:43+00:00\" \/>\n<meta property=\"og:image\" content=\"https:\/\/vrip.ubiobio.cl\/wp-content\/uploads\/2021\/10\/Concurso-de-Proyectos-de-Investigacion-en-Docencia-y-Aprendizaje-UBB-2021-1.jpg\" \/>\n\t<meta property=\"og:image:width\" content=\"2250\" \/>\n\t<meta property=\"og:image:height\" content=\"792\" \/>\n\t<meta property=\"og:image:type\" content=\"image\/jpeg\" \/>\n<meta name=\"twitter:card\" content=\"summary_large_image\" \/>\n<meta name=\"twitter:site\" content=\"@vripubb\" \/>\n<script type=\"application\/ld+json\" class=\"yoast-schema-graph\">{\"@context\":\"https:\\\/\\\/schema.org\",\"@graph\":[{\"@type\":\"WebPage\",\"@id\":\"https:\\\/\\\/vrip.ubiobio.cl\\\/inicio\\\/concurso-de-investigacion-en-docencia-y-aprendizaje-ubb-2021\\\/\",\"url\":\"https:\\\/\\\/vrip.ubiobio.cl\\\/inicio\\\/concurso-de-investigacion-en-docencia-y-aprendizaje-ubb-2021\\\/\",\"name\":\"Concurso de Investigaci\u00f3n en Docencia y Aprendizaje UBB 2021 - VRIP\",\"isPartOf\":{\"@id\":\"https:\\\/\\\/vrip.ubiobio.cl\\\/inicio\\\/#website\"},\"primaryImageOfPage\":{\"@id\":\"https:\\\/\\\/vrip.ubiobio.cl\\\/inicio\\\/concurso-de-investigacion-en-docencia-y-aprendizaje-ubb-2021\\\/#primaryimage\"},\"image\":{\"@id\":\"https:\\\/\\\/vrip.ubiobio.cl\\\/inicio\\\/concurso-de-investigacion-en-docencia-y-aprendizaje-ubb-2021\\\/#primaryimage\"},\"thumbnailUrl\":\"https:\\\/\\\/vrip.ubiobio.cl\\\/wp-content\\\/uploads\\\/2021\\\/10\\\/Concurso-de-Proyectos-de-Investigacion-en-Docencia-y-Aprendizaje-UBB-2021-1.jpg\",\"datePublished\":\"2022-04-26T06:39:01+00:00\",\"dateModified\":\"2022-11-29T15:04:43+00:00\",\"breadcrumb\":{\"@id\":\"https:\\\/\\\/vrip.ubiobio.cl\\\/inicio\\\/concurso-de-investigacion-en-docencia-y-aprendizaje-ubb-2021\\\/#breadcrumb\"},\"inLanguage\":\"es\",\"potentialAction\":[{\"@type\":\"ReadAction\",\"target\":[\"https:\\\/\\\/vrip.ubiobio.cl\\\/inicio\\\/concurso-de-investigacion-en-docencia-y-aprendizaje-ubb-2021\\\/\"]}]},{\"@type\":\"ImageObject\",\"inLanguage\":\"es\",\"@id\":\"https:\\\/\\\/vrip.ubiobio.cl\\\/inicio\\\/concurso-de-investigacion-en-docencia-y-aprendizaje-ubb-2021\\\/#primaryimage\",\"url\":\"https:\\\/\\\/vrip.ubiobio.cl\\\/wp-content\\\/uploads\\\/2021\\\/10\\\/Concurso-de-Proyectos-de-Investigacion-en-Docencia-y-Aprendizaje-UBB-2021-1.jpg\",\"contentUrl\":\"https:\\\/\\\/vrip.ubiobio.cl\\\/wp-content\\\/uploads\\\/2021\\\/10\\\/Concurso-de-Proyectos-de-Investigacion-en-Docencia-y-Aprendizaje-UBB-2021-1.jpg\"},{\"@type\":\"BreadcrumbList\",\"@id\":\"https:\\\/\\\/vrip.ubiobio.cl\\\/inicio\\\/concurso-de-investigacion-en-docencia-y-aprendizaje-ubb-2021\\\/#breadcrumb\",\"itemListElement\":[{\"@type\":\"ListItem\",\"position\":1,\"name\":\"Portada\",\"item\":\"https:\\\/\\\/vrip.ubiobio.cl\\\/inicio\\\/\"},{\"@type\":\"ListItem\",\"position\":2,\"name\":\"Concurso de Investigaci\u00f3n en Docencia y Aprendizaje UBB 2021\"}]},{\"@type\":\"WebSite\",\"@id\":\"https:\\\/\\\/vrip.ubiobio.cl\\\/inicio\\\/#website\",\"url\":\"https:\\\/\\\/vrip.ubiobio.cl\\\/inicio\\\/\",\"name\":\"VRIP\",\"description\":\"Vicerrector\u00eda de Investigaci\u00f3n y Postgrado\",\"publisher\":{\"@id\":\"https:\\\/\\\/vrip.ubiobio.cl\\\/inicio\\\/#organization\"},\"potentialAction\":[{\"@type\":\"SearchAction\",\"target\":{\"@type\":\"EntryPoint\",\"urlTemplate\":\"https:\\\/\\\/vrip.ubiobio.cl\\\/inicio\\\/?s={search_term_string}\"},\"query-input\":{\"@type\":\"PropertyValueSpecification\",\"valueRequired\":true,\"valueName\":\"search_term_string\"}}],\"inLanguage\":\"es\"},{\"@type\":\"Organization\",\"@id\":\"https:\\\/\\\/vrip.ubiobio.cl\\\/inicio\\\/#organization\",\"name\":\"VRIP\",\"url\":\"https:\\\/\\\/vrip.ubiobio.cl\\\/inicio\\\/\",\"logo\":{\"@type\":\"ImageObject\",\"inLanguage\":\"es\",\"@id\":\"https:\\\/\\\/vrip.ubiobio.cl\\\/inicio\\\/#\\\/schema\\\/logo\\\/image\\\/\",\"url\":\"https:\\\/\\\/vrip.ubiobio.cl\\\/wp-content\\\/uploads\\\/2022\\\/10\\\/logo-vrip_Mesa-de-trabajo-1.png\",\"contentUrl\":\"https:\\\/\\\/vrip.ubiobio.cl\\\/wp-content\\\/uploads\\\/2022\\\/10\\\/logo-vrip_Mesa-de-trabajo-1.png\",\"width\":642,\"height\":178,\"caption\":\"VRIP\"},\"image\":{\"@id\":\"https:\\\/\\\/vrip.ubiobio.cl\\\/inicio\\\/#\\\/schema\\\/logo\\\/image\\\/\"},\"sameAs\":[\"https:\\\/\\\/x.com\\\/vripubb\",\"https:\\\/\\\/www.instagram.com\\\/vrip_ubb\\\/\",\"https:\\\/\\\/www.youtube.com\\\/channel\\\/UCf7o8yHRJ7Y_QQLxwu1KQgA\",\"https:\\\/\\\/www.linkedin.com\\\/company\\\/96035097\\\/admin\\\/dashboard\\\/\"]}]}<\/script>\n<!-- \/ Yoast SEO plugin. -->","yoast_head_json":{"title":"Concurso de Investigaci\u00f3n en Docencia y Aprendizaje UBB 2021 - VRIP","robots":{"index":"index","follow":"follow","max-snippet":"max-snippet:-1","max-image-preview":"max-image-preview:large","max-video-preview":"max-video-preview:-1"},"canonical":"https:\/\/vrip.ubiobio.cl\/inicio\/concurso-de-investigacion-en-docencia-y-aprendizaje-ubb-2021\/","og_locale":"es_ES","og_type":"article","og_title":"Concurso de Investigaci\u00f3n en Docencia y Aprendizaje UBB 2021 - VRIP","og_description":"La\u00a0Direcci\u00f3n de Investigaci\u00f3n y Creaci\u00f3n Art\u00edstica\u00a0de la Vicerrector\u00eda de Investigaci\u00f3n y Postgrado, comunica la Apertura del Concurso de\u00a0Proyectos de Investigaci\u00f3n en Docencia y Aprendizaje UBB 2021,\u00a0que tiene como objetivo impulsar la Investigaci\u00f3n Educativa dentro de la Universidad del B\u00edo-B\u00edo. La convocatoria permaneci\u00f3 abierta desde el mi\u00e9rcoles\u00a015\u00a0de septiembre\u00a0hasta el\u00a012 de\u00a0noviembre de 2021\u00a0a las 18.00 hrs. Bases...","og_url":"https:\/\/vrip.ubiobio.cl\/inicio\/concurso-de-investigacion-en-docencia-y-aprendizaje-ubb-2021\/","og_site_name":"VRIP","article_modified_time":"2022-11-29T15:04:43+00:00","og_image":[{"width":2250,"height":792,"url":"https:\/\/vrip.ubiobio.cl\/wp-content\/uploads\/2021\/10\/Concurso-de-Proyectos-de-Investigacion-en-Docencia-y-Aprendizaje-UBB-2021-1.jpg","type":"image\/jpeg"}],"twitter_card":"summary_large_image","twitter_site":"@vripubb","schema":{"@context":"https:\/\/schema.org","@graph":[{"@type":"WebPage","@id":"https:\/\/vrip.ubiobio.cl\/inicio\/concurso-de-investigacion-en-docencia-y-aprendizaje-ubb-2021\/","url":"https:\/\/vrip.ubiobio.cl\/inicio\/concurso-de-investigacion-en-docencia-y-aprendizaje-ubb-2021\/","name":"Concurso de Investigaci\u00f3n en Docencia y Aprendizaje UBB 2021 - VRIP","isPartOf":{"@id":"https:\/\/vrip.ubiobio.cl\/inicio\/#website"},"primaryImageOfPage":{"@id":"https:\/\/vrip.ubiobio.cl\/inicio\/concurso-de-investigacion-en-docencia-y-aprendizaje-ubb-2021\/#primaryimage"},"image":{"@id":"https:\/\/vrip.ubiobio.cl\/inicio\/concurso-de-investigacion-en-docencia-y-aprendizaje-ubb-2021\/#primaryimage"},"thumbnailUrl":"https:\/\/vrip.ubiobio.cl\/wp-content\/uploads\/2021\/10\/Concurso-de-Proyectos-de-Investigacion-en-Docencia-y-Aprendizaje-UBB-2021-1.jpg","datePublished":"2022-04-26T06:39:01+00:00","dateModified":"2022-11-29T15:04:43+00:00","breadcrumb":{"@id":"https:\/\/vrip.ubiobio.cl\/inicio\/concurso-de-investigacion-en-docencia-y-aprendizaje-ubb-2021\/#breadcrumb"},"inLanguage":"es","potentialAction":[{"@type":"ReadAction","target":["https:\/\/vrip.ubiobio.cl\/inicio\/concurso-de-investigacion-en-docencia-y-aprendizaje-ubb-2021\/"]}]},{"@type":"ImageObject","inLanguage":"es","@id":"https:\/\/vrip.ubiobio.cl\/inicio\/concurso-de-investigacion-en-docencia-y-aprendizaje-ubb-2021\/#primaryimage","url":"https:\/\/vrip.ubiobio.cl\/wp-content\/uploads\/2021\/10\/Concurso-de-Proyectos-de-Investigacion-en-Docencia-y-Aprendizaje-UBB-2021-1.jpg","contentUrl":"https:\/\/vrip.ubiobio.cl\/wp-content\/uploads\/2021\/10\/Concurso-de-Proyectos-de-Investigacion-en-Docencia-y-Aprendizaje-UBB-2021-1.jpg"},{"@type":"BreadcrumbList","@id":"https:\/\/vrip.ubiobio.cl\/inicio\/concurso-de-investigacion-en-docencia-y-aprendizaje-ubb-2021\/#breadcrumb","itemListElement":[{"@type":"ListItem","position":1,"name":"Portada","item":"https:\/\/vrip.ubiobio.cl\/inicio\/"},{"@type":"ListItem","position":2,"name":"Concurso de Investigaci\u00f3n en Docencia y Aprendizaje UBB 2021"}]},{"@type":"WebSite","@id":"https:\/\/vrip.ubiobio.cl\/inicio\/#website","url":"https:\/\/vrip.ubiobio.cl\/inicio\/","name":"VRIP","description":"Vicerrector\u00eda de Investigaci\u00f3n y Postgrado","publisher":{"@id":"https:\/\/vrip.ubiobio.cl\/inicio\/#organization"},"potentialAction":[{"@type":"SearchAction","target":{"@type":"EntryPoint","urlTemplate":"https:\/\/vrip.ubiobio.cl\/inicio\/?s={search_term_string}"},"query-input":{"@type":"PropertyValueSpecification","valueRequired":true,"valueName":"search_term_string"}}],"inLanguage":"es"},{"@type":"Organization","@id":"https:\/\/vrip.ubiobio.cl\/inicio\/#organization","name":"VRIP","url":"https:\/\/vrip.ubiobio.cl\/inicio\/","logo":{"@type":"ImageObject","inLanguage":"es","@id":"https:\/\/vrip.ubiobio.cl\/inicio\/#\/schema\/logo\/image\/","url":"https:\/\/vrip.ubiobio.cl\/wp-content\/uploads\/2022\/10\/logo-vrip_Mesa-de-trabajo-1.png","contentUrl":"https:\/\/vrip.ubiobio.cl\/wp-content\/uploads\/2022\/10\/logo-vrip_Mesa-de-trabajo-1.png","width":642,"height":178,"caption":"VRIP"},"image":{"@id":"https:\/\/vrip.ubiobio.cl\/inicio\/#\/schema\/logo\/image\/"},"sameAs":["https:\/\/x.com\/vripubb","https:\/\/www.instagram.com\/vrip_ubb\/","https:\/\/www.youtube.com\/channel\/UCf7o8yHRJ7Y_QQLxwu1KQgA","https:\/\/www.linkedin.com\/company\/96035097\/admin\/dashboard\/"]}]}},"_links":{"self":[{"href":"https:\/\/vrip.ubiobio.cl\/inicio\/wp-json\/wp\/v2\/pages\/30399","targetHints":{"allow":["GET"]}}],"collection":[{"href":"https:\/\/vrip.ubiobio.cl\/inicio\/wp-json\/wp\/v2\/pages"}],"about":[{"href":"https:\/\/vrip.ubiobio.cl\/inicio\/wp-json\/wp\/v2\/types\/page"}],"author":[{"embeddable":true,"href":"https:\/\/vrip.ubiobio.cl\/inicio\/wp-json\/wp\/v2\/users\/1"}],"replies":[{"embeddable":true,"href":"https:\/\/vrip.ubiobio.cl\/inicio\/wp-json\/wp\/v2\/comments?post=30399"}],"version-history":[{"count":6,"href":"https:\/\/vrip.ubiobio.cl\/inicio\/wp-json\/wp\/v2\/pages\/30399\/revisions"}],"predecessor-version":[{"id":35929,"href":"https:\/\/vrip.ubiobio.cl\/inicio\/wp-json\/wp\/v2\/pages\/30399\/revisions\/35929"}],"wp:attachment":[{"href":"https:\/\/vrip.ubiobio.cl\/inicio\/wp-json\/wp\/v2\/media?parent=30399"}],"curies":[{"name":"wp","href":"https:\/\/api.w.org\/{rel}","templated":true}]}}