{"id":30391,"date":"2022-04-26T06:23:12","date_gmt":"2022-04-26T06:23:12","guid":{"rendered":"http:\/\/datavrip.ubiobio.cl\/inicio\/?page_id=30391"},"modified":"2022-11-29T15:08:32","modified_gmt":"2022-11-29T15:08:32","slug":"concurso-investigador-asociado-2021","status":"publish","type":"page","link":"https:\/\/vrip.ubiobio.cl\/inicio\/concurso-investigador-asociado-2021\/","title":{"rendered":"Concurso Investigador Asociado 2021"},"content":{"rendered":"\t\t<div data-elementor-type=\"wp-page\" data-elementor-id=\"30391\" class=\"elementor elementor-30391\">\n\t\t\t\t\t\t<section class=\"elementor-section elementor-top-section elementor-element elementor-element-779ba512 elementor-section-boxed elementor-section-height-default elementor-section-height-default\" data-id=\"779ba512\" data-element_type=\"section\" data-settings=\"{&quot;_ha_eqh_enable&quot;:false}\">\n\t\t\t\t\t\t<div class=\"elementor-container elementor-column-gap-default\">\n\t\t\t\t\t<div class=\"elementor-column elementor-col-100 elementor-top-column elementor-element elementor-element-5e1c3a1d\" data-id=\"5e1c3a1d\" data-element_type=\"column\">\n\t\t\t<div class=\"elementor-widget-wrap elementor-element-populated\">\n\t\t\t\t\t\t<div class=\"elementor-element elementor-element-651bc2ed elementor-widget elementor-widget-text-editor\" data-id=\"651bc2ed\" data-element_type=\"widget\" data-widget_type=\"text-editor.default\">\n\t\t\t\t<div class=\"elementor-widget-container\">\n\t\t\t\t\t\t\t<p><a href=\"https:\/\/vrip.ubiobio.cl\/wp-content\/uploads\/2021\/08\/Concurso-Investigador-Asociado-UBB-2021.jpg\"><img fetchpriority=\"high\" decoding=\"async\" class=\"alignnone wp-image-23519 size-full\" src=\"https:\/\/vrip.ubiobio.cl\/wp-content\/uploads\/2021\/08\/Concurso-Investigador-Asociado-UBB-2021.jpg\" alt=\"\" width=\"2251\" height=\"792\" srcset=\"https:\/\/vrip.ubiobio.cl\/wp-content\/uploads\/2021\/08\/Concurso-Investigador-Asociado-UBB-2021.jpg 2251w, https:\/\/vrip.ubiobio.cl\/wp-content\/uploads\/2021\/08\/Concurso-Investigador-Asociado-UBB-2021-300x106.jpg 300w, https:\/\/vrip.ubiobio.cl\/wp-content\/uploads\/2021\/08\/Concurso-Investigador-Asociado-UBB-2021-1024x360.jpg 1024w, https:\/\/vrip.ubiobio.cl\/wp-content\/uploads\/2021\/08\/Concurso-Investigador-Asociado-UBB-2021-768x270.jpg 768w, https:\/\/vrip.ubiobio.cl\/wp-content\/uploads\/2021\/08\/Concurso-Investigador-Asociado-UBB-2021-1536x540.jpg 1536w, https:\/\/vrip.ubiobio.cl\/wp-content\/uploads\/2021\/08\/Concurso-Investigador-Asociado-UBB-2021-2048x721.jpg 2048w\" sizes=\"(max-width: 2251px) 100vw, 2251px\" \/><\/a><\/p><p>La\u00a0<b>Direcci\u00f3n de Investigaci\u00f3n y Creaci\u00f3n Art\u00edstica<\/b>\u00a0de la Vicerrector\u00eda de Investigaci\u00f3n y Postgrado, comunica la Apertura del\u00a0<strong>Concurso Investigador Asociado 2021<\/strong>\u00a0para ejecuci\u00f3n 2021-2022.<\/p><p>La convocatoria permanecer\u00e1 abierta desde el martes\u00a0<strong>17 de agosto de 2021<\/strong>\u00a0hasta el lunes\u00a0<strong>13 de septiembre\u00a0de 2021\u00a0<\/strong>a las 18:00 hrs.<\/p><p><a style=\"font-style: var( --e-global-typography-text-font-style ); font-weight: var( --e-global-typography-text-font-weight );\" href=\"https:\/\/vrip.ubiobio.cl\/wp-content\/uploads\/2021\/08\/Bases_Concurso_Investigador_Asociado_2021.pdf\" target=\"_blank\" rel=\"noopener noreferrer\">Bases del Concurso<\/a><\/p><div><p><a href=\"https:\/\/vrip.ubiobio.cl\/wp-content\/uploads\/2022\/07\/Resultado-Investigador-Asociado-2021.pdf\" target=\"_blank\" rel=\"noopener noreferrer\">Resultados<\/a><\/p><p><span style=\"color: var( --e-global-color-text ); font-style: var( --e-global-typography-text-font-style ); font-weight: var( --e-global-typography-text-font-weight );\">Correo de Postulaci\u00f3n:\u00a0<\/span><a style=\"font-style: var( --e-global-typography-text-font-style ); font-weight: var( --e-global-typography-text-font-weight );\" href=\"mailto:postulaciones-dicrea@ubiobio.cl\" target=\"_blank\" rel=\"noopener noreferrer\">postulaciones-dicrea@ubiobio.cl<\/a><\/p><p><strong style=\"color: var( --e-global-color-text ); font-style: var( --e-global-typography-text-font-style );\"><em>Para dudas o consultas contactarse con la Direcci\u00f3n de Investigaci\u00f3n y Creaci\u00f3n Art\u00edstica:<\/em><\/strong><\/p><p><span style=\"color: var( --e-global-color-text ); font-style: var( --e-global-typography-text-font-style ); font-weight: var( --e-global-typography-text-font-weight );\">Claudia \u00a0Baham\u00f3ndez,\u00a0<\/span><a style=\"font-style: var( --e-global-typography-text-font-style ); font-weight: var( --e-global-typography-text-font-weight );\" href=\"mailto:cbahamon@ubiobio.cl\" target=\"_blank\" rel=\"noopener noreferrer\">cbahamon@ubiobio.cl<\/a><\/p><p><span style=\"color: var( --e-global-color-text ); font-style: var( --e-global-typography-text-font-style ); font-weight: var( --e-global-typography-text-font-weight );\">Para consultas t\u00e9cnicas sobre el formulario de postulaci\u00f3n, favor contactarse con: Karina Leiva, Ingeniera Civil en Inform\u00e1tica: <\/span><a style=\"font-style: var( --e-global-typography-text-font-style ); font-weight: var( --e-global-typography-text-font-weight );\" href=\"mailto:kleiva@ubiobio.cl\" target=\"_blank\" rel=\"noopener noreferrer\">kleiva@ubiobio.cl<\/a><\/p><\/div>\t\t\t\t\t\t<\/div>\n\t\t\t\t<\/div>\n\t\t\t\t\t<\/div>\n\t\t<\/div>\n\t\t\t\t\t<\/div>\n\t\t<\/section>\n\t\t\t\t<\/div>\n\t\t","protected":false},"excerpt":{"rendered":"<p>La\u00a0Direcci\u00f3n de Investigaci\u00f3n y Creaci\u00f3n Art\u00edstica\u00a0de la Vicerrector\u00eda de Investigaci\u00f3n y Postgrado, comunica la Apertura del\u00a0Concurso Investigador Asociado 2021\u00a0para ejecuci\u00f3n 2021-2022. La convocatoria permanecer\u00e1 abierta desde el martes\u00a017 de agosto de 2021\u00a0hasta el lunes\u00a013 de septiembre\u00a0de 2021\u00a0a las 18:00 hrs. Bases del Concurso Resultados Correo de Postulaci\u00f3n:\u00a0postulaciones-dicrea@ubiobio.cl Para dudas o consultas contactarse con la Direcci\u00f3n&#8230;<\/p>\n","protected":false},"author":1,"featured_media":0,"parent":0,"menu_order":0,"comment_status":"closed","ping_status":"closed","template":"","meta":{"_kadence_starter_templates_imported_post":false,"_kad_post_transparent":"default","_kad_post_title":"hide","_kad_post_layout":"narrow","_kad_post_sidebar_id":"","_kad_post_content_style":"boxed","_kad_post_vertical_padding":"bottom","_kad_post_feature":"","_kad_post_feature_position":"","_kad_post_header":false,"_kad_post_footer":false,"footnotes":""},"_links":{"self":[{"href":"https:\/\/vrip.ubiobio.cl\/inicio\/wp-json\/wp\/v2\/pages\/30391"}],"collection":[{"href":"https:\/\/vrip.ubiobio.cl\/inicio\/wp-json\/wp\/v2\/pages"}],"about":[{"href":"https:\/\/vrip.ubiobio.cl\/inicio\/wp-json\/wp\/v2\/types\/page"}],"author":[{"embeddable":true,"href":"https:\/\/vrip.ubiobio.cl\/inicio\/wp-json\/wp\/v2\/users\/1"}],"replies":[{"embeddable":true,"href":"https:\/\/vrip.ubiobio.cl\/inicio\/wp-json\/wp\/v2\/comments?post=30391"}],"version-history":[{"count":9,"href":"https:\/\/vrip.ubiobio.cl\/inicio\/wp-json\/wp\/v2\/pages\/30391\/revisions"}],"predecessor-version":[{"id":35935,"href":"https:\/\/vrip.ubiobio.cl\/inicio\/wp-json\/wp\/v2\/pages\/30391\/revisions\/35935"}],"wp:attachment":[{"href":"https:\/\/vrip.ubiobio.cl\/inicio\/wp-json\/wp\/v2\/media?parent=30391"}],"curies":[{"name":"wp","href":"https:\/\/api.w.org\/{rel}","templated":true}]}}