{"id":22405,"date":"2021-09-22T21:42:11","date_gmt":"2021-09-22T21:42:11","guid":{"rendered":"http:\/\/datavrip.ubiobio.cl\/inicio\/?page_id=22405"},"modified":"2024-10-30T19:46:08","modified_gmt":"2024-10-30T19:46:08","slug":"unidad-de-gestion-de-programas","status":"publish","type":"page","link":"https:\/\/vrip.ubiobio.cl\/inicio\/direccion-de-postgrado\/unidad-de-gestion-de-programas\/","title":{"rendered":"DP &#8211; Unidad de Gesti\u00f3n de Programas"},"content":{"rendered":"\t\t<div data-elementor-type=\"wp-page\" data-elementor-id=\"22405\" class=\"elementor elementor-22405\">\n\t\t\t\t\t\t<section class=\"elementor-section elementor-top-section elementor-element elementor-element-55d66c7 elementor-section-height-min-height elementor-section-boxed elementor-section-height-default elementor-section-items-middle\" data-id=\"55d66c7\" data-element_type=\"section\" data-settings=\"{&quot;background_background&quot;:&quot;classic&quot;,&quot;_ha_eqh_enable&quot;:false}\">\n\t\t\t\t\t\t<div class=\"elementor-container elementor-column-gap-default\">\n\t\t\t\t\t<div class=\"elementor-column elementor-col-100 elementor-top-column elementor-element elementor-element-325eef1 elementor-invisible\" data-id=\"325eef1\" data-element_type=\"column\" data-settings=\"{&quot;animation&quot;:&quot;slideInDown&quot;}\">\n\t\t\t<div class=\"elementor-widget-wrap elementor-element-populated\">\n\t\t\t\t\t\t<div class=\"elementor-element elementor-element-659da0a elementor-widget elementor-widget-heading\" data-id=\"659da0a\" data-element_type=\"widget\" data-widget_type=\"heading.default\">\n\t\t\t\t<div class=\"elementor-widget-container\">\n\t\t\t<h3 class=\"elementor-heading-title elementor-size-xl\">DIRECCI\u00d3N DE POSTGRADO<\/h3>\t\t<\/div>\n\t\t\t\t<\/div>\n\t\t\t\t\t<\/div>\n\t\t<\/div>\n\t\t\t\t\t<\/div>\n\t\t<\/section>\n\t\t\t\t<section class=\"elementor-section elementor-top-section elementor-element elementor-element-722c98d elementor-section-boxed elementor-section-height-default elementor-section-height-default\" data-id=\"722c98d\" data-element_type=\"section\" data-settings=\"{&quot;_ha_eqh_enable&quot;:false}\">\n\t\t\t\t\t\t<div class=\"elementor-container elementor-column-gap-default\">\n\t\t\t\t\t<div class=\"elementor-column elementor-col-100 elementor-top-column elementor-element elementor-element-e0f84a0\" data-id=\"e0f84a0\" data-element_type=\"column\">\n\t\t\t<div class=\"elementor-widget-wrap elementor-element-populated\">\n\t\t\t\t\t\t<div class=\"elementor-element elementor-element-0e0f433 elementor-widget elementor-widget-spacer\" data-id=\"0e0f433\" data-element_type=\"widget\" data-widget_type=\"spacer.default\">\n\t\t\t\t<div class=\"elementor-widget-container\">\n\t\t\t\t\t<div class=\"elementor-spacer\">\n\t\t\t<div class=\"elementor-spacer-inner\"><\/div>\n\t\t<\/div>\n\t\t\t\t<\/div>\n\t\t\t\t<\/div>\n\t\t\t\t\t<\/div>\n\t\t<\/div>\n\t\t\t\t\t<\/div>\n\t\t<\/section>\n\t\t\t\t<section class=\"elementor-section elementor-top-section elementor-element elementor-element-6f553ea elementor-section-boxed elementor-section-height-default elementor-section-height-default\" data-id=\"6f553ea\" data-element_type=\"section\" data-settings=\"{&quot;_ha_eqh_enable&quot;:false}\">\n\t\t\t\t\t\t<div class=\"elementor-container elementor-column-gap-default\">\n\t\t\t\t\t\t<\/div>\n\t\t<\/section>\n\t\t\t\t<section class=\"elementor-section elementor-top-section elementor-element elementor-element-26607c3 elementor-section-boxed elementor-section-height-default elementor-section-height-default\" data-id=\"26607c3\" data-element_type=\"section\" data-settings=\"{&quot;_ha_eqh_enable&quot;:false}\">\n\t\t\t\t\t\t<div class=\"elementor-container elementor-column-gap-default\">\n\t\t\t\t\t\t<\/div>\n\t\t<\/section>\n\t\t\t\t<section class=\"elementor-section elementor-top-section elementor-element elementor-element-72755a5 elementor-section-boxed elementor-section-height-default elementor-section-height-default\" data-id=\"72755a5\" data-element_type=\"section\" data-settings=\"{&quot;_ha_eqh_enable&quot;:false}\">\n\t\t\t\t\t\t<div class=\"elementor-container elementor-column-gap-default\">\n\t\t\t\t\t\t<\/div>\n\t\t<\/section>\n\t\t\t\t<section class=\"elementor-section elementor-top-section elementor-element elementor-element-b5cdf82 elementor-section-boxed elementor-section-height-default elementor-section-height-default\" data-id=\"b5cdf82\" data-element_type=\"section\" data-settings=\"{&quot;_ha_eqh_enable&quot;:false}\">\n\t\t\t\t\t\t<div class=\"elementor-container elementor-column-gap-default\">\n\t\t\t\t\t\t<\/div>\n\t\t<\/section>\n\t\t\t\t<section class=\"elementor-section elementor-top-section elementor-element elementor-element-6d10d5d elementor-section-boxed elementor-section-height-default elementor-section-height-default\" data-id=\"6d10d5d\" data-element_type=\"section\" data-settings=\"{&quot;_ha_eqh_enable&quot;:false}\">\n\t\t\t\t\t\t<div class=\"elementor-container elementor-column-gap-default\">\n\t\t\t\t\t<div class=\"elementor-column elementor-col-50 elementor-top-column elementor-element elementor-element-88261dc\" data-id=\"88261dc\" data-element_type=\"column\">\n\t\t\t<div class=\"elementor-widget-wrap elementor-element-populated\">\n\t\t\t\t\t\t<div class=\"elementor-element elementor-element-744ff54 elementor-widget elementor-widget-heading\" data-id=\"744ff54\" data-element_type=\"widget\" data-widget_type=\"heading.default\">\n\t\t\t\t<div class=\"elementor-widget-container\">\n\t\t\t<h3 class=\"elementor-heading-title elementor-size-default\">Unidad de Gesti\u00f3n de Programas<\/h3>\t\t<\/div>\n\t\t\t\t<\/div>\n\t\t\t\t\t<\/div>\n\t\t<\/div>\n\t\t\t\t<div class=\"elementor-column elementor-col-50 elementor-top-column elementor-element elementor-element-6be2d82\" data-id=\"6be2d82\" data-element_type=\"column\">\n\t\t\t<div class=\"elementor-widget-wrap elementor-element-populated\">\n\t\t\t\t\t\t<div class=\"elementor-element elementor-element-ba4eb6c elementor-widget elementor-widget-text-editor\" data-id=\"ba4eb6c\" data-element_type=\"widget\" data-widget_type=\"text-editor.default\">\n\t\t\t\t<div class=\"elementor-widget-container\">\n\t\t\t\t\t\t\t<p><div class=\"printfriendly pf-button  pf-aligncenter\"><a href=\"https:\/\/vrip.ubiobio.cl\/inicio\/direccion-de-postgrado\/unidad-de-gestion-de-programas\/?pfstyle=wp\" rel=\"nofollow\"  title=\"Printer Friendly, PDF &#038; Email\"><img decoding=\"async\" src=\"https:\/\/cdn.printfriendly.com\/icons\/printfriendly-icon-lg.png\" alt=\"Print Friendly, PDF &#038; Email\" class=\"pf-button-img\" style=\"width: 25px;height: 25px;\"  \/><\/a><\/div><\/p>\t\t\t\t\t\t<\/div>\n\t\t\t\t<\/div>\n\t\t\t\t\t<\/div>\n\t\t<\/div>\n\t\t\t\t\t<\/div>\n\t\t<\/section>\n\t\t\t\t<section class=\"elementor-section elementor-top-section elementor-element elementor-element-50cb2d5 elementor-section-boxed elementor-section-height-default elementor-section-height-default\" data-id=\"50cb2d5\" data-element_type=\"section\" data-settings=\"{&quot;_ha_eqh_enable&quot;:false}\">\n\t\t\t\t\t\t<div class=\"elementor-container elementor-column-gap-default\">\n\t\t\t\t\t\t<\/div>\n\t\t<\/section>\n\t\t\t\t<section class=\"elementor-section elementor-top-section elementor-element elementor-element-fe14935 elementor-section-boxed elementor-section-height-default elementor-section-height-default\" data-id=\"fe14935\" data-element_type=\"section\" data-settings=\"{&quot;_ha_eqh_enable&quot;:false}\">\n\t\t\t\t\t\t<div class=\"elementor-container elementor-column-gap-default\">\n\t\t\t\t\t<div class=\"elementor-column elementor-col-100 elementor-top-column elementor-element elementor-element-61b56a8\" data-id=\"61b56a8\" data-element_type=\"column\">\n\t\t\t<div class=\"elementor-widget-wrap elementor-element-populated\">\n\t\t\t\t\t\t<div class=\"elementor-element elementor-element-307db40 elementor-widget elementor-widget-text-editor\" data-id=\"307db40\" data-element_type=\"widget\" data-widget_type=\"text-editor.default\">\n\t\t\t\t<div class=\"elementor-widget-container\">\n\t\t\t\t\t\t\t<p>Es la unidad de apoyo a la gesti\u00f3n acad\u00e9mica de los programas de postgrado.<br \/><br \/>Sus principales funciones son:<\/p><ul><li>Realizar el seguimiento y monitoreo de los programas de postgrado en base a indicadores acad\u00e9micos relevantes para los procesos de acreditaci\u00f3n de los programas.<\/li><li>Elaborar informes ejecutivos y apoyar con bases de datos e informaci\u00f3n hist\u00f3rica a las distintas unidades de la universidad que lo requieran.<\/li><li>Apoyar a las Direcciones de Programa en los procesos acad\u00e9micos y administrativos que les corresponda ejecutar, en coordinaci\u00f3n con otras unidades de la universidad.<\/li><li>Coordinar y monitorear el proceso de difusi\u00f3n, asignaci\u00f3n e implementaci\u00f3n de las distintas becas de postgrado, y realizar el seguimiento del cumplimiento de las obligaciones de las mismas.<\/li><li>Coordinar y Apoyar los procesos de evaluaci\u00f3n de la docencia en los programas postgrado.<\/li><li>Gestionar la difusi\u00f3n de los programas de postgrado, a trav\u00e9s de distintos medios, en coordinaci\u00f3n con las Direcciones de Programa.<\/li><\/ul>\t\t\t\t\t\t<\/div>\n\t\t\t\t<\/div>\n\t\t\t\t\t<\/div>\n\t\t<\/div>\n\t\t\t\t\t<\/div>\n\t\t<\/section>\n\t\t\t\t<section class=\"elementor-section elementor-top-section elementor-element elementor-element-4727513 elementor-section-boxed elementor-section-height-default elementor-section-height-default\" data-id=\"4727513\" data-element_type=\"section\" data-settings=\"{&quot;_ha_eqh_enable&quot;:false}\">\n\t\t\t\t\t\t<div class=\"elementor-container elementor-column-gap-default\">\n\t\t\t\t\t<div class=\"elementor-column elementor-col-100 elementor-top-column elementor-element elementor-element-5bef063\" data-id=\"5bef063\" data-element_type=\"column\">\n\t\t\t<div class=\"elementor-widget-wrap elementor-element-populated\">\n\t\t\t\t\t\t<div class=\"elementor-element elementor-element-07419a0 elementor-widget-divider--view-line elementor-widget elementor-widget-divider\" data-id=\"07419a0\" data-element_type=\"widget\" data-widget_type=\"divider.default\">\n\t\t\t\t<div class=\"elementor-widget-container\">\n\t\t\t\t\t<div class=\"elementor-divider\">\n\t\t\t<span class=\"elementor-divider-separator\">\n\t\t\t\t\t\t<\/span>\n\t\t<\/div>\n\t\t\t\t<\/div>\n\t\t\t\t<\/div>\n\t\t\t\t<div class=\"elementor-element elementor-element-dcef990 elementor-widget elementor-widget-heading\" data-id=\"dcef990\" data-element_type=\"widget\" data-widget_type=\"heading.default\">\n\t\t\t\t<div class=\"elementor-widget-container\">\n\t\t\t<h3 class=\"elementor-heading-title elementor-size-default\">Equipo de trabajo<\/h3>\t\t<\/div>\n\t\t\t\t<\/div>\n\t\t\t\t\t<\/div>\n\t\t<\/div>\n\t\t\t\t\t<\/div>\n\t\t<\/section>\n\t\t\t\t<section class=\"elementor-section elementor-top-section elementor-element elementor-element-41f5f10 elementor-section-boxed elementor-section-height-default elementor-section-height-default\" data-id=\"41f5f10\" data-element_type=\"section\" data-settings=\"{&quot;_ha_eqh_enable&quot;:false}\">\n\t\t\t\t\t\t<div class=\"elementor-container elementor-column-gap-default\">\n\t\t\t\t\t<div class=\"elementor-column elementor-col-25 elementor-top-column elementor-element elementor-element-790f7cc8\" data-id=\"790f7cc8\" data-element_type=\"column\">\n\t\t\t<div class=\"elementor-widget-wrap elementor-element-populated\">\n\t\t\t\t\t\t<div class=\"elementor-element elementor-element-393ee3a6 elementor-widget__width-auto elementor-widget elementor-widget-elementskit-team\" data-id=\"393ee3a6\" data-element_type=\"widget\" data-widget_type=\"elementskit-team.default\">\n\t\t\t\t<div class=\"elementor-widget-container\">\n\t\t\t<div class=\"ekit-wid-con\">\t\t <div class=\"profile-square-v\"> \t\t\t\t\t\t\n\t\t<div class=\"profile-card elementor-animation- text-center ekit-team-style-centered_style\">\n\t\t\t\t\t\t\n\t\t\t\t<div class=\"profile-header ekit-team-img \" >\n\t\t\t\t\t<img decoding=\"async\" src=\"https:\/\/vrip.ubiobio.cl\/wp-content\/uploads\/elementor\/thumbs\/vrip_0007_Rodrigo-Monje-q0us11ad7pni746j1kj5uprc0gk7rumy8khsziop1g.jpg\" title=\"vrip_0007_Rodrigo-Monje.jpg\" alt=\"vrip_0007_Rodrigo-Monje.jpg\" loading=\"lazy\" \/>\t\t\t\t<\/div><!-- .profile-header END -->\n\t\t\t\t\t\t\n\n\t\t\t\t<div class=\"profile-body\">\n\t\t\t\t\t\n\t\t\t\t\t<h2 class=\"profile-title\">\n\t\t\t\t\t\t\t\t\t\t\tRodrigo Monje Sanhueza\t\t\t\t\t\t\t\t\t\t<\/h2>\n\t\t\t\t\t<p class=\"profile-designation\">Coordinador<\/p>\n\t\t\t\t\t\t\t\t\t\t<p class=\"profile-content\"><b>Unidad de Gesti\u00f3n de Programas<\/b><br>\n<a href=\"mailto:coordinadorugp@ubiobio.cl\">coordinadorugp@ubiobio.cl<\/a> | +56 42 246<b><em>3005\n<\/em><\/b>\n<\/p>\n\t\t\t\t\t\t\t\t\t<\/div><!-- .profile-body END -->\n\n\t\t\t\t\t\t\t\t<\/div>\n\t\t\t\t <\/div> \t\t\t\n\t\t\t\n\t\t\t\t<\/div>\t\t<\/div>\n\t\t\t\t<\/div>\n\t\t\t\t\t<\/div>\n\t\t<\/div>\n\t\t\t\t<div class=\"elementor-column elementor-col-25 elementor-top-column elementor-element elementor-element-bd2af24\" data-id=\"bd2af24\" data-element_type=\"column\">\n\t\t\t<div class=\"elementor-widget-wrap elementor-element-populated\">\n\t\t\t\t\t\t<div class=\"elementor-element elementor-element-bfdded8 elementor-widget__width-auto elementor-widget elementor-widget-elementskit-team\" data-id=\"bfdded8\" data-element_type=\"widget\" data-widget_type=\"elementskit-team.default\">\n\t\t\t\t<div class=\"elementor-widget-container\">\n\t\t\t<div class=\"ekit-wid-con\">\t\t <div class=\"profile-square-v\"> \t\t\t\t\t\t\n\t\t<div class=\"profile-card elementor-animation- text-center ekit-team-style-centered_style\">\n\t\t\t\t\t\t\n\t\t\t\t<div class=\"profile-header ekit-team-img \" >\n\t\t\t\t\t<img decoding=\"async\" src=\"https:\/\/vrip.ubiobio.cl\/wp-content\/uploads\/elementor\/thumbs\/vrip_0003_Marianela-San-Marti\u0301n-q0us11ad7pnk8rwyh6eepfcc1uemwfu2hx1l6tc6y0.jpg\" title=\"vrip_0003_Marianela-San-Marti\u0301n.jpg\" alt=\"vrip_0003_Marianela-San-Marti\u0301n.jpg\" loading=\"lazy\" \/>\t\t\t\t<\/div><!-- .profile-header END -->\n\t\t\t\t\t\t\n\n\t\t\t\t<div class=\"profile-body\">\n\t\t\t\t\t\n\t\t\t\t\t<h2 class=\"profile-title\">\n\t\t\t\t\t\t\t\t\t\t\tMarianela San Mart\u00edn San Mart\u00edn\t\t\t\t\t\t\t\t\t\t<\/h2>\n\t\t\t\t\t<p class=\"profile-designation\">Analista<\/p>\n\t\t\t\t\t\t\t\t\t\t<p class=\"profile-content\"><b>Unidad de Gesti\u00f3n de Programas<\/b><br>\n<a href=\"mailto:mpsanmartin@ubiobio.cl\">mpsanmartin@ubiobio.cl<\/a> | +56 42 246<b><em>3299\n<\/em><\/b>\n<\/p>\n\t\t\t\t\t\t\t\t\t<\/div><!-- .profile-body END -->\n\n\t\t\t\t\t\t\t\t<\/div>\n\t\t\t\t <\/div> \t\t\t\n\t\t\t\n\t\t\t\t<\/div>\t\t<\/div>\n\t\t\t\t<\/div>\n\t\t\t\t\t<\/div>\n\t\t<\/div>\n\t\t\t\t<div class=\"elementor-column elementor-col-25 elementor-top-column elementor-element elementor-element-e0526b9\" data-id=\"e0526b9\" data-element_type=\"column\">\n\t\t\t<div class=\"elementor-widget-wrap elementor-element-populated\">\n\t\t\t\t\t\t<div class=\"elementor-element elementor-element-129e68a elementor-widget__width-auto elementor-widget elementor-widget-elementskit-team\" data-id=\"129e68a\" data-element_type=\"widget\" data-widget_type=\"elementskit-team.default\">\n\t\t\t\t<div class=\"elementor-widget-container\">\n\t\t\t<div class=\"ekit-wid-con\">\t\t <div class=\"profile-square-v\"> \t\t\t\t\t\t\n\t\t<div class=\"profile-card elementor-animation- text-center ekit-team-style-centered_style\">\n\t\t\t\t\t\t\n\t\t\t\t<div class=\"profile-header ekit-team-img \" >\n\t\t\t\t\t<img decoding=\"async\" src=\"https:\/\/vrip.ubiobio.cl\/wp-content\/uploads\/elementor\/thumbs\/vr_0001_IMG_5232-q0y0zxjo1o1u088df60x7fwwthbc0guewovc928584.jpg\" title=\"vr_0001_IMG_5232\" alt=\"vr_0001_IMG_5232\" loading=\"lazy\" \/>\t\t\t\t<\/div><!-- .profile-header END -->\n\t\t\t\t\t\t\n\n\t\t\t\t<div class=\"profile-body\">\n\t\t\t\t\t\n\t\t\t\t\t<h2 class=\"profile-title\">\n\t\t\t\t\t\t\t\t\t\t\tJos\u00e9 Carre\u00f1o Sierra\t\t\t\t\t\t\t\t\t\t<\/h2>\n\t\t\t\t\t<p class=\"profile-designation\">Analista <\/p>\n\t\t\t\t\t\t\t\t\t\t<p class=\"profile-content\"><b>Unidad de Gesti\u00f3n de Programas<\/b>\n<a href=\"mailto:jcareno@ubiobio.cl\">jcareno@ubiobio.cl<\/a> | +56 41 311<b><em>1928\n<\/em><\/b>\n<\/p>\n\t\t\t\t\t\t\t\t\t<\/div><!-- .profile-body END -->\n\n\t\t\t\t\t\t\t\t<\/div>\n\t\t\t\t <\/div> \t\t\t\n\t\t\t\n\t\t\t\t<\/div>\t\t<\/div>\n\t\t\t\t<\/div>\n\t\t\t\t\t<\/div>\n\t\t<\/div>\n\t\t\t\t<div class=\"elementor-column elementor-col-25 elementor-top-column elementor-element elementor-element-e065b67\" data-id=\"e065b67\" data-element_type=\"column\">\n\t\t\t<div class=\"elementor-widget-wrap\">\n\t\t\t\t\t\t\t<\/div>\n\t\t<\/div>\n\t\t\t\t\t<\/div>\n\t\t<\/section>\n\t\t\t\t<section class=\"elementor-section elementor-top-section elementor-element elementor-element-7b97e9a elementor-section-boxed elementor-section-height-default elementor-section-height-default\" data-id=\"7b97e9a\" data-element_type=\"section\" data-settings=\"{&quot;_ha_eqh_enable&quot;:false}\">\n\t\t\t\t\t\t<div class=\"elementor-container elementor-column-gap-default\">\n\t\t\t\t\t<div class=\"elementor-column elementor-col-100 elementor-top-column elementor-element elementor-element-4b9c8f1\" data-id=\"4b9c8f1\" data-element_type=\"column\">\n\t\t\t<div class=\"elementor-widget-wrap elementor-element-populated\">\n\t\t\t\t\t\t<div class=\"elementor-element elementor-element-00baab1 elementor-widget elementor-widget-spacer\" data-id=\"00baab1\" data-element_type=\"widget\" data-widget_type=\"spacer.default\">\n\t\t\t\t<div class=\"elementor-widget-container\">\n\t\t\t\t\t<div class=\"elementor-spacer\">\n\t\t\t<div class=\"elementor-spacer-inner\"><\/div>\n\t\t<\/div>\n\t\t\t\t<\/div>\n\t\t\t\t<\/div>\n\t\t\t\t\t<\/div>\n\t\t<\/div>\n\t\t\t\t\t<\/div>\n\t\t<\/section>\n\t\t\t\t<\/div>\n\t\t","protected":false},"excerpt":{"rendered":"<p>DIRECCI\u00d3N DE POSTGRADO Unidad de Gesti\u00f3n de Programas Es la unidad de apoyo a la gesti\u00f3n acad\u00e9mica de los programas de postgrado. Sus principales funciones son: Realizar el seguimiento y monitoreo de los programas de postgrado en base a indicadores acad\u00e9micos relevantes para los procesos de acreditaci\u00f3n de los programas. Elaborar informes ejecutivos y apoyar&#8230;<\/p>\n","protected":false},"author":1,"featured_media":0,"parent":2230,"menu_order":0,"comment_status":"closed","ping_status":"closed","template":"","meta":{"_kadence_starter_templates_imported_post":false,"_kad_post_transparent":"default","_kad_post_title":"hide","_kad_post_layout":"fullwidth","_kad_post_sidebar_id":"","_kad_post_content_style":"unboxed","_kad_post_vertical_padding":"hide","_kad_post_feature":"hide","_kad_post_feature_position":"","_kad_post_header":false,"_kad_post_footer":false,"footnotes":""},"_links":{"self":[{"href":"https:\/\/vrip.ubiobio.cl\/inicio\/wp-json\/wp\/v2\/pages\/22405"}],"collection":[{"href":"https:\/\/vrip.ubiobio.cl\/inicio\/wp-json\/wp\/v2\/pages"}],"about":[{"href":"https:\/\/vrip.ubiobio.cl\/inicio\/wp-json\/wp\/v2\/types\/page"}],"author":[{"embeddable":true,"href":"https:\/\/vrip.ubiobio.cl\/inicio\/wp-json\/wp\/v2\/users\/1"}],"replies":[{"embeddable":true,"href":"https:\/\/vrip.ubiobio.cl\/inicio\/wp-json\/wp\/v2\/comments?post=22405"}],"version-history":[{"count":148,"href":"https:\/\/vrip.ubiobio.cl\/inicio\/wp-json\/wp\/v2\/pages\/22405\/revisions"}],"predecessor-version":[{"id":47442,"href":"https:\/\/vrip.ubiobio.cl\/inicio\/wp-json\/wp\/v2\/pages\/22405\/revisions\/47442"}],"up":[{"embeddable":true,"href":"https:\/\/vrip.ubiobio.cl\/inicio\/wp-json\/wp\/v2\/pages\/2230"}],"wp:attachment":[{"href":"https:\/\/vrip.ubiobio.cl\/inicio\/wp-json\/wp\/v2\/media?parent=22405"}],"curies":[{"name":"wp","href":"https:\/\/api.w.org\/{rel}","templated":true}]}}