{"id":22242,"date":"2021-09-21T15:07:56","date_gmt":"2021-09-21T15:07:56","guid":{"rendered":"http:\/\/datavrip.ubiobio.cl\/inicio\/?page_id=22242"},"modified":"2025-03-13T18:04:01","modified_gmt":"2025-03-13T18:04:01","slug":"unidad_de_proyectos","status":"publish","type":"page","link":"https:\/\/vrip.ubiobio.cl\/inicio\/direccion-de-innovacion\/unidad_de_proyectos\/","title":{"rendered":"DI &#8211; Unidad de Proyectos"},"content":{"rendered":"\t\t<div data-elementor-type=\"wp-page\" data-elementor-id=\"22242\" class=\"elementor elementor-22242\">\n\t\t\t\t\t\t<section class=\"elementor-section elementor-top-section elementor-element elementor-element-55d66c7 elementor-section-height-min-height elementor-section-boxed elementor-section-height-default elementor-section-items-middle\" data-id=\"55d66c7\" data-element_type=\"section\" data-settings=\"{&quot;background_background&quot;:&quot;classic&quot;,&quot;_ha_eqh_enable&quot;:false}\">\n\t\t\t\t\t\t<div class=\"elementor-container elementor-column-gap-default\">\n\t\t\t\t\t<div class=\"elementor-column elementor-col-100 elementor-top-column elementor-element elementor-element-325eef1 elementor-invisible\" data-id=\"325eef1\" data-element_type=\"column\" data-settings=\"{&quot;animation&quot;:&quot;slideInDown&quot;}\">\n\t\t\t<div class=\"elementor-widget-wrap elementor-element-populated\">\n\t\t\t\t\t\t<div class=\"elementor-element elementor-element-659da0a elementor-widget elementor-widget-heading\" data-id=\"659da0a\" data-element_type=\"widget\" data-widget_type=\"heading.default\">\n\t\t\t\t<div class=\"elementor-widget-container\">\n\t\t\t<h3 class=\"elementor-heading-title elementor-size-xl\">DIRECCI\u00d3N DE INNOVACI\u00d3N<\/h3>\t\t<\/div>\n\t\t\t\t<\/div>\n\t\t\t\t\t<\/div>\n\t\t<\/div>\n\t\t\t\t\t<\/div>\n\t\t<\/section>\n\t\t\t\t<section class=\"elementor-section elementor-top-section elementor-element elementor-element-6f553ea elementor-section-boxed elementor-section-height-default elementor-section-height-default\" data-id=\"6f553ea\" data-element_type=\"section\" data-settings=\"{&quot;_ha_eqh_enable&quot;:false}\">\n\t\t\t\t\t\t<div class=\"elementor-container elementor-column-gap-default\">\n\t\t\t\t\t\t<\/div>\n\t\t<\/section>\n\t\t\t\t<section class=\"elementor-section elementor-top-section elementor-element elementor-element-d728def elementor-section-boxed elementor-section-height-default elementor-section-height-default\" data-id=\"d728def\" data-element_type=\"section\" data-settings=\"{&quot;_ha_eqh_enable&quot;:false}\">\n\t\t\t\t\t\t<div class=\"elementor-container elementor-column-gap-default\">\n\t\t\t\t\t<div class=\"elementor-column elementor-col-100 elementor-top-column elementor-element elementor-element-e86bc73\" data-id=\"e86bc73\" data-element_type=\"column\">\n\t\t\t<div class=\"elementor-widget-wrap elementor-element-populated\">\n\t\t\t\t\t\t<div class=\"elementor-element elementor-element-53ebb74 elementor-widget elementor-widget-spacer\" data-id=\"53ebb74\" data-element_type=\"widget\" data-widget_type=\"spacer.default\">\n\t\t\t\t<div class=\"elementor-widget-container\">\n\t\t\t\t\t<div class=\"elementor-spacer\">\n\t\t\t<div class=\"elementor-spacer-inner\"><\/div>\n\t\t<\/div>\n\t\t\t\t<\/div>\n\t\t\t\t<\/div>\n\t\t\t\t\t<\/div>\n\t\t<\/div>\n\t\t\t\t\t<\/div>\n\t\t<\/section>\n\t\t\t\t<section class=\"elementor-section elementor-top-section elementor-element elementor-element-6ded8a9 elementor-section-boxed elementor-section-height-default elementor-section-height-default\" data-id=\"6ded8a9\" data-element_type=\"section\" data-settings=\"{&quot;_ha_eqh_enable&quot;:false}\">\n\t\t\t\t\t\t<div class=\"elementor-container elementor-column-gap-default\">\n\t\t\t\t\t\t<\/div>\n\t\t<\/section>\n\t\t\t\t<section class=\"elementor-section elementor-top-section elementor-element elementor-element-77912f4 elementor-section-boxed elementor-section-height-default elementor-section-height-default\" data-id=\"77912f4\" data-element_type=\"section\" data-settings=\"{&quot;_ha_eqh_enable&quot;:false}\">\n\t\t\t\t\t\t<div class=\"elementor-container elementor-column-gap-default\">\n\t\t\t\t\t<div class=\"elementor-column elementor-col-33 elementor-top-column elementor-element elementor-element-de2bc6f\" data-id=\"de2bc6f\" data-element_type=\"column\">\n\t\t\t<div class=\"elementor-widget-wrap elementor-element-populated\">\n\t\t\t\t\t\t<div class=\"elementor-element elementor-element-8cddb07 elementor-widget elementor-widget-heading\" data-id=\"8cddb07\" data-element_type=\"widget\" data-widget_type=\"heading.default\">\n\t\t\t\t<div class=\"elementor-widget-container\">\n\t\t\t<h3 class=\"elementor-heading-title elementor-size-default\">UNIDAD DE PROYECTOS<\/h3>\t\t<\/div>\n\t\t\t\t<\/div>\n\t\t\t\t\t<\/div>\n\t\t<\/div>\n\t\t\t\t<div class=\"elementor-column elementor-col-33 elementor-top-column elementor-element elementor-element-3a2975a\" data-id=\"3a2975a\" data-element_type=\"column\">\n\t\t\t<div class=\"elementor-widget-wrap elementor-element-populated\">\n\t\t\t\t\t\t<div class=\"elementor-element elementor-element-86b54ba elementor-widget elementor-widget-heading\" data-id=\"86b54ba\" data-element_type=\"widget\" data-widget_type=\"heading.default\">\n\t\t\t\t<div class=\"elementor-widget-container\">\n\t\t\t<h3 class=\"elementor-heading-title elementor-size-default\">Sus principales funciones son:<\/h3>\t\t<\/div>\n\t\t\t\t<\/div>\n\t\t\t\t\t<\/div>\n\t\t<\/div>\n\t\t\t\t<div class=\"elementor-column elementor-col-33 elementor-top-column elementor-element elementor-element-beb5b8d\" data-id=\"beb5b8d\" data-element_type=\"column\">\n\t\t\t<div class=\"elementor-widget-wrap elementor-element-populated\">\n\t\t\t\t\t\t<div class=\"elementor-element elementor-element-9e7a464 elementor-widget elementor-widget-text-editor\" data-id=\"9e7a464\" data-element_type=\"widget\" data-widget_type=\"text-editor.default\">\n\t\t\t\t<div class=\"elementor-widget-container\">\n\t\t\t\t\t\t\t<p><div class=\"printfriendly pf-button  pf-aligncenter\"><a href=\"https:\/\/vrip.ubiobio.cl\/inicio\/direccion-de-innovacion\/unidad_de_proyectos\/?pfstyle=wp\" rel=\"nofollow\"  title=\"Printer Friendly, PDF &#038; Email\"><img decoding=\"async\" src=\"https:\/\/cdn.printfriendly.com\/icons\/printfriendly-icon-lg.png\" alt=\"Print Friendly, PDF &#038; Email\" class=\"pf-button-img\" style=\"width: 25px;height: 25px;\"  \/><\/a><\/div><\/p>\t\t\t\t\t\t<\/div>\n\t\t\t\t<\/div>\n\t\t\t\t\t<\/div>\n\t\t<\/div>\n\t\t\t\t\t<\/div>\n\t\t<\/section>\n\t\t\t\t<section class=\"elementor-section elementor-top-section elementor-element elementor-element-191a208 elementor-section-boxed elementor-section-height-default elementor-section-height-default\" data-id=\"191a208\" data-element_type=\"section\" data-settings=\"{&quot;_ha_eqh_enable&quot;:false}\">\n\t\t\t\t\t\t<div class=\"elementor-container elementor-column-gap-default\">\n\t\t\t\t\t<div class=\"elementor-column elementor-col-50 elementor-top-column elementor-element elementor-element-22c44da\" data-id=\"22c44da\" data-element_type=\"column\">\n\t\t\t<div class=\"elementor-widget-wrap elementor-element-populated\">\n\t\t\t\t\t\t<div class=\"elementor-element elementor-element-c447738 elementor-widget elementor-widget-text-editor\" data-id=\"c447738\" data-element_type=\"widget\" data-widget_type=\"text-editor.default\">\n\t\t\t\t<div class=\"elementor-widget-container\">\n\t\t\t\t\t\t\t<p>Unidad de apoyo integral y transversal a la formulaci\u00f3n de proyectos en todas las \u00e1reas del conocimiento y su posterior ejecuci\u00f3n, seguimiento y control. Sus funciones estan orientadas, por un lado, al apoyo integral en las etapas de generaci\u00f3n de ideas, articulaci\u00f3n y procesos de formulaci\u00f3n de proyectos, y por otro lado, apoyar la ejecuci\u00f3n de los proyectos, en lo administrativo y financiero, por medio de sistemas de seguimiento y control institucional.<\/p>\t\t\t\t\t\t<\/div>\n\t\t\t\t<\/div>\n\t\t\t\t\t<\/div>\n\t\t<\/div>\n\t\t\t\t<div class=\"elementor-column elementor-col-50 elementor-top-column elementor-element elementor-element-e1dfafa\" data-id=\"e1dfafa\" data-element_type=\"column\">\n\t\t\t<div class=\"elementor-widget-wrap elementor-element-populated\">\n\t\t\t\t\t\t<div class=\"elementor-element elementor-element-46bc12a elementor-widget elementor-widget-text-editor\" data-id=\"46bc12a\" data-element_type=\"widget\" data-widget_type=\"text-editor.default\">\n\t\t\t\t<div class=\"elementor-widget-container\">\n\t\t\t\t\t\t\t<ul><li>Apoyar los procesos de formulaci\u00f3n de proyectos de la Universidad, desde la generaci\u00f3n de ideas, formulaci\u00f3n y presentaci\u00f3n a fondos concursables.<\/li><li>Apoyar la formulaci\u00f3n de proyectos institucionales de la Universidad.<\/li><li>Realizar difusi\u00f3n y articulaci\u00f3n de llamados a concursos de fuentes de financiamiento externos e internos.<\/li><li>Apoyar los procesos de ejecuci\u00f3n administrativa de los proyectos de la Universidad.<\/li><\/ul>\t\t\t\t\t\t<\/div>\n\t\t\t\t<\/div>\n\t\t\t\t\t<\/div>\n\t\t<\/div>\n\t\t\t\t\t<\/div>\n\t\t<\/section>\n\t\t\t\t<section class=\"elementor-section elementor-top-section elementor-element elementor-element-26607c3 elementor-section-boxed elementor-section-height-default elementor-section-height-default\" data-id=\"26607c3\" data-element_type=\"section\" data-settings=\"{&quot;_ha_eqh_enable&quot;:false}\">\n\t\t\t\t\t\t<div class=\"elementor-container elementor-column-gap-default\">\n\t\t\t\t\t\t<\/div>\n\t\t<\/section>\n\t\t\t\t<section class=\"elementor-section elementor-top-section elementor-element elementor-element-1f819e2 elementor-section-boxed elementor-section-height-default elementor-section-height-default\" data-id=\"1f819e2\" data-element_type=\"section\" data-settings=\"{&quot;_ha_eqh_enable&quot;:false}\">\n\t\t\t\t\t\t<div class=\"elementor-container elementor-column-gap-default\">\n\t\t\t\t\t<div class=\"elementor-column elementor-col-100 elementor-top-column elementor-element elementor-element-cd2f3f8\" data-id=\"cd2f3f8\" data-element_type=\"column\">\n\t\t\t<div class=\"elementor-widget-wrap elementor-element-populated\">\n\t\t\t\t\t\t<div class=\"elementor-element elementor-element-cdb5b23 elementor-widget-divider--view-line elementor-widget elementor-widget-divider\" data-id=\"cdb5b23\" data-element_type=\"widget\" data-widget_type=\"divider.default\">\n\t\t\t\t<div class=\"elementor-widget-container\">\n\t\t\t\t\t<div class=\"elementor-divider\">\n\t\t\t<span class=\"elementor-divider-separator\">\n\t\t\t\t\t\t<\/span>\n\t\t<\/div>\n\t\t\t\t<\/div>\n\t\t\t\t<\/div>\n\t\t\t\t\t<\/div>\n\t\t<\/div>\n\t\t\t\t\t<\/div>\n\t\t<\/section>\n\t\t\t\t<section class=\"elementor-section elementor-top-section elementor-element elementor-element-1a466ca elementor-section-boxed elementor-section-height-default elementor-section-height-default\" data-id=\"1a466ca\" data-element_type=\"section\" data-settings=\"{&quot;_ha_eqh_enable&quot;:false}\">\n\t\t\t\t\t\t<div class=\"elementor-container elementor-column-gap-default\">\n\t\t\t\t\t<div class=\"elementor-column elementor-col-100 elementor-top-column elementor-element elementor-element-6ae07f3\" data-id=\"6ae07f3\" data-element_type=\"column\">\n\t\t\t<div class=\"elementor-widget-wrap elementor-element-populated\">\n\t\t\t\t\t\t<div class=\"elementor-element elementor-element-1963d2d elementor-widget elementor-widget-heading\" data-id=\"1963d2d\" data-element_type=\"widget\" data-widget_type=\"heading.default\">\n\t\t\t\t<div class=\"elementor-widget-container\">\n\t\t\t<h2 class=\"elementor-heading-title elementor-size-default\">Equipo de trabajo<\/h2>\t\t<\/div>\n\t\t\t\t<\/div>\n\t\t\t\t\t<\/div>\n\t\t<\/div>\n\t\t\t\t\t<\/div>\n\t\t<\/section>\n\t\t\t\t<section class=\"elementor-section elementor-top-section elementor-element elementor-element-72755a5 elementor-section-boxed elementor-section-height-default elementor-section-height-default\" data-id=\"72755a5\" data-element_type=\"section\" data-settings=\"{&quot;_ha_eqh_enable&quot;:false}\">\n\t\t\t\t\t\t<div class=\"elementor-container elementor-column-gap-default\">\n\t\t\t\t\t\t<\/div>\n\t\t<\/section>\n\t\t\t\t<section class=\"elementor-section elementor-top-section elementor-element elementor-element-1a5cc0a elementor-section-boxed elementor-section-height-default elementor-section-height-default\" data-id=\"1a5cc0a\" data-element_type=\"section\" data-settings=\"{&quot;_ha_eqh_enable&quot;:false}\">\n\t\t\t\t\t\t<div class=\"elementor-container elementor-column-gap-default\">\n\t\t\t\t\t<div class=\"elementor-column elementor-col-25 elementor-top-column elementor-element elementor-element-730e7c3a\" data-id=\"730e7c3a\" data-element_type=\"column\">\n\t\t\t<div class=\"elementor-widget-wrap elementor-element-populated\">\n\t\t\t\t\t\t<div class=\"elementor-element elementor-element-46530a6 elementor-widget__width-auto elementor-widget elementor-widget-elementskit-team\" data-id=\"46530a6\" data-element_type=\"widget\" data-widget_type=\"elementskit-team.default\">\n\t\t\t\t<div class=\"elementor-widget-container\">\n\t\t\t<div class=\"ekit-wid-con\">\t\t <div class=\"profile-square-v\"> \t\t\t\t\t\t\n\t\t<div class=\"profile-card elementor-animation- text-center ekit-team-style-centered_style\">\n\t\t\t\t\t\t\n\t\t\t\t<div class=\"profile-header ekit-team-img \" >\n\t\t\t\t\t<img decoding=\"async\" src=\"https:\/\/vrip.ubiobio.cl\/wp-content\/uploads\/elementor\/thumbs\/vrip-fdo-1-q0uxt4s29aisj9wpwirqv7b2hevlvirnijxnuu4zic.jpg\" title=\"vrip-fdo.jpg\" alt=\"vrip-fdo.jpg\" loading=\"lazy\" \/>\t\t\t\t<\/div><!-- .profile-header END -->\n\t\t\t\t\t\t\n\n\t\t\t\t<div class=\"profile-body\">\n\t\t\t\t\t\n\t\t\t\t\t<h2 class=\"profile-title\">\n\t\t\t\t\t\t\t\t\t\t\tFernando Garc\u00eda Llanos\t\t\t\t\t\t\t\t\t\t<\/h2>\n\t\t\t\t\t<p class=\"profile-designation\">Coordinador<\/p>\n\t\t\t\t\t\t\t\t\t\t<p class=\"profile-content\"><b>Unidad de Proyectos<\/b><br>\n<a href=\"mailto:fgarcial@ubiobio.cl\">fgarcial@ubiobio.cl<\/a> | +56 41 311<b><em>1756<\/em><\/b>\n<\/p>\n\t\t\t\t\t\t\t\t\t<\/div><!-- .profile-body END -->\n\n\t\t\t\t\t\t\t\t<\/div>\n\t\t\t\t <\/div> \t\t\t\n\t\t\t\n\t\t\t\t<\/div>\t\t<\/div>\n\t\t\t\t<\/div>\n\t\t\t\t\t<\/div>\n\t\t<\/div>\n\t\t\t\t<div class=\"elementor-column elementor-col-25 elementor-top-column elementor-element elementor-element-71e5e542\" data-id=\"71e5e542\" data-element_type=\"column\">\n\t\t\t<div class=\"elementor-widget-wrap elementor-element-populated\">\n\t\t\t\t\t\t<div class=\"elementor-element elementor-element-465d5fbf elementor-widget__width-auto elementor-widget elementor-widget-elementskit-team\" data-id=\"465d5fbf\" data-element_type=\"widget\" data-widget_type=\"elementskit-team.default\">\n\t\t\t\t<div class=\"elementor-widget-container\">\n\t\t\t<div class=\"ekit-wid-con\">\t\t <div class=\"profile-square-v\"> \t\t\t\t\t\t\n\t\t<div class=\"profile-card elementor-animation- text-center ekit-team-style-centered_style\">\n\t\t\t\t\t\t\n\t\t\t\t<div class=\"profile-header ekit-team-img \" >\n\t\t\t\t\t<img decoding=\"async\" src=\"https:\/\/vrip.ubiobio.cl\/wp-content\/uploads\/elementor\/thumbs\/vrip_0011_ale-bn-1-q0uxt4s29aisj9wpwirqv7b2hevlvirnijxnuu4zic.jpg\" title=\"vrip_0011_ale-bn.jpg\" alt=\"vrip_0011_ale-bn.jpg\" loading=\"lazy\" \/>\t\t\t\t<\/div><!-- .profile-header END -->\n\t\t\t\t\t\t\n\n\t\t\t\t<div class=\"profile-body\">\n\t\t\t\t\t\n\t\t\t\t\t<h2 class=\"profile-title\">\n\t\t\t\t\t\t\t\t\t\t\tAlejandra Rojas Lagos\t\t\t\t\t\t\t\t\t\t<\/h2>\n\t\t\t\t\t<p class=\"profile-designation\">Ingeniera de Proyectos<\/p>\n\t\t\t\t\t\t\t\t\t\t<p class=\"profile-content\"><b>Unidad de Proyectos<\/b><br>\n<a href=\"mailto:arojas@ubiobio.cl\">arojas@ubiobio.cl<\/a> | +56 41 311<b><em>1022<\/em><\/b>\n<\/p>\n\t\t\t\t\t\t\t\t\t<\/div><!-- .profile-body END -->\n\n\t\t\t\t\t\t\t\t<\/div>\n\t\t\t\t <\/div> \t\t\t\n\t\t\t\n\t\t\t\t<\/div>\t\t<\/div>\n\t\t\t\t<\/div>\n\t\t\t\t\t<\/div>\n\t\t<\/div>\n\t\t\t\t<div class=\"elementor-column elementor-col-25 elementor-top-column elementor-element elementor-element-6c0075fd\" data-id=\"6c0075fd\" data-element_type=\"column\">\n\t\t\t<div class=\"elementor-widget-wrap elementor-element-populated\">\n\t\t\t\t\t\t<div class=\"elementor-element elementor-element-2f1f6cb7 elementor-widget__width-auto elementor-widget elementor-widget-elementskit-team\" data-id=\"2f1f6cb7\" data-element_type=\"widget\" data-widget_type=\"elementskit-team.default\">\n\t\t\t\t<div class=\"elementor-widget-container\">\n\t\t\t<div class=\"ekit-wid-con\">\t\t <div class=\"profile-square-v\"> \t\t\t\t\t\t\n\t\t<div class=\"profile-card elementor-animation- text-center ekit-team-style-centered_style\">\n\t\t\t\t\t\t\n\t\t\t\t<div class=\"profile-header ekit-team-img \" >\n\t\t\t\t\t<img decoding=\"async\" src=\"https:\/\/vrip.ubiobio.cl\/wp-content\/uploads\/elementor\/thumbs\/chillan_0005_IMG_5177-1-1-q0uxt4s29aisj9wpwirqv7b2hevlvirnijxnuu4zic.jpg\" title=\"chillan_0005_IMG_5177-1.jpg\" alt=\"chillan_0005_IMG_5177-1.jpg\" loading=\"lazy\" \/>\t\t\t\t<\/div><!-- .profile-header END -->\n\t\t\t\t\t\t\n\n\t\t\t\t<div class=\"profile-body\">\n\t\t\t\t\t\n\t\t\t\t\t<h2 class=\"profile-title\">\n\t\t\t\t\t\t\t\t\t\t\tValeska Almeida Tapia\t\t\t\t\t\t\t\t\t\t<\/h2>\n\t\t\t\t\t<p class=\"profile-designation\">Ingeniera de Proyectos<\/p>\n\t\t\t\t\t\t\t\t\t\t<p class=\"profile-content\"><b>Unidad de Proyectos<\/b><br>\n<a href=\"mailto:valmeida@ubiobio.cl\">valmeida@ubiobio.cl<\/a> | +56 41 311<b><em>1978<\/em><\/b>\n<\/p>\n\t\t\t\t\t\t\t\t\t<\/div><!-- .profile-body END -->\n\n\t\t\t\t\t\t\t\t<\/div>\n\t\t\t\t <\/div> \t\t\t\n\t\t\t\n\t\t\t\t<\/div>\t\t<\/div>\n\t\t\t\t<\/div>\n\t\t\t\t\t<\/div>\n\t\t<\/div>\n\t\t\t\t<div class=\"elementor-column elementor-col-25 elementor-top-column elementor-element elementor-element-5d9fae46\" data-id=\"5d9fae46\" data-element_type=\"column\">\n\t\t\t<div class=\"elementor-widget-wrap elementor-element-populated\">\n\t\t\t\t\t\t<div class=\"elementor-element elementor-element-31e78769 elementor-widget__width-auto elementor-widget elementor-widget-elementskit-team\" data-id=\"31e78769\" data-element_type=\"widget\" data-widget_type=\"elementskit-team.default\">\n\t\t\t\t<div class=\"elementor-widget-container\">\n\t\t\t<div class=\"ekit-wid-con\">\t\t <div class=\"profile-square-v\"> \t\t\t\t\t\t\n\t\t<div class=\"profile-card elementor-animation- text-center ekit-team-style-centered_style\">\n\t\t\t\t\t\t\n\t\t\t\t<div class=\"profile-header ekit-team-img \" >\n\t\t\t\t\t<img decoding=\"async\" src=\"https:\/\/vrip.ubiobio.cl\/wp-content\/uploads\/elementor\/thumbs\/vrip_0010_carlos-bn-1-q0uxtcarryt345lsom0rf5er8hujl3li7l5jp1tu4k.jpg\" title=\"vrip_0010_carlos-bn.jpg\" alt=\"vrip_0010_carlos-bn.jpg\" loading=\"lazy\" \/>\t\t\t\t<\/div><!-- .profile-header END -->\n\t\t\t\t\t\t\n\n\t\t\t\t<div class=\"profile-body\">\n\t\t\t\t\t\n\t\t\t\t\t<h2 class=\"profile-title\">\n\t\t\t\t\t\t\t\t\t\t\tCarlos Mendoza Bruna \t\t\t\t\t\t\t\t\t\t<\/h2>\n\t\t\t\t\t<p class=\"profile-designation\">Profesional Contable<\/p>\n\t\t\t\t\t\t\t\t\t\t<p class=\"profile-content\"><b>Unidad de Proyectos<\/b><br>\n<a href=\"mailto:cmendoza@ubiobio.cl\">cmendoza@ubiobio.cl<\/a> | +56 41 311<b><em>1982<\/em><\/b><\/p>\n\t\t\t\t\t\t\t\t\t<\/div><!-- .profile-body END -->\n\n\t\t\t\t\t\t\t\t<\/div>\n\t\t\t\t <\/div> \t\t\t\n\t\t\t\n\t\t\t\t<\/div>\t\t<\/div>\n\t\t\t\t<\/div>\n\t\t\t\t\t<\/div>\n\t\t<\/div>\n\t\t\t\t\t<\/div>\n\t\t<\/section>\n\t\t\t\t<section class=\"elementor-section elementor-top-section elementor-element elementor-element-c83c4ac elementor-section-boxed elementor-section-height-default elementor-section-height-default\" data-id=\"c83c4ac\" data-element_type=\"section\" data-settings=\"{&quot;_ha_eqh_enable&quot;:false}\">\n\t\t\t\t\t\t<div class=\"elementor-container elementor-column-gap-default\">\n\t\t\t\t\t<div class=\"elementor-column elementor-col-25 elementor-top-column elementor-element elementor-element-319b8144\" data-id=\"319b8144\" data-element_type=\"column\">\n\t\t\t<div class=\"elementor-widget-wrap elementor-element-populated\">\n\t\t\t\t\t\t<div class=\"elementor-element elementor-element-1bcede17 elementor-widget__width-auto elementor-widget elementor-widget-elementskit-team\" data-id=\"1bcede17\" data-element_type=\"widget\" data-widget_type=\"elementskit-team.default\">\n\t\t\t\t<div class=\"elementor-widget-container\">\n\t\t\t<div class=\"ekit-wid-con\">\t\t <div class=\"profile-square-v\"> \t\t\t\t\t\t\n\t\t<div class=\"profile-card elementor-animation- text-center ekit-team-style-centered_style\">\n\t\t\t\t\t\t\n\t\t\t\t<div class=\"profile-header ekit-team-img \" >\n\t\t\t\t\t<img decoding=\"async\" src=\"https:\/\/vrip.ubiobio.cl\/wp-content\/uploads\/elementor\/thumbs\/VRIP_Equipo_F-Arteaga-e1674479909921-q134qszbuvbc4t5b5kgzldc00rq0rx6vn5ha357k5g.jpg\" title=\"VRIP_Equipo_F-Arteaga\" alt=\"VRIP_Equipo_F-Arteaga\" loading=\"lazy\" \/>\t\t\t\t<\/div><!-- .profile-header END -->\n\t\t\t\t\t\t\n\n\t\t\t\t<div class=\"profile-body\">\n\t\t\t\t\t\n\t\t\t\t\t<h2 class=\"profile-title\">\n\t\t\t\t\t\t\t\t\t\t\tFrancisco Arteaga Placencia\t\t\t\t\t\t\t\t\t\t<\/h2>\n\t\t\t\t\t<p class=\"profile-designation\">Ingeniero de Proyectos<\/p>\n\t\t\t\t\t\t\t\t\t\t<p class=\"profile-content\"><b>Unidad de Proyectos<\/b><br>\n<a href=\"mailto:farteaga@ubiobio.cl\">farteaga@ubiobio.cl <\/a>  | +56 42 246<b><em>3613<\/em><\/b><\/p>\n\t\t\t\t\t\t\t\t\t<\/div><!-- .profile-body END -->\n\n\t\t\t\t\t\t\t\t<\/div>\n\t\t\t\t <\/div> \t\t\t\n\t\t\t\n\t\t\t\t<\/div>\t\t<\/div>\n\t\t\t\t<\/div>\n\t\t\t\t\t<\/div>\n\t\t<\/div>\n\t\t\t\t<div class=\"elementor-column elementor-col-25 elementor-top-column elementor-element elementor-element-ccebc7d\" data-id=\"ccebc7d\" data-element_type=\"column\">\n\t\t\t<div class=\"elementor-widget-wrap elementor-element-populated\">\n\t\t\t\t\t\t<div class=\"elementor-element elementor-element-9052b26 elementor-widget__width-auto elementor-widget elementor-widget-elementskit-team\" data-id=\"9052b26\" data-element_type=\"widget\" data-widget_type=\"elementskit-team.default\">\n\t\t\t\t<div class=\"elementor-widget-container\">\n\t\t\t<div class=\"ekit-wid-con\">\t\t <div class=\"profile-square-v\"> \t\t\t\t\t\t\n\t\t<div class=\"profile-card elementor-animation- text-center ekit-team-style-centered_style\">\n\t\t\t\t\t\t\n\t\t\t\t<div class=\"profile-header ekit-team-img \" >\n\t\t\t\t\t<img decoding=\"async\" src=\"https:\/\/vrip.ubiobio.cl\/wp-content\/uploads\/elementor\/thumbs\/nn_Mesa-de-trabajo-1-q7mnol0htwaqrcflk08umo5aehujfdw6honfe06k04.jpg\" title=\"nn_Mesa-de-trabajo-1.jpg\" alt=\"nn_Mesa-de-trabajo-1.jpg\" loading=\"lazy\" \/>\t\t\t\t<\/div><!-- .profile-header END -->\n\t\t\t\t\t\t\n\n\t\t\t\t<div class=\"profile-body\">\n\t\t\t\t\t\n\t\t\t\t\t<h2 class=\"profile-title\">\n\t\t\t\t\t\t\t\t\t\t\t\tScarlett Quezada Sald\u00edas\t\t\t\t\t\t\t\t\t\t<\/h2>\n\t\t\t\t\t<p class=\"profile-designation\">Analista Indicadores<\/p>\n\t\t\t\t\t\t\t\t\t\t<p class=\"profile-content\"><b>Unidad de Proyectos<\/b><br>\n<a href=\"mailto:ssquezada@ubiobio.cl\">ssquezada@ubiobio.cl<\/a>  | +56 41 311<b><em>1738<\/em><\/b>\n<\/p>\n\t\t\t\t\t\t\t\t\t<\/div><!-- .profile-body END -->\n\n\t\t\t\t\t\t\t\t<\/div>\n\t\t\t\t <\/div> \t\t\t\n\t\t\t\n\t\t\t\t<\/div>\t\t<\/div>\n\t\t\t\t<\/div>\n\t\t\t\t\t<\/div>\n\t\t<\/div>\n\t\t\t\t<div class=\"elementor-column elementor-col-25 elementor-top-column elementor-element elementor-element-62af1046\" data-id=\"62af1046\" data-element_type=\"column\">\n\t\t\t<div class=\"elementor-widget-wrap\">\n\t\t\t\t\t\t\t<\/div>\n\t\t<\/div>\n\t\t\t\t<div class=\"elementor-column elementor-col-25 elementor-top-column elementor-element elementor-element-3f449d95\" data-id=\"3f449d95\" data-element_type=\"column\">\n\t\t\t<div class=\"elementor-widget-wrap\">\n\t\t\t\t\t\t\t<\/div>\n\t\t<\/div>\n\t\t\t\t\t<\/div>\n\t\t<\/section>\n\t\t\t\t<section class=\"elementor-section elementor-top-section elementor-element elementor-element-7be94f3 elementor-section-boxed elementor-section-height-default elementor-section-height-default\" data-id=\"7be94f3\" data-element_type=\"section\" data-settings=\"{&quot;_ha_eqh_enable&quot;:false}\">\n\t\t\t\t\t\t<div class=\"elementor-container elementor-column-gap-default\">\n\t\t\t\t\t<div class=\"elementor-column elementor-col-100 elementor-top-column elementor-element elementor-element-6fbea10\" data-id=\"6fbea10\" data-element_type=\"column\">\n\t\t\t<div class=\"elementor-widget-wrap elementor-element-populated\">\n\t\t\t\t\t\t<div class=\"elementor-element elementor-element-b3ec648 elementor-widget-divider--view-line elementor-widget elementor-widget-divider\" data-id=\"b3ec648\" data-element_type=\"widget\" data-widget_type=\"divider.default\">\n\t\t\t\t<div class=\"elementor-widget-container\">\n\t\t\t\t\t<div class=\"elementor-divider\">\n\t\t\t<span class=\"elementor-divider-separator\">\n\t\t\t\t\t\t<\/span>\n\t\t<\/div>\n\t\t\t\t<\/div>\n\t\t\t\t<\/div>\n\t\t\t\t\t<\/div>\n\t\t<\/div>\n\t\t\t\t\t<\/div>\n\t\t<\/section>\n\t\t\t\t<\/div>\n\t\t","protected":false},"excerpt":{"rendered":"<p>DIRECCI\u00d3N DE INNOVACI\u00d3N UNIDAD DE PROYECTOS Sus principales funciones son: Unidad de apoyo integral y transversal a la formulaci\u00f3n de proyectos en todas las \u00e1reas del conocimiento y su posterior ejecuci\u00f3n, seguimiento y control. Sus funciones estan orientadas, por un lado, al apoyo integral en las etapas de generaci\u00f3n de ideas, articulaci\u00f3n y procesos de&#8230;<\/p>\n","protected":false},"author":1,"featured_media":0,"parent":1194,"menu_order":0,"comment_status":"closed","ping_status":"closed","template":"","meta":{"_kadence_starter_templates_imported_post":false,"_kad_post_transparent":"default","_kad_post_title":"hide","_kad_post_layout":"fullwidth","_kad_post_sidebar_id":"","_kad_post_content_style":"unboxed","_kad_post_vertical_padding":"hide","_kad_post_feature":"hide","_kad_post_feature_position":"","_kad_post_header":false,"_kad_post_footer":false,"footnotes":""},"_links":{"self":[{"href":"https:\/\/vrip.ubiobio.cl\/inicio\/wp-json\/wp\/v2\/pages\/22242"}],"collection":[{"href":"https:\/\/vrip.ubiobio.cl\/inicio\/wp-json\/wp\/v2\/pages"}],"about":[{"href":"https:\/\/vrip.ubiobio.cl\/inicio\/wp-json\/wp\/v2\/types\/page"}],"author":[{"embeddable":true,"href":"https:\/\/vrip.ubiobio.cl\/inicio\/wp-json\/wp\/v2\/users\/1"}],"replies":[{"embeddable":true,"href":"https:\/\/vrip.ubiobio.cl\/inicio\/wp-json\/wp\/v2\/comments?post=22242"}],"version-history":[{"count":211,"href":"https:\/\/vrip.ubiobio.cl\/inicio\/wp-json\/wp\/v2\/pages\/22242\/revisions"}],"predecessor-version":[{"id":48664,"href":"https:\/\/vrip.ubiobio.cl\/inicio\/wp-json\/wp\/v2\/pages\/22242\/revisions\/48664"}],"up":[{"embeddable":true,"href":"https:\/\/vrip.ubiobio.cl\/inicio\/wp-json\/wp\/v2\/pages\/1194"}],"wp:attachment":[{"href":"https:\/\/vrip.ubiobio.cl\/inicio\/wp-json\/wp\/v2\/media?parent=22242"}],"curies":[{"name":"wp","href":"https:\/\/api.w.org\/{rel}","templated":true}]}}